{"id":2049,"date":"2017-02-20T22:49:00","date_gmt":"2017-02-20T21:49:00","guid":{"rendered":"http:\/\/omnivion.net\/core\/projets\/projets-artistiques\/newtopia-3\/praxagora-nu-copy\/"},"modified":"2023-01-18T19:39:10","modified_gmt":"2023-01-18T18:39:10","slug":"desinforme","status":"publish","type":"page","link":"https:\/\/omnivion.net\/core\/fr\/projets\/projets-artistiques\/newtopia-4\/desinforme\/","title":{"rendered":"Forme-D\u00e9(sin)forme (2017)"},"content":{"rendered":"<p><div id=\"attachment_2082\" style=\"width: 810px\" class=\"wp-caption alignnone\"><a href=\"http:\/\/omnivion.net\/core\/projets\/projets-artistiques\/newtopia-4\/newtopia-4-4\/2017-03-05_forme_de-sinforme_repet_65_light\/\" rel=\"attachment wp-att-2082\"><img data-recalc-dims=\"1\" loading=\"lazy\" decoding=\"async\" aria-describedby=\"caption-attachment-2082\" class=\"size-full wp-image-2082\" src=\"https:\/\/i0.wp.com\/omnivion.net\/core\/wp-content\/uploads\/2016\/02\/2017-03-05_Forme_D%C3%A9-sinforme_r%C3%A9p%C3%A9t_65_light.jpg?resize=800%2C450\" alt=\"\" width=\"800\" height=\"450\" srcset=\"https:\/\/i0.wp.com\/omnivion.net\/core\/wp-content\/uploads\/2016\/02\/2017-03-05_Forme_D%C3%A9-sinforme_r%C3%A9p%C3%A9t_65_light.jpg?w=800&amp;ssl=1 800w, https:\/\/i0.wp.com\/omnivion.net\/core\/wp-content\/uploads\/2016\/02\/2017-03-05_Forme_D%C3%A9-sinforme_r%C3%A9p%C3%A9t_65_light.jpg?resize=300%2C169&amp;ssl=1 300w, https:\/\/i0.wp.com\/omnivion.net\/core\/wp-content\/uploads\/2016\/02\/2017-03-05_Forme_D%C3%A9-sinforme_r%C3%A9p%C3%A9t_65_light.jpg?resize=768%2C432&amp;ssl=1 768w\" sizes=\"auto, (max-width: 800px) 100vw, 800px\" \/><\/a><p id=\"caption-attachment-2082\" class=\"wp-caption-text\">Photo par D.Tsiapkinis<\/p><\/div><\/p>\n<p><strong>\u00a0<\/strong><\/p>\n<h2>Forme-D\u00e9(sin)forme (2017)<\/h2>\n<p>Pi\u00e8ce de danse-th\u00e9\u00e2tre faisant partie de l&rsquo;\u00e9v\u00e9nement <strong><a href=\"http:\/\/omnivion.net\/core\/projets\/projets-artistiques\/newtopia-4\/newtopia-4-4\/\">Newtopia 4.4<\/a><\/strong>.<br \/>\nPr\u00e9sent\u00e9e le <strong>17 mai 2017, \u00e0 la Pl\u00e9iade,\u00a0154 rue de la Mairie,\u00a037520 La Riche.<\/strong><\/p>\n<p><strong><em>Conception \/ direction<\/em><\/strong><em> : Dimitri Tsiapkinis<br \/>\n<strong>Assistante \u00e0 la chor\u00e9graphie\u00a0:<\/strong> Ahlam Ettamri<\/em><\/p>\n<p><strong><em>Co-auteurs \u2013 Interpr\u00e8tes<\/em><\/strong><em>\u00a0: Emilie Coud\u00e8re, Bruno Morin, Rosa Pires de Matos, Keely Sigot, Dimitri Tsiapkinis <\/em><\/p>\n<p><em><strong>Musique<\/strong> :\u00a0Keely Sigot<\/em><\/p>\n<p><strong>Eclairage\/r\u00e9gie technique :<\/strong> Marine POURQUI\u00c9 \/ <strong><em>Dur\u00e9e\u00a0<\/em><\/strong><em>: ~ 40 min<\/em><\/p>\n<p><strong>Vid\u00e9o-teaser : <a href=\"https:\/\/vimeo.com\/787170824\">vimeo.com\/787170824<\/a><br \/>\n<\/strong><\/p>\n<p><strong><br \/>\nConcept g\u00e9n\u00e9ral\u00a0:<\/strong><\/p>\n<p><em>Sans ordre rien ne peut exister. Sans chaos rien ne peut \u00e9voluer. \/ <\/em>Auteur inconnu.<\/p>\n<p>\u00ab Forme-d\u00e9(sin)forme \u00bb est une performance dans\u00e9e, n\u00e9e de la collaboration entre danseurs professionnels et amateurs, en collaboration avec le CHRU de Tours (service psychiatrie). Il s\u2019agit de traverser de th\u00e8mes d\u2019improvisation li\u00e9s \u00e0 la relation \u00e0 l\u2019autre, et au rapport entre groupe et individu, dans un croisement d\u2019expressivit\u00e9s au sein d\u2019un groupe h\u00e9t\u00e9rog\u00e8ne.<br \/>\n\u00ab \u2026un jeu de tensions, d\u2019explorations chor\u00e9graphiques inspir\u00e9e des \u00e9lans cr\u00e9atrices des participants et qui interrogent le vivre \u2013 ensemble en communaut\u00e9. \u00bb<\/p>\n<p>Le cadre, la forme, la norme\u00a0: approchons-nous une \u00e9poque o\u00f9 le chaos serrait in\u00e9vitable\u00a0? Une d\u00e9sint\u00e9gration des anciennes formes qui donne la place \u00e0 des nouveaux paradigmes\u00a0?<\/p>\n<p>Encore un exercice d<em>\u2019<strong>\u00e9criture de plateau <\/strong><\/em><a href=\"https:\/\/omnivion.net\/core\/fr\/projets\/projets-artistiques\/newtopia-4\/newtopia-4-4\/#_ftn1\" name=\"_ftnref1\">[1]<\/a>\u00a0de l\u2019\u00e9quipe Omnivion dans le contexte de Newtopia \/ danse et sant\u00e9 mentale. Le sc\u00e9nario se construit avec la participation active des interpr\u00e8tes et ce pendant les r\u00e9p\u00e9titions. Dans ce sens, le sc\u00e9nario n\u2019est pas pr\u00e9existant, m\u00eame si les lois du march\u00e9 culturel nous imposent un concept pr\u00e9d\u00e9fini. Depuis sa premi\u00e8re cr\u00e9ation Ex-Gudrun (1992), Dimitri Tsiapkinis cherche \u00e0 sublimer l\u2019exp\u00e9rience intime de l\u2019interpr\u00e8te et la transformer en \u00ab\u00a0objet esth\u00e9tique\u00a0\u00bb, tout en la mettant en lien avec l\u2019actualit\u00e9 socio-politique. Le medium dans notre cas c\u2019est le spectacle vivant\u00a0: danse, chant et th\u00e9\u00e2tre. Sur sc\u00e8ne, des artistes professionnels et amateurs, s\u2019interrogent sur des urgences actuelles de nos soci\u00e9t\u00e9s en mutation.<\/p>\n<p>D\u00e9former nos mani\u00e9rismes, nos a priori, nos id\u00e9es re\u00e7us pour nourrir des nouveaux possibles. S\u2019\u00e9chapper aux manipulations m\u00e9diatiques g\u00e9n\u00e9ralis\u00e9es depuis la 2<sup>\u00e8me<\/sup> guerre mondiale. Il semble que, dans les pays des Lumi\u00e8res, 80% des m\u00e9dias appartiennent \u00e0 des marchands d\u2019armes et que nous travaillons tous pour enrichir quelques \u00e9lites. La d\u00e9sillusion face aux pouvoirs publics est omnipr\u00e9sente. Des mouvements citoyens se multiplient. R\u00e9apprendre \u00e0 discerner les valeurs derri\u00e8re les flux vertigineux d\u2019information, devient plus qu\u2019urgent. Quel corps, quelle danse, quelle forme donner \u00e0 nos aspirations pour un monde meilleur aujourd\u2019hui\u00a0?<\/p>\n<p>M\u00e9thodes de composition : devised theater, fluxus et improvisation.<\/p>\n<p>&lt;&lt;&lt;&lt;&lt;&lt;&lt;&lt;&lt;&lt;&lt;&lt;&lt;&lt;&lt;&lt;&lt;&lt;&lt;&lt;&lt;&lt;&lt;&lt;&lt;&lt;&lt;&lt;&lt;&lt;&lt;&lt;&lt;&lt;&lt;&lt;&lt;&lt;&lt;&lt;&lt;&lt;&lt;&lt;&lt;&lt;&lt;&lt;&lt;&lt;&lt;&lt;&lt;&lt;&lt;&lt;&lt;&lt;&lt;&lt;&lt;&lt;&lt;&lt;&lt;&lt;&lt;&lt;<\/p>\n<p><a href=\"https:\/\/omnivion.net\/core\/fr\/projets\/projets-artistiques\/newtopia-4\/newtopia-4-4\/#_ftnref1\" name=\"_ftn1\">[1]<\/a> \u00ab\u00a0La pratique de l\u2019\u00e9criture de plateau ne diff\u00e8re pas fondamentalement de celle que les Britanniques nomment \u00e0 pr\u00e9sent devised theatre, un th\u00e9\u00e2tre fabriqu\u00e9 \u00e0 plusieurs sans distinction nette entre acteur, metteur en sc\u00e8ne, dramaturge, sc\u00e9nographe, etc., un th\u00e9\u00e2tre non pas tant de cr\u00e9ation collective (comme dans les ann\u00e9es 1960 et 1970) que de collaboration inter-artistique refusant les trop grandes sp\u00e9cialisations.\u00a0\u00bb (Pavis 2014\u00a0: 77)<\/p>\n<p>&nbsp;<\/p>\n<p>&nbsp;<\/p>","protected":false},"excerpt":{"rendered":"<p>\u00a0 Forme-D\u00e9(sin)forme (2017) Pi\u00e8ce de danse-th\u00e9\u00e2tre faisant partie de l&rsquo;\u00e9v\u00e9nement Newtopia 4.4. Pr\u00e9sent\u00e9e [&hellip;]<\/p>\n","protected":false},"author":1,"featured_media":0,"parent":1603,"menu_order":0,"comment_status":"closed","ping_status":"closed","template":"","meta":{"jetpack_post_was_ever_published":false,"footnotes":""},"class_list":["post-2049","page","type-page","status-publish","hentry"],"yoast_head":"<!-- This site is optimized with the Yoast SEO plugin v27.4 - https:\/\/yoast.com\/product\/yoast-seo-wordpress\/ -->\n<title>Forme-D\u00e9(sin)forme (2017) - omnivion.net<\/title>\n<meta name=\"robots\" content=\"index, follow, max-snippet:-1, max-image-preview:large, max-video-preview:-1\" \/>\n<link rel=\"canonical\" href=\"https:\/\/omnivion.net\/core\/fr\/projets\/projets-artistiques\/newtopia-4\/desinforme\/\" \/>\n<meta property=\"og:locale\" content=\"fr_FR\" \/>\n<meta property=\"og:type\" content=\"article\" \/>\n<meta property=\"og:title\" content=\"Forme-D\u00e9(sin)forme (2017) - omnivion.net\" \/>\n<meta property=\"og:description\" content=\"\u00a0 Forme-D\u00e9(sin)forme (2017) Pi\u00e8ce de danse-th\u00e9\u00e2tre faisant partie de l&rsquo;\u00e9v\u00e9nement Newtopia 4.4. Pr\u00e9sent\u00e9e [&hellip;]\" \/>\n<meta property=\"og:url\" content=\"https:\/\/omnivion.net\/core\/fr\/projets\/projets-artistiques\/newtopia-4\/desinforme\/\" \/>\n<meta property=\"og:site_name\" content=\"omnivion.net\" \/>\n<meta property=\"article:modified_time\" content=\"2023-01-18T18:39:10+00:00\" \/>\n<meta name=\"twitter:card\" content=\"summary_large_image\" \/>\n<meta name=\"twitter:label1\" content=\"Dur\u00e9e de lecture estim\u00e9e\" \/>\n\t<meta name=\"twitter:data1\" content=\"4 minutes\" \/>\n<script type=\"application\/ld+json\" class=\"yoast-schema-graph\">{\"@context\":\"https:\\\/\\\/schema.org\",\"@graph\":[{\"@type\":\"WebPage\",\"@id\":\"https:\\\/\\\/omnivion.net\\\/core\\\/fr\\\/projets\\\/projets-artistiques\\\/newtopia-4\\\/desinforme\\\/\",\"url\":\"https:\\\/\\\/omnivion.net\\\/core\\\/fr\\\/projets\\\/projets-artistiques\\\/newtopia-4\\\/desinforme\\\/\",\"name\":\"Forme-D\u00e9(sin)forme (2017) - omnivion.net\",\"isPartOf\":{\"@id\":\"https:\\\/\\\/omnivion.net\\\/core\\\/fr\\\/#website\"},\"datePublished\":\"2017-02-20T21:49:00+00:00\",\"dateModified\":\"2023-01-18T18:39:10+00:00\",\"breadcrumb\":{\"@id\":\"https:\\\/\\\/omnivion.net\\\/core\\\/fr\\\/projets\\\/projets-artistiques\\\/newtopia-4\\\/desinforme\\\/#breadcrumb\"},\"inLanguage\":\"fr-FR\",\"potentialAction\":[{\"@type\":\"ReadAction\",\"target\":[\"https:\\\/\\\/omnivion.net\\\/core\\\/fr\\\/projets\\\/projets-artistiques\\\/newtopia-4\\\/desinforme\\\/\"]}]},{\"@type\":\"BreadcrumbList\",\"@id\":\"https:\\\/\\\/omnivion.net\\\/core\\\/fr\\\/projets\\\/projets-artistiques\\\/newtopia-4\\\/desinforme\\\/#breadcrumb\",\"itemListElement\":[{\"@type\":\"ListItem\",\"position\":1,\"name\":\"Accueil\",\"item\":\"https:\\\/\\\/omnivion.net\\\/core\\\/en\\\/silverstorm\\\/\"},{\"@type\":\"ListItem\",\"position\":2,\"name\":\"Projets\",\"item\":\"https:\\\/\\\/omnivion.net\\\/core\\\/fr\\\/projets\\\/\"},{\"@type\":\"ListItem\",\"position\":3,\"name\":\"Projets Artistiques\",\"item\":\"https:\\\/\\\/omnivion.net\\\/core\\\/projets\\\/projets-artistiques\\\/\"},{\"@type\":\"ListItem\",\"position\":4,\"name\":\"Newtopia 4\",\"item\":\"https:\\\/\\\/omnivion.net\\\/core\\\/projets\\\/projets-artistiques\\\/newtopia-4\\\/\"},{\"@type\":\"ListItem\",\"position\":5,\"name\":\"Forme-D\u00e9(sin)forme (2017)\"}]},{\"@type\":\"WebSite\",\"@id\":\"https:\\\/\\\/omnivion.net\\\/core\\\/fr\\\/#website\",\"url\":\"https:\\\/\\\/omnivion.net\\\/core\\\/fr\\\/\",\"name\":\"omnivion.net\",\"description\":\"...ARTS D&#039;\u00caTRE CORPS...\",\"potentialAction\":[{\"@type\":\"SearchAction\",\"target\":{\"@type\":\"EntryPoint\",\"urlTemplate\":\"https:\\\/\\\/omnivion.net\\\/core\\\/fr\\\/?s={search_term_string}\"},\"query-input\":{\"@type\":\"PropertyValueSpecification\",\"valueRequired\":true,\"valueName\":\"search_term_string\"}}],\"inLanguage\":\"fr-FR\"}]}<\/script>\n<!-- \/ Yoast SEO plugin. -->","yoast_head_json":{"title":"Forme-D\u00e9(sin)forme (2017) - omnivion.net","robots":{"index":"index","follow":"follow","max-snippet":"max-snippet:-1","max-image-preview":"max-image-preview:large","max-video-preview":"max-video-preview:-1"},"canonical":"https:\/\/omnivion.net\/core\/fr\/projets\/projets-artistiques\/newtopia-4\/desinforme\/","og_locale":"fr_FR","og_type":"article","og_title":"Forme-D\u00e9(sin)forme (2017) - omnivion.net","og_description":"\u00a0 Forme-D\u00e9(sin)forme (2017) Pi\u00e8ce de danse-th\u00e9\u00e2tre faisant partie de l&rsquo;\u00e9v\u00e9nement Newtopia 4.4. Pr\u00e9sent\u00e9e [&hellip;]","og_url":"https:\/\/omnivion.net\/core\/fr\/projets\/projets-artistiques\/newtopia-4\/desinforme\/","og_site_name":"omnivion.net","article_modified_time":"2023-01-18T18:39:10+00:00","twitter_card":"summary_large_image","twitter_misc":{"Dur\u00e9e de lecture estim\u00e9e":"4 minutes"},"schema":{"@context":"https:\/\/schema.org","@graph":[{"@type":"WebPage","@id":"https:\/\/omnivion.net\/core\/fr\/projets\/projets-artistiques\/newtopia-4\/desinforme\/","url":"https:\/\/omnivion.net\/core\/fr\/projets\/projets-artistiques\/newtopia-4\/desinforme\/","name":"Forme-D\u00e9(sin)forme (2017) - omnivion.net","isPartOf":{"@id":"https:\/\/omnivion.net\/core\/fr\/#website"},"datePublished":"2017-02-20T21:49:00+00:00","dateModified":"2023-01-18T18:39:10+00:00","breadcrumb":{"@id":"https:\/\/omnivion.net\/core\/fr\/projets\/projets-artistiques\/newtopia-4\/desinforme\/#breadcrumb"},"inLanguage":"fr-FR","potentialAction":[{"@type":"ReadAction","target":["https:\/\/omnivion.net\/core\/fr\/projets\/projets-artistiques\/newtopia-4\/desinforme\/"]}]},{"@type":"BreadcrumbList","@id":"https:\/\/omnivion.net\/core\/fr\/projets\/projets-artistiques\/newtopia-4\/desinforme\/#breadcrumb","itemListElement":[{"@type":"ListItem","position":1,"name":"Accueil","item":"https:\/\/omnivion.net\/core\/en\/silverstorm\/"},{"@type":"ListItem","position":2,"name":"Projets","item":"https:\/\/omnivion.net\/core\/fr\/projets\/"},{"@type":"ListItem","position":3,"name":"Projets Artistiques","item":"https:\/\/omnivion.net\/core\/projets\/projets-artistiques\/"},{"@type":"ListItem","position":4,"name":"Newtopia 4","item":"https:\/\/omnivion.net\/core\/projets\/projets-artistiques\/newtopia-4\/"},{"@type":"ListItem","position":5,"name":"Forme-D\u00e9(sin)forme (2017)"}]},{"@type":"WebSite","@id":"https:\/\/omnivion.net\/core\/fr\/#website","url":"https:\/\/omnivion.net\/core\/fr\/","name":"omnivion.net","description":"...ARTS D&#039;\u00caTRE CORPS...","potentialAction":[{"@type":"SearchAction","target":{"@type":"EntryPoint","urlTemplate":"https:\/\/omnivion.net\/core\/fr\/?s={search_term_string}"},"query-input":{"@type":"PropertyValueSpecification","valueRequired":true,"valueName":"search_term_string"}}],"inLanguage":"fr-FR"}]}},"jetpack_sharing_enabled":true,"jetpack_shortlink":"https:\/\/wp.me\/P2fe7Q-x3","jetpack_likes_enabled":true,"_links":{"self":[{"href":"https:\/\/omnivion.net\/core\/fr\/wp-json\/wp\/v2\/pages\/2049","targetHints":{"allow":["GET"]}}],"collection":[{"href":"https:\/\/omnivion.net\/core\/fr\/wp-json\/wp\/v2\/pages"}],"about":[{"href":"https:\/\/omnivion.net\/core\/fr\/wp-json\/wp\/v2\/types\/page"}],"author":[{"embeddable":true,"href":"https:\/\/omnivion.net\/core\/fr\/wp-json\/wp\/v2\/users\/1"}],"replies":[{"embeddable":true,"href":"https:\/\/omnivion.net\/core\/fr\/wp-json\/wp\/v2\/comments?post=2049"}],"version-history":[{"count":10,"href":"https:\/\/omnivion.net\/core\/fr\/wp-json\/wp\/v2\/pages\/2049\/revisions"}],"predecessor-version":[{"id":4922,"href":"https:\/\/omnivion.net\/core\/fr\/wp-json\/wp\/v2\/pages\/2049\/revisions\/4922"}],"up":[{"embeddable":true,"href":"https:\/\/omnivion.net\/core\/fr\/wp-json\/wp\/v2\/pages\/1603"}],"wp:attachment":[{"href":"https:\/\/omnivion.net\/core\/fr\/wp-json\/wp\/v2\/media?parent=2049"}],"curies":[{"name":"wp","href":"https:\/\/api.w.org\/{rel}","templated":true}]}}