{"id":2014,"date":"2017-01-09T22:51:20","date_gmt":"2017-01-09T21:51:20","guid":{"rendered":"http:\/\/omnivion.net\/core\/?page_id=2014"},"modified":"2025-09-02T21:11:11","modified_gmt":"2025-09-02T20:11:11","slug":"keely-sigot","status":"publish","type":"page","link":"https:\/\/omnivion.net\/core\/fr\/team\/keely-sigot\/","title":{"rendered":"Keely Sigot"},"content":{"rendered":"<p><\/p>\n<div id=\"attachment_2018\" style=\"width: 810px\" class=\"wp-caption alignnone\"><a href=\"http:\/\/omnivion.net\/core\/team\/keely-sigot\/bernard-duret-16_edit_2\/\" rel=\"attachment wp-att-2018\"><img data-recalc-dims=\"1\" loading=\"lazy\" decoding=\"async\" aria-describedby=\"caption-attachment-2018\" class=\"size-large wp-image-2018\" src=\"https:\/\/i0.wp.com\/omnivion.net\/core\/wp-content\/uploads\/2017\/01\/Bernard-DURET-16_edit_2-1024x602.jpg?resize=800%2C470\" alt=\"\" width=\"800\" height=\"470\" srcset=\"https:\/\/i0.wp.com\/omnivion.net\/core\/wp-content\/uploads\/2017\/01\/Bernard-DURET-16_edit_2.jpg?resize=1024%2C602&amp;ssl=1 1024w, https:\/\/i0.wp.com\/omnivion.net\/core\/wp-content\/uploads\/2017\/01\/Bernard-DURET-16_edit_2.jpg?resize=300%2C176&amp;ssl=1 300w, https:\/\/i0.wp.com\/omnivion.net\/core\/wp-content\/uploads\/2017\/01\/Bernard-DURET-16_edit_2.jpg?resize=768%2C451&amp;ssl=1 768w, https:\/\/i0.wp.com\/omnivion.net\/core\/wp-content\/uploads\/2017\/01\/Bernard-DURET-16_edit_2.jpg?w=1543&amp;ssl=1 1543w\" sizes=\"auto, (max-width: 800px) 100vw, 800px\" \/><\/a><p id=\"caption-attachment-2018\" class=\"wp-caption-text\">Keely Sigot dans Praxagora.nu \/ Photo par Berbard Duret<\/p><\/div>\n<p>&nbsp;<\/p>\n<h3>Keely Sigot :<\/h3>\n<p>Keely Sigot d\u00e9bute sa formation \u00e0 travers le chant lyrique, au d\u00e9but des ann\u00e9es 2000 (conservatoire de Clermont-Ferrand), puis se tourne vers le jazz et l\u2019improvisation (cursus professionnel Jazz \u00e0 Tours &amp; Conservatoire de Tours). Dans le m\u00eame temps, elle explore la danse contemporaine et l\u2019improvisation dans le mouvement, s&rsquo;immergeant en parall\u00e8le dans des m\u00e9thodes somatiques telles que la M\u00e9thode Feldenkra\u00efs, la M\u00e9thode Alexander, les pratiques \u00e9nerg\u00e9tiques du Yoga et du Qi Gong, la m\u00e9ditation pleine conscience.<\/p>\n<p>Elle va alors developper une approche personnelle de la voix et du mouvement, bas\u00e9e sur la conscience du corps et les sensations, s\u2019\u00e9toffant au long court \u00e0 travers l&rsquo;enseignement du chant, de multiples collaborations musicales (jazz, gospel, chants traditionnels, wold-fusion, noise hardcore etc.) et chor\u00e9graphiques (La Lisi\u00e8re des Marges, Le Talweg, l&rsquo;ensemble Eleusis). Elle se forme aupr\u00e8s de figures de l&rsquo;improvisation pluridisciplinaire nationales et internationales (Enrique Pardo-Roy Hart Th\u00e9\u00e2tre, Vincent Dupont, Jean-Luc Guionnet, Catherine Jauniaux, Mark Tompkins, Thierry Ba\u00eb, Maki Watanabe, Gyohei Zaitsu, Bernardo Montet, etc).<\/p>\n<p>C\u2019est au d\u00e9but des ann\u00e9es 2010 qu&rsquo;elle entame un travail de recherche sur la relation entre voix, mouvement et composition instantan\u00e9e, pour cr\u00e9er en 2017 les Ateliers du Corps Sonore.<\/p>\n<p>Parall\u00e8lement, en tant que vocaliste, tout en approfondissant sa formation de cheffe de choeur (CEPRAVOI, \u00ab The intelligent choir \u00bb Royal Academy of Danemark), elle d\u00e9veloppe les techniques vocales \u00e9tendues et les effets vocaux extr\u00eames alliant performance, travaux sonores in situ, et cr\u00e9e le duo d&rsquo;improvisation Tr\u00e8ma, avec le vocaliste Chanchan.<\/p>\n<p>Elle danse aupr\u00e8s de Dimitri Tsiapkinis depuis 2015 et collabore avec Ominivion Art d\u2019\u00catre Corps depuis lors sur bon nombre de cr\u00e9ations danse-th\u00e9\u00e2tre inclusive. Ce qui s&rsquo;inscrira avec \u00e9vidence dans sa d\u00e9marche d&rsquo;ensemble, menant elle-m\u00eame des interventions \u00ab\u00a0chant-voix-corps-expression\u00a0\u00bb aupr\u00e8s de personnes autistes, polyhandicap\u00e9es ou en situation de handicap depuis 2008.<\/p>\n<p>Depuis 2005 et 2006 elle enseigne le chant jazz et musiques actuelles dans les \u00e9coles \u00ab\u00a0 Tous en Sc\u00e8ne\u00a0 \u00bb \u00e0 Tours et \u00ab\u00a0 Le P\u00f4le Des Arts\u00a0 \u00bb \u00e0 Amboise, o\u00f9 elle dirige notamment un atelier ch\u0153ur. Elle intervient parfois aupr\u00e8s d&rsquo;ensembles vocaux (La Marelle, Lume, etc.).<\/p>\n<p>Depuis 2023 elle danse dans la compagnie Abeille Cie (Impro Senso &amp; Kid&rsquo;s O Senso), ainsi que dans la compagnie Cincle Plongeur (Danser Mille Secrets de Poussins).<\/p>\n<p>En 2024 elle entame une collaboration avec Benoit Pradier en tant que danseuse vocaliste (\u00abNourrir la Pierre\u00bb) et \u00e0 la cr\u00e9ation sonore (\u00abLo\u00e8re Nucl\u00e9aire\u00bb).<\/p>\n<p>Depuis 2024, elle joue dans le duo d&rsquo;improvisation noise ambient Insula Core, avec Samuel Belliard, dans lequel un travail sonore, plastique, et d&rsquo;\u00e9tat chor\u00e9graphique est \u00e0 l&rsquo;oeuvre.<\/p>\n<p>&nbsp;<\/p>\n<p><b id=\"yui_3_16_0_ym19_1_1483991623402_16836\"><\/b><\/p>","protected":false},"excerpt":{"rendered":"<p>&nbsp; Keely Sigot : Keely Sigot d\u00e9bute sa formation \u00e0 travers le chant [&hellip;]<\/p>\n","protected":false},"author":1,"featured_media":0,"parent":66,"menu_order":0,"comment_status":"closed","ping_status":"closed","template":"","meta":{"jetpack_post_was_ever_published":false,"footnotes":""},"class_list":["post-2014","page","type-page","status-publish","hentry"],"yoast_head":"<!-- This site is optimized with the Yoast SEO plugin v26.8 - https:\/\/yoast.com\/product\/yoast-seo-wordpress\/ -->\n<title>Keely Sigot - omnivion.net<\/title>\n<meta name=\"robots\" content=\"index, follow, max-snippet:-1, max-image-preview:large, max-video-preview:-1\" \/>\n<link rel=\"canonical\" href=\"https:\/\/omnivion.net\/core\/fr\/team\/keely-sigot\/\" \/>\n<meta property=\"og:locale\" content=\"fr_FR\" \/>\n<meta property=\"og:type\" content=\"article\" \/>\n<meta property=\"og:title\" content=\"Keely Sigot - omnivion.net\" \/>\n<meta property=\"og:description\" content=\"&nbsp; Keely Sigot : Keely Sigot d\u00e9bute sa formation \u00e0 travers le chant [&hellip;]\" \/>\n<meta property=\"og:url\" content=\"https:\/\/omnivion.net\/core\/fr\/team\/keely-sigot\/\" \/>\n<meta property=\"og:site_name\" content=\"omnivion.net\" \/>\n<meta property=\"article:modified_time\" content=\"2025-09-02T20:11:11+00:00\" \/>\n<meta property=\"og:image\" content=\"http:\/\/omnivion.net\/core\/wp-content\/uploads\/2017\/01\/Bernard-DURET-16_edit_2-1024x602.jpg\" \/>\n<meta name=\"twitter:card\" content=\"summary_large_image\" \/>\n<meta name=\"twitter:label1\" content=\"Dur\u00e9e de lecture estim\u00e9e\" \/>\n\t<meta name=\"twitter:data1\" content=\"5 minutes\" \/>\n<script type=\"application\/ld+json\" class=\"yoast-schema-graph\">{\"@context\":\"https:\/\/schema.org\",\"@graph\":[{\"@type\":\"WebPage\",\"@id\":\"https:\/\/omnivion.net\/core\/fr\/team\/keely-sigot\/\",\"url\":\"https:\/\/omnivion.net\/core\/fr\/team\/keely-sigot\/\",\"name\":\"Keely Sigot - omnivion.net\",\"isPartOf\":{\"@id\":\"https:\/\/omnivion.net\/core\/fr\/#website\"},\"primaryImageOfPage\":{\"@id\":\"https:\/\/omnivion.net\/core\/fr\/team\/keely-sigot\/#primaryimage\"},\"image\":{\"@id\":\"https:\/\/omnivion.net\/core\/fr\/team\/keely-sigot\/#primaryimage\"},\"thumbnailUrl\":\"http:\/\/omnivion.net\/core\/wp-content\/uploads\/2017\/01\/Bernard-DURET-16_edit_2-1024x602.jpg\",\"datePublished\":\"2017-01-09T21:51:20+00:00\",\"dateModified\":\"2025-09-02T20:11:11+00:00\",\"breadcrumb\":{\"@id\":\"https:\/\/omnivion.net\/core\/fr\/team\/keely-sigot\/#breadcrumb\"},\"inLanguage\":\"fr-FR\",\"potentialAction\":[{\"@type\":\"ReadAction\",\"target\":[\"https:\/\/omnivion.net\/core\/fr\/team\/keely-sigot\/\"]}]},{\"@type\":\"ImageObject\",\"inLanguage\":\"fr-FR\",\"@id\":\"https:\/\/omnivion.net\/core\/fr\/team\/keely-sigot\/#primaryimage\",\"url\":\"http:\/\/omnivion.net\/core\/wp-content\/uploads\/2017\/01\/Bernard-DURET-16_edit_2-1024x602.jpg\",\"contentUrl\":\"http:\/\/omnivion.net\/core\/wp-content\/uploads\/2017\/01\/Bernard-DURET-16_edit_2-1024x602.jpg\"},{\"@type\":\"BreadcrumbList\",\"@id\":\"https:\/\/omnivion.net\/core\/fr\/team\/keely-sigot\/#breadcrumb\",\"itemListElement\":[{\"@type\":\"ListItem\",\"position\":1,\"name\":\"Accueil\",\"item\":\"https:\/\/omnivion.net\/core\/en\/silverstorm\/\"},{\"@type\":\"ListItem\",\"position\":2,\"name\":\"Equipe\",\"item\":\"https:\/\/omnivion.net\/core\/team\/\"},{\"@type\":\"ListItem\",\"position\":3,\"name\":\"Keely Sigot\"}]},{\"@type\":\"WebSite\",\"@id\":\"https:\/\/omnivion.net\/core\/fr\/#website\",\"url\":\"https:\/\/omnivion.net\/core\/fr\/\",\"name\":\"omnivion.net\",\"description\":\"...ARTS D&#039;\u00caTRE CORPS...\",\"potentialAction\":[{\"@type\":\"SearchAction\",\"target\":{\"@type\":\"EntryPoint\",\"urlTemplate\":\"https:\/\/omnivion.net\/core\/fr\/?s={search_term_string}\"},\"query-input\":{\"@type\":\"PropertyValueSpecification\",\"valueRequired\":true,\"valueName\":\"search_term_string\"}}],\"inLanguage\":\"fr-FR\"}]}<\/script>\n<!-- \/ Yoast SEO plugin. -->","yoast_head_json":{"title":"Keely Sigot - omnivion.net","robots":{"index":"index","follow":"follow","max-snippet":"max-snippet:-1","max-image-preview":"max-image-preview:large","max-video-preview":"max-video-preview:-1"},"canonical":"https:\/\/omnivion.net\/core\/fr\/team\/keely-sigot\/","og_locale":"fr_FR","og_type":"article","og_title":"Keely Sigot - omnivion.net","og_description":"&nbsp; Keely Sigot : Keely Sigot d\u00e9bute sa formation \u00e0 travers le chant [&hellip;]","og_url":"https:\/\/omnivion.net\/core\/fr\/team\/keely-sigot\/","og_site_name":"omnivion.net","article_modified_time":"2025-09-02T20:11:11+00:00","og_image":[{"url":"http:\/\/omnivion.net\/core\/wp-content\/uploads\/2017\/01\/Bernard-DURET-16_edit_2-1024x602.jpg","type":"","width":"","height":""}],"twitter_card":"summary_large_image","twitter_misc":{"Dur\u00e9e de lecture estim\u00e9e":"5 minutes"},"schema":{"@context":"https:\/\/schema.org","@graph":[{"@type":"WebPage","@id":"https:\/\/omnivion.net\/core\/fr\/team\/keely-sigot\/","url":"https:\/\/omnivion.net\/core\/fr\/team\/keely-sigot\/","name":"Keely Sigot - omnivion.net","isPartOf":{"@id":"https:\/\/omnivion.net\/core\/fr\/#website"},"primaryImageOfPage":{"@id":"https:\/\/omnivion.net\/core\/fr\/team\/keely-sigot\/#primaryimage"},"image":{"@id":"https:\/\/omnivion.net\/core\/fr\/team\/keely-sigot\/#primaryimage"},"thumbnailUrl":"http:\/\/omnivion.net\/core\/wp-content\/uploads\/2017\/01\/Bernard-DURET-16_edit_2-1024x602.jpg","datePublished":"2017-01-09T21:51:20+00:00","dateModified":"2025-09-02T20:11:11+00:00","breadcrumb":{"@id":"https:\/\/omnivion.net\/core\/fr\/team\/keely-sigot\/#breadcrumb"},"inLanguage":"fr-FR","potentialAction":[{"@type":"ReadAction","target":["https:\/\/omnivion.net\/core\/fr\/team\/keely-sigot\/"]}]},{"@type":"ImageObject","inLanguage":"fr-FR","@id":"https:\/\/omnivion.net\/core\/fr\/team\/keely-sigot\/#primaryimage","url":"http:\/\/omnivion.net\/core\/wp-content\/uploads\/2017\/01\/Bernard-DURET-16_edit_2-1024x602.jpg","contentUrl":"http:\/\/omnivion.net\/core\/wp-content\/uploads\/2017\/01\/Bernard-DURET-16_edit_2-1024x602.jpg"},{"@type":"BreadcrumbList","@id":"https:\/\/omnivion.net\/core\/fr\/team\/keely-sigot\/#breadcrumb","itemListElement":[{"@type":"ListItem","position":1,"name":"Accueil","item":"https:\/\/omnivion.net\/core\/en\/silverstorm\/"},{"@type":"ListItem","position":2,"name":"Equipe","item":"https:\/\/omnivion.net\/core\/team\/"},{"@type":"ListItem","position":3,"name":"Keely Sigot"}]},{"@type":"WebSite","@id":"https:\/\/omnivion.net\/core\/fr\/#website","url":"https:\/\/omnivion.net\/core\/fr\/","name":"omnivion.net","description":"...ARTS D&#039;\u00caTRE CORPS...","potentialAction":[{"@type":"SearchAction","target":{"@type":"EntryPoint","urlTemplate":"https:\/\/omnivion.net\/core\/fr\/?s={search_term_string}"},"query-input":{"@type":"PropertyValueSpecification","valueRequired":true,"valueName":"search_term_string"}}],"inLanguage":"fr-FR"}]}},"jetpack_sharing_enabled":true,"jetpack_shortlink":"https:\/\/wp.me\/P2fe7Q-wu","jetpack_likes_enabled":true,"_links":{"self":[{"href":"https:\/\/omnivion.net\/core\/fr\/wp-json\/wp\/v2\/pages\/2014","targetHints":{"allow":["GET"]}}],"collection":[{"href":"https:\/\/omnivion.net\/core\/fr\/wp-json\/wp\/v2\/pages"}],"about":[{"href":"https:\/\/omnivion.net\/core\/fr\/wp-json\/wp\/v2\/types\/page"}],"author":[{"embeddable":true,"href":"https:\/\/omnivion.net\/core\/fr\/wp-json\/wp\/v2\/users\/1"}],"replies":[{"embeddable":true,"href":"https:\/\/omnivion.net\/core\/fr\/wp-json\/wp\/v2\/comments?post=2014"}],"version-history":[{"count":4,"href":"https:\/\/omnivion.net\/core\/fr\/wp-json\/wp\/v2\/pages\/2014\/revisions"}],"predecessor-version":[{"id":5747,"href":"https:\/\/omnivion.net\/core\/fr\/wp-json\/wp\/v2\/pages\/2014\/revisions\/5747"}],"up":[{"embeddable":true,"href":"https:\/\/omnivion.net\/core\/fr\/wp-json\/wp\/v2\/pages\/66"}],"wp:attachment":[{"href":"https:\/\/omnivion.net\/core\/fr\/wp-json\/wp\/v2\/media?parent=2014"}],"curies":[{"name":"wp","href":"https:\/\/api.w.org\/{rel}","templated":true}]}}