{"id":1978,"date":"2016-12-29T19:36:10","date_gmt":"2016-12-29T18:36:10","guid":{"rendered":"http:\/\/omnivion.net\/core\/projets\/educational-projects\/dancepsy-copy\/"},"modified":"2016-12-29T20:43:19","modified_gmt":"2016-12-29T19:43:19","slug":"lapis-lazuli","status":"publish","type":"page","link":"https:\/\/omnivion.net\/core\/fr\/projets\/educational-projects\/lapis-lazuli\/","title":{"rendered":"Lapis-lazuli : Ateliers de danse pour jeunes en milieu psychiatrique"},"content":{"rendered":"<p>&nbsp;<\/p>\n<div id=\"attachment_1980\" style=\"width: 810px\" class=\"wp-caption alignnone\"><a href=\"http:\/\/omnivion.net\/core\/projets\/educational-projects\/dancepsy-copy\/20161216_113231-01_web\/\" rel=\"attachment wp-att-1980\"><img data-recalc-dims=\"1\" loading=\"lazy\" decoding=\"async\" aria-describedby=\"caption-attachment-1980\" class=\"size-full wp-image-1980\" src=\"https:\/\/i0.wp.com\/omnivion.net\/core\/wp-content\/uploads\/2016\/12\/20161216_113231-01_web.jpeg?resize=800%2C450\" alt=\"\" width=\"800\" height=\"450\" srcset=\"https:\/\/i0.wp.com\/omnivion.net\/core\/wp-content\/uploads\/2016\/12\/20161216_113231-01_web.jpeg?w=800&amp;ssl=1 800w, https:\/\/i0.wp.com\/omnivion.net\/core\/wp-content\/uploads\/2016\/12\/20161216_113231-01_web.jpeg?resize=300%2C169&amp;ssl=1 300w, https:\/\/i0.wp.com\/omnivion.net\/core\/wp-content\/uploads\/2016\/12\/20161216_113231-01_web.jpeg?resize=768%2C432&amp;ssl=1 768w\" sizes=\"auto, (max-width: 800px) 100vw, 800px\" \/><\/a><p id=\"caption-attachment-1980\" class=\"wp-caption-text\">Photo par D.Tsiapkinis<\/p><\/div>\n<p><strong>Lapis-lazuli est un projet p\u00e9dagogique attach\u00e9 \u00e0 Newtopia 4 et 5; il est ax\u00e9 sur l\u2019\u00e9ducation artistique et plus sp\u00e9cifiquement sur\u00a0la danse contemporaine<\/strong> <strong>en milieu psychiatrique, service adolescents<\/strong>.<\/p>\n<p>Le point central de cette p\u00e9dagogie est la sensibilisation des jeunes hospitalis\u00e9s au potentiel expressif du corps et du mouvement.<\/p>\n<p><a href=\"http:\/\/omnivion.net\/core\/team\/dimitrios-tsiapkinis\/\">Dimitri Tsiapkinis<\/a> a conclu en 2014 un projet de recherche universitaire Master 2, qui interroge\u00a0la pertinence d&rsquo;un\u00a0atelier de danse contemporaine en milieu psychiatrique ; Elle est librement accessible sur le site de l&rsquo;UFP :\u00a0<a href=\"http:\/\/bdigital.ufp.pt\/handle\/10284\/4645?locale=en\">bdigital.ufp.pt\/tsiapkinis<\/a><\/p>\n<p>Lapis-lazuli\u00a0fait partie du projet global <a href=\"http:\/\/omnivion.net\/core\/projets\/projets-artistiques\/newtopia-4\/\"><strong>Newtopia<\/strong> <\/a>et concerne des adolescents hospitalis\u00e9s en milieu psychiatrique. \u00c7a concerne \u00e9galement une partie de l\u2019\u00e9quipe soignante qui s\u2019implique dans cette aventure cr\u00e9ative avec passion. Une mise en commun des moyens d\u2019expression et de la cr\u00e9ativit\u00e9 pour stimuler l\u2019authenticit\u00e9, les \u00e9changes sociaux et la citoyennet\u00e9, tout en gagnant de la confiance en soi et au monde.<\/p>\n<p>&nbsp;<\/p>\n<p><strong>Contenu<\/strong><\/p>\n<p>Dans la pratique avec les fondamentaux de la danse contemporaine, et des propositions p\u00e9dagogiques enrichies\u00a0par la <a href=\"http:\/\/cf3p.info\/index.php\/qu-est-ce-que-la-pedagogie-perceptive\" target=\"_blank\">p\u00e9dagogie perceptive<\/a>, les jeunes d\u00e9couvrent d&rsquo;autres postures face\u00a0au monde. Ils exp\u00e9rimentent des rapports sensibles avec eux m\u00eames \u00e0 travers des gestes et des postures. Ils composent des relations po\u00e9tiques entre eux, mais aussi avec l&rsquo;\u00e9quipe soignante, tout en cultivant l&rsquo;ouverture et l\u2019\u00e9coute envers l&rsquo;autre. Ils cr\u00e9ent des espaces d&rsquo;expression in\u00e9dits, gr\u00e2ce \u00e0 l&rsquo;ouverture qui offre la danse contemporaine. Cette libert\u00e9 est bien \u00e9videment cadr\u00e9e par l\u2019\u0153il exp\u00e9riment\u00e9 des infirmi\u00e8res, des psychologues et du professeur de danse.<\/p>\n<p>Plus d&rsquo;info : <a title=\"infos\" href=\"mailto:info@omnivion.net \">info@omnivion.net <\/a><\/p>","protected":false},"excerpt":{"rendered":"<p>&nbsp; Lapis-lazuli est un projet p\u00e9dagogique attach\u00e9 \u00e0 Newtopia 4 et 5; il [&hellip;]<\/p>\n","protected":false},"author":1,"featured_media":0,"parent":63,"menu_order":0,"comment_status":"closed","ping_status":"closed","template":"","meta":{"jetpack_post_was_ever_published":false,"footnotes":""},"class_list":["post-1978","page","type-page","status-publish","hentry"],"yoast_head":"<!-- This site is optimized with the Yoast SEO plugin v26.8 - https:\/\/yoast.com\/product\/yoast-seo-wordpress\/ -->\n<title>Lapis-lazuli : Ateliers de danse pour jeunes en milieu psychiatrique - omnivion.net<\/title>\n<meta name=\"robots\" content=\"index, follow, max-snippet:-1, max-image-preview:large, max-video-preview:-1\" \/>\n<link rel=\"canonical\" href=\"https:\/\/omnivion.net\/core\/fr\/projets\/educational-projects\/lapis-lazuli\/\" \/>\n<meta property=\"og:locale\" content=\"fr_FR\" \/>\n<meta property=\"og:type\" content=\"article\" \/>\n<meta property=\"og:title\" content=\"Lapis-lazuli : Ateliers de danse pour jeunes en milieu psychiatrique - omnivion.net\" \/>\n<meta property=\"og:description\" content=\"&nbsp; Lapis-lazuli est un projet p\u00e9dagogique attach\u00e9 \u00e0 Newtopia 4 et 5; il [&hellip;]\" \/>\n<meta property=\"og:url\" content=\"https:\/\/omnivion.net\/core\/fr\/projets\/educational-projects\/lapis-lazuli\/\" \/>\n<meta property=\"og:site_name\" content=\"omnivion.net\" \/>\n<meta property=\"article:modified_time\" content=\"2016-12-29T19:43:19+00:00\" \/>\n<meta property=\"og:image\" content=\"http:\/\/omnivion.net\/core\/wp-content\/uploads\/2016\/12\/20161216_113231-01_web.jpeg\" \/>\n<meta name=\"twitter:card\" content=\"summary_large_image\" \/>\n<meta name=\"twitter:label1\" content=\"Dur\u00e9e de lecture estim\u00e9e\" \/>\n\t<meta name=\"twitter:data1\" content=\"2 minutes\" \/>\n<script type=\"application\/ld+json\" class=\"yoast-schema-graph\">{\"@context\":\"https:\/\/schema.org\",\"@graph\":[{\"@type\":\"WebPage\",\"@id\":\"https:\/\/omnivion.net\/core\/fr\/projets\/educational-projects\/lapis-lazuli\/\",\"url\":\"https:\/\/omnivion.net\/core\/fr\/projets\/educational-projects\/lapis-lazuli\/\",\"name\":\"Lapis-lazuli : Ateliers de danse pour jeunes en milieu psychiatrique - omnivion.net\",\"isPartOf\":{\"@id\":\"https:\/\/omnivion.net\/core\/fr\/#website\"},\"primaryImageOfPage\":{\"@id\":\"https:\/\/omnivion.net\/core\/fr\/projets\/educational-projects\/lapis-lazuli\/#primaryimage\"},\"image\":{\"@id\":\"https:\/\/omnivion.net\/core\/fr\/projets\/educational-projects\/lapis-lazuli\/#primaryimage\"},\"thumbnailUrl\":\"http:\/\/omnivion.net\/core\/wp-content\/uploads\/2016\/12\/20161216_113231-01_web.jpeg\",\"datePublished\":\"2016-12-29T18:36:10+00:00\",\"dateModified\":\"2016-12-29T19:43:19+00:00\",\"breadcrumb\":{\"@id\":\"https:\/\/omnivion.net\/core\/fr\/projets\/educational-projects\/lapis-lazuli\/#breadcrumb\"},\"inLanguage\":\"fr-FR\",\"potentialAction\":[{\"@type\":\"ReadAction\",\"target\":[\"https:\/\/omnivion.net\/core\/fr\/projets\/educational-projects\/lapis-lazuli\/\"]}]},{\"@type\":\"ImageObject\",\"inLanguage\":\"fr-FR\",\"@id\":\"https:\/\/omnivion.net\/core\/fr\/projets\/educational-projects\/lapis-lazuli\/#primaryimage\",\"url\":\"http:\/\/omnivion.net\/core\/wp-content\/uploads\/2016\/12\/20161216_113231-01_web.jpeg\",\"contentUrl\":\"http:\/\/omnivion.net\/core\/wp-content\/uploads\/2016\/12\/20161216_113231-01_web.jpeg\"},{\"@type\":\"BreadcrumbList\",\"@id\":\"https:\/\/omnivion.net\/core\/fr\/projets\/educational-projects\/lapis-lazuli\/#breadcrumb\",\"itemListElement\":[{\"@type\":\"ListItem\",\"position\":1,\"name\":\"Accueil\",\"item\":\"https:\/\/omnivion.net\/core\/en\/silverstorm\/\"},{\"@type\":\"ListItem\",\"position\":2,\"name\":\"Projets\",\"item\":\"https:\/\/omnivion.net\/core\/fr\/projets\/\"},{\"@type\":\"ListItem\",\"position\":3,\"name\":\"Projets Educatifs\",\"item\":\"https:\/\/omnivion.net\/core\/projets\/educational-projects\/\"},{\"@type\":\"ListItem\",\"position\":4,\"name\":\"Lapis-lazuli : dance and mental health for youngsters\"}]},{\"@type\":\"WebSite\",\"@id\":\"https:\/\/omnivion.net\/core\/fr\/#website\",\"url\":\"https:\/\/omnivion.net\/core\/fr\/\",\"name\":\"omnivion.net\",\"description\":\"...ARTS D&#039;\u00caTRE CORPS...\",\"potentialAction\":[{\"@type\":\"SearchAction\",\"target\":{\"@type\":\"EntryPoint\",\"urlTemplate\":\"https:\/\/omnivion.net\/core\/fr\/?s={search_term_string}\"},\"query-input\":{\"@type\":\"PropertyValueSpecification\",\"valueRequired\":true,\"valueName\":\"search_term_string\"}}],\"inLanguage\":\"fr-FR\"}]}<\/script>\n<!-- \/ Yoast SEO plugin. -->","yoast_head_json":{"title":"Lapis-lazuli : Ateliers de danse pour jeunes en milieu psychiatrique - omnivion.net","robots":{"index":"index","follow":"follow","max-snippet":"max-snippet:-1","max-image-preview":"max-image-preview:large","max-video-preview":"max-video-preview:-1"},"canonical":"https:\/\/omnivion.net\/core\/fr\/projets\/educational-projects\/lapis-lazuli\/","og_locale":"fr_FR","og_type":"article","og_title":"Lapis-lazuli : Ateliers de danse pour jeunes en milieu psychiatrique - omnivion.net","og_description":"&nbsp; Lapis-lazuli est un projet p\u00e9dagogique attach\u00e9 \u00e0 Newtopia 4 et 5; il [&hellip;]","og_url":"https:\/\/omnivion.net\/core\/fr\/projets\/educational-projects\/lapis-lazuli\/","og_site_name":"omnivion.net","article_modified_time":"2016-12-29T19:43:19+00:00","og_image":[{"url":"http:\/\/omnivion.net\/core\/wp-content\/uploads\/2016\/12\/20161216_113231-01_web.jpeg","type":"","width":"","height":""}],"twitter_card":"summary_large_image","twitter_misc":{"Dur\u00e9e de lecture estim\u00e9e":"2 minutes"},"schema":{"@context":"https:\/\/schema.org","@graph":[{"@type":"WebPage","@id":"https:\/\/omnivion.net\/core\/fr\/projets\/educational-projects\/lapis-lazuli\/","url":"https:\/\/omnivion.net\/core\/fr\/projets\/educational-projects\/lapis-lazuli\/","name":"Lapis-lazuli : Ateliers de danse pour jeunes en milieu psychiatrique - omnivion.net","isPartOf":{"@id":"https:\/\/omnivion.net\/core\/fr\/#website"},"primaryImageOfPage":{"@id":"https:\/\/omnivion.net\/core\/fr\/projets\/educational-projects\/lapis-lazuli\/#primaryimage"},"image":{"@id":"https:\/\/omnivion.net\/core\/fr\/projets\/educational-projects\/lapis-lazuli\/#primaryimage"},"thumbnailUrl":"http:\/\/omnivion.net\/core\/wp-content\/uploads\/2016\/12\/20161216_113231-01_web.jpeg","datePublished":"2016-12-29T18:36:10+00:00","dateModified":"2016-12-29T19:43:19+00:00","breadcrumb":{"@id":"https:\/\/omnivion.net\/core\/fr\/projets\/educational-projects\/lapis-lazuli\/#breadcrumb"},"inLanguage":"fr-FR","potentialAction":[{"@type":"ReadAction","target":["https:\/\/omnivion.net\/core\/fr\/projets\/educational-projects\/lapis-lazuli\/"]}]},{"@type":"ImageObject","inLanguage":"fr-FR","@id":"https:\/\/omnivion.net\/core\/fr\/projets\/educational-projects\/lapis-lazuli\/#primaryimage","url":"http:\/\/omnivion.net\/core\/wp-content\/uploads\/2016\/12\/20161216_113231-01_web.jpeg","contentUrl":"http:\/\/omnivion.net\/core\/wp-content\/uploads\/2016\/12\/20161216_113231-01_web.jpeg"},{"@type":"BreadcrumbList","@id":"https:\/\/omnivion.net\/core\/fr\/projets\/educational-projects\/lapis-lazuli\/#breadcrumb","itemListElement":[{"@type":"ListItem","position":1,"name":"Accueil","item":"https:\/\/omnivion.net\/core\/en\/silverstorm\/"},{"@type":"ListItem","position":2,"name":"Projets","item":"https:\/\/omnivion.net\/core\/fr\/projets\/"},{"@type":"ListItem","position":3,"name":"Projets Educatifs","item":"https:\/\/omnivion.net\/core\/projets\/educational-projects\/"},{"@type":"ListItem","position":4,"name":"Lapis-lazuli : dance and mental health for youngsters"}]},{"@type":"WebSite","@id":"https:\/\/omnivion.net\/core\/fr\/#website","url":"https:\/\/omnivion.net\/core\/fr\/","name":"omnivion.net","description":"...ARTS D&#039;\u00caTRE CORPS...","potentialAction":[{"@type":"SearchAction","target":{"@type":"EntryPoint","urlTemplate":"https:\/\/omnivion.net\/core\/fr\/?s={search_term_string}"},"query-input":{"@type":"PropertyValueSpecification","valueRequired":true,"valueName":"search_term_string"}}],"inLanguage":"fr-FR"}]}},"jetpack_sharing_enabled":true,"jetpack_shortlink":"https:\/\/wp.me\/P2fe7Q-vU","jetpack_likes_enabled":true,"_links":{"self":[{"href":"https:\/\/omnivion.net\/core\/fr\/wp-json\/wp\/v2\/pages\/1978","targetHints":{"allow":["GET"]}}],"collection":[{"href":"https:\/\/omnivion.net\/core\/fr\/wp-json\/wp\/v2\/pages"}],"about":[{"href":"https:\/\/omnivion.net\/core\/fr\/wp-json\/wp\/v2\/types\/page"}],"author":[{"embeddable":true,"href":"https:\/\/omnivion.net\/core\/fr\/wp-json\/wp\/v2\/users\/1"}],"replies":[{"embeddable":true,"href":"https:\/\/omnivion.net\/core\/fr\/wp-json\/wp\/v2\/comments?post=1978"}],"version-history":[{"count":2,"href":"https:\/\/omnivion.net\/core\/fr\/wp-json\/wp\/v2\/pages\/1978\/revisions"}],"predecessor-version":[{"id":1982,"href":"https:\/\/omnivion.net\/core\/fr\/wp-json\/wp\/v2\/pages\/1978\/revisions\/1982"}],"up":[{"embeddable":true,"href":"https:\/\/omnivion.net\/core\/fr\/wp-json\/wp\/v2\/pages\/63"}],"wp:attachment":[{"href":"https:\/\/omnivion.net\/core\/fr\/wp-json\/wp\/v2\/media?parent=1978"}],"curies":[{"name":"wp","href":"https:\/\/api.w.org\/{rel}","templated":true}]}}