{"id":1860,"date":"2016-10-03T12:01:02","date_gmt":"2016-10-03T11:01:02","guid":{"rendered":"http:\/\/omnivion.net\/core\/projets\/projets-artistiques\/newtopia-3\/newtopia-3-4-copy\/"},"modified":"2017-02-20T21:55:08","modified_gmt":"2017-02-20T20:55:08","slug":"newtopia-4-3","status":"publish","type":"page","link":"https:\/\/omnivion.net\/core\/fr\/projets\/projets-artistiques\/newtopia-4\/newtopia-4-3\/","title":{"rendered":"Newtopia 4.3"},"content":{"rendered":"<p><div id=\"attachment_2044\" style=\"width: 810px\" class=\"wp-caption alignnone\"><a href=\"http:\/\/omnivion.net\/core\/projets\/projets-artistiques\/newtopia-4\/newtopia-4-3\/2017-01-12_newtopia_4-3_photo_evelyne_poimul_16_web\/\" rel=\"attachment wp-att-2044\"><img data-recalc-dims=\"1\" loading=\"lazy\" decoding=\"async\" aria-describedby=\"caption-attachment-2044\" class=\"wp-image-2044 size-full\" src=\"https:\/\/i0.wp.com\/omnivion.net\/core\/wp-content\/uploads\/2016\/10\/2017-01-12_Newtopia_4.3_Photo_Evelyne_Poimul_16_web.jpg?resize=800%2C470\" width=\"800\" height=\"470\" alt=\"\" srcset=\"https:\/\/i0.wp.com\/omnivion.net\/core\/wp-content\/uploads\/2016\/10\/2017-01-12_Newtopia_4.3_Photo_Evelyne_Poimul_16_web.jpg?w=800&amp;ssl=1 800w, https:\/\/i0.wp.com\/omnivion.net\/core\/wp-content\/uploads\/2016\/10\/2017-01-12_Newtopia_4.3_Photo_Evelyne_Poimul_16_web.jpg?resize=300%2C176&amp;ssl=1 300w, https:\/\/i0.wp.com\/omnivion.net\/core\/wp-content\/uploads\/2016\/10\/2017-01-12_Newtopia_4.3_Photo_Evelyne_Poimul_16_web.jpg?resize=768%2C451&amp;ssl=1 768w\" sizes=\"auto, (max-width: 800px) 100vw, 800px\" \/><\/a><p id=\"caption-attachment-2044\" class=\"wp-caption-text\">Photo (extrait) \u00a9 Evelyne Poimul, prise pendant Newtopia 4.3 \u00e0 Brettonneau (2017)<\/p><\/div><\/p>\n<h1>Newtopia\u00a04.3<\/h1>\n<p>Troisi\u00e8me\u00a0volet de <strong><a href=\"http:\/\/www.omnivion.net\/core\/projets\/projets-artistiques\/newtopia-4\/\">Newtopia 4<\/a><\/strong> avec des membres de l&rsquo;association Omnivion, et le public du CHU, le 12 janvier\u00a02017, \u00e0 14H dans le grande Hall de l&rsquo;H\u00f4pital Bretonneau (CHRU de Tours).<\/p>\n<p><strong>ATTENTION :<\/strong>\u00a0il ne s&rsquo;agit pas des\u00a0performances publiques. C&rsquo;est uniquement \u00e0 l&rsquo;attention du public de l&rsquo;H\u00f4pital pour des raisons de s\u00e9curit\u00e9 et pour le bon fonctionnement des diff\u00e9rents services.<\/p>\n<p>Photos de l&rsquo;\u00e9v\u00e9nement : <a href=\"https:\/\/flic.kr\/s\/aHskSnZ9my\" target=\"_blank\"><strong>Album Newtopia 4.3<\/strong><\/a><\/p>\n<p><strong>Au programme :<\/strong><\/p>\n<ul>\n<ul>\n<li>\n<h2>Improvisation de danse contemporaine<\/h2>\n<p><strong>Performances de danse<\/strong> inspir\u00e9s du travail fait pendant les ateliers de danse<strong> Indigo et de l&rsquo;\u00e9v\u00e9nement Newtopia 4.2, <\/strong>adress\u00e9 aux soignants et patients de l&rsquo;H\u00f4pital. D\u00e9ambulations chor\u00e9graphiques et expositions d&rsquo;\u00ab\u00c9tats de corps\u00bb dans l&rsquo;enceinte de l&rsquo; H\u00f4pital Bretonneau.<\/p>\n<p>Interpr\u00e8tes : Emilie Coud\u00e8re, Ahlam Ettamri, H\u00e9l\u00e8ne Fromonteil, Bruno Morin, Rosa Pires de Matos, Dimitri Tsiapkinis.<\/p>\n<h3>NOS PARTENAIRES :<\/h3>\n<p><strong><a href=\"http:\/\/www.chu-tours.fr\/\" target=\"_blank\">CHU de Tours<\/a>, <a href=\"http:\/\/lesarpentsdart.fr\/cms\/\" target=\"_blank\">ARPENTS D&rsquo;ART<\/a><\/strong><\/p>\n<ul>\n<li>\n<h3>NOS FINANCEURS\u00a0:<\/h3>\n<\/li>\n<\/ul>\n<\/li>\n<\/ul>\n<\/ul>\n<p><a href=\"https:\/\/i0.wp.com\/www.omnivion.net\/core\/wp-content\/uploads\/2014\/08\/640px-CHRU_logo_RVB.jpg\"><img data-recalc-dims=\"1\" loading=\"lazy\" decoding=\"async\" class=\"alignnone size-large wp-image-1094\" src=\"https:\/\/i0.wp.com\/www.omnivion.net\/core\/wp-content\/uploads\/2014\/08\/640px-CHRU_logo_RVB.jpg?resize=1%2C1\" alt=\"640px-CHRU_logo_RVB\" width=\"1\" height=\"1\" srcset=\"https:\/\/i0.wp.com\/omnivion.net\/core\/wp-content\/uploads\/2014\/08\/640px-CHRU_logo_RVB.jpg?w=640&amp;ssl=1 640w, https:\/\/i0.wp.com\/omnivion.net\/core\/wp-content\/uploads\/2014\/08\/640px-CHRU_logo_RVB.jpg?resize=150%2C150&amp;ssl=1 150w, https:\/\/i0.wp.com\/omnivion.net\/core\/wp-content\/uploads\/2014\/08\/640px-CHRU_logo_RVB.jpg?resize=300%2C155&amp;ssl=1 300w\" sizes=\"auto, (max-width: 1px) 100vw, 1px\" \/><\/a> <a href=\"https:\/\/i0.wp.com\/www.omnivion.net\/core\/wp-content\/uploads\/2014\/08\/logo-DRAC-Centre-23-11_imagelarge.jpg\"><img data-recalc-dims=\"1\" loading=\"lazy\" decoding=\"async\" class=\"alignnone size-medium wp-image-1093\" src=\"https:\/\/i0.wp.com\/www.omnivion.net\/core\/wp-content\/uploads\/2014\/08\/logo-DRAC-Centre-23-11_imagelarge-211x300.jpg?resize=191%2C267\" alt=\"logo-DRAC-Centre-23-11_imagelarge\" width=\"191\" height=\"267\" \/><\/a>\u00a0\u00a0 \u00a0\u00a0 <a href=\"https:\/\/i0.wp.com\/www.omnivion.net\/core\/wp-content\/uploads\/2014\/08\/ARS_centre_124_71.gif\"> <img data-recalc-dims=\"1\" loading=\"lazy\" decoding=\"async\" class=\"alignnone size-full wp-image-1095\" src=\"https:\/\/i0.wp.com\/www.omnivion.net\/core\/wp-content\/uploads\/2014\/08\/ARS_centre_124_71.gif?resize=124%2C71\" alt=\"ARS_centre_124_71\" width=\"124\" height=\"71\" \/><\/a> \u00a0 \u00a0 \u00a0 \u00a0 \u00a0 <a href=\"https:\/\/i0.wp.com\/www.omnivion.net\/core\/wp-content\/uploads\/2014\/08\/640px-CHRU_logo_RVB.jpg\"><img data-recalc-dims=\"1\" loading=\"lazy\" decoding=\"async\" class=\"alignnone size-medium wp-image-1094\" src=\"https:\/\/i0.wp.com\/www.omnivion.net\/core\/wp-content\/uploads\/2014\/08\/640px-CHRU_logo_RVB-300x155.jpg?resize=260%2C134\" alt=\"640px-CHRU_logo_RVB\" width=\"260\" height=\"134\" srcset=\"https:\/\/i0.wp.com\/omnivion.net\/core\/wp-content\/uploads\/2014\/08\/640px-CHRU_logo_RVB.jpg?resize=300%2C155&amp;ssl=1 300w, https:\/\/i0.wp.com\/omnivion.net\/core\/wp-content\/uploads\/2014\/08\/640px-CHRU_logo_RVB.jpg?w=640&amp;ssl=1 640w\" sizes=\"auto, (max-width: 260px) 100vw, 260px\" \/><\/a><\/p>\n<h2><strong>et la Fondation Transept37.<\/strong><\/h2>\n<p><\/p>","protected":false},"excerpt":{"rendered":"<p>Newtopia\u00a04.3 Troisi\u00e8me\u00a0volet de Newtopia 4 avec des membres de l&rsquo;association Omnivion, et le [&hellip;]<\/p>\n","protected":false},"author":1,"featured_media":0,"parent":1603,"menu_order":0,"comment_status":"closed","ping_status":"closed","template":"","meta":{"jetpack_post_was_ever_published":false,"footnotes":""},"class_list":["post-1860","page","type-page","status-publish","hentry"],"yoast_head":"<!-- This site is optimized with the Yoast SEO plugin v26.8 - https:\/\/yoast.com\/product\/yoast-seo-wordpress\/ -->\n<title>Newtopia 4.3 - omnivion.net<\/title>\n<meta name=\"robots\" content=\"index, follow, max-snippet:-1, max-image-preview:large, max-video-preview:-1\" \/>\n<link rel=\"canonical\" href=\"https:\/\/omnivion.net\/core\/fr\/projets\/projets-artistiques\/newtopia-4\/newtopia-4-3\/\" \/>\n<meta property=\"og:locale\" content=\"fr_FR\" \/>\n<meta property=\"og:type\" content=\"article\" \/>\n<meta property=\"og:title\" content=\"Newtopia 4.3 - omnivion.net\" \/>\n<meta property=\"og:description\" content=\"Newtopia\u00a04.3 Troisi\u00e8me\u00a0volet de Newtopia 4 avec des membres de l&rsquo;association Omnivion, et le [&hellip;]\" \/>\n<meta property=\"og:url\" content=\"https:\/\/omnivion.net\/core\/fr\/projets\/projets-artistiques\/newtopia-4\/newtopia-4-3\/\" \/>\n<meta property=\"og:site_name\" content=\"omnivion.net\" \/>\n<meta property=\"article:modified_time\" content=\"2017-02-20T20:55:08+00:00\" \/>\n<meta property=\"og:image\" content=\"http:\/\/omnivion.net\/core\/wp-content\/uploads\/2016\/10\/2017-01-12_Newtopia_4.3_Photo_Evelyne_Poimul_16_web.jpg\" \/>\n<meta name=\"twitter:card\" content=\"summary_large_image\" \/>\n<meta name=\"twitter:label1\" content=\"Dur\u00e9e de lecture estim\u00e9e\" \/>\n\t<meta name=\"twitter:data1\" content=\"1 minute\" \/>\n<script type=\"application\/ld+json\" class=\"yoast-schema-graph\">{\"@context\":\"https:\/\/schema.org\",\"@graph\":[{\"@type\":\"WebPage\",\"@id\":\"https:\/\/omnivion.net\/core\/fr\/projets\/projets-artistiques\/newtopia-4\/newtopia-4-3\/\",\"url\":\"https:\/\/omnivion.net\/core\/fr\/projets\/projets-artistiques\/newtopia-4\/newtopia-4-3\/\",\"name\":\"Newtopia 4.3 - omnivion.net\",\"isPartOf\":{\"@id\":\"https:\/\/omnivion.net\/core\/fr\/#website\"},\"primaryImageOfPage\":{\"@id\":\"https:\/\/omnivion.net\/core\/fr\/projets\/projets-artistiques\/newtopia-4\/newtopia-4-3\/#primaryimage\"},\"image\":{\"@id\":\"https:\/\/omnivion.net\/core\/fr\/projets\/projets-artistiques\/newtopia-4\/newtopia-4-3\/#primaryimage\"},\"thumbnailUrl\":\"http:\/\/omnivion.net\/core\/wp-content\/uploads\/2016\/10\/2017-01-12_Newtopia_4.3_Photo_Evelyne_Poimul_16_web.jpg\",\"datePublished\":\"2016-10-03T11:01:02+00:00\",\"dateModified\":\"2017-02-20T20:55:08+00:00\",\"breadcrumb\":{\"@id\":\"https:\/\/omnivion.net\/core\/fr\/projets\/projets-artistiques\/newtopia-4\/newtopia-4-3\/#breadcrumb\"},\"inLanguage\":\"fr-FR\",\"potentialAction\":[{\"@type\":\"ReadAction\",\"target\":[\"https:\/\/omnivion.net\/core\/fr\/projets\/projets-artistiques\/newtopia-4\/newtopia-4-3\/\"]}]},{\"@type\":\"ImageObject\",\"inLanguage\":\"fr-FR\",\"@id\":\"https:\/\/omnivion.net\/core\/fr\/projets\/projets-artistiques\/newtopia-4\/newtopia-4-3\/#primaryimage\",\"url\":\"http:\/\/omnivion.net\/core\/wp-content\/uploads\/2016\/10\/2017-01-12_Newtopia_4.3_Photo_Evelyne_Poimul_16_web.jpg\",\"contentUrl\":\"http:\/\/omnivion.net\/core\/wp-content\/uploads\/2016\/10\/2017-01-12_Newtopia_4.3_Photo_Evelyne_Poimul_16_web.jpg\"},{\"@type\":\"BreadcrumbList\",\"@id\":\"https:\/\/omnivion.net\/core\/fr\/projets\/projets-artistiques\/newtopia-4\/newtopia-4-3\/#breadcrumb\",\"itemListElement\":[{\"@type\":\"ListItem\",\"position\":1,\"name\":\"Accueil\",\"item\":\"https:\/\/omnivion.net\/core\/en\/silverstorm\/\"},{\"@type\":\"ListItem\",\"position\":2,\"name\":\"Projets\",\"item\":\"https:\/\/omnivion.net\/core\/fr\/projets\/\"},{\"@type\":\"ListItem\",\"position\":3,\"name\":\"Projets Artistiques\",\"item\":\"https:\/\/omnivion.net\/core\/projets\/projets-artistiques\/\"},{\"@type\":\"ListItem\",\"position\":4,\"name\":\"Newtopia 4\",\"item\":\"https:\/\/omnivion.net\/core\/projets\/projets-artistiques\/newtopia-4\/\"},{\"@type\":\"ListItem\",\"position\":5,\"name\":\"Newtopia 4.3\"}]},{\"@type\":\"WebSite\",\"@id\":\"https:\/\/omnivion.net\/core\/fr\/#website\",\"url\":\"https:\/\/omnivion.net\/core\/fr\/\",\"name\":\"omnivion.net\",\"description\":\"...ARTS D&#039;\u00caTRE CORPS...\",\"potentialAction\":[{\"@type\":\"SearchAction\",\"target\":{\"@type\":\"EntryPoint\",\"urlTemplate\":\"https:\/\/omnivion.net\/core\/fr\/?s={search_term_string}\"},\"query-input\":{\"@type\":\"PropertyValueSpecification\",\"valueRequired\":true,\"valueName\":\"search_term_string\"}}],\"inLanguage\":\"fr-FR\"}]}<\/script>\n<!-- \/ Yoast SEO plugin. -->","yoast_head_json":{"title":"Newtopia 4.3 - omnivion.net","robots":{"index":"index","follow":"follow","max-snippet":"max-snippet:-1","max-image-preview":"max-image-preview:large","max-video-preview":"max-video-preview:-1"},"canonical":"https:\/\/omnivion.net\/core\/fr\/projets\/projets-artistiques\/newtopia-4\/newtopia-4-3\/","og_locale":"fr_FR","og_type":"article","og_title":"Newtopia 4.3 - omnivion.net","og_description":"Newtopia\u00a04.3 Troisi\u00e8me\u00a0volet de Newtopia 4 avec des membres de l&rsquo;association Omnivion, et le [&hellip;]","og_url":"https:\/\/omnivion.net\/core\/fr\/projets\/projets-artistiques\/newtopia-4\/newtopia-4-3\/","og_site_name":"omnivion.net","article_modified_time":"2017-02-20T20:55:08+00:00","og_image":[{"url":"http:\/\/omnivion.net\/core\/wp-content\/uploads\/2016\/10\/2017-01-12_Newtopia_4.3_Photo_Evelyne_Poimul_16_web.jpg","type":"","width":"","height":""}],"twitter_card":"summary_large_image","twitter_misc":{"Dur\u00e9e de lecture estim\u00e9e":"1 minute"},"schema":{"@context":"https:\/\/schema.org","@graph":[{"@type":"WebPage","@id":"https:\/\/omnivion.net\/core\/fr\/projets\/projets-artistiques\/newtopia-4\/newtopia-4-3\/","url":"https:\/\/omnivion.net\/core\/fr\/projets\/projets-artistiques\/newtopia-4\/newtopia-4-3\/","name":"Newtopia 4.3 - omnivion.net","isPartOf":{"@id":"https:\/\/omnivion.net\/core\/fr\/#website"},"primaryImageOfPage":{"@id":"https:\/\/omnivion.net\/core\/fr\/projets\/projets-artistiques\/newtopia-4\/newtopia-4-3\/#primaryimage"},"image":{"@id":"https:\/\/omnivion.net\/core\/fr\/projets\/projets-artistiques\/newtopia-4\/newtopia-4-3\/#primaryimage"},"thumbnailUrl":"http:\/\/omnivion.net\/core\/wp-content\/uploads\/2016\/10\/2017-01-12_Newtopia_4.3_Photo_Evelyne_Poimul_16_web.jpg","datePublished":"2016-10-03T11:01:02+00:00","dateModified":"2017-02-20T20:55:08+00:00","breadcrumb":{"@id":"https:\/\/omnivion.net\/core\/fr\/projets\/projets-artistiques\/newtopia-4\/newtopia-4-3\/#breadcrumb"},"inLanguage":"fr-FR","potentialAction":[{"@type":"ReadAction","target":["https:\/\/omnivion.net\/core\/fr\/projets\/projets-artistiques\/newtopia-4\/newtopia-4-3\/"]}]},{"@type":"ImageObject","inLanguage":"fr-FR","@id":"https:\/\/omnivion.net\/core\/fr\/projets\/projets-artistiques\/newtopia-4\/newtopia-4-3\/#primaryimage","url":"http:\/\/omnivion.net\/core\/wp-content\/uploads\/2016\/10\/2017-01-12_Newtopia_4.3_Photo_Evelyne_Poimul_16_web.jpg","contentUrl":"http:\/\/omnivion.net\/core\/wp-content\/uploads\/2016\/10\/2017-01-12_Newtopia_4.3_Photo_Evelyne_Poimul_16_web.jpg"},{"@type":"BreadcrumbList","@id":"https:\/\/omnivion.net\/core\/fr\/projets\/projets-artistiques\/newtopia-4\/newtopia-4-3\/#breadcrumb","itemListElement":[{"@type":"ListItem","position":1,"name":"Accueil","item":"https:\/\/omnivion.net\/core\/en\/silverstorm\/"},{"@type":"ListItem","position":2,"name":"Projets","item":"https:\/\/omnivion.net\/core\/fr\/projets\/"},{"@type":"ListItem","position":3,"name":"Projets Artistiques","item":"https:\/\/omnivion.net\/core\/projets\/projets-artistiques\/"},{"@type":"ListItem","position":4,"name":"Newtopia 4","item":"https:\/\/omnivion.net\/core\/projets\/projets-artistiques\/newtopia-4\/"},{"@type":"ListItem","position":5,"name":"Newtopia 4.3"}]},{"@type":"WebSite","@id":"https:\/\/omnivion.net\/core\/fr\/#website","url":"https:\/\/omnivion.net\/core\/fr\/","name":"omnivion.net","description":"...ARTS D&#039;\u00caTRE CORPS...","potentialAction":[{"@type":"SearchAction","target":{"@type":"EntryPoint","urlTemplate":"https:\/\/omnivion.net\/core\/fr\/?s={search_term_string}"},"query-input":{"@type":"PropertyValueSpecification","valueRequired":true,"valueName":"search_term_string"}}],"inLanguage":"fr-FR"}]}},"jetpack_sharing_enabled":true,"jetpack_shortlink":"https:\/\/wp.me\/P2fe7Q-u0","jetpack_likes_enabled":true,"_links":{"self":[{"href":"https:\/\/omnivion.net\/core\/fr\/wp-json\/wp\/v2\/pages\/1860","targetHints":{"allow":["GET"]}}],"collection":[{"href":"https:\/\/omnivion.net\/core\/fr\/wp-json\/wp\/v2\/pages"}],"about":[{"href":"https:\/\/omnivion.net\/core\/fr\/wp-json\/wp\/v2\/types\/page"}],"author":[{"embeddable":true,"href":"https:\/\/omnivion.net\/core\/fr\/wp-json\/wp\/v2\/users\/1"}],"replies":[{"embeddable":true,"href":"https:\/\/omnivion.net\/core\/fr\/wp-json\/wp\/v2\/comments?post=1860"}],"version-history":[{"count":11,"href":"https:\/\/omnivion.net\/core\/fr\/wp-json\/wp\/v2\/pages\/1860\/revisions"}],"predecessor-version":[{"id":2046,"href":"https:\/\/omnivion.net\/core\/fr\/wp-json\/wp\/v2\/pages\/1860\/revisions\/2046"}],"up":[{"embeddable":true,"href":"https:\/\/omnivion.net\/core\/fr\/wp-json\/wp\/v2\/pages\/1603"}],"wp:attachment":[{"href":"https:\/\/omnivion.net\/core\/fr\/wp-json\/wp\/v2\/media?parent=1860"}],"curies":[{"name":"wp","href":"https:\/\/api.w.org\/{rel}","templated":true}]}}