{"id":1770,"date":"2016-08-19T18:06:39","date_gmt":"2016-08-19T17:06:39","guid":{"rendered":"http:\/\/omnivion.net\/core\/projets\/educational-projects\/laboratoire-de-creation-choregraphique_2014-2015-copy\/"},"modified":"2017-03-07T19:41:02","modified_gmt":"2017-03-07T18:41:02","slug":"atelier_danse_2016-2017","status":"publish","type":"page","link":"https:\/\/omnivion.net\/core\/fr\/projets\/educational-projects\/atelier_danse_2016-2017\/","title":{"rendered":"Atelier de danse contemporaine Omnivion 2016-2017"},"content":{"rendered":"<p><div id=\"attachment_1773\" style=\"width: 810px\" class=\"wp-caption alignnone\"><a href=\"http:\/\/omnivion.net\/core\/projets\/educational-projects\/atelier_danse_2016-2017\/22095380780_76c9a90681_o_web\/\" rel=\"attachment wp-att-1773\"><img data-recalc-dims=\"1\" loading=\"lazy\" decoding=\"async\" aria-describedby=\"caption-attachment-1773\" class=\"size-full wp-image-1773\" src=\"https:\/\/i0.wp.com\/omnivion.net\/core\/wp-content\/uploads\/2016\/08\/22095380780_76c9a90681_o_web.jpg?resize=800%2C348\" alt=\"Photo \u00a9 D.Tsiapkinis (edit)\" width=\"800\" height=\"348\" srcset=\"https:\/\/i0.wp.com\/omnivion.net\/core\/wp-content\/uploads\/2016\/08\/22095380780_76c9a90681_o_web.jpg?w=800&amp;ssl=1 800w, https:\/\/i0.wp.com\/omnivion.net\/core\/wp-content\/uploads\/2016\/08\/22095380780_76c9a90681_o_web.jpg?resize=300%2C131&amp;ssl=1 300w, https:\/\/i0.wp.com\/omnivion.net\/core\/wp-content\/uploads\/2016\/08\/22095380780_76c9a90681_o_web.jpg?resize=768%2C334&amp;ssl=1 768w\" sizes=\"auto, (max-width: 800px) 100vw, 800px\" \/><\/a><p id=\"caption-attachment-1773\" class=\"wp-caption-text\">Photo \u00a9 D.Tsiapkinis (edit)<\/p><\/div><\/p>\n<h2>Atelier de danse contemporaine Omnivion 2016-2017<\/h2>\n<h2>Etre corps \u2013 prendre corps !<\/h2>\n<p><b>Atelier hebdomadaire avec Dimitri Tsiapkinis ouvert \u00e0 toute personne ayant un minimum d&rsquo;exp\u00e9rience en danse contemporaine (Niveau mixte) :<\/b><\/p>\n<p>Une nouvelle s\u00e9rie d\u2019ateliers commence ce septembre 2016 avec une double intention :<br \/>\n\u2022 \u00c9veiller notre corpor\u00e9it\u00e9 tr\u00e8s (trop ?) oubli\u00e9e dans nos quotidiens<br \/>\n\u2022 Ranimer\/enrichir nos potentiels expressifs et cr\u00e9atifs<\/p>\n<p>Un travail technique et cr\u00e9atif avec les fondamentaux de la danse contemporaine qui s\u2019inspire de multiples sources, comme les arts martiaux Shaolin, les pratiques somatiques, le th\u00e9\u00e2tre corporel, les danses traditionnelles. Les improvisations cadencent et interrogent le travail technique. Une grande importance est donn\u00e9e \u00e0 expressivit\u00e9 sensible et la singularit\u00e9 du danseur : la pr\u00e9sence \u00e0 soi est constamment stimul\u00e9e pour devenir le c\u0153ur du travail gestuel et chor\u00e9graphique.<\/p>\n<p>Horaires : les mercredis 18H30-21H00 (24 sessions)<\/p>\n<p>Dates :<\/p>\n<p>21, 28 septembre \/<\/p>\n<p>5, 12, 19 octobre \/<\/p>\n<p>9, 16, 23 novembre\/<\/p>\n<p>7\u00a0&amp; 14 d\u00e9cembre \/<\/p>\n<p>4, 11, 25 janvier \/<\/p>\n<p>1\u00a0&amp; 8 f\u00e9vrier \/<\/p>\n<p>1 &amp; 29 Mars \/<\/p>\n<p>26 Avril \/<\/p>\n<p>03, 10, 31 Mai \/<\/p>\n<p>07, 14, 21 Juin \/<\/p>\n<p>Autres infos, photos etc.\u00a0sur <a href=\"https:\/\/www.facebook.com\/events\/528768430665684\/\">Facebook <\/a>et par email aux participants.<\/p>\n<p>Lieu des cours : Centre social La Rabi\u00e8re, Rue de la Roti\u00e9re 37300 Jou\u00e9-l\u00e8s-Tours (Il y a une station de tramway juste devant la porte!)<\/p>\n<p>Prix : 180\u20ac + 10\u20ac cotisation\u00a0\u00e0 Omnivion. (Facilit\u00e9s de paiement possibles)<\/p>\n<p>Info et inscriptions : <a href=\"https:\/\/goo.gl\/forms\/ChpwEz8UtdqeBaGB2\">google\/forms\/Atelier_Danse<\/a> ou :\u00a0<a href=\"https:\/\/www.facebook.com\/events\/528768430665684\/\" target=\"_blank\">Facebook Omnivion<\/a><\/p>\n<p><iframe loading=\"lazy\" src=\"https:\/\/maps.google.com\/maps?oe=utf-8&amp;client=firefox-a&amp;ie=UTF8&amp;q=Centre+social+La+Rabi%C3%A8re,+Rue+de+la+Roti%C3%A9re+37300+Jou%C3%A9-l%C3%A8s-Tours&amp;fb=1&amp;hq=Centre+social+La+Rabi%C3%A8re,&amp;hnear=0x47fcd6232f10961b:0x96b5e6581903f88f,Rue+de+la+Roti%C3%A9re,+37300+Jou%C3%A9-l%C3%A8s-Tours,+France&amp;cid=0,0,4778865265520604691&amp;ll=47.346521,0.662299&amp;spn=0.006295,0.006295&amp;t=h&amp;iwloc=A&amp;output=embed\" width=\"425\" height=\"350\" frameborder=\"0\" marginwidth=\"0\" marginheight=\"0\" scrolling=\"no\"><\/iframe><br \/>\n<small><a style=\"color: #0000ff; text-align: left;\" href=\"https:\/\/maps.google.com\/maps?oe=utf-8&amp;client=firefox-a&amp;ie=UTF8&amp;q=Centre+social+La+Rabi%C3%A8re,+Rue+de+la+Roti%C3%A9re+37300+Jou%C3%A9-l%C3%A8s-Tours&amp;fb=1&amp;hq=Centre+social+La+Rabi%C3%A8re,&amp;hnear=0x47fcd6232f10961b:0x96b5e6581903f88f,Rue+de+la+Roti%C3%A9re,+37300+Jou%C3%A9-l%C3%A8s-Tours,+France&amp;cid=0,0,4778865265520604691&amp;ll=47.346521,0.662299&amp;spn=0.006295,0.006295&amp;t=h&amp;iwloc=A&amp;source=embed\">Agrandir le plan<\/a><\/small><\/p>","protected":false},"excerpt":{"rendered":"<p>Atelier de danse contemporaine Omnivion 2016-2017 Etre corps \u2013 prendre corps ! Atelier [&hellip;]<\/p>\n","protected":false},"author":1,"featured_media":0,"parent":63,"menu_order":0,"comment_status":"closed","ping_status":"closed","template":"","meta":{"jetpack_post_was_ever_published":false,"footnotes":""},"class_list":["post-1770","page","type-page","status-publish","hentry"],"yoast_head":"<!-- This site is optimized with the Yoast SEO plugin v26.8 - https:\/\/yoast.com\/product\/yoast-seo-wordpress\/ -->\n<title>Atelier de danse contemporaine Omnivion 2016-2017 - omnivion.net<\/title>\n<meta name=\"robots\" content=\"index, follow, max-snippet:-1, max-image-preview:large, max-video-preview:-1\" \/>\n<link rel=\"canonical\" href=\"https:\/\/omnivion.net\/core\/fr\/projets\/educational-projects\/atelier_danse_2016-2017\/\" \/>\n<meta property=\"og:locale\" content=\"fr_FR\" \/>\n<meta property=\"og:type\" content=\"article\" \/>\n<meta property=\"og:title\" content=\"Atelier de danse contemporaine Omnivion 2016-2017 - omnivion.net\" \/>\n<meta property=\"og:description\" content=\"Atelier de danse contemporaine Omnivion 2016-2017 Etre corps \u2013 prendre corps ! Atelier [&hellip;]\" \/>\n<meta property=\"og:url\" content=\"https:\/\/omnivion.net\/core\/fr\/projets\/educational-projects\/atelier_danse_2016-2017\/\" \/>\n<meta property=\"og:site_name\" content=\"omnivion.net\" \/>\n<meta property=\"article:modified_time\" content=\"2017-03-07T18:41:02+00:00\" \/>\n<meta property=\"og:image\" content=\"http:\/\/omnivion.net\/core\/wp-content\/uploads\/2016\/08\/22095380780_76c9a90681_o_web.jpg\" \/>\n<meta name=\"twitter:card\" content=\"summary_large_image\" \/>\n<meta name=\"twitter:label1\" content=\"Dur\u00e9e de lecture estim\u00e9e\" \/>\n\t<meta name=\"twitter:data1\" content=\"2 minutes\" \/>\n<script type=\"application\/ld+json\" class=\"yoast-schema-graph\">{\"@context\":\"https:\/\/schema.org\",\"@graph\":[{\"@type\":\"WebPage\",\"@id\":\"https:\/\/omnivion.net\/core\/fr\/projets\/educational-projects\/atelier_danse_2016-2017\/\",\"url\":\"https:\/\/omnivion.net\/core\/fr\/projets\/educational-projects\/atelier_danse_2016-2017\/\",\"name\":\"Atelier de danse contemporaine Omnivion 2016-2017 - omnivion.net\",\"isPartOf\":{\"@id\":\"https:\/\/omnivion.net\/core\/fr\/#website\"},\"primaryImageOfPage\":{\"@id\":\"https:\/\/omnivion.net\/core\/fr\/projets\/educational-projects\/atelier_danse_2016-2017\/#primaryimage\"},\"image\":{\"@id\":\"https:\/\/omnivion.net\/core\/fr\/projets\/educational-projects\/atelier_danse_2016-2017\/#primaryimage\"},\"thumbnailUrl\":\"http:\/\/omnivion.net\/core\/wp-content\/uploads\/2016\/08\/22095380780_76c9a90681_o_web.jpg\",\"datePublished\":\"2016-08-19T17:06:39+00:00\",\"dateModified\":\"2017-03-07T18:41:02+00:00\",\"breadcrumb\":{\"@id\":\"https:\/\/omnivion.net\/core\/fr\/projets\/educational-projects\/atelier_danse_2016-2017\/#breadcrumb\"},\"inLanguage\":\"fr-FR\",\"potentialAction\":[{\"@type\":\"ReadAction\",\"target\":[\"https:\/\/omnivion.net\/core\/fr\/projets\/educational-projects\/atelier_danse_2016-2017\/\"]}]},{\"@type\":\"ImageObject\",\"inLanguage\":\"fr-FR\",\"@id\":\"https:\/\/omnivion.net\/core\/fr\/projets\/educational-projects\/atelier_danse_2016-2017\/#primaryimage\",\"url\":\"http:\/\/omnivion.net\/core\/wp-content\/uploads\/2016\/08\/22095380780_76c9a90681_o_web.jpg\",\"contentUrl\":\"http:\/\/omnivion.net\/core\/wp-content\/uploads\/2016\/08\/22095380780_76c9a90681_o_web.jpg\"},{\"@type\":\"BreadcrumbList\",\"@id\":\"https:\/\/omnivion.net\/core\/fr\/projets\/educational-projects\/atelier_danse_2016-2017\/#breadcrumb\",\"itemListElement\":[{\"@type\":\"ListItem\",\"position\":1,\"name\":\"Accueil\",\"item\":\"https:\/\/omnivion.net\/core\/en\/silverstorm\/\"},{\"@type\":\"ListItem\",\"position\":2,\"name\":\"Projets\",\"item\":\"https:\/\/omnivion.net\/core\/fr\/projets\/\"},{\"@type\":\"ListItem\",\"position\":3,\"name\":\"Projets Educatifs\",\"item\":\"https:\/\/omnivion.net\/core\/projets\/educational-projects\/\"},{\"@type\":\"ListItem\",\"position\":4,\"name\":\"Atelier de danse contemporaine Omnivion 2016-2017\"}]},{\"@type\":\"WebSite\",\"@id\":\"https:\/\/omnivion.net\/core\/fr\/#website\",\"url\":\"https:\/\/omnivion.net\/core\/fr\/\",\"name\":\"omnivion.net\",\"description\":\"...ARTS D&#039;\u00caTRE CORPS...\",\"potentialAction\":[{\"@type\":\"SearchAction\",\"target\":{\"@type\":\"EntryPoint\",\"urlTemplate\":\"https:\/\/omnivion.net\/core\/fr\/?s={search_term_string}\"},\"query-input\":{\"@type\":\"PropertyValueSpecification\",\"valueRequired\":true,\"valueName\":\"search_term_string\"}}],\"inLanguage\":\"fr-FR\"}]}<\/script>\n<!-- \/ Yoast SEO plugin. -->","yoast_head_json":{"title":"Atelier de danse contemporaine Omnivion 2016-2017 - omnivion.net","robots":{"index":"index","follow":"follow","max-snippet":"max-snippet:-1","max-image-preview":"max-image-preview:large","max-video-preview":"max-video-preview:-1"},"canonical":"https:\/\/omnivion.net\/core\/fr\/projets\/educational-projects\/atelier_danse_2016-2017\/","og_locale":"fr_FR","og_type":"article","og_title":"Atelier de danse contemporaine Omnivion 2016-2017 - omnivion.net","og_description":"Atelier de danse contemporaine Omnivion 2016-2017 Etre corps \u2013 prendre corps ! Atelier [&hellip;]","og_url":"https:\/\/omnivion.net\/core\/fr\/projets\/educational-projects\/atelier_danse_2016-2017\/","og_site_name":"omnivion.net","article_modified_time":"2017-03-07T18:41:02+00:00","og_image":[{"url":"http:\/\/omnivion.net\/core\/wp-content\/uploads\/2016\/08\/22095380780_76c9a90681_o_web.jpg","type":"","width":"","height":""}],"twitter_card":"summary_large_image","twitter_misc":{"Dur\u00e9e de lecture estim\u00e9e":"2 minutes"},"schema":{"@context":"https:\/\/schema.org","@graph":[{"@type":"WebPage","@id":"https:\/\/omnivion.net\/core\/fr\/projets\/educational-projects\/atelier_danse_2016-2017\/","url":"https:\/\/omnivion.net\/core\/fr\/projets\/educational-projects\/atelier_danse_2016-2017\/","name":"Atelier de danse contemporaine Omnivion 2016-2017 - omnivion.net","isPartOf":{"@id":"https:\/\/omnivion.net\/core\/fr\/#website"},"primaryImageOfPage":{"@id":"https:\/\/omnivion.net\/core\/fr\/projets\/educational-projects\/atelier_danse_2016-2017\/#primaryimage"},"image":{"@id":"https:\/\/omnivion.net\/core\/fr\/projets\/educational-projects\/atelier_danse_2016-2017\/#primaryimage"},"thumbnailUrl":"http:\/\/omnivion.net\/core\/wp-content\/uploads\/2016\/08\/22095380780_76c9a90681_o_web.jpg","datePublished":"2016-08-19T17:06:39+00:00","dateModified":"2017-03-07T18:41:02+00:00","breadcrumb":{"@id":"https:\/\/omnivion.net\/core\/fr\/projets\/educational-projects\/atelier_danse_2016-2017\/#breadcrumb"},"inLanguage":"fr-FR","potentialAction":[{"@type":"ReadAction","target":["https:\/\/omnivion.net\/core\/fr\/projets\/educational-projects\/atelier_danse_2016-2017\/"]}]},{"@type":"ImageObject","inLanguage":"fr-FR","@id":"https:\/\/omnivion.net\/core\/fr\/projets\/educational-projects\/atelier_danse_2016-2017\/#primaryimage","url":"http:\/\/omnivion.net\/core\/wp-content\/uploads\/2016\/08\/22095380780_76c9a90681_o_web.jpg","contentUrl":"http:\/\/omnivion.net\/core\/wp-content\/uploads\/2016\/08\/22095380780_76c9a90681_o_web.jpg"},{"@type":"BreadcrumbList","@id":"https:\/\/omnivion.net\/core\/fr\/projets\/educational-projects\/atelier_danse_2016-2017\/#breadcrumb","itemListElement":[{"@type":"ListItem","position":1,"name":"Accueil","item":"https:\/\/omnivion.net\/core\/en\/silverstorm\/"},{"@type":"ListItem","position":2,"name":"Projets","item":"https:\/\/omnivion.net\/core\/fr\/projets\/"},{"@type":"ListItem","position":3,"name":"Projets Educatifs","item":"https:\/\/omnivion.net\/core\/projets\/educational-projects\/"},{"@type":"ListItem","position":4,"name":"Atelier de danse contemporaine Omnivion 2016-2017"}]},{"@type":"WebSite","@id":"https:\/\/omnivion.net\/core\/fr\/#website","url":"https:\/\/omnivion.net\/core\/fr\/","name":"omnivion.net","description":"...ARTS D&#039;\u00caTRE CORPS...","potentialAction":[{"@type":"SearchAction","target":{"@type":"EntryPoint","urlTemplate":"https:\/\/omnivion.net\/core\/fr\/?s={search_term_string}"},"query-input":{"@type":"PropertyValueSpecification","valueRequired":true,"valueName":"search_term_string"}}],"inLanguage":"fr-FR"}]}},"jetpack_sharing_enabled":true,"jetpack_shortlink":"https:\/\/wp.me\/P2fe7Q-sy","jetpack_likes_enabled":true,"_links":{"self":[{"href":"https:\/\/omnivion.net\/core\/fr\/wp-json\/wp\/v2\/pages\/1770","targetHints":{"allow":["GET"]}}],"collection":[{"href":"https:\/\/omnivion.net\/core\/fr\/wp-json\/wp\/v2\/pages"}],"about":[{"href":"https:\/\/omnivion.net\/core\/fr\/wp-json\/wp\/v2\/types\/page"}],"author":[{"embeddable":true,"href":"https:\/\/omnivion.net\/core\/fr\/wp-json\/wp\/v2\/users\/1"}],"replies":[{"embeddable":true,"href":"https:\/\/omnivion.net\/core\/fr\/wp-json\/wp\/v2\/comments?post=1770"}],"version-history":[{"count":12,"href":"https:\/\/omnivion.net\/core\/fr\/wp-json\/wp\/v2\/pages\/1770\/revisions"}],"predecessor-version":[{"id":2092,"href":"https:\/\/omnivion.net\/core\/fr\/wp-json\/wp\/v2\/pages\/1770\/revisions\/2092"}],"up":[{"embeddable":true,"href":"https:\/\/omnivion.net\/core\/fr\/wp-json\/wp\/v2\/pages\/63"}],"wp:attachment":[{"href":"https:\/\/omnivion.net\/core\/fr\/wp-json\/wp\/v2\/media?parent=1770"}],"curies":[{"name":"wp","href":"https:\/\/api.w.org\/{rel}","templated":true}]}}