{"id":1727,"date":"2016-09-14T13:07:52","date_gmt":"2016-09-14T12:07:52","guid":{"rendered":"http:\/\/omnivion.net\/core\/?page_id=1727"},"modified":"2023-07-13T22:59:06","modified_gmt":"2023-07-13T21:59:06","slug":"fodo","status":"publish","type":"page","link":"https:\/\/omnivion.net\/core\/fr\/projets\/projets-artistiques\/fodo\/","title":{"rendered":"Feux Oranges d&rsquo;Ours II (2018-2023)"},"content":{"rendered":"<p><div id=\"attachment_1849\" style=\"width: 810px\" class=\"wp-caption alignnone\"><a href=\"http:\/\/omnivion.net\/core\/projets\/projets-artistiques\/fodo\/2016-09-27_fodo_ii_pleiade_selection_02b_web\/\" rel=\"attachment wp-att-1849\"><img data-recalc-dims=\"1\" loading=\"lazy\" decoding=\"async\" aria-describedby=\"caption-attachment-1849\" class=\"size-full wp-image-1849\" src=\"https:\/\/i0.wp.com\/omnivion.net\/core\/wp-content\/uploads\/2016\/09\/2016-09-27_FODO_II_Pl%C3%A9iade_S%C3%A9lection_02b_web.jpg?resize=800%2C348\" alt=\"Photo par D.Tsiapkinis\" width=\"800\" height=\"348\" srcset=\"https:\/\/i0.wp.com\/omnivion.net\/core\/wp-content\/uploads\/2016\/09\/2016-09-27_FODO_II_Pl%C3%A9iade_S%C3%A9lection_02b_web.jpg?w=800&amp;ssl=1 800w, https:\/\/i0.wp.com\/omnivion.net\/core\/wp-content\/uploads\/2016\/09\/2016-09-27_FODO_II_Pl%C3%A9iade_S%C3%A9lection_02b_web.jpg?resize=300%2C131&amp;ssl=1 300w, https:\/\/i0.wp.com\/omnivion.net\/core\/wp-content\/uploads\/2016\/09\/2016-09-27_FODO_II_Pl%C3%A9iade_S%C3%A9lection_02b_web.jpg?resize=768%2C334&amp;ssl=1 768w\" sizes=\"auto, (max-width: 800px) 100vw, 800px\" \/><\/a><p id=\"caption-attachment-1849\" class=\"wp-caption-text\">Photo par D.Tsiapkinis<\/p><\/div><\/p>\n<h2><\/h2>\n<h2>Feux Orange d\u2019Ours II<\/h2>\n<p>\u2026est une cr\u00e9ation de <a href=\"http:\/\/omnivion.net\/core\/team\/dimitrios-tsiapkinis\/\">Dimitri Tsiapkinis<\/a> produite par l\u2019association Omnivion.<br \/>\n<em>Feux Oranges d\u2019Ours II\u00a0 est dans continuit\u00e9 de ses recherches d&rsquo;une expressivit\u00e9 brute et sensible \u00e0 la fois<\/em>. La premi\u00e8re version (I) \u00e9t\u00e9 pr\u00e9sent\u00e9e sous forme courte d\u2019improvisation brute, pendant <strong><a href=\"http:\/\/omnivion.net\/core\/projets\/projets-artistiques\/newtopia-3\/newtopia-3-1\/\">Newtopia 3.1<\/a><\/strong>, \u00e0 la salle Villeret aux Fontaines (2015).<\/p>\n<p><strong>Conception \/ interpr\u00e9tation :<\/strong> Dimitri Tsiapkinis<br \/>\n<strong>\u00c9clairage\/r\u00e9gie technique :<\/strong> Marine Pourqui\u00e9<br \/>\n<strong>Dur\u00e9e <\/strong>: ~ 55 min<\/p>\n<p><strong>Dossier de presse \/ descriptif en PDF<\/strong> :\u00a0<a href=\"http:\/\/omnivion.net\/core\/wp-content\/uploads\/2016\/12\/2017_Feux_Orange_dOurs_II_Dossier_de_pr\u00e9sentation.pdf\" target=\"_blank\" rel=\"noopener\"><strong>2017_Feux_Orange_dOurs_II.PDF<\/strong><br \/>\n<\/a><strong>Photos 2018 :<\/strong>\u00a0<strong><a href=\"https:\/\/flic.kr\/s\/aHskRArTwF\">flic.kr\/FODO_II<\/a><br \/>\n<\/strong><strong>Photos 2023 : <a href=\"https:\/\/flic.kr\/s\/aHBqjAxjHb\">https:\/\/flic.kr\/s\/aHBqjAxjHb<\/a><br \/>\n<\/strong><\/p>\n<p><strong>Vid\u00e9o teaser 2018 (5 min) : <a href=\"https:\/\/vimeo.com\/259403113\">vimeo.com\/feux_oranges_d\u2019ours<\/a><\/strong><\/p>\n<p>&nbsp;<\/p>\n<p><strong>Pr\u00e9c\u00e9dentes dates:<\/strong><\/p>\n<p><strong>24 mars 2023 : <\/strong>au Nouvel Atrium, 8 boulevard Paul Doumer, Saint-Avertin (37550), France.<\/p>\n<p><strong>29 avril 2018 : <\/strong>\u00e0 l\u2019\u00c9cole d&rsquo;Arts Martiaux, Danse et Th\u00e9\u00e2tre, Milos &#8211; Cyclades (84800), Gr\u00e8ce.<\/p>\n<p><strong>19 janvier\u00a02018 :<\/strong> au <strong><a href=\"https:\/\/petitfaucheux.fr\/evenements\/sabine-molenaar-a-moment\/\" target=\"_blank\" rel=\"noopener\">Festival Ecoute-Voir<\/a>,<\/strong> Tours (37000), France.<\/p>\n<p><strong>28 septembre\u00a02018 (extrait) :<\/strong> \u00e0 la Clinique Psychiatrique Universitaire pour Adolescents, CHU de Tours, Saint-Cyr-sur-Loire (<span class=\"LrzXr kno-fv wHYlTd z8gr9e\">37540<\/span>), France.<\/p>\n<p>&nbsp;<\/p>\n<p><strong>NOTE D\u2019INTENTION<\/strong><\/p>\n<p>Une performance solo, un genre d&rsquo;<strong><em>one-man-show autobiographique<\/em><\/strong> qui se nourrit autant de la psychanalyse que des \u00e9tats de transe. Un travail d\u2019auto-analyse chor\u00e9graphique et vocal, constamment r\u00e9actualis\u00e9, re-mise en sc\u00e8ne en rapport vivant avec le public. Un jeu avec soi-m\u00eame sur les impulsions brutes, l\u2019exhibition des \u00e9tats grotesques, l\u2019autod\u00e9rision. Transcendance, d\u00e9ni, fuite, r\u00e9sistance et\/ou r\u00e9gression jubilatoire et ressourcement. Inspir\u00e9 d\u2019un po\u00e8me personnel d\u2019\u00e9criture automatique qui touche \u00e0 des sujets vari\u00e9s chers \u00e0 l\u2019auteur : la division entre danseurs et non danseurs, le s\u00e9paratisme entre corps et esprit, le masculin versus le f\u00e9minin, l\u2019\u00e9ducation, la manipulation de l\u2019opinion publique, le bonheur\u2026<\/p>\n<p>Fid\u00e8le au concept de <em>multir\u00e9f\u00e9rentialit\u00e9,<\/em>\u00a0attir\u00e9 par le courant <em>m\u00e9tamoderne<\/em> (Vermeulen; Akker) et attach\u00e9 \u00e0 l&rsquo;univers de Bernardo Montet, Dimitri Tsiapkinis traverse des esth\u00e9tiques et des pratiques diverses\u00a0: danse contemporaine, n\u00e9o-expressionisme, conf\u00e9rence-performance, chant, danse techno minimaliste, but\u00f4, fasciath\u00e9rapie\/p\u00e9dagogie perceptive, etc. Cette <em>danse parlante<\/em> semble \u00eatre une exp\u00e9rience autor\u00e9f\u00e9rentielle, mais qui cherche n\u00e9anmoins \u00e0 relier l\u2019interpr\u00e8te avec le public par l\u2019empathie kinesth\u00e9sique, le corps-sujet avec le corps social, la danse avec le discours philosophique, le singulier avec l\u2019universel. On cherche \u00e0 provoquer des situations inattendues en reliant des pulsations de l\u2019inconscient \u00e0 un discours rationnel, \u00e0 suivre une trame semi-structur\u00e9e qui se fractionne par des \u00e9tats de transe spontan\u00e9s, suivis par des tentatives d\u2019autoanalyse. Un processus complexe qui vise \u00e0 exorciser une fragmentation du monde &#8211; h\u00e9rit\u00e9e du post-modernisme et des manipulations du r\u00e9cit historique qui \u00e9puisent nos qu\u00eates de <strong><em>sens<\/em><\/strong>. Exorciser la fragmentation ne rime pas avec exorciser la multiplicit\u00e9 mais plut\u00f4t exorciser une fragmentation du monde. Ainsi, FODO II est une jubilation reli-gieuse sans dieux (religare\u00a0: relier), un rituel semi-\u00e9rudit de renouvellement, de r\u00e9actualisation du potentiel expressif de l\u2019interpr\u00e8te et de son rapport \u00e0 la communaut\u00e9 (le public).<\/p>\n<p>M\u00e9thodes de composition\u00a0: <em>devised theater, fluxus, p\u00e9dagogie perceptive<\/em> et improvisation.<\/p>\n<p>&nbsp;<\/p>\n<p><strong>LE CHOREGRAPHE :<\/strong><\/p>\n<p><strong>Dimitri Tsiapkinis<\/strong><\/p>\n<p>&#8230;est titulaire du dipl\u00f4me de danse contemporaine de l<strong>\u2019<a href=\"https:\/\/www.uncsa.edu\/\"><em>Universit\u00e9 de la Caroline du Nord \/ \u00c9cole des Arts du Spectacle<\/em><\/a> (U.S.A.)<\/strong> et du <strong><em>Centre National de la Danse de Paris (D.E.)<\/em><\/strong>. Il a dans\u00e9 \u00e0 la <strong><em>Dance Berlin<\/em><\/strong> et la <strong><em>Tolada Dance Company<\/em><\/strong> \u00e0 Berlin de 1991 \u00e0 1995 [<em>Danse neo-expressionniste\u00a0et danse-th\u00e9\u00e2tre<\/em>]. Apr\u00e8s Berlin, il rencontre <a href=\"https:\/\/fr.wikipedia.org\/wiki\/Bernardo_Montet\"><strong>Bernardo Montet<\/strong><\/a> et suit ses projets au <em><strong>Centre Chor\u00e9graphique National de Rennes \u2013 Bretagne<\/strong>,\u00a0<\/em>mais aussi au sein de la <strong><em>compagnie Mawguerite<\/em><\/strong> \u00e0 Brest. [<em>Danse m\u00e9tamoderne<\/em>].<br \/>\nDe 2003 \u00e0 2011, il est danseur et p\u00e9dagogue permanent du <strong><em>Centre Chor\u00e9graphique National de Tours<\/em><\/strong>. Il d\u00e9veloppe \u00e9galement ses propres projets, notamment avec le collectif de danse <strong><em>xsoma<\/em> <\/strong>\u00e0 Thessaloniki en Gr\u00e8ce (<a href=\"http:\/\/omnivion.net\/xsoma.net\/\" target=\"_blank\" rel=\"noopener noreferrer\">omnivion.net\/xsoma.net<\/a>) et <em><strong>Rixi Okladon<\/strong><\/em> (<a href=\"https:\/\/rixi-ok.tumblr.com\">rixi-ok.com<\/a>), ou plus r\u00e9cemment <em><strong>Omnivion<\/strong> <\/em>\u00e0 Tours (<a href=\"http:\/\/www.omnivion.net\/\">www.omnivion.net<\/a>). En 2003, il est nomm\u00e9 <strong>danseur de l\u2019ann\u00e9e en Gr\u00e8ce<\/strong> dans le magazine Tanz\/Jahrbuch \/ Allemagne.<\/p>\n<p>Il a donn\u00e9 des stages &amp; master classes de danse contemporaine en : France, Maroc, Gr\u00e8ce, Angleterre, Martinique, Allemagne, Serbie, Turquie, Chili, Br\u00e9sil, Kenya, Mali et Madagascar. Depuis 2006, il dirige un atelier de danse contemporaine en milieu psychiatrique (CHRU de Tours) lequel devient son objet de recherche universitaire. Sa recherche p\u00e9dagogique l\u2019am\u00e8ne \u00e0 un dipl\u00f4me universitaire et un <strong>Master 2 en <em>p\u00e9dagogie de la perception<\/em> (<a href=\"http:\/\/international.ufp.pt\/\">Universit\u00e9 Fernando Pessoa de Porto<\/a>)<\/strong>. Sa recherche est t\u00e9l\u00e9chargeable ici : (<a href=\"http:\/\/bdigital.ufp.pt\/handle\/10284\/4645?locale=en\" target=\"_blank\" rel=\"noopener noreferrer\">PDF <\/a><a href=\"http:\/\/bdigital.ufp.pt\/handle\/10284\/4645?locale=en\" target=\"_blank\" rel=\"noopener noreferrer\">Link<\/a>)<\/p>\n<p>Parall\u00e8lement et suite \u00e0 ses formations universitaires en <strong><a href=\"http:\/\/www.cerap.org\/\" target=\"_blank\" rel=\"noopener noreferrer\">P\u00e9dagogie Perceptive &amp; Fascia<\/a>,<\/strong> il enseigne l\u2019anatomie appliqu\u00e9e \u00e0 la danse au Conservatoire de Tours depuis 2013, et au Conservatoire de Brest entre 2016 et 2018. Il est \u00e9galement assistant du ma\u00eetre <strong>Shaolin Shi Yan Jun<\/strong> en <strong>Chen\u00a0<\/strong><strong>Tai Chi<\/strong>, avec qui il pratique depuis 2005. Il enseigne le Tai Chi \u00e0 l&rsquo;Association <strong>Touraine Inter-\u00e2ges Universit\u00e9<\/strong> et \u00e0 l&rsquo;<strong>\u00c9cole de Sage-Femmes du CHRU de Tours <\/strong>(Dipl\u00f4m\u00e9 ALS\/AGEE).<\/p>\n<p>Au sein d&rsquo;<em><strong>Omnivion<\/strong><\/em>, il dirige <strong>Newtopia<\/strong> un festival Danse et Sant\u00e9 Psychique, depuis 2013 \u00e0 Tours. Aujourd\u2019hui, en parall\u00e8le de son travail avec l\u2019association <em>Omnivion<\/em>, il collabore avec l&rsquo;anthropologue-chercheuse <strong>Isabelle Eliz\u00e9on<\/strong> (<a href=\"https:\/\/www.compagnielasko.com\/isabelle-elizeon-hubert\">Cie Lasko, Brest<\/a>) \u00e0 des projets artistiques et scientifiques hybrides.<\/p>\n<p>T\u00e9l\u00e9chargez son CV d\u00e9taill\u00e9 ici\u00a0: <a href=\"http:\/\/omnivion.net\/core\/wp-content\/uploads\/2012\/03\/2015_TSIAPKINIS_Dimitrios_CV.pdf\">FULL VERSION<\/a><\/p>\n<p>&nbsp;<\/p>\n<p><strong>PARTENAIRES<\/strong><\/p>\n<p><a href=\"http:\/\/www.marouchka-plisson.com\/\" target=\"_blank\" rel=\"noopener\">Festival \u00c9coute\/Voir &#8211; Cie Maroucka \/ Francis Plisson<\/a>, <a href=\"http:\/\/www.tours.fr\/\" target=\"_blank\" rel=\"noopener\">Ville de Tours (37000)<\/a>, <a href=\"http:\/\/lapratique.org\/fr\/home\/\" target=\"_blank\" rel=\"noopener\">La Pratique<\/a>, <a href=\"https:\/\/transept37.fr\/\" target=\"_blank\" rel=\"noopener\">Transept 37<\/a>, <a href=\"http:\/\/www.ville-lariche.fr\/spip.php?page=pleiade\" target=\"_blank\" rel=\"noopener\">La Pl\u00e9iade\/Ville de la Riche (37520)<\/a>, <a href=\"https:\/\/www.ville-saint-avertin.fr\/ACTIVITES-LOISIRS\/Culture\/Nouvel-Atrium\">Nouvel Atrium\/Ville de St Avertin<\/a>.<\/p>\n<p>&nbsp;<\/p>","protected":false},"excerpt":{"rendered":"<p>Feux Orange d\u2019Ours II \u2026est une cr\u00e9ation de Dimitri Tsiapkinis produite par l\u2019association [&hellip;]<\/p>\n","protected":false},"author":1,"featured_media":0,"parent":60,"menu_order":0,"comment_status":"closed","ping_status":"closed","template":"","meta":{"jetpack_post_was_ever_published":false,"footnotes":""},"class_list":["post-1727","page","type-page","status-publish","hentry"],"yoast_head":"<!-- This site is optimized with the Yoast SEO plugin v26.8 - https:\/\/yoast.com\/product\/yoast-seo-wordpress\/ -->\n<title>Feux Oranges d&#039;Ours II (2018-2023) - omnivion.net<\/title>\n<meta name=\"robots\" content=\"index, follow, max-snippet:-1, max-image-preview:large, max-video-preview:-1\" \/>\n<link rel=\"canonical\" href=\"https:\/\/omnivion.net\/core\/fr\/projets\/projets-artistiques\/fodo\/\" \/>\n<meta property=\"og:locale\" content=\"fr_FR\" \/>\n<meta property=\"og:type\" content=\"article\" \/>\n<meta property=\"og:title\" content=\"Feux Oranges d&#039;Ours II (2018-2023) - omnivion.net\" \/>\n<meta property=\"og:description\" content=\"Feux Orange d\u2019Ours II \u2026est une cr\u00e9ation de Dimitri Tsiapkinis produite par l\u2019association [&hellip;]\" \/>\n<meta property=\"og:url\" content=\"https:\/\/omnivion.net\/core\/fr\/projets\/projets-artistiques\/fodo\/\" \/>\n<meta property=\"og:site_name\" content=\"omnivion.net\" \/>\n<meta property=\"article:modified_time\" content=\"2023-07-13T21:59:06+00:00\" \/>\n<meta name=\"twitter:card\" content=\"summary_large_image\" \/>\n<meta name=\"twitter:label1\" content=\"Dur\u00e9e de lecture estim\u00e9e\" \/>\n\t<meta name=\"twitter:data1\" content=\"3 minutes\" \/>\n<script type=\"application\/ld+json\" class=\"yoast-schema-graph\">{\"@context\":\"https:\/\/schema.org\",\"@graph\":[{\"@type\":\"WebPage\",\"@id\":\"https:\/\/omnivion.net\/core\/fr\/projets\/projets-artistiques\/fodo\/\",\"url\":\"https:\/\/omnivion.net\/core\/fr\/projets\/projets-artistiques\/fodo\/\",\"name\":\"Feux Oranges d'Ours II (2018-2023) - omnivion.net\",\"isPartOf\":{\"@id\":\"https:\/\/omnivion.net\/core\/fr\/#website\"},\"datePublished\":\"2016-09-14T12:07:52+00:00\",\"dateModified\":\"2023-07-13T21:59:06+00:00\",\"breadcrumb\":{\"@id\":\"https:\/\/omnivion.net\/core\/fr\/projets\/projets-artistiques\/fodo\/#breadcrumb\"},\"inLanguage\":\"fr-FR\",\"potentialAction\":[{\"@type\":\"ReadAction\",\"target\":[\"https:\/\/omnivion.net\/core\/fr\/projets\/projets-artistiques\/fodo\/\"]}]},{\"@type\":\"BreadcrumbList\",\"@id\":\"https:\/\/omnivion.net\/core\/fr\/projets\/projets-artistiques\/fodo\/#breadcrumb\",\"itemListElement\":[{\"@type\":\"ListItem\",\"position\":1,\"name\":\"Accueil\",\"item\":\"https:\/\/omnivion.net\/core\/en\/silverstorm\/\"},{\"@type\":\"ListItem\",\"position\":2,\"name\":\"Projets\",\"item\":\"https:\/\/omnivion.net\/core\/fr\/projets\/\"},{\"@type\":\"ListItem\",\"position\":3,\"name\":\"Projets Artistiques\",\"item\":\"https:\/\/omnivion.net\/core\/projets\/projets-artistiques\/\"},{\"@type\":\"ListItem\",\"position\":4,\"name\":\"Feux Oranges d&rsquo;Ours II (2018-2023)\"}]},{\"@type\":\"WebSite\",\"@id\":\"https:\/\/omnivion.net\/core\/fr\/#website\",\"url\":\"https:\/\/omnivion.net\/core\/fr\/\",\"name\":\"omnivion.net\",\"description\":\"...ARTS D&#039;\u00caTRE CORPS...\",\"potentialAction\":[{\"@type\":\"SearchAction\",\"target\":{\"@type\":\"EntryPoint\",\"urlTemplate\":\"https:\/\/omnivion.net\/core\/fr\/?s={search_term_string}\"},\"query-input\":{\"@type\":\"PropertyValueSpecification\",\"valueRequired\":true,\"valueName\":\"search_term_string\"}}],\"inLanguage\":\"fr-FR\"}]}<\/script>\n<!-- \/ Yoast SEO plugin. -->","yoast_head_json":{"title":"Feux Oranges d'Ours II (2018-2023) - omnivion.net","robots":{"index":"index","follow":"follow","max-snippet":"max-snippet:-1","max-image-preview":"max-image-preview:large","max-video-preview":"max-video-preview:-1"},"canonical":"https:\/\/omnivion.net\/core\/fr\/projets\/projets-artistiques\/fodo\/","og_locale":"fr_FR","og_type":"article","og_title":"Feux Oranges d'Ours II (2018-2023) - omnivion.net","og_description":"Feux Orange d\u2019Ours II \u2026est une cr\u00e9ation de Dimitri Tsiapkinis produite par l\u2019association [&hellip;]","og_url":"https:\/\/omnivion.net\/core\/fr\/projets\/projets-artistiques\/fodo\/","og_site_name":"omnivion.net","article_modified_time":"2023-07-13T21:59:06+00:00","twitter_card":"summary_large_image","twitter_misc":{"Dur\u00e9e de lecture estim\u00e9e":"3 minutes"},"schema":{"@context":"https:\/\/schema.org","@graph":[{"@type":"WebPage","@id":"https:\/\/omnivion.net\/core\/fr\/projets\/projets-artistiques\/fodo\/","url":"https:\/\/omnivion.net\/core\/fr\/projets\/projets-artistiques\/fodo\/","name":"Feux Oranges d'Ours II (2018-2023) - omnivion.net","isPartOf":{"@id":"https:\/\/omnivion.net\/core\/fr\/#website"},"datePublished":"2016-09-14T12:07:52+00:00","dateModified":"2023-07-13T21:59:06+00:00","breadcrumb":{"@id":"https:\/\/omnivion.net\/core\/fr\/projets\/projets-artistiques\/fodo\/#breadcrumb"},"inLanguage":"fr-FR","potentialAction":[{"@type":"ReadAction","target":["https:\/\/omnivion.net\/core\/fr\/projets\/projets-artistiques\/fodo\/"]}]},{"@type":"BreadcrumbList","@id":"https:\/\/omnivion.net\/core\/fr\/projets\/projets-artistiques\/fodo\/#breadcrumb","itemListElement":[{"@type":"ListItem","position":1,"name":"Accueil","item":"https:\/\/omnivion.net\/core\/en\/silverstorm\/"},{"@type":"ListItem","position":2,"name":"Projets","item":"https:\/\/omnivion.net\/core\/fr\/projets\/"},{"@type":"ListItem","position":3,"name":"Projets Artistiques","item":"https:\/\/omnivion.net\/core\/projets\/projets-artistiques\/"},{"@type":"ListItem","position":4,"name":"Feux Oranges d&rsquo;Ours II (2018-2023)"}]},{"@type":"WebSite","@id":"https:\/\/omnivion.net\/core\/fr\/#website","url":"https:\/\/omnivion.net\/core\/fr\/","name":"omnivion.net","description":"...ARTS D&#039;\u00caTRE CORPS...","potentialAction":[{"@type":"SearchAction","target":{"@type":"EntryPoint","urlTemplate":"https:\/\/omnivion.net\/core\/fr\/?s={search_term_string}"},"query-input":{"@type":"PropertyValueSpecification","valueRequired":true,"valueName":"search_term_string"}}],"inLanguage":"fr-FR"}]}},"jetpack_sharing_enabled":true,"jetpack_shortlink":"https:\/\/wp.me\/P2fe7Q-rR","jetpack_likes_enabled":true,"_links":{"self":[{"href":"https:\/\/omnivion.net\/core\/fr\/wp-json\/wp\/v2\/pages\/1727","targetHints":{"allow":["GET"]}}],"collection":[{"href":"https:\/\/omnivion.net\/core\/fr\/wp-json\/wp\/v2\/pages"}],"about":[{"href":"https:\/\/omnivion.net\/core\/fr\/wp-json\/wp\/v2\/types\/page"}],"author":[{"embeddable":true,"href":"https:\/\/omnivion.net\/core\/fr\/wp-json\/wp\/v2\/users\/1"}],"replies":[{"embeddable":true,"href":"https:\/\/omnivion.net\/core\/fr\/wp-json\/wp\/v2\/comments?post=1727"}],"version-history":[{"count":29,"href":"https:\/\/omnivion.net\/core\/fr\/wp-json\/wp\/v2\/pages\/1727\/revisions"}],"predecessor-version":[{"id":5076,"href":"https:\/\/omnivion.net\/core\/fr\/wp-json\/wp\/v2\/pages\/1727\/revisions\/5076"}],"up":[{"embeddable":true,"href":"https:\/\/omnivion.net\/core\/fr\/wp-json\/wp\/v2\/pages\/60"}],"wp:attachment":[{"href":"https:\/\/omnivion.net\/core\/fr\/wp-json\/wp\/v2\/media?parent=1727"}],"curies":[{"name":"wp","href":"https:\/\/api.w.org\/{rel}","templated":true}]}}