{"id":1715,"date":"2016-06-08T11:53:16","date_gmt":"2016-06-08T10:53:16","guid":{"rendered":"http:\/\/omnivion.net\/core\/?page_id=1715"},"modified":"2017-04-04T22:36:41","modified_gmt":"2017-04-04T21:36:41","slug":"newtopia-4-1","status":"publish","type":"page","link":"https:\/\/omnivion.net\/core\/fr\/projets\/projets-artistiques\/newtopia-4\/newtopia-4-1\/","title":{"rendered":"Newtopia 4.1"},"content":{"rendered":"<p><div id=\"attachment_1717\" style=\"width: 810px\" class=\"wp-caption alignnone\"><a href=\"http:\/\/omnivion.net\/core\/newtopia-4-1\/p1070849b_web\/\" rel=\"attachment wp-att-1717\"><img data-recalc-dims=\"1\" loading=\"lazy\" decoding=\"async\" aria-describedby=\"caption-attachment-1717\" class=\"size-full wp-image-1717\" src=\"https:\/\/i0.wp.com\/omnivion.net\/core\/wp-content\/uploads\/2016\/06\/P1070849b_web.jpg?resize=800%2C403\" alt=\"Photo par Bernard Duret\" width=\"800\" height=\"403\" srcset=\"https:\/\/i0.wp.com\/omnivion.net\/core\/wp-content\/uploads\/2016\/06\/P1070849b_web.jpg?w=800&amp;ssl=1 800w, https:\/\/i0.wp.com\/omnivion.net\/core\/wp-content\/uploads\/2016\/06\/P1070849b_web.jpg?resize=300%2C151&amp;ssl=1 300w, https:\/\/i0.wp.com\/omnivion.net\/core\/wp-content\/uploads\/2016\/06\/P1070849b_web.jpg?resize=768%2C387&amp;ssl=1 768w\" sizes=\"auto, (max-width: 800px) 100vw, 800px\" \/><\/a><p id=\"caption-attachment-1717\" class=\"wp-caption-text\">Photo by\u00a0\u00a9 D.Tsiapkinis<\/p><\/div><\/p>\n<p>&nbsp;<\/p>\n<p><strong>4.1<\/strong> \u00e9tait le premier\u00a0volet de <strong><a href=\"http:\/\/omnivion.net\/core\/projets\/projets-artistiques\/newtopia-4\/\">Newtopia 4,<\/a> <\/strong>pr\u00e9sent\u00e9 dans le cadre de Mardi Pratiques du <a href=\"http:\/\/www.centresocialrabiere.fr\/\" target=\"_blank\">Centre Social la Rabi\u00e8re<\/a>, le 16 juin 2016 \u00e0 14H. Un partage de notre univers chor\u00e9graphique avec des adh\u00e9rents du Centre Social et des habitants du quartier de la Rabi\u00e8re \u00e0 Jou\u00e9-l\u00e8s-Tours.<\/p>\n<p><span style=\"text-decoration: underline;\">Entr\u00e9e libre<\/span>.<\/p>\n<p>&nbsp;<\/p>\n<p><span style=\"text-decoration: underline;\"><strong>Programme :<\/strong><\/span><\/p>\n<p><strong><em><br \/>\n<\/em><\/strong>1.<strong> Praxa teaser!<\/strong> par Julien Besse (<a href=\"https:\/\/vimeo.com\/170397592\" target=\"_blank\">vid\u00e9o extrait du spectacle<\/a>).<\/p>\n<p>2. <strong>Moon teaser<\/strong> avec les \u00e9tudiantes de l&rsquo;Universit\u00e9 YSJ de York \/ Angleterre (<a href=\"https:\/\/youtu.be\/nwc7yCDNMw4\" target=\"_blank\">vid\u00e9o extrait du spectacle<\/a>).<\/p>\n<p>3. <strong>Performance<\/strong> sur des mati\u00e8res de Newtopia 4 avec l&rsquo;\u00e9quipe d&rsquo;Omnivion.<\/p>\n<p>4. <strong>Echanges<\/strong> avec le public.<\/p>\n<p>5. <strong>Boum<\/strong> Afro-orientale! :-)<\/p>\n<p><strong><em>\u00a0<\/em><\/strong><\/p>","protected":false},"excerpt":{"rendered":"<p>&nbsp; 4.1 \u00e9tait le premier\u00a0volet de Newtopia 4, pr\u00e9sent\u00e9 dans le cadre de [&hellip;]<\/p>\n","protected":false},"author":1,"featured_media":0,"parent":1603,"menu_order":0,"comment_status":"closed","ping_status":"closed","template":"","meta":{"jetpack_post_was_ever_published":false,"footnotes":""},"class_list":["post-1715","page","type-page","status-publish","hentry"],"yoast_head":"<!-- This site is optimized with the Yoast SEO plugin v26.8 - https:\/\/yoast.com\/product\/yoast-seo-wordpress\/ -->\n<title>Newtopia 4.1 - omnivion.net<\/title>\n<meta name=\"robots\" content=\"index, follow, max-snippet:-1, max-image-preview:large, max-video-preview:-1\" \/>\n<link rel=\"canonical\" href=\"https:\/\/omnivion.net\/core\/fr\/projets\/projets-artistiques\/newtopia-4\/newtopia-4-1\/\" \/>\n<meta property=\"og:locale\" content=\"fr_FR\" \/>\n<meta property=\"og:type\" content=\"article\" \/>\n<meta property=\"og:title\" content=\"Newtopia 4.1 - omnivion.net\" \/>\n<meta property=\"og:description\" content=\"&nbsp; 4.1 \u00e9tait le premier\u00a0volet de Newtopia 4, pr\u00e9sent\u00e9 dans le cadre de [&hellip;]\" \/>\n<meta property=\"og:url\" content=\"https:\/\/omnivion.net\/core\/fr\/projets\/projets-artistiques\/newtopia-4\/newtopia-4-1\/\" \/>\n<meta property=\"og:site_name\" content=\"omnivion.net\" \/>\n<meta property=\"article:modified_time\" content=\"2017-04-04T21:36:41+00:00\" \/>\n<meta property=\"og:image\" content=\"http:\/\/omnivion.net\/core\/wp-content\/uploads\/2016\/06\/P1070849b_web.jpg\" \/>\n<meta name=\"twitter:card\" content=\"summary_large_image\" \/>\n<meta name=\"twitter:label1\" content=\"Dur\u00e9e de lecture estim\u00e9e\" \/>\n\t<meta name=\"twitter:data1\" content=\"1 minute\" \/>\n<script type=\"application\/ld+json\" class=\"yoast-schema-graph\">{\"@context\":\"https:\/\/schema.org\",\"@graph\":[{\"@type\":\"WebPage\",\"@id\":\"https:\/\/omnivion.net\/core\/fr\/projets\/projets-artistiques\/newtopia-4\/newtopia-4-1\/\",\"url\":\"https:\/\/omnivion.net\/core\/fr\/projets\/projets-artistiques\/newtopia-4\/newtopia-4-1\/\",\"name\":\"Newtopia 4.1 - omnivion.net\",\"isPartOf\":{\"@id\":\"https:\/\/omnivion.net\/core\/fr\/#website\"},\"primaryImageOfPage\":{\"@id\":\"https:\/\/omnivion.net\/core\/fr\/projets\/projets-artistiques\/newtopia-4\/newtopia-4-1\/#primaryimage\"},\"image\":{\"@id\":\"https:\/\/omnivion.net\/core\/fr\/projets\/projets-artistiques\/newtopia-4\/newtopia-4-1\/#primaryimage\"},\"thumbnailUrl\":\"http:\/\/omnivion.net\/core\/wp-content\/uploads\/2016\/06\/P1070849b_web.jpg\",\"datePublished\":\"2016-06-08T10:53:16+00:00\",\"dateModified\":\"2017-04-04T21:36:41+00:00\",\"breadcrumb\":{\"@id\":\"https:\/\/omnivion.net\/core\/fr\/projets\/projets-artistiques\/newtopia-4\/newtopia-4-1\/#breadcrumb\"},\"inLanguage\":\"fr-FR\",\"potentialAction\":[{\"@type\":\"ReadAction\",\"target\":[\"https:\/\/omnivion.net\/core\/fr\/projets\/projets-artistiques\/newtopia-4\/newtopia-4-1\/\"]}]},{\"@type\":\"ImageObject\",\"inLanguage\":\"fr-FR\",\"@id\":\"https:\/\/omnivion.net\/core\/fr\/projets\/projets-artistiques\/newtopia-4\/newtopia-4-1\/#primaryimage\",\"url\":\"http:\/\/omnivion.net\/core\/wp-content\/uploads\/2016\/06\/P1070849b_web.jpg\",\"contentUrl\":\"http:\/\/omnivion.net\/core\/wp-content\/uploads\/2016\/06\/P1070849b_web.jpg\"},{\"@type\":\"BreadcrumbList\",\"@id\":\"https:\/\/omnivion.net\/core\/fr\/projets\/projets-artistiques\/newtopia-4\/newtopia-4-1\/#breadcrumb\",\"itemListElement\":[{\"@type\":\"ListItem\",\"position\":1,\"name\":\"Accueil\",\"item\":\"https:\/\/omnivion.net\/core\/en\/silverstorm\/\"},{\"@type\":\"ListItem\",\"position\":2,\"name\":\"Projets\",\"item\":\"https:\/\/omnivion.net\/core\/fr\/projets\/\"},{\"@type\":\"ListItem\",\"position\":3,\"name\":\"Projets Artistiques\",\"item\":\"https:\/\/omnivion.net\/core\/projets\/projets-artistiques\/\"},{\"@type\":\"ListItem\",\"position\":4,\"name\":\"Newtopia 4\",\"item\":\"https:\/\/omnivion.net\/core\/projets\/projets-artistiques\/newtopia-4\/\"},{\"@type\":\"ListItem\",\"position\":5,\"name\":\"Newtopia 4.1\"}]},{\"@type\":\"WebSite\",\"@id\":\"https:\/\/omnivion.net\/core\/fr\/#website\",\"url\":\"https:\/\/omnivion.net\/core\/fr\/\",\"name\":\"omnivion.net\",\"description\":\"...ARTS D&#039;\u00caTRE CORPS...\",\"potentialAction\":[{\"@type\":\"SearchAction\",\"target\":{\"@type\":\"EntryPoint\",\"urlTemplate\":\"https:\/\/omnivion.net\/core\/fr\/?s={search_term_string}\"},\"query-input\":{\"@type\":\"PropertyValueSpecification\",\"valueRequired\":true,\"valueName\":\"search_term_string\"}}],\"inLanguage\":\"fr-FR\"}]}<\/script>\n<!-- \/ Yoast SEO plugin. -->","yoast_head_json":{"title":"Newtopia 4.1 - omnivion.net","robots":{"index":"index","follow":"follow","max-snippet":"max-snippet:-1","max-image-preview":"max-image-preview:large","max-video-preview":"max-video-preview:-1"},"canonical":"https:\/\/omnivion.net\/core\/fr\/projets\/projets-artistiques\/newtopia-4\/newtopia-4-1\/","og_locale":"fr_FR","og_type":"article","og_title":"Newtopia 4.1 - omnivion.net","og_description":"&nbsp; 4.1 \u00e9tait le premier\u00a0volet de Newtopia 4, pr\u00e9sent\u00e9 dans le cadre de [&hellip;]","og_url":"https:\/\/omnivion.net\/core\/fr\/projets\/projets-artistiques\/newtopia-4\/newtopia-4-1\/","og_site_name":"omnivion.net","article_modified_time":"2017-04-04T21:36:41+00:00","og_image":[{"url":"http:\/\/omnivion.net\/core\/wp-content\/uploads\/2016\/06\/P1070849b_web.jpg","type":"","width":"","height":""}],"twitter_card":"summary_large_image","twitter_misc":{"Dur\u00e9e de lecture estim\u00e9e":"1 minute"},"schema":{"@context":"https:\/\/schema.org","@graph":[{"@type":"WebPage","@id":"https:\/\/omnivion.net\/core\/fr\/projets\/projets-artistiques\/newtopia-4\/newtopia-4-1\/","url":"https:\/\/omnivion.net\/core\/fr\/projets\/projets-artistiques\/newtopia-4\/newtopia-4-1\/","name":"Newtopia 4.1 - omnivion.net","isPartOf":{"@id":"https:\/\/omnivion.net\/core\/fr\/#website"},"primaryImageOfPage":{"@id":"https:\/\/omnivion.net\/core\/fr\/projets\/projets-artistiques\/newtopia-4\/newtopia-4-1\/#primaryimage"},"image":{"@id":"https:\/\/omnivion.net\/core\/fr\/projets\/projets-artistiques\/newtopia-4\/newtopia-4-1\/#primaryimage"},"thumbnailUrl":"http:\/\/omnivion.net\/core\/wp-content\/uploads\/2016\/06\/P1070849b_web.jpg","datePublished":"2016-06-08T10:53:16+00:00","dateModified":"2017-04-04T21:36:41+00:00","breadcrumb":{"@id":"https:\/\/omnivion.net\/core\/fr\/projets\/projets-artistiques\/newtopia-4\/newtopia-4-1\/#breadcrumb"},"inLanguage":"fr-FR","potentialAction":[{"@type":"ReadAction","target":["https:\/\/omnivion.net\/core\/fr\/projets\/projets-artistiques\/newtopia-4\/newtopia-4-1\/"]}]},{"@type":"ImageObject","inLanguage":"fr-FR","@id":"https:\/\/omnivion.net\/core\/fr\/projets\/projets-artistiques\/newtopia-4\/newtopia-4-1\/#primaryimage","url":"http:\/\/omnivion.net\/core\/wp-content\/uploads\/2016\/06\/P1070849b_web.jpg","contentUrl":"http:\/\/omnivion.net\/core\/wp-content\/uploads\/2016\/06\/P1070849b_web.jpg"},{"@type":"BreadcrumbList","@id":"https:\/\/omnivion.net\/core\/fr\/projets\/projets-artistiques\/newtopia-4\/newtopia-4-1\/#breadcrumb","itemListElement":[{"@type":"ListItem","position":1,"name":"Accueil","item":"https:\/\/omnivion.net\/core\/en\/silverstorm\/"},{"@type":"ListItem","position":2,"name":"Projets","item":"https:\/\/omnivion.net\/core\/fr\/projets\/"},{"@type":"ListItem","position":3,"name":"Projets Artistiques","item":"https:\/\/omnivion.net\/core\/projets\/projets-artistiques\/"},{"@type":"ListItem","position":4,"name":"Newtopia 4","item":"https:\/\/omnivion.net\/core\/projets\/projets-artistiques\/newtopia-4\/"},{"@type":"ListItem","position":5,"name":"Newtopia 4.1"}]},{"@type":"WebSite","@id":"https:\/\/omnivion.net\/core\/fr\/#website","url":"https:\/\/omnivion.net\/core\/fr\/","name":"omnivion.net","description":"...ARTS D&#039;\u00caTRE CORPS...","potentialAction":[{"@type":"SearchAction","target":{"@type":"EntryPoint","urlTemplate":"https:\/\/omnivion.net\/core\/fr\/?s={search_term_string}"},"query-input":{"@type":"PropertyValueSpecification","valueRequired":true,"valueName":"search_term_string"}}],"inLanguage":"fr-FR"}]}},"jetpack_sharing_enabled":true,"jetpack_shortlink":"https:\/\/wp.me\/P2fe7Q-rF","jetpack_likes_enabled":true,"_links":{"self":[{"href":"https:\/\/omnivion.net\/core\/fr\/wp-json\/wp\/v2\/pages\/1715","targetHints":{"allow":["GET"]}}],"collection":[{"href":"https:\/\/omnivion.net\/core\/fr\/wp-json\/wp\/v2\/pages"}],"about":[{"href":"https:\/\/omnivion.net\/core\/fr\/wp-json\/wp\/v2\/types\/page"}],"author":[{"embeddable":true,"href":"https:\/\/omnivion.net\/core\/fr\/wp-json\/wp\/v2\/users\/1"}],"replies":[{"embeddable":true,"href":"https:\/\/omnivion.net\/core\/fr\/wp-json\/wp\/v2\/comments?post=1715"}],"version-history":[{"count":6,"href":"https:\/\/omnivion.net\/core\/fr\/wp-json\/wp\/v2\/pages\/1715\/revisions"}],"predecessor-version":[{"id":2196,"href":"https:\/\/omnivion.net\/core\/fr\/wp-json\/wp\/v2\/pages\/1715\/revisions\/2196"}],"up":[{"embeddable":true,"href":"https:\/\/omnivion.net\/core\/fr\/wp-json\/wp\/v2\/pages\/1603"}],"wp:attachment":[{"href":"https:\/\/omnivion.net\/core\/fr\/wp-json\/wp\/v2\/media?parent=1715"}],"curies":[{"name":"wp","href":"https:\/\/api.w.org\/{rel}","templated":true}]}}