{"id":1637,"date":"2016-02-24T14:11:26","date_gmt":"2016-02-24T13:11:26","guid":{"rendered":"http:\/\/omnivion.net\/core\/projets\/projets-artistiques\/03-2-2\/"},"modified":"2016-02-24T14:30:29","modified_gmt":"2016-02-24T13:30:29","slug":"binaires","status":"publish","type":"page","link":"https:\/\/omnivion.net\/core\/fr\/projets\/projets-artistiques\/newtopia_1\/binaires\/","title":{"rendered":"Binaires"},"content":{"rendered":"<p><div id=\"attachment_1638\" style=\"width: 810px\" class=\"wp-caption alignnone\"><a href=\"http:\/\/omnivion.net\/core\/projets\/projets-artistiques\/03-2-2\/bdu_6889-bdu_edit_web\/\" rel=\"attachment wp-att-1638\"><img data-recalc-dims=\"1\" loading=\"lazy\" decoding=\"async\" aria-describedby=\"caption-attachment-1638\" class=\"size-full wp-image-1638\" src=\"https:\/\/i0.wp.com\/omnivion.net\/core\/wp-content\/uploads\/2016\/02\/BDU_6889-bdu_edit_web.jpg?resize=800%2C427\" alt=\"Photo \u00a9 Bernard Duret\" width=\"800\" height=\"427\" srcset=\"https:\/\/i0.wp.com\/omnivion.net\/core\/wp-content\/uploads\/2016\/02\/BDU_6889-bdu_edit_web.jpg?w=800&amp;ssl=1 800w, https:\/\/i0.wp.com\/omnivion.net\/core\/wp-content\/uploads\/2016\/02\/BDU_6889-bdu_edit_web.jpg?resize=300%2C160&amp;ssl=1 300w, https:\/\/i0.wp.com\/omnivion.net\/core\/wp-content\/uploads\/2016\/02\/BDU_6889-bdu_edit_web.jpg?resize=768%2C410&amp;ssl=1 768w\" sizes=\"auto, (max-width: 800px) 100vw, 800px\" \/><\/a><p id=\"caption-attachment-1638\" class=\"wp-caption-text\">Photo \u00a9 Bernard Duret<\/p><\/div><\/p>\n<p>&nbsp;<\/p>\n<p style=\"text-align: left;\" align=\"center\"><strong><em>Binaires<\/em><\/strong>\u00a0:\u00a0<em>conf\u00e9rence philosophique martiale<\/em>\u00a0sur le th\u00e8me du lien entre corps et esprit. Un philosophe parle, et deux jeunes filles \u00ab\u00a0maitrisent\u00a0\u00bb l\u2018espace-temps \u00e0\u00a0 travers le geste dans\u00e9 et le Kung Fu.<\/p>\n<p style=\"text-align: left;\" align=\"center\">Direction\u00a0: Dimitri Tsiapkinis<\/p>\n<p style=\"text-align: left;\" align=\"center\">Textes par\u00a0: Vincenzo Rossi-Ercolani.<\/p>\n<p style=\"text-align: left;\" align=\"center\">Interpr\u00e8tes\u00a0: Roland Lebret, Popp\u00e9e Gicquel, Ir\u00e9ne Philippe.<\/p>\n<p style=\"text-align: left;\" align=\"center\">Conseils en philosophie\u00a0: Gilles Roghe.<\/p>\n<p style=\"text-align: left;\" align=\"center\">Suivi p\u00e9dagogique en Kung Fu : <a href=\"http:\/\/www.franceshaolin.fr\/\" target=\"_blank\"><strong>Shi Yan Jun (France Shaolin).<\/strong><\/a><\/p>\n<p style=\"text-align: left;\" align=\"center\"><strong>(<strong>Extrait vid\u00e9o :<\/strong><\/strong> <a href=\"http:\/\/youtu.be\/fogi6GJJG2U\" target=\"_blank\"><strong>d\u00e9mo Youtube<\/strong><\/a><strong>)<\/strong><\/p>\n<p style=\"text-align: left;\" align=\"center\">Binaires a \u00e9t\u00e9 pr\u00e9sent\u00e9\u00a0dans le cadre\u00a0de <strong><a href=\"http:\/\/omnivion.net\/core\/projets\/projets-artistiques\/newtopia_1\/\">Newtopia 1<\/a><\/strong>, organis\u00e9 par la compagnie\u00a0Omnivion \u00e0 la Chapelle des Capucins \/ Tours, le 8 juin 2013.<\/p>\n<p><\/p>","protected":false},"excerpt":{"rendered":"<p>&nbsp; Binaires\u00a0:\u00a0conf\u00e9rence philosophique martiale\u00a0sur le th\u00e8me du lien entre corps et esprit. Un [&hellip;]<\/p>\n","protected":false},"author":1,"featured_media":0,"parent":621,"menu_order":5,"comment_status":"closed","ping_status":"closed","template":"","meta":{"jetpack_post_was_ever_published":false,"footnotes":""},"class_list":["post-1637","page","type-page","status-publish","hentry"],"yoast_head":"<!-- This site is optimized with the Yoast SEO plugin v27.4 - https:\/\/yoast.com\/product\/yoast-seo-wordpress\/ -->\n<title>Binaires - omnivion.net<\/title>\n<meta name=\"robots\" content=\"index, follow, max-snippet:-1, max-image-preview:large, max-video-preview:-1\" \/>\n<link rel=\"canonical\" href=\"https:\/\/omnivion.net\/core\/fr\/projets\/projets-artistiques\/newtopia_1\/binaires\/\" \/>\n<meta property=\"og:locale\" content=\"fr_FR\" \/>\n<meta property=\"og:type\" content=\"article\" \/>\n<meta property=\"og:title\" content=\"Binaires - omnivion.net\" \/>\n<meta property=\"og:description\" content=\"&nbsp; Binaires\u00a0:\u00a0conf\u00e9rence philosophique martiale\u00a0sur le th\u00e8me du lien entre corps et esprit. Un [&hellip;]\" \/>\n<meta property=\"og:url\" content=\"https:\/\/omnivion.net\/core\/fr\/projets\/projets-artistiques\/newtopia_1\/binaires\/\" \/>\n<meta property=\"og:site_name\" content=\"omnivion.net\" \/>\n<meta property=\"article:modified_time\" content=\"2016-02-24T13:30:29+00:00\" \/>\n<meta property=\"og:image\" content=\"http:\/\/omnivion.net\/core\/wp-content\/uploads\/2016\/02\/BDU_6889-bdu_edit_web.jpg\" \/>\n<meta name=\"twitter:card\" content=\"summary_large_image\" \/>\n<meta name=\"twitter:label1\" content=\"Dur\u00e9e de lecture estim\u00e9e\" \/>\n\t<meta name=\"twitter:data1\" content=\"1 minute\" \/>\n<script type=\"application\/ld+json\" class=\"yoast-schema-graph\">{\"@context\":\"https:\\\/\\\/schema.org\",\"@graph\":[{\"@type\":\"WebPage\",\"@id\":\"https:\\\/\\\/omnivion.net\\\/core\\\/fr\\\/projets\\\/projets-artistiques\\\/newtopia_1\\\/binaires\\\/\",\"url\":\"https:\\\/\\\/omnivion.net\\\/core\\\/fr\\\/projets\\\/projets-artistiques\\\/newtopia_1\\\/binaires\\\/\",\"name\":\"Binaires - omnivion.net\",\"isPartOf\":{\"@id\":\"https:\\\/\\\/omnivion.net\\\/core\\\/fr\\\/#website\"},\"primaryImageOfPage\":{\"@id\":\"https:\\\/\\\/omnivion.net\\\/core\\\/fr\\\/projets\\\/projets-artistiques\\\/newtopia_1\\\/binaires\\\/#primaryimage\"},\"image\":{\"@id\":\"https:\\\/\\\/omnivion.net\\\/core\\\/fr\\\/projets\\\/projets-artistiques\\\/newtopia_1\\\/binaires\\\/#primaryimage\"},\"thumbnailUrl\":\"http:\\\/\\\/omnivion.net\\\/core\\\/wp-content\\\/uploads\\\/2016\\\/02\\\/BDU_6889-bdu_edit_web.jpg\",\"datePublished\":\"2016-02-24T13:11:26+00:00\",\"dateModified\":\"2016-02-24T13:30:29+00:00\",\"breadcrumb\":{\"@id\":\"https:\\\/\\\/omnivion.net\\\/core\\\/fr\\\/projets\\\/projets-artistiques\\\/newtopia_1\\\/binaires\\\/#breadcrumb\"},\"inLanguage\":\"fr-FR\",\"potentialAction\":[{\"@type\":\"ReadAction\",\"target\":[\"https:\\\/\\\/omnivion.net\\\/core\\\/fr\\\/projets\\\/projets-artistiques\\\/newtopia_1\\\/binaires\\\/\"]}]},{\"@type\":\"ImageObject\",\"inLanguage\":\"fr-FR\",\"@id\":\"https:\\\/\\\/omnivion.net\\\/core\\\/fr\\\/projets\\\/projets-artistiques\\\/newtopia_1\\\/binaires\\\/#primaryimage\",\"url\":\"http:\\\/\\\/omnivion.net\\\/core\\\/wp-content\\\/uploads\\\/2016\\\/02\\\/BDU_6889-bdu_edit_web.jpg\",\"contentUrl\":\"http:\\\/\\\/omnivion.net\\\/core\\\/wp-content\\\/uploads\\\/2016\\\/02\\\/BDU_6889-bdu_edit_web.jpg\"},{\"@type\":\"BreadcrumbList\",\"@id\":\"https:\\\/\\\/omnivion.net\\\/core\\\/fr\\\/projets\\\/projets-artistiques\\\/newtopia_1\\\/binaires\\\/#breadcrumb\",\"itemListElement\":[{\"@type\":\"ListItem\",\"position\":1,\"name\":\"Accueil\",\"item\":\"https:\\\/\\\/omnivion.net\\\/core\\\/en\\\/silverstorm\\\/\"},{\"@type\":\"ListItem\",\"position\":2,\"name\":\"Projets\",\"item\":\"https:\\\/\\\/omnivion.net\\\/core\\\/fr\\\/projets\\\/\"},{\"@type\":\"ListItem\",\"position\":3,\"name\":\"Projets Artistiques\",\"item\":\"https:\\\/\\\/omnivion.net\\\/core\\\/projets\\\/projets-artistiques\\\/\"},{\"@type\":\"ListItem\",\"position\":4,\"name\":\"Newtopia 1\",\"item\":\"https:\\\/\\\/omnivion.net\\\/core\\\/projets\\\/projets-artistiques\\\/newtopia_1\\\/\"},{\"@type\":\"ListItem\",\"position\":5,\"name\":\"Binaires\"}]},{\"@type\":\"WebSite\",\"@id\":\"https:\\\/\\\/omnivion.net\\\/core\\\/fr\\\/#website\",\"url\":\"https:\\\/\\\/omnivion.net\\\/core\\\/fr\\\/\",\"name\":\"omnivion.net\",\"description\":\"...ARTS D&#039;\u00caTRE CORPS...\",\"potentialAction\":[{\"@type\":\"SearchAction\",\"target\":{\"@type\":\"EntryPoint\",\"urlTemplate\":\"https:\\\/\\\/omnivion.net\\\/core\\\/fr\\\/?s={search_term_string}\"},\"query-input\":{\"@type\":\"PropertyValueSpecification\",\"valueRequired\":true,\"valueName\":\"search_term_string\"}}],\"inLanguage\":\"fr-FR\"}]}<\/script>\n<!-- \/ Yoast SEO plugin. -->","yoast_head_json":{"title":"Binaires - omnivion.net","robots":{"index":"index","follow":"follow","max-snippet":"max-snippet:-1","max-image-preview":"max-image-preview:large","max-video-preview":"max-video-preview:-1"},"canonical":"https:\/\/omnivion.net\/core\/fr\/projets\/projets-artistiques\/newtopia_1\/binaires\/","og_locale":"fr_FR","og_type":"article","og_title":"Binaires - omnivion.net","og_description":"&nbsp; Binaires\u00a0:\u00a0conf\u00e9rence philosophique martiale\u00a0sur le th\u00e8me du lien entre corps et esprit. Un [&hellip;]","og_url":"https:\/\/omnivion.net\/core\/fr\/projets\/projets-artistiques\/newtopia_1\/binaires\/","og_site_name":"omnivion.net","article_modified_time":"2016-02-24T13:30:29+00:00","og_image":[{"url":"http:\/\/omnivion.net\/core\/wp-content\/uploads\/2016\/02\/BDU_6889-bdu_edit_web.jpg","type":"","width":"","height":""}],"twitter_card":"summary_large_image","twitter_misc":{"Dur\u00e9e de lecture estim\u00e9e":"1 minute"},"schema":{"@context":"https:\/\/schema.org","@graph":[{"@type":"WebPage","@id":"https:\/\/omnivion.net\/core\/fr\/projets\/projets-artistiques\/newtopia_1\/binaires\/","url":"https:\/\/omnivion.net\/core\/fr\/projets\/projets-artistiques\/newtopia_1\/binaires\/","name":"Binaires - omnivion.net","isPartOf":{"@id":"https:\/\/omnivion.net\/core\/fr\/#website"},"primaryImageOfPage":{"@id":"https:\/\/omnivion.net\/core\/fr\/projets\/projets-artistiques\/newtopia_1\/binaires\/#primaryimage"},"image":{"@id":"https:\/\/omnivion.net\/core\/fr\/projets\/projets-artistiques\/newtopia_1\/binaires\/#primaryimage"},"thumbnailUrl":"http:\/\/omnivion.net\/core\/wp-content\/uploads\/2016\/02\/BDU_6889-bdu_edit_web.jpg","datePublished":"2016-02-24T13:11:26+00:00","dateModified":"2016-02-24T13:30:29+00:00","breadcrumb":{"@id":"https:\/\/omnivion.net\/core\/fr\/projets\/projets-artistiques\/newtopia_1\/binaires\/#breadcrumb"},"inLanguage":"fr-FR","potentialAction":[{"@type":"ReadAction","target":["https:\/\/omnivion.net\/core\/fr\/projets\/projets-artistiques\/newtopia_1\/binaires\/"]}]},{"@type":"ImageObject","inLanguage":"fr-FR","@id":"https:\/\/omnivion.net\/core\/fr\/projets\/projets-artistiques\/newtopia_1\/binaires\/#primaryimage","url":"http:\/\/omnivion.net\/core\/wp-content\/uploads\/2016\/02\/BDU_6889-bdu_edit_web.jpg","contentUrl":"http:\/\/omnivion.net\/core\/wp-content\/uploads\/2016\/02\/BDU_6889-bdu_edit_web.jpg"},{"@type":"BreadcrumbList","@id":"https:\/\/omnivion.net\/core\/fr\/projets\/projets-artistiques\/newtopia_1\/binaires\/#breadcrumb","itemListElement":[{"@type":"ListItem","position":1,"name":"Accueil","item":"https:\/\/omnivion.net\/core\/en\/silverstorm\/"},{"@type":"ListItem","position":2,"name":"Projets","item":"https:\/\/omnivion.net\/core\/fr\/projets\/"},{"@type":"ListItem","position":3,"name":"Projets Artistiques","item":"https:\/\/omnivion.net\/core\/projets\/projets-artistiques\/"},{"@type":"ListItem","position":4,"name":"Newtopia 1","item":"https:\/\/omnivion.net\/core\/projets\/projets-artistiques\/newtopia_1\/"},{"@type":"ListItem","position":5,"name":"Binaires"}]},{"@type":"WebSite","@id":"https:\/\/omnivion.net\/core\/fr\/#website","url":"https:\/\/omnivion.net\/core\/fr\/","name":"omnivion.net","description":"...ARTS D&#039;\u00caTRE CORPS...","potentialAction":[{"@type":"SearchAction","target":{"@type":"EntryPoint","urlTemplate":"https:\/\/omnivion.net\/core\/fr\/?s={search_term_string}"},"query-input":{"@type":"PropertyValueSpecification","valueRequired":true,"valueName":"search_term_string"}}],"inLanguage":"fr-FR"}]}},"jetpack_sharing_enabled":true,"jetpack_shortlink":"https:\/\/wp.me\/P2fe7Q-qp","jetpack_likes_enabled":true,"_links":{"self":[{"href":"https:\/\/omnivion.net\/core\/fr\/wp-json\/wp\/v2\/pages\/1637","targetHints":{"allow":["GET"]}}],"collection":[{"href":"https:\/\/omnivion.net\/core\/fr\/wp-json\/wp\/v2\/pages"}],"about":[{"href":"https:\/\/omnivion.net\/core\/fr\/wp-json\/wp\/v2\/types\/page"}],"author":[{"embeddable":true,"href":"https:\/\/omnivion.net\/core\/fr\/wp-json\/wp\/v2\/users\/1"}],"replies":[{"embeddable":true,"href":"https:\/\/omnivion.net\/core\/fr\/wp-json\/wp\/v2\/comments?post=1637"}],"version-history":[{"count":4,"href":"https:\/\/omnivion.net\/core\/fr\/wp-json\/wp\/v2\/pages\/1637\/revisions"}],"predecessor-version":[{"id":1642,"href":"https:\/\/omnivion.net\/core\/fr\/wp-json\/wp\/v2\/pages\/1637\/revisions\/1642"}],"up":[{"embeddable":true,"href":"https:\/\/omnivion.net\/core\/fr\/wp-json\/wp\/v2\/pages\/621"}],"wp:attachment":[{"href":"https:\/\/omnivion.net\/core\/fr\/wp-json\/wp\/v2\/media?parent=1637"}],"curies":[{"name":"wp","href":"https:\/\/api.w.org\/{rel}","templated":true}]}}