{"id":1630,"date":"2016-02-24T13:41:03","date_gmt":"2016-02-24T12:41:03","guid":{"rendered":"http:\/\/omnivion.net\/core\/projets\/projets-artistiques\/03-2-2\/"},"modified":"2016-02-24T14:08:41","modified_gmt":"2016-02-24T13:08:41","slug":"04-2","status":"publish","type":"page","link":"https:\/\/omnivion.net\/core\/fr\/projets\/projets-artistiques\/newtopia_1\/04-2\/","title":{"rendered":"Z\u00e9ro-virgule-quatre"},"content":{"rendered":"<p>&nbsp;<\/p>\n<div id=\"attachment_1632\" style=\"width: 810px\" class=\"wp-caption alignnone\"><a href=\"http:\/\/omnivion.net\/core\/projets\/projets-artistiques\/03-2-2\/performance-zero-virgule-quatre-par-lassociation-omnivion\/\" rel=\"attachment wp-att-1632\"><img data-recalc-dims=\"1\" loading=\"lazy\" decoding=\"async\" aria-describedby=\"caption-attachment-1632\" class=\"size-full wp-image-1632\" src=\"https:\/\/i0.wp.com\/omnivion.net\/core\/wp-content\/uploads\/2016\/02\/2014-06-21_Perfomance_04_Lanmeur_photos_par_J.Ledoux_34c_web.jpg?resize=800%2C292\" alt=\"Photo \u00a9 J.Ledoux\" width=\"800\" height=\"292\" srcset=\"https:\/\/i0.wp.com\/omnivion.net\/core\/wp-content\/uploads\/2016\/02\/2014-06-21_Perfomance_04_Lanmeur_photos_par_J.Ledoux_34c_web.jpg?w=800&amp;ssl=1 800w, https:\/\/i0.wp.com\/omnivion.net\/core\/wp-content\/uploads\/2016\/02\/2014-06-21_Perfomance_04_Lanmeur_photos_par_J.Ledoux_34c_web.jpg?resize=300%2C110&amp;ssl=1 300w, https:\/\/i0.wp.com\/omnivion.net\/core\/wp-content\/uploads\/2016\/02\/2014-06-21_Perfomance_04_Lanmeur_photos_par_J.Ledoux_34c_web.jpg?resize=768%2C280&amp;ssl=1 768w\" sizes=\"auto, (max-width: 800px) 100vw, 800px\" \/><\/a><p id=\"caption-attachment-1632\" class=\"wp-caption-text\">Photo \u00a9 J.Ledoux<\/p><\/div>\n<p>&nbsp;<\/p>\n<p>Performance de danse contemporaine, r\u00e9sultat du partenariat entre l\u2019association Omnivion et le CHRU de Tours, service psychiatrique. C\u2019est une collaboration entre personnes hospitalis\u00e9es, danseurs, et \u00e9quipe soignante.<\/p>\n<p><em>Si l&rsquo;on n&rsquo;arrive pas \u00e0 accomplir un r\u00eave, une danse, une id\u00e9e, accomplissons au moins une petite partie de ceux-l\u00e0\u00a0; et accomplissons l\u00e0 avec toute notre attention, tout notre engagement, toute notre folie&#8230;<\/em><\/p>\n<p><strong><em>Z\u00e9ro-virgule-quatre<\/em><\/strong> \u00a0est la 4\u00e8me proposition d&rsquo;une s\u00e9rie des performances qui ont commenc\u00e9 avec <em>Z\u00e9ro-virgule-un<\/em> \u00a0(Gr\u00e8ce, 2002). La ligne directrice est d&rsquo;une part la cohabitation organique des expressivit\u00e9s personnelles, dans une communaut\u00e9, et d&rsquo;autre part l&rsquo;id\u00e9e de l&rsquo;engagement comme source de vitalit\u00e9 sociale. Les sp\u00e9cificit\u00e9s de cette \u00e9dition sont <em>l&rsquo;absurde<\/em> comme promoteur de l&rsquo;expressivit\u00e9, et\u00a0 l&rsquo;\u00e9tude de la solidarit\u00e9 dans l\u2019acte artistique comme vecteur d\u2019empathie en milieu psychiatrique.<\/p>\n<p>Les performeurs, traversent des s\u00e9quences partiellement compos\u00e9es par eux-m\u00eames, et partiellement improvis\u00e9s. Ils s&rsquo;appuient sur des textes, du chant et des danses.<\/p>\n<p><strong><br \/>\nMise en sc\u00e8ne \/ chor\u00e9graphie\u00a0:<\/strong> Dimitri Tsiapkinis<\/p>\n<p><strong>Interpr\u00e8tes<\/strong>\u00a0: Nathalie Cherel, \u00c9milie Coud\u00e8re, Carl Loiseau, Bruno Morin, Rosa de Matos, Magali Dijoux<\/p>\n<p><strong>Textes<\/strong>\u00a0:\u00a0 Bruno Morin, Daniil Kharms<\/p>\n<p><strong>Chant<\/strong>\u00a0: Magali Dijoux<\/p>\n<p>&nbsp;<\/p>\n<p style=\"text-align: left;\" align=\"center\"><strong><em>Z\u00e9ro-virgule-quatre<\/em><\/strong> a \u00e9t\u00e9\u00a0pr\u00e9sent\u00e9 dans le cadre de <strong><a href=\"http:\/\/omnivion.net\/core\/projets\/projets-artistiques\/newtopia_1\/\">Newtopia 1<\/a><\/strong>, organis\u00e9 par la compagnie\u00a0Omnivion \u00e0 la Chapelle des Capucins \/ Tours, le 8 juin 2013, mais aussi \u00e0 l&rsquo;H\u00f4pital de Lanmeur le 21 juin 2014 pendant la f\u00eate de la musique.<\/p>\n<p style=\"text-align: left;\" align=\"center\">\n<p><\/p>","protected":false},"excerpt":{"rendered":"<p>&nbsp; &nbsp; Performance de danse contemporaine, r\u00e9sultat du partenariat entre l\u2019association Omnivion et [&hellip;]<\/p>\n","protected":false},"author":1,"featured_media":0,"parent":621,"menu_order":5,"comment_status":"closed","ping_status":"closed","template":"","meta":{"jetpack_post_was_ever_published":false,"footnotes":""},"class_list":["post-1630","page","type-page","status-publish","hentry"],"yoast_head":"<!-- This site is optimized with the Yoast SEO plugin v26.8 - https:\/\/yoast.com\/product\/yoast-seo-wordpress\/ -->\n<title>Z\u00e9ro-virgule-quatre - omnivion.net<\/title>\n<meta name=\"robots\" content=\"index, follow, max-snippet:-1, max-image-preview:large, max-video-preview:-1\" \/>\n<link rel=\"canonical\" href=\"https:\/\/omnivion.net\/core\/fr\/projets\/projets-artistiques\/newtopia_1\/04-2\/\" \/>\n<meta property=\"og:locale\" content=\"fr_FR\" \/>\n<meta property=\"og:type\" content=\"article\" \/>\n<meta property=\"og:title\" content=\"Z\u00e9ro-virgule-quatre - omnivion.net\" \/>\n<meta property=\"og:description\" content=\"&nbsp; &nbsp; Performance de danse contemporaine, r\u00e9sultat du partenariat entre l\u2019association Omnivion et [&hellip;]\" \/>\n<meta property=\"og:url\" content=\"https:\/\/omnivion.net\/core\/fr\/projets\/projets-artistiques\/newtopia_1\/04-2\/\" \/>\n<meta property=\"og:site_name\" content=\"omnivion.net\" \/>\n<meta property=\"article:modified_time\" content=\"2016-02-24T13:08:41+00:00\" \/>\n<meta property=\"og:image\" content=\"http:\/\/omnivion.net\/core\/wp-content\/uploads\/2016\/02\/2014-06-21_Perfomance_04_Lanmeur_photos_par_J.Ledoux_34c_web.jpg\" \/>\n<meta name=\"twitter:card\" content=\"summary_large_image\" \/>\n<meta name=\"twitter:label1\" content=\"Dur\u00e9e de lecture estim\u00e9e\" \/>\n\t<meta name=\"twitter:data1\" content=\"2 minutes\" \/>\n<script type=\"application\/ld+json\" class=\"yoast-schema-graph\">{\"@context\":\"https:\/\/schema.org\",\"@graph\":[{\"@type\":\"WebPage\",\"@id\":\"https:\/\/omnivion.net\/core\/fr\/projets\/projets-artistiques\/newtopia_1\/04-2\/\",\"url\":\"https:\/\/omnivion.net\/core\/fr\/projets\/projets-artistiques\/newtopia_1\/04-2\/\",\"name\":\"Z\u00e9ro-virgule-quatre - omnivion.net\",\"isPartOf\":{\"@id\":\"https:\/\/omnivion.net\/core\/fr\/#website\"},\"primaryImageOfPage\":{\"@id\":\"https:\/\/omnivion.net\/core\/fr\/projets\/projets-artistiques\/newtopia_1\/04-2\/#primaryimage\"},\"image\":{\"@id\":\"https:\/\/omnivion.net\/core\/fr\/projets\/projets-artistiques\/newtopia_1\/04-2\/#primaryimage\"},\"thumbnailUrl\":\"http:\/\/omnivion.net\/core\/wp-content\/uploads\/2016\/02\/2014-06-21_Perfomance_04_Lanmeur_photos_par_J.Ledoux_34c_web.jpg\",\"datePublished\":\"2016-02-24T12:41:03+00:00\",\"dateModified\":\"2016-02-24T13:08:41+00:00\",\"breadcrumb\":{\"@id\":\"https:\/\/omnivion.net\/core\/fr\/projets\/projets-artistiques\/newtopia_1\/04-2\/#breadcrumb\"},\"inLanguage\":\"fr-FR\",\"potentialAction\":[{\"@type\":\"ReadAction\",\"target\":[\"https:\/\/omnivion.net\/core\/fr\/projets\/projets-artistiques\/newtopia_1\/04-2\/\"]}]},{\"@type\":\"ImageObject\",\"inLanguage\":\"fr-FR\",\"@id\":\"https:\/\/omnivion.net\/core\/fr\/projets\/projets-artistiques\/newtopia_1\/04-2\/#primaryimage\",\"url\":\"http:\/\/omnivion.net\/core\/wp-content\/uploads\/2016\/02\/2014-06-21_Perfomance_04_Lanmeur_photos_par_J.Ledoux_34c_web.jpg\",\"contentUrl\":\"http:\/\/omnivion.net\/core\/wp-content\/uploads\/2016\/02\/2014-06-21_Perfomance_04_Lanmeur_photos_par_J.Ledoux_34c_web.jpg\"},{\"@type\":\"BreadcrumbList\",\"@id\":\"https:\/\/omnivion.net\/core\/fr\/projets\/projets-artistiques\/newtopia_1\/04-2\/#breadcrumb\",\"itemListElement\":[{\"@type\":\"ListItem\",\"position\":1,\"name\":\"Accueil\",\"item\":\"https:\/\/omnivion.net\/core\/en\/silverstorm\/\"},{\"@type\":\"ListItem\",\"position\":2,\"name\":\"Projets\",\"item\":\"https:\/\/omnivion.net\/core\/fr\/projets\/\"},{\"@type\":\"ListItem\",\"position\":3,\"name\":\"Projets Artistiques\",\"item\":\"https:\/\/omnivion.net\/core\/projets\/projets-artistiques\/\"},{\"@type\":\"ListItem\",\"position\":4,\"name\":\"Newtopia 1\",\"item\":\"https:\/\/omnivion.net\/core\/projets\/projets-artistiques\/newtopia_1\/\"},{\"@type\":\"ListItem\",\"position\":5,\"name\":\"Z\u00e9ro-virgule-quatre\"}]},{\"@type\":\"WebSite\",\"@id\":\"https:\/\/omnivion.net\/core\/fr\/#website\",\"url\":\"https:\/\/omnivion.net\/core\/fr\/\",\"name\":\"omnivion.net\",\"description\":\"...ARTS D&#039;\u00caTRE CORPS...\",\"potentialAction\":[{\"@type\":\"SearchAction\",\"target\":{\"@type\":\"EntryPoint\",\"urlTemplate\":\"https:\/\/omnivion.net\/core\/fr\/?s={search_term_string}\"},\"query-input\":{\"@type\":\"PropertyValueSpecification\",\"valueRequired\":true,\"valueName\":\"search_term_string\"}}],\"inLanguage\":\"fr-FR\"}]}<\/script>\n<!-- \/ Yoast SEO plugin. -->","yoast_head_json":{"title":"Z\u00e9ro-virgule-quatre - omnivion.net","robots":{"index":"index","follow":"follow","max-snippet":"max-snippet:-1","max-image-preview":"max-image-preview:large","max-video-preview":"max-video-preview:-1"},"canonical":"https:\/\/omnivion.net\/core\/fr\/projets\/projets-artistiques\/newtopia_1\/04-2\/","og_locale":"fr_FR","og_type":"article","og_title":"Z\u00e9ro-virgule-quatre - omnivion.net","og_description":"&nbsp; &nbsp; Performance de danse contemporaine, r\u00e9sultat du partenariat entre l\u2019association Omnivion et [&hellip;]","og_url":"https:\/\/omnivion.net\/core\/fr\/projets\/projets-artistiques\/newtopia_1\/04-2\/","og_site_name":"omnivion.net","article_modified_time":"2016-02-24T13:08:41+00:00","og_image":[{"url":"http:\/\/omnivion.net\/core\/wp-content\/uploads\/2016\/02\/2014-06-21_Perfomance_04_Lanmeur_photos_par_J.Ledoux_34c_web.jpg","type":"","width":"","height":""}],"twitter_card":"summary_large_image","twitter_misc":{"Dur\u00e9e de lecture estim\u00e9e":"2 minutes"},"schema":{"@context":"https:\/\/schema.org","@graph":[{"@type":"WebPage","@id":"https:\/\/omnivion.net\/core\/fr\/projets\/projets-artistiques\/newtopia_1\/04-2\/","url":"https:\/\/omnivion.net\/core\/fr\/projets\/projets-artistiques\/newtopia_1\/04-2\/","name":"Z\u00e9ro-virgule-quatre - omnivion.net","isPartOf":{"@id":"https:\/\/omnivion.net\/core\/fr\/#website"},"primaryImageOfPage":{"@id":"https:\/\/omnivion.net\/core\/fr\/projets\/projets-artistiques\/newtopia_1\/04-2\/#primaryimage"},"image":{"@id":"https:\/\/omnivion.net\/core\/fr\/projets\/projets-artistiques\/newtopia_1\/04-2\/#primaryimage"},"thumbnailUrl":"http:\/\/omnivion.net\/core\/wp-content\/uploads\/2016\/02\/2014-06-21_Perfomance_04_Lanmeur_photos_par_J.Ledoux_34c_web.jpg","datePublished":"2016-02-24T12:41:03+00:00","dateModified":"2016-02-24T13:08:41+00:00","breadcrumb":{"@id":"https:\/\/omnivion.net\/core\/fr\/projets\/projets-artistiques\/newtopia_1\/04-2\/#breadcrumb"},"inLanguage":"fr-FR","potentialAction":[{"@type":"ReadAction","target":["https:\/\/omnivion.net\/core\/fr\/projets\/projets-artistiques\/newtopia_1\/04-2\/"]}]},{"@type":"ImageObject","inLanguage":"fr-FR","@id":"https:\/\/omnivion.net\/core\/fr\/projets\/projets-artistiques\/newtopia_1\/04-2\/#primaryimage","url":"http:\/\/omnivion.net\/core\/wp-content\/uploads\/2016\/02\/2014-06-21_Perfomance_04_Lanmeur_photos_par_J.Ledoux_34c_web.jpg","contentUrl":"http:\/\/omnivion.net\/core\/wp-content\/uploads\/2016\/02\/2014-06-21_Perfomance_04_Lanmeur_photos_par_J.Ledoux_34c_web.jpg"},{"@type":"BreadcrumbList","@id":"https:\/\/omnivion.net\/core\/fr\/projets\/projets-artistiques\/newtopia_1\/04-2\/#breadcrumb","itemListElement":[{"@type":"ListItem","position":1,"name":"Accueil","item":"https:\/\/omnivion.net\/core\/en\/silverstorm\/"},{"@type":"ListItem","position":2,"name":"Projets","item":"https:\/\/omnivion.net\/core\/fr\/projets\/"},{"@type":"ListItem","position":3,"name":"Projets Artistiques","item":"https:\/\/omnivion.net\/core\/projets\/projets-artistiques\/"},{"@type":"ListItem","position":4,"name":"Newtopia 1","item":"https:\/\/omnivion.net\/core\/projets\/projets-artistiques\/newtopia_1\/"},{"@type":"ListItem","position":5,"name":"Z\u00e9ro-virgule-quatre"}]},{"@type":"WebSite","@id":"https:\/\/omnivion.net\/core\/fr\/#website","url":"https:\/\/omnivion.net\/core\/fr\/","name":"omnivion.net","description":"...ARTS D&#039;\u00caTRE CORPS...","potentialAction":[{"@type":"SearchAction","target":{"@type":"EntryPoint","urlTemplate":"https:\/\/omnivion.net\/core\/fr\/?s={search_term_string}"},"query-input":{"@type":"PropertyValueSpecification","valueRequired":true,"valueName":"search_term_string"}}],"inLanguage":"fr-FR"}]}},"jetpack_sharing_enabled":true,"jetpack_shortlink":"https:\/\/wp.me\/P2fe7Q-qi","jetpack_likes_enabled":true,"_links":{"self":[{"href":"https:\/\/omnivion.net\/core\/fr\/wp-json\/wp\/v2\/pages\/1630","targetHints":{"allow":["GET"]}}],"collection":[{"href":"https:\/\/omnivion.net\/core\/fr\/wp-json\/wp\/v2\/pages"}],"about":[{"href":"https:\/\/omnivion.net\/core\/fr\/wp-json\/wp\/v2\/types\/page"}],"author":[{"embeddable":true,"href":"https:\/\/omnivion.net\/core\/fr\/wp-json\/wp\/v2\/users\/1"}],"replies":[{"embeddable":true,"href":"https:\/\/omnivion.net\/core\/fr\/wp-json\/wp\/v2\/comments?post=1630"}],"version-history":[{"count":4,"href":"https:\/\/omnivion.net\/core\/fr\/wp-json\/wp\/v2\/pages\/1630\/revisions"}],"predecessor-version":[{"id":1636,"href":"https:\/\/omnivion.net\/core\/fr\/wp-json\/wp\/v2\/pages\/1630\/revisions\/1636"}],"up":[{"embeddable":true,"href":"https:\/\/omnivion.net\/core\/fr\/wp-json\/wp\/v2\/pages\/621"}],"wp:attachment":[{"href":"https:\/\/omnivion.net\/core\/fr\/wp-json\/wp\/v2\/media?parent=1630"}],"curies":[{"name":"wp","href":"https:\/\/api.w.org\/{rel}","templated":true}]}}