{"id":1607,"date":"2016-02-08T20:55:01","date_gmt":"2016-02-08T19:55:01","guid":{"rendered":"http:\/\/omnivion.net\/core\/?page_id=1607"},"modified":"2023-01-18T19:41:21","modified_gmt":"2023-01-18T18:41:21","slug":"newtopia-4-4","status":"publish","type":"page","link":"https:\/\/omnivion.net\/core\/fr\/projets\/projets-artistiques\/newtopia-4\/newtopia-4-4\/","title":{"rendered":"Newtopia 4.4"},"content":{"rendered":"<div id=\"attachment_2084\" style=\"width: 810px\" class=\"wp-caption alignnone\"><a href=\"http:\/\/omnivion.net\/core\/projets\/projets-artistiques\/newtopia-4\/newtopia-4-4\/2017-03-05_forme_de-sinforme_repet_02_web\/\" rel=\"attachment wp-att-2084\"><img data-recalc-dims=\"1\" loading=\"lazy\" decoding=\"async\" aria-describedby=\"caption-attachment-2084\" class=\"size-full wp-image-2084\" src=\"https:\/\/i0.wp.com\/omnivion.net\/core\/wp-content\/uploads\/2016\/02\/2017-03-05_Forme_D%C3%A9-sinforme_r%C3%A9p%C3%A9t_02_web.jpg?resize=800%2C398\" alt=\"\" width=\"800\" height=\"398\" srcset=\"https:\/\/i0.wp.com\/omnivion.net\/core\/wp-content\/uploads\/2016\/02\/2017-03-05_Forme_D%C3%A9-sinforme_r%C3%A9p%C3%A9t_02_web.jpg?w=800&amp;ssl=1 800w, https:\/\/i0.wp.com\/omnivion.net\/core\/wp-content\/uploads\/2016\/02\/2017-03-05_Forme_D%C3%A9-sinforme_r%C3%A9p%C3%A9t_02_web.jpg?resize=300%2C149&amp;ssl=1 300w, https:\/\/i0.wp.com\/omnivion.net\/core\/wp-content\/uploads\/2016\/02\/2017-03-05_Forme_D%C3%A9-sinforme_r%C3%A9p%C3%A9t_02_web.jpg?resize=768%2C382&amp;ssl=1 768w\" sizes=\"auto, (max-width: 800px) 100vw, 800px\" \/><\/a><p id=\"caption-attachment-2084\" class=\"wp-caption-text\">Photo par D.Tsiapkinis<\/p><\/div>\n<h3>4.4 est le dernier volet Newtopia de la\u00a0saison 2016-2017.\u00a0Il est programm\u00e9 pour le 17 mai 2017, \u00e0 20H, \u00e0 la Pl\u00e9iade, La Riche (37520).<\/h3>\n<p>&lt;&lt;&lt;&lt;&lt;&lt;&lt;&lt;&lt;&lt;&lt;&lt;&lt;&lt;&lt;&lt;&lt;&lt;&lt;&lt;&lt;&lt;&lt;&lt;&lt;&lt;&lt;&lt;&lt;&lt;&lt;&lt;&lt;&lt;&lt;&lt;&lt;&lt;&lt;&lt;&lt;&lt;&lt;&lt;&lt;&lt;&lt;&lt;&lt;&lt;&lt;&lt;&lt;&lt;&lt;&lt;&lt;&lt;&lt;&lt;<br \/>\nLe projet<strong> Newtopia<\/strong> est le fruit d\u2019une collaboration durable d&rsquo;Omnivion avec ses partenaires, un genre de mini festival Danse et Sant\u00e9 Mentale. Il est port\u00e9 principalement par le service psychiatrique du CHRU de Tours (DRAC Centre &#8211; Culture et Sant\u00e9 et ARS).\u00a0 Interroger et explorer la \u00ab\u00a0folie\u00a0\u00bb, la transe et la r\u00e9silience \u00e0 travers l&rsquo;acte po\u00e9tique. R\u00e9unissant amateurs et professionnels dans une dynamique de recherche, ce projet a pour objectif la (re-)d\u00e9couverte constante d\u2019une danse sensible, authentique et solidaire. La p\u00e9dagogie et les pr\u00e9occupations artistiques qui l\u2019animent mettent l\u2019authenticit\u00e9 et l\u2019intelligence \u00e9motionnelle au centre des interactions. Plus pr\u00e9cis\u00e9ment, pour le danseur, un mouvement affranchi de la virtuosit\u00e9 et d\u2019un rapport comptable au corps (soi) et aux autres (autrui); pour le spectateur, un \u00e9v\u00e9nement affranchi du sceau du spectacle, une performance sans tour de force, une valorisation des \u00e9changes sensibles et parfois mise en distance par l&rsquo;humour.<\/p>\n<p>&nbsp;<\/p>\n<p><strong>Au programme :<\/strong><\/p>\n<h2>Forme-D\u00e9(sin)forme (2017)<\/h2>\n<p><strong><em>Conception \/ direction<\/em><\/strong><em> : <a href=\"https:\/\/omnivion.net\/core\/fr\/team\/dimitrios-tsiapkinis\/\">Dimitri TSIAPKINIS<\/a><br \/>\n<strong>Assistante \u00e0 la chor\u00e9graphie\u00a0:<\/strong> <a href=\"http:\/\/omnivion.net\/core\/team\/ahlam-ettamri\/\">Ahlam\u00a0ETTAMRI<\/a><\/em><\/p>\n<p><strong><em>Co-auteurs &#8211; Interpr\u00e8tes<\/em><\/strong><em>\u00a0: <a href=\"https:\/\/omnivion.net\/core\/fr\/team\/emilie_coudere\/\">Emilie COUDERE<\/a>, Bruno MORIN, Rosa PIRES DE MATOS, <a href=\"https:\/\/omnivion.net\/core\/fr\/team\/keely-sigot\/\">Keely SIGOT<\/a>, <a href=\"https:\/\/omnivion.net\/core\/fr\/team\/dimitrios-tsiapkinis\/\">Dimitri TSIAPKINIS<\/a><br \/>\n<strong>Eclairage\/r\u00e9gie technique :<\/strong> Marine POURQUI\u00c9<\/em><\/p>\n<p><strong><em>Dur\u00e9e\u00a0<\/em><\/strong><em>: ~ 40 min<\/em><\/p>\n<p><strong><b>Teaser :<\/b><a href=\"https:\/\/vimeo.com\/787170824\"> vimeo.com\/787170824<\/a><\/strong><\/p>\n<p><strong><br \/>\nContenu :<\/strong><\/p>\n<p><em>Sans ordre rien ne peut exister. Sans chaos rien ne peut \u00e9voluer. \/ <\/em>Auteur inconnu.<\/p>\n<p>\u00ab Forme-d\u00e9(sin)forme \u00bb est une performance dans\u00e9e, n\u00e9e de la collaboration entre danseurs professionnels et amateurs, en collaboration avec le CHRU de Tours (service psychiatrie). Il s\u2019agit de traverser de th\u00e8mes d\u2019improvisation li\u00e9s \u00e0 la relation \u00e0 l\u2019autre, et au rapport entre groupe et individu, dans un croisement d\u2019expressivit\u00e9s au sein d\u2019un groupe h\u00e9t\u00e9rog\u00e8ne.<br \/>\n\u00ab \u2026un jeu de tensions, d\u2019explorations chor\u00e9graphiques inspir\u00e9e des \u00e9lans cr\u00e9atrices des participants et qui interrogent le vivre \u2013 ensemble en communaut\u00e9. \u00bb<\/p>\n<p>Le cadre, la forme, la norme\u00a0: approchons-nous une \u00e9poque o\u00f9 le chaos serrait in\u00e9vitable\u00a0? Une d\u00e9sint\u00e9gration des anciennes formes qui donne la place \u00e0 des nouveaux paradigmes\u00a0?<\/p>\n<p><strong>Plus d&rsquo;info &amp; d\u00e9tails : <a href=\"http:\/\/omnivion.net\/core\/projets\/projets-artistiques\/newtopia-4\/desinforme\/\">D\u00e9sinforme<\/a>!<\/strong><\/p>\n<p>&lt;&lt;&lt;&lt;&lt;&lt;&lt;&lt;&lt;&lt;&lt;&lt;&lt;&lt;&lt;&lt;&lt;&lt;&lt;&lt;&lt;&lt;&lt;&lt;&lt;&lt;&lt;&lt;&lt;&lt;&lt;&lt;&lt;&lt;&lt;&lt;&lt;&lt;&lt;&lt;&lt;&lt;&lt;&lt;&lt;&lt;&lt;&lt;&lt;&lt;&lt;&lt;&lt;&lt;&lt;&lt;&lt;&lt;&lt;&lt;<\/p>\n<h2><\/h2>\n<h2>Moon Eaters\u00a0II<\/h2>\n<p><strong><em>Conception \/ direction :<\/em><\/strong><em> <a href=\"https:\/\/omnivion.net\/core\/fr\/team\/dimitrios-tsiapkinis\/\">Dimitri TSIAPKINIS<\/a><\/em><\/p>\n<p><em><strong>Encadrant p\u00e9dagogique :<\/strong> Val\u00e9rie BRUEZ<\/em><\/p>\n<p><strong>Une performance chor\u00e9graphique<\/strong> par<em> des\u00a0\u00e9tudiants et des salari\u00e9s de <a href=\"https:\/\/www.univ-orleans.fr\/vie\/le-suapse\">l\u2019Universit\u00e9 d\u2019Orl\u00e9ans \/<\/a> <a href=\"https:\/\/www.univ-orleans.fr\/vie\/le-suapse\">SUAPSE<\/a> et coproduit par le <a href=\"http:\/\/www.ccn-orleans.com\/\">CCN d\u2019Orl\u00e9ans<\/a> <\/em><\/p>\n<p><strong><em>Interpr\u00e8tes <\/em><\/strong><em>: Vanessa CHENINI, Atiti COMT\u00c9, Nana Efua ENYIMAYEW, Doriane LIGER, Alice LOMBARD, Catherine MUNIER, Cl\u00e9mence PR\u00c9VAULT, Eve-Marie TISSIER \/ <strong>Eclairage\/r\u00e9gie technique :<\/strong> Marine POURQUI\u00c9 \/ <strong>Dur\u00e9e<\/strong> : ~ 20 min<\/em><\/p>\n<p>Apr\u00e8s une premi\u00e8re version tendre et\u2026explosive par l\u2019\u00e9quipe de l\u2019Universit\u00e9 St.John de York (Flight Effect) et une tourn\u00e9e en Angleterre du Nord, voici une nouvelle (re-)interpr\u00e9tation, recompos\u00e9e \u00e0 partir de m\u00eames th\u00e9matiques\u00a0:\u00a0la notion de \u00ab folie \u00bb, arch\u00e9types du f\u00e9minin, \u00e9tats limites, la transe, les transgressions, la coh\u00e9sion sociale, la singularit\u00e9\u2026<\/p>\n<p>Cette fois-ci les danseuses\/danseurs viennent de l\u2019universit\u00e9 d\u2019Orl\u00e9ans. Elles\/ils vont\u00a0participer activement \u00e0 la construction du contenu chor\u00e9graphique\u00a0\u2013\u00a0comme leurs camarades anglais\u00a0\u2013\u00a0en y amenant du mouvement, des textes et des suggestions dramaturgiques.<\/p>\n<p><a href=\"http:\/\/omnivion.net\/core\/projets\/projets-artistiques\/newtopia-4\/mooneaters_ii\/\"><strong>Plus d&rsquo;info :<\/strong> <strong>Moon Eaters II<\/strong><\/a><\/p>\n<p>&nbsp;<\/p>\n<p>&lt;&lt;&lt;&lt;&lt;&lt;&lt;&lt;&lt;&lt;&lt;&lt;&lt;&lt;&lt;&lt;&lt;&lt;&lt;&lt;&lt;&lt;&lt;&lt;&lt;&lt;&lt;&lt;&lt;&lt;&lt;&lt;&lt;&lt;&lt;&lt;&lt;&lt;&lt;&lt;&lt;&lt;&lt;&lt;&lt;&lt;&lt;&lt;&lt;&lt;&lt;&lt;&lt;&lt;&lt;&lt;&lt;&lt;&lt;&lt;<\/p>\n<p>&nbsp;<\/p>\n<p><strong>Le chor\u00e9graphe \/ directeur du projet Newtopia\u00a0<\/strong><\/p>\n<p><strong>Dimitri Tsiapkinis :<\/strong><\/p>\n<p>dipl\u00f4m\u00e9 de <strong>l\u2019Universit\u00e9 de la Caroline du Nord <\/strong>\/ \u00c9cole des Arts du Spectacle (U.S.A.) et de <strong>l\u2019Universit\u00e9 Fernando Pessoa <\/strong>(Portugal),<strong> <a href=\"http:\/\/www.omnivion.net\/core\/team\/dimitrios-tsiapkinis\/\">Dimitri Tsiapkinis<\/a><\/strong> a dans\u00e9 entre autres dans la troupe de <strong>Bernardo Montet<\/strong> pendant 20 ans (CCNRB, Mawguerite &amp; CCNT). En Gr\u00e8ce, il fonde avec des amies <strong><a href=\"http:\/\/omnivion.net\/xsoma.net\/\">xsoma<\/a>,<\/strong> un collectif qui a r\u00e9alis\u00e9 plusieurs performances et cr\u00e9ations entre 2002 et 2009. En 2003, il est nomm\u00e9<strong> danseur de l\u2019ann\u00e9e en Gr\u00e8ce<\/strong> dans le magazine allemand <em>Tanz\/Jahrbuch<\/em>. Il a donn\u00e9 des stages &amp; master classes dans plusieurs missions internationales, en m\u00ealant danse et pratiques somatiques <strong>(<em>P\u00e9dagogie perceptive \/ Danis Bois<\/em>).<\/strong> Depuis sa premi\u00e8re cr\u00e9ation \u00e0 Berlin en 1992, il d\u00e9veloppe une <strong>pratique de la danse contemporaine centr\u00e9 sur la psychologie de l\u2019individu et son potentiel de transformation<\/strong> : de soi et de son environnement. Depuis 2006, il exp\u00e9rimente la p\u00e9dagogie de la danse, dans les services de psychiatrie du CHRU de Tours et en 2015, il r\u00e9alise un projet de recherche Master 2\u00a0intitul\u00e9 <strong><em>Pertinence d\u2019un atelier de danse contemporaine en milieu psychiatrique <\/em><a href=\"http:\/\/bdigital.ufp.pt\/bitstream\/10284\/4645\/3\/Tsiapkinis_M%c3%a9moire_Master_2_UFP-2011-2014_publi%c3%a9.pdf\">(PDF publi\u00e9 ici)<\/a>.<\/strong> Co-fondateur de l\u2019association Omnivion, il pr\u00e9senta, avec elle, entre 2011-2014, plusieurs\u00a0spectacles de danse associant professionnels, amateurs, \u00e9quipes de soignants et patients. En parall\u00e8le, il continue sa collaboration avec Bernardo Montet au sein de l\u2019association Mawguerite (Morlaix). Plus d\u2019info :<strong> <a href=\"https:\/\/omnivion.net\/core\/fr\/team\/dimitrios-tsiapkinis\/\">Dimitri (CV)<\/a><\/strong><\/p>\n<p>&lt;&lt;&lt;&lt;&lt;&lt;&lt;&lt;&lt;&lt;&lt;&lt;&lt;&lt;&lt;&lt;&lt;&lt;&lt;&lt;&lt;&lt;&lt;&lt;&lt;&lt;&lt;&lt;&lt;&lt;&lt;&lt;&lt;&lt;&lt;&lt;&lt;&lt;&lt;&lt;&lt;&lt;&lt;&lt;&lt;&lt;&lt;&lt;&lt;&lt;&lt;&lt;&lt;&lt;&lt;&lt;&lt;&lt;&lt;&lt;<\/p>\n<p><b>R\u00c9SERVATIONS<\/b><strong>\u00a0<\/strong>:\u00a0<strong><a href=\"https:\/\/omnivion.net\/core\/fr\/reservations\/\">omnivion.net\/reservations<\/a><\/strong><\/p>\n<p>&lt;&lt;&lt;&lt;&lt;&lt;&lt;&lt;&lt;&lt;&lt;&lt;&lt;&lt;&lt;&lt;&lt;&lt;&lt;&lt;&lt;&lt;&lt;&lt;&lt;&lt;&lt;&lt;&lt;&lt;&lt;&lt;&lt;&lt;&lt;&lt;&lt;&lt;&lt;&lt;&lt;&lt;&lt;&lt;&lt;&lt;&lt;&lt;&lt;&lt;&lt;&lt;&lt;&lt;&lt;&lt;&lt;&lt;&lt;&lt;<\/p>\n<p><strong>Partenaires et financement :<\/strong><strong>\u00a0<\/strong><\/p>\n<p><strong>DRAC Centre, ARS Centre, Fonds de dotation Transept37, Centre Chor\u00e9graphique National d\u2019Orl\u00e9ans, CHRU de Tours, Universit\u00e9 d\u2019Orl\u00e9ans, Ville de la Riche, Arpents d\u2019Art<\/strong><\/p>\n<p>&lt;&lt;&lt;&lt;&lt;&lt;&lt;&lt;&lt;&lt;&lt;&lt;&lt;&lt;&lt;&lt;&lt;&lt;&lt;&lt;&lt;&lt;&lt;&lt;&lt;&lt;&lt;&lt;&lt;&lt;&lt;&lt;&lt;&lt;&lt;&lt;&lt;&lt;&lt;&lt;&lt;&lt;&lt;&lt;&lt;&lt;&lt;&lt;&lt;&lt;&lt;&lt;&lt;&lt;&lt;&lt;&lt;&lt;&lt;&lt;<\/p>\n<p>&nbsp;<\/p>\n","protected":false},"excerpt":{"rendered":"<p>4.4 est le dernier volet Newtopia de la\u00a0saison 2016-2017.\u00a0Il est programm\u00e9 pour le [&hellip;]<\/p>\n","protected":false},"author":1,"featured_media":0,"parent":1603,"menu_order":0,"comment_status":"closed","ping_status":"closed","template":"","meta":{"jetpack_post_was_ever_published":false,"footnotes":""},"class_list":["post-1607","page","type-page","status-publish","hentry"],"yoast_head":"<!-- This site is optimized with the Yoast SEO plugin v27.4 - https:\/\/yoast.com\/product\/yoast-seo-wordpress\/ -->\n<title>Newtopia 4.4 - omnivion.net<\/title>\n<meta name=\"robots\" content=\"index, follow, max-snippet:-1, max-image-preview:large, max-video-preview:-1\" \/>\n<link rel=\"canonical\" href=\"https:\/\/omnivion.net\/core\/fr\/projets\/projets-artistiques\/newtopia-4\/newtopia-4-4\/\" \/>\n<meta property=\"og:locale\" content=\"fr_FR\" \/>\n<meta property=\"og:type\" content=\"article\" \/>\n<meta property=\"og:title\" content=\"Newtopia 4.4 - omnivion.net\" \/>\n<meta property=\"og:description\" content=\"4.4 est le dernier volet Newtopia de la\u00a0saison 2016-2017.\u00a0Il est programm\u00e9 pour le [&hellip;]\" \/>\n<meta property=\"og:url\" content=\"https:\/\/omnivion.net\/core\/fr\/projets\/projets-artistiques\/newtopia-4\/newtopia-4-4\/\" \/>\n<meta property=\"og:site_name\" content=\"omnivion.net\" \/>\n<meta property=\"article:modified_time\" content=\"2023-01-18T18:41:21+00:00\" \/>\n<meta name=\"twitter:card\" content=\"summary_large_image\" \/>\n<meta name=\"twitter:label1\" content=\"Dur\u00e9e de lecture estim\u00e9e\" \/>\n\t<meta name=\"twitter:data1\" content=\"5 minutes\" \/>\n<script type=\"application\/ld+json\" class=\"yoast-schema-graph\">{\"@context\":\"https:\\\/\\\/schema.org\",\"@graph\":[{\"@type\":\"WebPage\",\"@id\":\"https:\\\/\\\/omnivion.net\\\/core\\\/fr\\\/projets\\\/projets-artistiques\\\/newtopia-4\\\/newtopia-4-4\\\/\",\"url\":\"https:\\\/\\\/omnivion.net\\\/core\\\/fr\\\/projets\\\/projets-artistiques\\\/newtopia-4\\\/newtopia-4-4\\\/\",\"name\":\"Newtopia 4.4 - omnivion.net\",\"isPartOf\":{\"@id\":\"https:\\\/\\\/omnivion.net\\\/core\\\/fr\\\/#website\"},\"datePublished\":\"2016-02-08T19:55:01+00:00\",\"dateModified\":\"2023-01-18T18:41:21+00:00\",\"breadcrumb\":{\"@id\":\"https:\\\/\\\/omnivion.net\\\/core\\\/fr\\\/projets\\\/projets-artistiques\\\/newtopia-4\\\/newtopia-4-4\\\/#breadcrumb\"},\"inLanguage\":\"fr-FR\",\"potentialAction\":[{\"@type\":\"ReadAction\",\"target\":[\"https:\\\/\\\/omnivion.net\\\/core\\\/fr\\\/projets\\\/projets-artistiques\\\/newtopia-4\\\/newtopia-4-4\\\/\"]}]},{\"@type\":\"BreadcrumbList\",\"@id\":\"https:\\\/\\\/omnivion.net\\\/core\\\/fr\\\/projets\\\/projets-artistiques\\\/newtopia-4\\\/newtopia-4-4\\\/#breadcrumb\",\"itemListElement\":[{\"@type\":\"ListItem\",\"position\":1,\"name\":\"Accueil\",\"item\":\"https:\\\/\\\/omnivion.net\\\/core\\\/en\\\/silverstorm\\\/\"},{\"@type\":\"ListItem\",\"position\":2,\"name\":\"Projets\",\"item\":\"https:\\\/\\\/omnivion.net\\\/core\\\/fr\\\/projets\\\/\"},{\"@type\":\"ListItem\",\"position\":3,\"name\":\"Projets Artistiques\",\"item\":\"https:\\\/\\\/omnivion.net\\\/core\\\/projets\\\/projets-artistiques\\\/\"},{\"@type\":\"ListItem\",\"position\":4,\"name\":\"Newtopia 4\",\"item\":\"https:\\\/\\\/omnivion.net\\\/core\\\/projets\\\/projets-artistiques\\\/newtopia-4\\\/\"},{\"@type\":\"ListItem\",\"position\":5,\"name\":\"Newtopia 4.4\"}]},{\"@type\":\"WebSite\",\"@id\":\"https:\\\/\\\/omnivion.net\\\/core\\\/fr\\\/#website\",\"url\":\"https:\\\/\\\/omnivion.net\\\/core\\\/fr\\\/\",\"name\":\"omnivion.net\",\"description\":\"...ARTS D&#039;\u00caTRE CORPS...\",\"potentialAction\":[{\"@type\":\"SearchAction\",\"target\":{\"@type\":\"EntryPoint\",\"urlTemplate\":\"https:\\\/\\\/omnivion.net\\\/core\\\/fr\\\/?s={search_term_string}\"},\"query-input\":{\"@type\":\"PropertyValueSpecification\",\"valueRequired\":true,\"valueName\":\"search_term_string\"}}],\"inLanguage\":\"fr-FR\"}]}<\/script>\n<!-- \/ Yoast SEO plugin. -->","yoast_head_json":{"title":"Newtopia 4.4 - omnivion.net","robots":{"index":"index","follow":"follow","max-snippet":"max-snippet:-1","max-image-preview":"max-image-preview:large","max-video-preview":"max-video-preview:-1"},"canonical":"https:\/\/omnivion.net\/core\/fr\/projets\/projets-artistiques\/newtopia-4\/newtopia-4-4\/","og_locale":"fr_FR","og_type":"article","og_title":"Newtopia 4.4 - omnivion.net","og_description":"4.4 est le dernier volet Newtopia de la\u00a0saison 2016-2017.\u00a0Il est programm\u00e9 pour le [&hellip;]","og_url":"https:\/\/omnivion.net\/core\/fr\/projets\/projets-artistiques\/newtopia-4\/newtopia-4-4\/","og_site_name":"omnivion.net","article_modified_time":"2023-01-18T18:41:21+00:00","twitter_card":"summary_large_image","twitter_misc":{"Dur\u00e9e de lecture estim\u00e9e":"5 minutes"},"schema":{"@context":"https:\/\/schema.org","@graph":[{"@type":"WebPage","@id":"https:\/\/omnivion.net\/core\/fr\/projets\/projets-artistiques\/newtopia-4\/newtopia-4-4\/","url":"https:\/\/omnivion.net\/core\/fr\/projets\/projets-artistiques\/newtopia-4\/newtopia-4-4\/","name":"Newtopia 4.4 - omnivion.net","isPartOf":{"@id":"https:\/\/omnivion.net\/core\/fr\/#website"},"datePublished":"2016-02-08T19:55:01+00:00","dateModified":"2023-01-18T18:41:21+00:00","breadcrumb":{"@id":"https:\/\/omnivion.net\/core\/fr\/projets\/projets-artistiques\/newtopia-4\/newtopia-4-4\/#breadcrumb"},"inLanguage":"fr-FR","potentialAction":[{"@type":"ReadAction","target":["https:\/\/omnivion.net\/core\/fr\/projets\/projets-artistiques\/newtopia-4\/newtopia-4-4\/"]}]},{"@type":"BreadcrumbList","@id":"https:\/\/omnivion.net\/core\/fr\/projets\/projets-artistiques\/newtopia-4\/newtopia-4-4\/#breadcrumb","itemListElement":[{"@type":"ListItem","position":1,"name":"Accueil","item":"https:\/\/omnivion.net\/core\/en\/silverstorm\/"},{"@type":"ListItem","position":2,"name":"Projets","item":"https:\/\/omnivion.net\/core\/fr\/projets\/"},{"@type":"ListItem","position":3,"name":"Projets Artistiques","item":"https:\/\/omnivion.net\/core\/projets\/projets-artistiques\/"},{"@type":"ListItem","position":4,"name":"Newtopia 4","item":"https:\/\/omnivion.net\/core\/projets\/projets-artistiques\/newtopia-4\/"},{"@type":"ListItem","position":5,"name":"Newtopia 4.4"}]},{"@type":"WebSite","@id":"https:\/\/omnivion.net\/core\/fr\/#website","url":"https:\/\/omnivion.net\/core\/fr\/","name":"omnivion.net","description":"...ARTS D&#039;\u00caTRE CORPS...","potentialAction":[{"@type":"SearchAction","target":{"@type":"EntryPoint","urlTemplate":"https:\/\/omnivion.net\/core\/fr\/?s={search_term_string}"},"query-input":{"@type":"PropertyValueSpecification","valueRequired":true,"valueName":"search_term_string"}}],"inLanguage":"fr-FR"}]}},"jetpack_sharing_enabled":true,"jetpack_shortlink":"https:\/\/wp.me\/P2fe7Q-pV","jetpack_likes_enabled":true,"_links":{"self":[{"href":"https:\/\/omnivion.net\/core\/fr\/wp-json\/wp\/v2\/pages\/1607","targetHints":{"allow":["GET"]}}],"collection":[{"href":"https:\/\/omnivion.net\/core\/fr\/wp-json\/wp\/v2\/pages"}],"about":[{"href":"https:\/\/omnivion.net\/core\/fr\/wp-json\/wp\/v2\/types\/page"}],"author":[{"embeddable":true,"href":"https:\/\/omnivion.net\/core\/fr\/wp-json\/wp\/v2\/users\/1"}],"replies":[{"embeddable":true,"href":"https:\/\/omnivion.net\/core\/fr\/wp-json\/wp\/v2\/comments?post=1607"}],"version-history":[{"count":51,"href":"https:\/\/omnivion.net\/core\/fr\/wp-json\/wp\/v2\/pages\/1607\/revisions"}],"predecessor-version":[{"id":4923,"href":"https:\/\/omnivion.net\/core\/fr\/wp-json\/wp\/v2\/pages\/1607\/revisions\/4923"}],"up":[{"embeddable":true,"href":"https:\/\/omnivion.net\/core\/fr\/wp-json\/wp\/v2\/pages\/1603"}],"wp:attachment":[{"href":"https:\/\/omnivion.net\/core\/fr\/wp-json\/wp\/v2\/media?parent=1607"}],"curies":[{"name":"wp","href":"https:\/\/api.w.org\/{rel}","templated":true}]}}