{"id":1603,"date":"2016-02-08T20:53:54","date_gmt":"2016-02-08T19:53:54","guid":{"rendered":"http:\/\/omnivion.net\/core\/?page_id=1603"},"modified":"2017-03-21T20:39:21","modified_gmt":"2017-03-21T19:39:21","slug":"newtopia-4","status":"publish","type":"page","link":"https:\/\/omnivion.net\/core\/fr\/projets\/projets-artistiques\/newtopia-4\/","title":{"rendered":"Newtopia 4"},"content":{"rendered":"<p><div id=\"attachment_1609\" style=\"width: 810px\" class=\"wp-caption alignnone\"><a href=\"http:\/\/omnivion.net\/core\/projets\/projets-artistiques\/newtopia-4-2016-2017\/2016-01-05_ateliet_indigo_71b_web\/\" rel=\"attachment wp-att-1609\"><img data-recalc-dims=\"1\" loading=\"lazy\" decoding=\"async\" aria-describedby=\"caption-attachment-1609\" class=\"size-full wp-image-1609\" src=\"https:\/\/i0.wp.com\/omnivion.net\/core\/wp-content\/uploads\/2016\/02\/2016-01-05_Ateliet_Indigo_71b_web.jpg?resize=800%2C415\" alt=\"Photo \u00a9 D.Tsiapkinis\" width=\"800\" height=\"415\" srcset=\"https:\/\/i0.wp.com\/omnivion.net\/core\/wp-content\/uploads\/2016\/02\/2016-01-05_Ateliet_Indigo_71b_web.jpg?w=800&amp;ssl=1 800w, https:\/\/i0.wp.com\/omnivion.net\/core\/wp-content\/uploads\/2016\/02\/2016-01-05_Ateliet_Indigo_71b_web.jpg?resize=300%2C156&amp;ssl=1 300w, https:\/\/i0.wp.com\/omnivion.net\/core\/wp-content\/uploads\/2016\/02\/2016-01-05_Ateliet_Indigo_71b_web.jpg?resize=768%2C398&amp;ssl=1 768w\" sizes=\"auto, (max-width: 800px) 100vw, 800px\" \/><\/a><p id=\"caption-attachment-1609\" class=\"wp-caption-text\">Photo \u00a9 D.Tsiapkinis<\/p><\/div><\/p>\n<p>&nbsp;<\/p>\n<h1>Newtopia 4<\/h1>\n<p><strong>Une\u00a0nouvelle s\u00e9rie d\u2019\u00e9v\u00e9nements artistiques qui\u00a0explore des \u00e9tats de corps en qu\u00eate de nouveaux mondes, physiques et imaginaires, en r\u00e9sonance avec les pr\u00e9occupations sociales et \u00e9cologiques de ces participants.\u00a0Silences explosifs, lenteurs qui\u00a0\u00e9merveillent,\u00a0r\u00e9voltes\u00a0<wbr \/>chant\u00e9es, danses extasi\u00e9es, humour d\u00e9cal\u00e9&#8230;<\/strong><\/p>\n<p>Le projet artistique\u00a0Newtopia, dirig\u00e9 par <a href=\"http:\/\/omnivion.net\/core\/team\/dimitrios-tsiapkinis\/\">Dimitri Tsiapkinis<\/a> et port\u00e9 par Omnivion et ses partenaires, est un espace de dialogue entre singularit\u00e9s. Ax\u00e9 sur l\u2019individu, il rassemble et enrichit le groupe en valorisant la coop\u00e9ration et l\u2019\u00e9change autour de la confiance de chacun en son potentiel\u00a0expressif et cr\u00e9atif. <strong>Newtopia 4<\/strong>\u00a0est le renouvellement d&rsquo;une collaboration durable\u00a0avec le service psychiatrique du CHRU de Tours. R\u00e9unissant amateurs et professionnels dans une dynamique de recherche, ce projet a pour objectif la (re-)d\u00e9couverte constante d\u2019une danse sensible, joyeuse et solidaire. La p\u00e9dagogie et les pr\u00e9occupations artistiques qui l\u2019animent mettent l\u2019authenticit\u00e9 et l\u2019intelligence \u00e9motionnelle au centre des interactions. Plus pr\u00e9cis\u00e9ment, pour le danseur, un mouvement affranchi de la virtuosit\u00e9 et d\u2019un rapport comptable au corps (soi) et aux autres (autrui); pour le spectateur, un \u00e9v\u00e9nement affranchi du sceau du spectacle, une performance sans tour de force, une valorisation des \u00e9changes sensibles et parfois remplis d&rsquo;humour!<\/p>\n<p>&nbsp;<\/p>\n<p><strong>Programmation\u00a0 :<\/strong><\/p>\n<p><a href=\"http:\/\/omnivion.net\/core\/newtopia-4-1\/\"><strong>Newtopia 4.1<\/strong><\/a>,\u00a0au Centre Social la Rabi\u00e8re, \u00e0 Jou\u00e9-l\u00e8s-Tours, le 21\u00a0juin 2016<\/p>\n<p><a href=\"http:\/\/omnivion.net\/core\/projets\/projets-artistiques\/newtopia-4\/newtopia-4-2\/\"><strong>Newtopia 4.2<\/strong><\/a>, \u00e0 la Chapelle St. Anne, \u00e0 Tours, 2-4 d\u00e9cembre 2016<\/p>\n<p><a href=\"http:\/\/omnivion.net\/core\/projets\/projets-artistiques\/newtopia-4\/newtopia-4-3\/\"><strong>Newtopia 4.3<\/strong><\/a>, \u00e0 l&rsquo;H\u00f4pital Bretonneau \/ CHRU de Tours, le\u00a012 janvier\u00a02017<\/p>\n<p><strong><a href=\"http:\/\/omnivion.net\/core\/projets\/projets-artistiques\/newtopia-4\/mooneaters_ii\/\">Moon Eaters II<\/a>,<\/strong> au Bouillon \/ Universit\u00e9 d&rsquo;Orl\u00e9ans, le 5 avril 2017.<\/p>\n<p><strong><a href=\"http:\/\/omnivion.net\/core\/projets\/projets-artistiques\/newtopia-4\/newtopia-4-4\/\">Newtopia 4.4<\/a><\/strong>, \u00e0 la Pl\u00e9iade, La Riche, le 17 mai 2017<\/p>\n<p>&nbsp;<\/p>\n<p>&nbsp;<\/p>","protected":false},"excerpt":{"rendered":"<p>&nbsp; Newtopia 4 Une\u00a0nouvelle s\u00e9rie d\u2019\u00e9v\u00e9nements artistiques qui\u00a0explore des \u00e9tats de corps en [&hellip;]<\/p>\n","protected":false},"author":1,"featured_media":0,"parent":60,"menu_order":0,"comment_status":"closed","ping_status":"closed","template":"","meta":{"jetpack_post_was_ever_published":false,"footnotes":""},"class_list":["post-1603","page","type-page","status-publish","hentry"],"yoast_head":"<!-- This site is optimized with the Yoast SEO plugin v27.4 - https:\/\/yoast.com\/product\/yoast-seo-wordpress\/ -->\n<title>Newtopia 4 - omnivion.net<\/title>\n<meta name=\"robots\" content=\"index, follow, max-snippet:-1, max-image-preview:large, max-video-preview:-1\" \/>\n<link rel=\"canonical\" href=\"https:\/\/omnivion.net\/core\/fr\/projets\/projets-artistiques\/newtopia-4\/\" \/>\n<meta property=\"og:locale\" content=\"fr_FR\" \/>\n<meta property=\"og:type\" content=\"article\" \/>\n<meta property=\"og:title\" content=\"Newtopia 4 - omnivion.net\" \/>\n<meta property=\"og:description\" content=\"&nbsp; Newtopia 4 Une\u00a0nouvelle s\u00e9rie d\u2019\u00e9v\u00e9nements artistiques qui\u00a0explore des \u00e9tats de corps en [&hellip;]\" \/>\n<meta property=\"og:url\" content=\"https:\/\/omnivion.net\/core\/fr\/projets\/projets-artistiques\/newtopia-4\/\" \/>\n<meta property=\"og:site_name\" content=\"omnivion.net\" \/>\n<meta property=\"article:modified_time\" content=\"2017-03-21T19:39:21+00:00\" \/>\n<meta property=\"og:image\" content=\"http:\/\/omnivion.net\/core\/wp-content\/uploads\/2016\/02\/2016-01-05_Ateliet_Indigo_71b_web.jpg\" \/>\n<meta name=\"twitter:card\" content=\"summary_large_image\" \/>\n<meta name=\"twitter:label1\" content=\"Dur\u00e9e de lecture estim\u00e9e\" \/>\n\t<meta name=\"twitter:data1\" content=\"2 minutes\" \/>\n<script type=\"application\/ld+json\" class=\"yoast-schema-graph\">{\"@context\":\"https:\\\/\\\/schema.org\",\"@graph\":[{\"@type\":\"WebPage\",\"@id\":\"https:\\\/\\\/omnivion.net\\\/core\\\/fr\\\/projets\\\/projets-artistiques\\\/newtopia-4\\\/\",\"url\":\"https:\\\/\\\/omnivion.net\\\/core\\\/fr\\\/projets\\\/projets-artistiques\\\/newtopia-4\\\/\",\"name\":\"Newtopia 4 - omnivion.net\",\"isPartOf\":{\"@id\":\"https:\\\/\\\/omnivion.net\\\/core\\\/fr\\\/#website\"},\"primaryImageOfPage\":{\"@id\":\"https:\\\/\\\/omnivion.net\\\/core\\\/fr\\\/projets\\\/projets-artistiques\\\/newtopia-4\\\/#primaryimage\"},\"image\":{\"@id\":\"https:\\\/\\\/omnivion.net\\\/core\\\/fr\\\/projets\\\/projets-artistiques\\\/newtopia-4\\\/#primaryimage\"},\"thumbnailUrl\":\"http:\\\/\\\/omnivion.net\\\/core\\\/wp-content\\\/uploads\\\/2016\\\/02\\\/2016-01-05_Ateliet_Indigo_71b_web.jpg\",\"datePublished\":\"2016-02-08T19:53:54+00:00\",\"dateModified\":\"2017-03-21T19:39:21+00:00\",\"breadcrumb\":{\"@id\":\"https:\\\/\\\/omnivion.net\\\/core\\\/fr\\\/projets\\\/projets-artistiques\\\/newtopia-4\\\/#breadcrumb\"},\"inLanguage\":\"fr-FR\",\"potentialAction\":[{\"@type\":\"ReadAction\",\"target\":[\"https:\\\/\\\/omnivion.net\\\/core\\\/fr\\\/projets\\\/projets-artistiques\\\/newtopia-4\\\/\"]}]},{\"@type\":\"ImageObject\",\"inLanguage\":\"fr-FR\",\"@id\":\"https:\\\/\\\/omnivion.net\\\/core\\\/fr\\\/projets\\\/projets-artistiques\\\/newtopia-4\\\/#primaryimage\",\"url\":\"http:\\\/\\\/omnivion.net\\\/core\\\/wp-content\\\/uploads\\\/2016\\\/02\\\/2016-01-05_Ateliet_Indigo_71b_web.jpg\",\"contentUrl\":\"http:\\\/\\\/omnivion.net\\\/core\\\/wp-content\\\/uploads\\\/2016\\\/02\\\/2016-01-05_Ateliet_Indigo_71b_web.jpg\"},{\"@type\":\"BreadcrumbList\",\"@id\":\"https:\\\/\\\/omnivion.net\\\/core\\\/fr\\\/projets\\\/projets-artistiques\\\/newtopia-4\\\/#breadcrumb\",\"itemListElement\":[{\"@type\":\"ListItem\",\"position\":1,\"name\":\"Accueil\",\"item\":\"https:\\\/\\\/omnivion.net\\\/core\\\/en\\\/silverstorm\\\/\"},{\"@type\":\"ListItem\",\"position\":2,\"name\":\"Projets\",\"item\":\"https:\\\/\\\/omnivion.net\\\/core\\\/fr\\\/projets\\\/\"},{\"@type\":\"ListItem\",\"position\":3,\"name\":\"Projets Artistiques\",\"item\":\"https:\\\/\\\/omnivion.net\\\/core\\\/projets\\\/projets-artistiques\\\/\"},{\"@type\":\"ListItem\",\"position\":4,\"name\":\"Newtopia 4\"}]},{\"@type\":\"WebSite\",\"@id\":\"https:\\\/\\\/omnivion.net\\\/core\\\/fr\\\/#website\",\"url\":\"https:\\\/\\\/omnivion.net\\\/core\\\/fr\\\/\",\"name\":\"omnivion.net\",\"description\":\"...ARTS D&#039;\u00caTRE CORPS...\",\"potentialAction\":[{\"@type\":\"SearchAction\",\"target\":{\"@type\":\"EntryPoint\",\"urlTemplate\":\"https:\\\/\\\/omnivion.net\\\/core\\\/fr\\\/?s={search_term_string}\"},\"query-input\":{\"@type\":\"PropertyValueSpecification\",\"valueRequired\":true,\"valueName\":\"search_term_string\"}}],\"inLanguage\":\"fr-FR\"}]}<\/script>\n<!-- \/ Yoast SEO plugin. -->","yoast_head_json":{"title":"Newtopia 4 - omnivion.net","robots":{"index":"index","follow":"follow","max-snippet":"max-snippet:-1","max-image-preview":"max-image-preview:large","max-video-preview":"max-video-preview:-1"},"canonical":"https:\/\/omnivion.net\/core\/fr\/projets\/projets-artistiques\/newtopia-4\/","og_locale":"fr_FR","og_type":"article","og_title":"Newtopia 4 - omnivion.net","og_description":"&nbsp; Newtopia 4 Une\u00a0nouvelle s\u00e9rie d\u2019\u00e9v\u00e9nements artistiques qui\u00a0explore des \u00e9tats de corps en [&hellip;]","og_url":"https:\/\/omnivion.net\/core\/fr\/projets\/projets-artistiques\/newtopia-4\/","og_site_name":"omnivion.net","article_modified_time":"2017-03-21T19:39:21+00:00","og_image":[{"url":"http:\/\/omnivion.net\/core\/wp-content\/uploads\/2016\/02\/2016-01-05_Ateliet_Indigo_71b_web.jpg","type":"","width":"","height":""}],"twitter_card":"summary_large_image","twitter_misc":{"Dur\u00e9e de lecture estim\u00e9e":"2 minutes"},"schema":{"@context":"https:\/\/schema.org","@graph":[{"@type":"WebPage","@id":"https:\/\/omnivion.net\/core\/fr\/projets\/projets-artistiques\/newtopia-4\/","url":"https:\/\/omnivion.net\/core\/fr\/projets\/projets-artistiques\/newtopia-4\/","name":"Newtopia 4 - omnivion.net","isPartOf":{"@id":"https:\/\/omnivion.net\/core\/fr\/#website"},"primaryImageOfPage":{"@id":"https:\/\/omnivion.net\/core\/fr\/projets\/projets-artistiques\/newtopia-4\/#primaryimage"},"image":{"@id":"https:\/\/omnivion.net\/core\/fr\/projets\/projets-artistiques\/newtopia-4\/#primaryimage"},"thumbnailUrl":"http:\/\/omnivion.net\/core\/wp-content\/uploads\/2016\/02\/2016-01-05_Ateliet_Indigo_71b_web.jpg","datePublished":"2016-02-08T19:53:54+00:00","dateModified":"2017-03-21T19:39:21+00:00","breadcrumb":{"@id":"https:\/\/omnivion.net\/core\/fr\/projets\/projets-artistiques\/newtopia-4\/#breadcrumb"},"inLanguage":"fr-FR","potentialAction":[{"@type":"ReadAction","target":["https:\/\/omnivion.net\/core\/fr\/projets\/projets-artistiques\/newtopia-4\/"]}]},{"@type":"ImageObject","inLanguage":"fr-FR","@id":"https:\/\/omnivion.net\/core\/fr\/projets\/projets-artistiques\/newtopia-4\/#primaryimage","url":"http:\/\/omnivion.net\/core\/wp-content\/uploads\/2016\/02\/2016-01-05_Ateliet_Indigo_71b_web.jpg","contentUrl":"http:\/\/omnivion.net\/core\/wp-content\/uploads\/2016\/02\/2016-01-05_Ateliet_Indigo_71b_web.jpg"},{"@type":"BreadcrumbList","@id":"https:\/\/omnivion.net\/core\/fr\/projets\/projets-artistiques\/newtopia-4\/#breadcrumb","itemListElement":[{"@type":"ListItem","position":1,"name":"Accueil","item":"https:\/\/omnivion.net\/core\/en\/silverstorm\/"},{"@type":"ListItem","position":2,"name":"Projets","item":"https:\/\/omnivion.net\/core\/fr\/projets\/"},{"@type":"ListItem","position":3,"name":"Projets Artistiques","item":"https:\/\/omnivion.net\/core\/projets\/projets-artistiques\/"},{"@type":"ListItem","position":4,"name":"Newtopia 4"}]},{"@type":"WebSite","@id":"https:\/\/omnivion.net\/core\/fr\/#website","url":"https:\/\/omnivion.net\/core\/fr\/","name":"omnivion.net","description":"...ARTS D&#039;\u00caTRE CORPS...","potentialAction":[{"@type":"SearchAction","target":{"@type":"EntryPoint","urlTemplate":"https:\/\/omnivion.net\/core\/fr\/?s={search_term_string}"},"query-input":{"@type":"PropertyValueSpecification","valueRequired":true,"valueName":"search_term_string"}}],"inLanguage":"fr-FR"}]}},"jetpack_sharing_enabled":true,"jetpack_shortlink":"https:\/\/wp.me\/P2fe7Q-pR","jetpack_likes_enabled":true,"_links":{"self":[{"href":"https:\/\/omnivion.net\/core\/fr\/wp-json\/wp\/v2\/pages\/1603","targetHints":{"allow":["GET"]}}],"collection":[{"href":"https:\/\/omnivion.net\/core\/fr\/wp-json\/wp\/v2\/pages"}],"about":[{"href":"https:\/\/omnivion.net\/core\/fr\/wp-json\/wp\/v2\/types\/page"}],"author":[{"embeddable":true,"href":"https:\/\/omnivion.net\/core\/fr\/wp-json\/wp\/v2\/users\/1"}],"replies":[{"embeddable":true,"href":"https:\/\/omnivion.net\/core\/fr\/wp-json\/wp\/v2\/comments?post=1603"}],"version-history":[{"count":19,"href":"https:\/\/omnivion.net\/core\/fr\/wp-json\/wp\/v2\/pages\/1603\/revisions"}],"predecessor-version":[{"id":2132,"href":"https:\/\/omnivion.net\/core\/fr\/wp-json\/wp\/v2\/pages\/1603\/revisions\/2132"}],"up":[{"embeddable":true,"href":"https:\/\/omnivion.net\/core\/fr\/wp-json\/wp\/v2\/pages\/60"}],"wp:attachment":[{"href":"https:\/\/omnivion.net\/core\/fr\/wp-json\/wp\/v2\/media?parent=1603"}],"curies":[{"name":"wp","href":"https:\/\/api.w.org\/{rel}","templated":true}]}}