{"id":1574,"date":"2016-01-25T20:49:54","date_gmt":"2016-01-25T19:49:54","guid":{"rendered":"http:\/\/omnivion.net\/core\/?page_id=1574"},"modified":"2025-12-22T13:05:37","modified_gmt":"2025-12-22T12:05:37","slug":"reservations","status":"publish","type":"page","link":"https:\/\/omnivion.net\/core\/fr\/contacts\/reservations\/","title":{"rendered":"R\u00e9servations"},"content":{"rendered":"<p><div id=\"attachment_918\" style=\"width: 810px\" class=\"wp-caption alignnone\"><a href=\"http:\/\/omnivion.net\/core\/bienvenu\/a-maze-ing-laughter_chris-huggins_cc-by-2-0_edit\/\" rel=\"attachment wp-att-918\"><img data-recalc-dims=\"1\" loading=\"lazy\" decoding=\"async\" aria-describedby=\"caption-attachment-918\" class=\"size-large wp-image-918\" src=\"https:\/\/i0.wp.com\/omnivion.net\/core\/wp-content\/uploads\/2014\/01\/A-maze-ing-Laughter_Chris-Huggins_CC-BY-2.0_edit-1024x378.jpg?resize=800%2C295\" alt=\"A-maze-ing-Laughter_Chris-Huggins_CC-BY-2.0_edit\" width=\"800\" height=\"295\" srcset=\"https:\/\/i0.wp.com\/omnivion.net\/core\/wp-content\/uploads\/2014\/01\/A-maze-ing-Laughter_Chris-Huggins_CC-BY-2.0_edit.jpg?resize=1024%2C378&amp;ssl=1 1024w, https:\/\/i0.wp.com\/omnivion.net\/core\/wp-content\/uploads\/2014\/01\/A-maze-ing-Laughter_Chris-Huggins_CC-BY-2.0_edit.jpg?resize=300%2C111&amp;ssl=1 300w, https:\/\/i0.wp.com\/omnivion.net\/core\/wp-content\/uploads\/2014\/01\/A-maze-ing-Laughter_Chris-Huggins_CC-BY-2.0_edit.jpg?w=1200&amp;ssl=1 1200w\" sizes=\"auto, (max-width: 800px) 100vw, 800px\" \/><\/a><p id=\"caption-attachment-918\" class=\"wp-caption-text\">A-maze-ing-Laughter_Chris-Huggins_CC-BY-2.0_edit<\/p><\/div><\/p>\n<h2><\/h2>\n<h2>R\u00e9servations pour nos \u00e9v\u00e9nements, stages et m\u00e9dias :<\/h2>\n<p>&nbsp;<\/p>\n<h3>\/\/\/\/\/\/\/\/\/\/\/\/\/\/\/\/\/\/\/\/\/\/\/\/\/\/\/\/\/\/\/\/\/\/\/\/\/\/\/\/\/\/\/\/\/\/\/\/\/\/\/\/\/\/\/\/\/\/\/\/\/\/\/\/\/\/\/\/\/\/\/\/\/\/\/\/\/\/\/\/\/\/\/\/\/\/\/\/\/\/\/\/\/\/\/\/\/\/\/\/\/\/\/\/<\/h3>\n<p>&nbsp;<\/p>\n<h2>1. Pour NEWTOPIA 13.8 \/ Kronos &amp; Chronos, le 23 mai 2026, \u00e0 la Pl\u00e9iade, 154 Rue de la Mairie, 37520 La Riche, la billetterie sera ouverte \u00e0 partir de fin janvier ici :<\/h2>\n<p><strong><span style=\"color: #ff0000;\">ATTENTION! N&rsquo;appelez pas la Pl\u00e9iade pour r\u00e9server s&rsquo;il vous pla\u00eet! <\/span><\/strong><strong><span lang=\"fr-FR\"><span style=\"color: #ff0000;\">R\u00e9servations et adh\u00e9sions uniquement ici ou sur Helloasso!<\/span><br \/>\n<\/span><\/strong><\/p>\n<p>&nbsp;<\/p>\n<p><strong>\/\/\/\/\/\/\/\/\/\/\/\/\/\/\/\/\/\/\/\/\/\/\/\/\/\/\/\/\/\/\/\/\/\/\/\/\/\/\/\/\/\/\/\/\/\/\/\/\/\/\/\/\/\/\/\/\/\/\/\/\/\/\/\/\/\/\/\/\/\/\/\/\/\/\/\/\/\/\/\/\/\/\/\/\/\/\/\/\/\/\/\/\/\/\/\/\/\/\/\/\/\/\/\/\/\/\/\/\/\/\/\/\/\/\/\/\/\/\/\/\/\/<\/strong><\/p>\n<p>&nbsp;<\/p>\n<h2>2.Pour le stage Tai Chi &amp; Fascia \/ Eventail, c&rsquo;est par ici :<\/h2>\n<h2><\/h2>\n<h2><\/h2>\n<h2>3. Pour acheter des DVD photo ou vid\u00e9o de nos \u00e9v\u00e9nements :<\/h2>\n<p><iframe id=\"haWidget\" style=\"width: 350px; height: 950px; border: none;\" src=\"https:\/\/www.helloasso.com\/associations\/omnivion\/paiements\/newtopia-photo-video\/widget\" scrolling=\"auto\"><span data-mce-type=\"bookmark\" style=\"display: inline-block; width: 0px; overflow: hidden; line-height: 0;\" class=\"mce_SELRES_start\">\ufeff<\/span><span data-mce-type=\"bookmark\" style=\"display: inline-block; width: 0px; overflow: hidden; line-height: 0;\" class=\"mce_SELRES_start\">\ufeff<\/span><\/iframe><\/p>\n<h3><\/h3>\n<p><strong>\/\/\/\/\/\/\/\/\/\/\/\/\/\/\/\/\/\/\/\/\/\/\/\/\/\/\/\/\/\/\/\/\/\/\/\/\/\/\/\/\/\/\/\/\/\/\/\/\/\/\/\/\/\/\/\/\/\/\/\/\/\/\/\/\/\/\/\/\/\/\/\/\/\/\/\/\/\/\/\/\/\/\/\/\/\/\/\/\/\/\/\/\/\/\/\/\/\/\/\/\/\/\/\/\/\/\/\/\/\/\/\/\/\/\/\/\/\/\/\/\/\/\/\/\/\/\/\/\/\/\/\/\/\/\/\/\/\/\/\/\/\/\/\/\/\/\/\/\/\/\/\/\/\/\/\/<\/strong><\/p>\n<p>&nbsp;<\/p>\n<h2><span style=\"color: #000000;\"><strong>4. <\/strong><\/span><span style=\"color: #808080;\"><span style=\"color: #808080;\"><span style=\"color: #000000;\">Pour acheter les tableaux photos de<\/span> <a href=\"http:\/\/omnivion.net\/core\/projets\/projets-artistiques\/newtopia-7\/newtopia-7-5\/\">Newtopia 7.5<\/a>,<br \/>\n<\/span><\/span><strong><u>R\u00e9servations sur Helloasso :<\/u><\/strong><\/h2>\n<p><iframe id=\"haWidgetButton\" style=\"border: none;\" src=\"https:\/\/www.helloasso.com\/associations\/omnivion\/paiements\/newtopia-7-5-corps-extatique-1\/widget-bouton\"><\/iframe><\/p>\n<h3><\/h3>\n<div style=\"width: 100%; text-align: center;\"><\/div>\n<p>&nbsp;<\/p>\n<p>En cas de probl\u00e8me, contactez nous pour vous assister : <strong><a href=\"mailto:info@omnivion.net\" target=\"_blank\" rel=\"noopener noreferrer\">info@omnivion.net<\/a><\/strong><\/p>\n<p>&nbsp;<\/p>","protected":false},"excerpt":{"rendered":"<p>R\u00e9servations pour nos \u00e9v\u00e9nements, stages et m\u00e9dias : &nbsp; \/\/\/\/\/\/\/\/\/\/\/\/\/\/\/\/\/\/\/\/\/\/\/\/\/\/\/\/\/\/\/\/\/\/\/\/\/\/\/\/\/\/\/\/\/\/\/\/\/\/\/\/\/\/\/\/\/\/\/\/\/\/\/\/\/\/\/\/\/\/\/\/\/\/\/\/\/\/\/\/\/\/\/\/\/\/\/\/\/\/\/\/\/\/\/\/\/\/\/\/\/\/\/\/ &nbsp; 1. Pour [&hellip;]<\/p>\n","protected":false},"author":1,"featured_media":0,"parent":68,"menu_order":0,"comment_status":"closed","ping_status":"closed","template":"","meta":{"jetpack_post_was_ever_published":false,"footnotes":""},"class_list":["post-1574","page","type-page","status-publish","hentry"],"yoast_head":"<!-- This site is optimized with the Yoast SEO plugin v27.4 - https:\/\/yoast.com\/product\/yoast-seo-wordpress\/ -->\n<title>R\u00e9servations - omnivion.net<\/title>\n<meta name=\"description\" content=\"R\u00e9servations pour les \u00e9v\u00e9nements et stages de l&#039;association Omnivion\" \/>\n<meta name=\"robots\" content=\"index, follow, max-snippet:-1, max-image-preview:large, max-video-preview:-1\" \/>\n<link rel=\"canonical\" href=\"https:\/\/omnivion.net\/core\/fr\/contacts\/reservations\/\" \/>\n<meta property=\"og:locale\" content=\"fr_FR\" \/>\n<meta property=\"og:type\" content=\"article\" \/>\n<meta property=\"og:title\" content=\"R\u00e9servations - omnivion.net\" \/>\n<meta property=\"og:description\" content=\"R\u00e9servations pour les \u00e9v\u00e9nements et stages de l&#039;association Omnivion\" \/>\n<meta property=\"og:url\" content=\"https:\/\/omnivion.net\/core\/fr\/contacts\/reservations\/\" \/>\n<meta property=\"og:site_name\" content=\"omnivion.net\" \/>\n<meta property=\"article:modified_time\" content=\"2025-12-22T12:05:37+00:00\" \/>\n<meta property=\"og:image\" content=\"http:\/\/omnivion.net\/core\/wp-content\/uploads\/2014\/01\/A-maze-ing-Laughter_Chris-Huggins_CC-BY-2.0_edit-1024x378.jpg\" \/>\n<meta name=\"twitter:card\" content=\"summary_large_image\" \/>\n<meta name=\"twitter:label1\" content=\"Dur\u00e9e de lecture estim\u00e9e\" \/>\n\t<meta name=\"twitter:data1\" content=\"1 minute\" \/>\n<script type=\"application\/ld+json\" class=\"yoast-schema-graph\">{\"@context\":\"https:\\\/\\\/schema.org\",\"@graph\":[{\"@type\":\"WebPage\",\"@id\":\"https:\\\/\\\/omnivion.net\\\/core\\\/fr\\\/contacts\\\/reservations\\\/\",\"url\":\"https:\\\/\\\/omnivion.net\\\/core\\\/fr\\\/contacts\\\/reservations\\\/\",\"name\":\"R\u00e9servations - omnivion.net\",\"isPartOf\":{\"@id\":\"https:\\\/\\\/omnivion.net\\\/core\\\/fr\\\/#website\"},\"primaryImageOfPage\":{\"@id\":\"https:\\\/\\\/omnivion.net\\\/core\\\/fr\\\/contacts\\\/reservations\\\/#primaryimage\"},\"image\":{\"@id\":\"https:\\\/\\\/omnivion.net\\\/core\\\/fr\\\/contacts\\\/reservations\\\/#primaryimage\"},\"thumbnailUrl\":\"http:\\\/\\\/omnivion.net\\\/core\\\/wp-content\\\/uploads\\\/2014\\\/01\\\/A-maze-ing-Laughter_Chris-Huggins_CC-BY-2.0_edit-1024x378.jpg\",\"datePublished\":\"2016-01-25T19:49:54+00:00\",\"dateModified\":\"2025-12-22T12:05:37+00:00\",\"description\":\"R\u00e9servations pour les \u00e9v\u00e9nements et stages de l'association Omnivion\",\"breadcrumb\":{\"@id\":\"https:\\\/\\\/omnivion.net\\\/core\\\/fr\\\/contacts\\\/reservations\\\/#breadcrumb\"},\"inLanguage\":\"fr-FR\",\"potentialAction\":[{\"@type\":\"ReadAction\",\"target\":[\"https:\\\/\\\/omnivion.net\\\/core\\\/fr\\\/contacts\\\/reservations\\\/\"]}]},{\"@type\":\"ImageObject\",\"inLanguage\":\"fr-FR\",\"@id\":\"https:\\\/\\\/omnivion.net\\\/core\\\/fr\\\/contacts\\\/reservations\\\/#primaryimage\",\"url\":\"http:\\\/\\\/omnivion.net\\\/core\\\/wp-content\\\/uploads\\\/2014\\\/01\\\/A-maze-ing-Laughter_Chris-Huggins_CC-BY-2.0_edit-1024x378.jpg\",\"contentUrl\":\"http:\\\/\\\/omnivion.net\\\/core\\\/wp-content\\\/uploads\\\/2014\\\/01\\\/A-maze-ing-Laughter_Chris-Huggins_CC-BY-2.0_edit-1024x378.jpg\"},{\"@type\":\"BreadcrumbList\",\"@id\":\"https:\\\/\\\/omnivion.net\\\/core\\\/fr\\\/contacts\\\/reservations\\\/#breadcrumb\",\"itemListElement\":[{\"@type\":\"ListItem\",\"position\":1,\"name\":\"Accueil\",\"item\":\"https:\\\/\\\/omnivion.net\\\/core\\\/en\\\/silverstorm\\\/\"},{\"@type\":\"ListItem\",\"position\":2,\"name\":\"Contacts\",\"item\":\"https:\\\/\\\/omnivion.net\\\/core\\\/fr\\\/contacts\\\/\"},{\"@type\":\"ListItem\",\"position\":3,\"name\":\"R\u00e9servations\"}]},{\"@type\":\"WebSite\",\"@id\":\"https:\\\/\\\/omnivion.net\\\/core\\\/fr\\\/#website\",\"url\":\"https:\\\/\\\/omnivion.net\\\/core\\\/fr\\\/\",\"name\":\"omnivion.net\",\"description\":\"...ARTS D&#039;\u00caTRE CORPS...\",\"potentialAction\":[{\"@type\":\"SearchAction\",\"target\":{\"@type\":\"EntryPoint\",\"urlTemplate\":\"https:\\\/\\\/omnivion.net\\\/core\\\/fr\\\/?s={search_term_string}\"},\"query-input\":{\"@type\":\"PropertyValueSpecification\",\"valueRequired\":true,\"valueName\":\"search_term_string\"}}],\"inLanguage\":\"fr-FR\"}]}<\/script>\n<!-- \/ Yoast SEO plugin. -->","yoast_head_json":{"title":"R\u00e9servations - omnivion.net","description":"R\u00e9servations pour les \u00e9v\u00e9nements et stages de l'association Omnivion","robots":{"index":"index","follow":"follow","max-snippet":"max-snippet:-1","max-image-preview":"max-image-preview:large","max-video-preview":"max-video-preview:-1"},"canonical":"https:\/\/omnivion.net\/core\/fr\/contacts\/reservations\/","og_locale":"fr_FR","og_type":"article","og_title":"R\u00e9servations - omnivion.net","og_description":"R\u00e9servations pour les \u00e9v\u00e9nements et stages de l'association Omnivion","og_url":"https:\/\/omnivion.net\/core\/fr\/contacts\/reservations\/","og_site_name":"omnivion.net","article_modified_time":"2025-12-22T12:05:37+00:00","og_image":[{"url":"http:\/\/omnivion.net\/core\/wp-content\/uploads\/2014\/01\/A-maze-ing-Laughter_Chris-Huggins_CC-BY-2.0_edit-1024x378.jpg","type":"","width":"","height":""}],"twitter_card":"summary_large_image","twitter_misc":{"Dur\u00e9e de lecture estim\u00e9e":"1 minute"},"schema":{"@context":"https:\/\/schema.org","@graph":[{"@type":"WebPage","@id":"https:\/\/omnivion.net\/core\/fr\/contacts\/reservations\/","url":"https:\/\/omnivion.net\/core\/fr\/contacts\/reservations\/","name":"R\u00e9servations - omnivion.net","isPartOf":{"@id":"https:\/\/omnivion.net\/core\/fr\/#website"},"primaryImageOfPage":{"@id":"https:\/\/omnivion.net\/core\/fr\/contacts\/reservations\/#primaryimage"},"image":{"@id":"https:\/\/omnivion.net\/core\/fr\/contacts\/reservations\/#primaryimage"},"thumbnailUrl":"http:\/\/omnivion.net\/core\/wp-content\/uploads\/2014\/01\/A-maze-ing-Laughter_Chris-Huggins_CC-BY-2.0_edit-1024x378.jpg","datePublished":"2016-01-25T19:49:54+00:00","dateModified":"2025-12-22T12:05:37+00:00","description":"R\u00e9servations pour les \u00e9v\u00e9nements et stages de l'association Omnivion","breadcrumb":{"@id":"https:\/\/omnivion.net\/core\/fr\/contacts\/reservations\/#breadcrumb"},"inLanguage":"fr-FR","potentialAction":[{"@type":"ReadAction","target":["https:\/\/omnivion.net\/core\/fr\/contacts\/reservations\/"]}]},{"@type":"ImageObject","inLanguage":"fr-FR","@id":"https:\/\/omnivion.net\/core\/fr\/contacts\/reservations\/#primaryimage","url":"http:\/\/omnivion.net\/core\/wp-content\/uploads\/2014\/01\/A-maze-ing-Laughter_Chris-Huggins_CC-BY-2.0_edit-1024x378.jpg","contentUrl":"http:\/\/omnivion.net\/core\/wp-content\/uploads\/2014\/01\/A-maze-ing-Laughter_Chris-Huggins_CC-BY-2.0_edit-1024x378.jpg"},{"@type":"BreadcrumbList","@id":"https:\/\/omnivion.net\/core\/fr\/contacts\/reservations\/#breadcrumb","itemListElement":[{"@type":"ListItem","position":1,"name":"Accueil","item":"https:\/\/omnivion.net\/core\/en\/silverstorm\/"},{"@type":"ListItem","position":2,"name":"Contacts","item":"https:\/\/omnivion.net\/core\/fr\/contacts\/"},{"@type":"ListItem","position":3,"name":"R\u00e9servations"}]},{"@type":"WebSite","@id":"https:\/\/omnivion.net\/core\/fr\/#website","url":"https:\/\/omnivion.net\/core\/fr\/","name":"omnivion.net","description":"...ARTS D&#039;\u00caTRE CORPS...","potentialAction":[{"@type":"SearchAction","target":{"@type":"EntryPoint","urlTemplate":"https:\/\/omnivion.net\/core\/fr\/?s={search_term_string}"},"query-input":{"@type":"PropertyValueSpecification","valueRequired":true,"valueName":"search_term_string"}}],"inLanguage":"fr-FR"}]}},"jetpack_sharing_enabled":true,"jetpack_shortlink":"https:\/\/wp.me\/P2fe7Q-po","jetpack_likes_enabled":true,"_links":{"self":[{"href":"https:\/\/omnivion.net\/core\/fr\/wp-json\/wp\/v2\/pages\/1574","targetHints":{"allow":["GET"]}}],"collection":[{"href":"https:\/\/omnivion.net\/core\/fr\/wp-json\/wp\/v2\/pages"}],"about":[{"href":"https:\/\/omnivion.net\/core\/fr\/wp-json\/wp\/v2\/types\/page"}],"author":[{"embeddable":true,"href":"https:\/\/omnivion.net\/core\/fr\/wp-json\/wp\/v2\/users\/1"}],"replies":[{"embeddable":true,"href":"https:\/\/omnivion.net\/core\/fr\/wp-json\/wp\/v2\/comments?post=1574"}],"version-history":[{"count":170,"href":"https:\/\/omnivion.net\/core\/fr\/wp-json\/wp\/v2\/pages\/1574\/revisions"}],"predecessor-version":[{"id":5883,"href":"https:\/\/omnivion.net\/core\/fr\/wp-json\/wp\/v2\/pages\/1574\/revisions\/5883"}],"up":[{"embeddable":true,"href":"https:\/\/omnivion.net\/core\/fr\/wp-json\/wp\/v2\/pages\/68"}],"wp:attachment":[{"href":"https:\/\/omnivion.net\/core\/fr\/wp-json\/wp\/v2\/media?parent=1574"}],"curies":[{"name":"wp","href":"https:\/\/api.w.org\/{rel}","templated":true}]}}