{"id":1534,"date":"2015-12-30T15:25:34","date_gmt":"2015-12-30T14:25:34","guid":{"rendered":"http:\/\/omnivion.net\/core\/?page_id=1534"},"modified":"2018-09-01T12:56:47","modified_gmt":"2018-09-01T11:56:47","slug":"praxagora-nu","status":"publish","type":"page","link":"https:\/\/omnivion.net\/core\/fr\/projets\/projets-artistiques\/newtopia-3\/praxagora-nu\/","title":{"rendered":"Praxagora.nu"},"content":{"rendered":"<p><iframe loading=\"lazy\" src=\"https:\/\/player.vimeo.com\/video\/170397592\" width=\"800\" height=\"450\" frameborder=\"0\" allowfullscreen=\"allowfullscreen\"><\/iframe><\/p>\n<p><a href=\"https:\/\/vimeo.com\/170397592\">Praxagora.nu_2016_Teaser<\/a> from <a href=\"https:\/\/vimeo.com\/omnivion\">Omnivion \/ Arts d&rsquo;\u00eatre corps<\/a> on <a href=\"https:\/\/vimeo.com\">Vimeo<\/a>.<\/p>\n<p>&nbsp;<\/p>\n<p>Pi\u00e8ce de danse-th\u00e9\u00e2tre faisant partie de l&rsquo;\u00e9v\u00e9nement <strong><a href=\"http:\/\/omnivion.net\/core\/projets\/projets-artistiques\/newtopia-3\/newtopia_3-5\/\">Newtopia 3.5<\/a><\/strong>.<br \/>\nPr\u00e9sent\u00e9e le <strong>5 mai 2016, \u00e0 la Pl\u00e9iade,\u00a0154 rue de la Mairie,\u00a037520 La Riche.<br \/>\nVid\u00e9o (enti\u00e8re) : <a href=\"http:\/\/dai.ly\/x4dgrlf\">http:\/\/dai.ly\/x4dgrlf <\/a><br \/>\n<\/strong><strong>Photos :\u00a0<a href=\"https:\/\/flic.kr\/s\/aHskzHFEpw\">flic.kr\/PRAXA<\/a><\/strong><\/p>\n<p><strong>Conception \/ direction :<\/strong> Dimitri Tsiapkinis<br \/>\n<strong>Interpr\u00e8tes<\/strong> : Julien Besse, Karine Bonneau, Emilie Coud\u00e8re, Claire Gervais, Claire Guillaume, Magali Dijoux, Carl Loiseau, Bruno Morin, Rosa Pires de Matos, Quentin Perrotte, Keely Sigot.<br \/>\n<strong>Dur\u00e9e<\/strong> : ~ 50min<\/p>\n<p><strong>\u00ab\u00a0<em>Unis sont tout et non tout, convergent et divergent, consonant et dissonant; de toutes choses proc\u00e8de l\u2019un et de l&rsquo;un toutes choses.\u00a0\u00bb <\/em>H\u00e9raclite, fragment 10<\/strong><\/p>\n<p>Quelle neutopie politique pourrait proposer l\u2019humain dans les labyrinthes g\u00e9opolitiques actuels\u00a0? Est-ce que l\u2019arch\u00e9type du f\u00e9minin engendrera des m\u00e9tamorphoses sur l\u2019\u00e9volution de nos soci\u00e9t\u00e9s\u00a0? Enfin, ces questions pr\u00e9supposent que l\u2019on croit \u00e0 ce genre d\u2019arch\u00e9types psychologiques, fortement ancr\u00e9s dans la culture occidentale. <em>Praxagora.nu<\/em> est une chor\u00e9graphie th\u00e9\u00e2trale inspir\u00e9e de la com\u00e9die grecque d\u2019Aristophane \u00ab\u00a0Les Ekkl\u00e9siazouses\u00a0\u00bb (L\u2019Assembl\u00e9e des Femmes). Praxagora, en repr\u00e9sentant les femmes de sa cit\u00e9, impose-t-elle une forme de <em>dictature du f\u00e9minin<\/em> \u00e0 l\u2019image de la <em>dictature du prol\u00e9tariat<\/em> de Marx\u00a0? Ou est-ce plut\u00f4t Marx que s\u2019est inspir\u00e9 d\u2019Aristophane\u00a0? Bref, les propositions de lois qu\u2019elle fait sont dirig\u00e9es au bien-\u00eatre de tous. Enfin, presque\u2026Les amateurs de la propri\u00e9t\u00e9 priv\u00e9e ne sont pas contents du tout\u00a0; on leur impose de tout partager. Et puis, il y a l\u2019exploitation des esclaves, historiquement indissociables dans la structure soci\u00e9tale des anciens empires. Il y a eu des utopies o\u00f9 les robots rempla\u00e7aient les esclaves, mais pour le moment c\u2019est les multinationales et les accros du pouvoir qui semblent en profiter. Est-on pr\u00eats \u00e0 un nouveau paradigme\u00a0soci\u00e9tal? Comment transformer nos pulsions \u00e9gocentr\u00e9es &#8211; au moins en partie &#8211; en des forces de cr\u00e9ation <em>cosmocentr\u00e9es<\/em>\u00a0?<\/p>\n<p>La proposition chor\u00e9graphique d\u2019Omnivion ne propose pas de solutions politiques. Elle attire juste notre attention sur ces probl\u00e9matiques par l\u2019interrogation po\u00e9tique. C\u2019est une communaut\u00e9 chor\u00e9graphique qui partage ses r\u00e9flexions et ses expressivit\u00e9s sur le vivre ensemble. L\u2019\u00e9quipe s\u2019est appuy\u00e9e sur le texte d\u2019Aristophane, sur des textes personnels, sur la musique et sur l\u2019actualit\u00e9 politique pour d\u00e9velopper sa dramaturgie semi-chaotique, r\u00e9affirmant la joie de vivre et de cr\u00e9er dans ce monde o\u00f9 l\u2019ordre et le chaos ont toujours coexist\u00e9.<\/p>\n<p>&nbsp;<\/p>","protected":false},"excerpt":{"rendered":"<p>Praxagora.nu_2016_Teaser from Omnivion \/ Arts d&rsquo;\u00eatre corps on Vimeo. &nbsp; Pi\u00e8ce de danse-th\u00e9\u00e2tre [&hellip;]<\/p>\n","protected":false},"author":1,"featured_media":0,"parent":1256,"menu_order":0,"comment_status":"closed","ping_status":"closed","template":"","meta":{"jetpack_post_was_ever_published":false,"footnotes":""},"class_list":["post-1534","page","type-page","status-publish","hentry"],"yoast_head":"<!-- This site is optimized with the Yoast SEO plugin v26.8 - https:\/\/yoast.com\/product\/yoast-seo-wordpress\/ -->\n<title>Praxagora.nu - omnivion.net<\/title>\n<meta name=\"robots\" content=\"index, follow, max-snippet:-1, max-image-preview:large, max-video-preview:-1\" \/>\n<link rel=\"canonical\" href=\"https:\/\/omnivion.net\/core\/fr\/projets\/projets-artistiques\/newtopia-3\/praxagora-nu\/\" \/>\n<meta property=\"og:locale\" content=\"fr_FR\" \/>\n<meta property=\"og:type\" content=\"article\" \/>\n<meta property=\"og:title\" content=\"Praxagora.nu - omnivion.net\" \/>\n<meta property=\"og:description\" content=\"Praxagora.nu_2016_Teaser from Omnivion \/ Arts d&rsquo;\u00eatre corps on Vimeo. &nbsp; Pi\u00e8ce de danse-th\u00e9\u00e2tre [&hellip;]\" \/>\n<meta property=\"og:url\" content=\"https:\/\/omnivion.net\/core\/fr\/projets\/projets-artistiques\/newtopia-3\/praxagora-nu\/\" \/>\n<meta property=\"og:site_name\" content=\"omnivion.net\" \/>\n<meta property=\"article:modified_time\" content=\"2018-09-01T11:56:47+00:00\" \/>\n<meta name=\"twitter:card\" content=\"summary_large_image\" \/>\n<meta name=\"twitter:label1\" content=\"Dur\u00e9e de lecture estim\u00e9e\" \/>\n\t<meta name=\"twitter:data1\" content=\"4 minutes\" \/>\n<script type=\"application\/ld+json\" class=\"yoast-schema-graph\">{\"@context\":\"https:\/\/schema.org\",\"@graph\":[{\"@type\":\"WebPage\",\"@id\":\"https:\/\/omnivion.net\/core\/fr\/projets\/projets-artistiques\/newtopia-3\/praxagora-nu\/\",\"url\":\"https:\/\/omnivion.net\/core\/fr\/projets\/projets-artistiques\/newtopia-3\/praxagora-nu\/\",\"name\":\"Praxagora.nu - omnivion.net\",\"isPartOf\":{\"@id\":\"https:\/\/omnivion.net\/core\/fr\/#website\"},\"datePublished\":\"2015-12-30T14:25:34+00:00\",\"dateModified\":\"2018-09-01T11:56:47+00:00\",\"breadcrumb\":{\"@id\":\"https:\/\/omnivion.net\/core\/fr\/projets\/projets-artistiques\/newtopia-3\/praxagora-nu\/#breadcrumb\"},\"inLanguage\":\"fr-FR\",\"potentialAction\":[{\"@type\":\"ReadAction\",\"target\":[\"https:\/\/omnivion.net\/core\/fr\/projets\/projets-artistiques\/newtopia-3\/praxagora-nu\/\"]}]},{\"@type\":\"BreadcrumbList\",\"@id\":\"https:\/\/omnivion.net\/core\/fr\/projets\/projets-artistiques\/newtopia-3\/praxagora-nu\/#breadcrumb\",\"itemListElement\":[{\"@type\":\"ListItem\",\"position\":1,\"name\":\"Accueil\",\"item\":\"https:\/\/omnivion.net\/core\/en\/silverstorm\/\"},{\"@type\":\"ListItem\",\"position\":2,\"name\":\"Projets\",\"item\":\"https:\/\/omnivion.net\/core\/fr\/projets\/\"},{\"@type\":\"ListItem\",\"position\":3,\"name\":\"Projets Artistiques\",\"item\":\"https:\/\/omnivion.net\/core\/projets\/projets-artistiques\/\"},{\"@type\":\"ListItem\",\"position\":4,\"name\":\"Newtopia 3\",\"item\":\"https:\/\/omnivion.net\/core\/projets\/projets-artistiques\/newtopia-3\/\"},{\"@type\":\"ListItem\",\"position\":5,\"name\":\"Praxagora.nu\"}]},{\"@type\":\"WebSite\",\"@id\":\"https:\/\/omnivion.net\/core\/fr\/#website\",\"url\":\"https:\/\/omnivion.net\/core\/fr\/\",\"name\":\"omnivion.net\",\"description\":\"...ARTS D&#039;\u00caTRE CORPS...\",\"potentialAction\":[{\"@type\":\"SearchAction\",\"target\":{\"@type\":\"EntryPoint\",\"urlTemplate\":\"https:\/\/omnivion.net\/core\/fr\/?s={search_term_string}\"},\"query-input\":{\"@type\":\"PropertyValueSpecification\",\"valueRequired\":true,\"valueName\":\"search_term_string\"}}],\"inLanguage\":\"fr-FR\"}]}<\/script>\n<!-- \/ Yoast SEO plugin. -->","yoast_head_json":{"title":"Praxagora.nu - omnivion.net","robots":{"index":"index","follow":"follow","max-snippet":"max-snippet:-1","max-image-preview":"max-image-preview:large","max-video-preview":"max-video-preview:-1"},"canonical":"https:\/\/omnivion.net\/core\/fr\/projets\/projets-artistiques\/newtopia-3\/praxagora-nu\/","og_locale":"fr_FR","og_type":"article","og_title":"Praxagora.nu - omnivion.net","og_description":"Praxagora.nu_2016_Teaser from Omnivion \/ Arts d&rsquo;\u00eatre corps on Vimeo. &nbsp; Pi\u00e8ce de danse-th\u00e9\u00e2tre [&hellip;]","og_url":"https:\/\/omnivion.net\/core\/fr\/projets\/projets-artistiques\/newtopia-3\/praxagora-nu\/","og_site_name":"omnivion.net","article_modified_time":"2018-09-01T11:56:47+00:00","twitter_card":"summary_large_image","twitter_misc":{"Dur\u00e9e de lecture estim\u00e9e":"4 minutes"},"schema":{"@context":"https:\/\/schema.org","@graph":[{"@type":"WebPage","@id":"https:\/\/omnivion.net\/core\/fr\/projets\/projets-artistiques\/newtopia-3\/praxagora-nu\/","url":"https:\/\/omnivion.net\/core\/fr\/projets\/projets-artistiques\/newtopia-3\/praxagora-nu\/","name":"Praxagora.nu - omnivion.net","isPartOf":{"@id":"https:\/\/omnivion.net\/core\/fr\/#website"},"datePublished":"2015-12-30T14:25:34+00:00","dateModified":"2018-09-01T11:56:47+00:00","breadcrumb":{"@id":"https:\/\/omnivion.net\/core\/fr\/projets\/projets-artistiques\/newtopia-3\/praxagora-nu\/#breadcrumb"},"inLanguage":"fr-FR","potentialAction":[{"@type":"ReadAction","target":["https:\/\/omnivion.net\/core\/fr\/projets\/projets-artistiques\/newtopia-3\/praxagora-nu\/"]}]},{"@type":"BreadcrumbList","@id":"https:\/\/omnivion.net\/core\/fr\/projets\/projets-artistiques\/newtopia-3\/praxagora-nu\/#breadcrumb","itemListElement":[{"@type":"ListItem","position":1,"name":"Accueil","item":"https:\/\/omnivion.net\/core\/en\/silverstorm\/"},{"@type":"ListItem","position":2,"name":"Projets","item":"https:\/\/omnivion.net\/core\/fr\/projets\/"},{"@type":"ListItem","position":3,"name":"Projets Artistiques","item":"https:\/\/omnivion.net\/core\/projets\/projets-artistiques\/"},{"@type":"ListItem","position":4,"name":"Newtopia 3","item":"https:\/\/omnivion.net\/core\/projets\/projets-artistiques\/newtopia-3\/"},{"@type":"ListItem","position":5,"name":"Praxagora.nu"}]},{"@type":"WebSite","@id":"https:\/\/omnivion.net\/core\/fr\/#website","url":"https:\/\/omnivion.net\/core\/fr\/","name":"omnivion.net","description":"...ARTS D&#039;\u00caTRE CORPS...","potentialAction":[{"@type":"SearchAction","target":{"@type":"EntryPoint","urlTemplate":"https:\/\/omnivion.net\/core\/fr\/?s={search_term_string}"},"query-input":{"@type":"PropertyValueSpecification","valueRequired":true,"valueName":"search_term_string"}}],"inLanguage":"fr-FR"}]}},"jetpack_sharing_enabled":true,"jetpack_shortlink":"https:\/\/wp.me\/P2fe7Q-oK","jetpack_likes_enabled":true,"_links":{"self":[{"href":"https:\/\/omnivion.net\/core\/fr\/wp-json\/wp\/v2\/pages\/1534","targetHints":{"allow":["GET"]}}],"collection":[{"href":"https:\/\/omnivion.net\/core\/fr\/wp-json\/wp\/v2\/pages"}],"about":[{"href":"https:\/\/omnivion.net\/core\/fr\/wp-json\/wp\/v2\/types\/page"}],"author":[{"embeddable":true,"href":"https:\/\/omnivion.net\/core\/fr\/wp-json\/wp\/v2\/users\/1"}],"replies":[{"embeddable":true,"href":"https:\/\/omnivion.net\/core\/fr\/wp-json\/wp\/v2\/comments?post=1534"}],"version-history":[{"count":10,"href":"https:\/\/omnivion.net\/core\/fr\/wp-json\/wp\/v2\/pages\/1534\/revisions"}],"predecessor-version":[{"id":2882,"href":"https:\/\/omnivion.net\/core\/fr\/wp-json\/wp\/v2\/pages\/1534\/revisions\/2882"}],"up":[{"embeddable":true,"href":"https:\/\/omnivion.net\/core\/fr\/wp-json\/wp\/v2\/pages\/1256"}],"wp:attachment":[{"href":"https:\/\/omnivion.net\/core\/fr\/wp-json\/wp\/v2\/media?parent=1534"}],"curies":[{"name":"wp","href":"https:\/\/api.w.org\/{rel}","templated":true}]}}