{"id":1383,"date":"2015-08-19T22:51:39","date_gmt":"2015-08-19T21:51:39","guid":{"rendered":"http:\/\/www.omnivion.net\/core\/?page_id=1383"},"modified":"2024-01-20T20:36:31","modified_gmt":"2024-01-20T19:36:31","slug":"mooneaters","status":"publish","type":"page","link":"https:\/\/omnivion.net\/core\/fr\/projets\/projets-artistiques\/newtopia-3\/mooneaters\/","title":{"rendered":"Moon Eaters"},"content":{"rendered":"<p><iframe loading=\"lazy\" src=\"https:\/\/www.youtube.com\/embed\/nwc7yCDNMw4\" width=\"800\" height=\"450\" frameborder=\"0\" allowfullscreen=\"allowfullscreen\"><\/iframe>.<\/p>\n<p><a href=\"https:\/\/vimeo.com\/170308483\">Moon Eaters (2015)<\/a> d&rsquo;<a href=\"https:\/\/vimeo.com\/omnivion\">Omnivion \/ Arts d&rsquo;\u00eatre corps<\/a> sur Youtube<\/p>\n<p>&nbsp;<\/p>\n<h1>Moon eaters<\/h1>\n<p>Performance cr\u00e9\u00e9 en partenariat avec le d\u00e9partement danse de l&rsquo;Universit\u00e9 St.John de York (R.U.), int\u00e9gr\u00e9e dans le projet global\u00a0Newtopia 3. La premi\u00e8re\u00a0a \u00e9t\u00e9 pr\u00e9sent\u00e9 le\u00a010 d\u00e9cembre \u00e0 YSJU, York, Royaume Uni. Le nom du groupe de danseurs professionnels en devenir est <strong><a href=\"http:\/\/www.flighteffect.co.uk\/\">Flight Effect Dance<\/a><\/strong>!<\/p>\n<p><strong>Le teaser vid\u00e9o :\u00a0<a href=\"https:\/\/youtu.be\/nwc7yCDNMw4\" target=\"_blank\" rel=\"noopener\">Moon eaters sur youtube<\/a>&#8230;<br \/>\nPhotos :\u00a0<a href=\"https:\/\/flic.kr\/s\/aHskAN9q2o\">flic.kr\/MOON<\/a><br \/>\n<\/strong><\/p>\n<p>Folie: jusqu&rsquo;\u00e0 quel point\u00a0les sympt\u00f4mes d&rsquo;une perte d&rsquo;int\u00e9grit\u00e9 psychique sont des signes d&rsquo;un contexte social dysfonctionnel? Avons-nous tendance \u00e0 juger les gens avec des psychopathologies comme trop faibles pour faire face \u00e0 la r\u00e9alit\u00e9? De quoi avons nous peur lorsqu&rsquo;on perd le \u00ab\u00a0contr\u00f4le\u00a0\u00bb?\u00a0\u00a0Comment les comportements d\u00e9viants sont-ils trait\u00e9es dans d&rsquo;autres cultures? Comment se ressourcer dans ses \u00ab\u00a0folies\u00a0\u00bb?<\/p>\n<p><strong>Conception \/ direction :<\/strong> <a href=\"http:\/\/omnivion.net\/core\/team\/dimitrios-tsiapkinis\/\">Dimitri Tsiapkinis<\/a><\/p>\n<p><strong>Danse\u00a0\/<\/strong> \u00e9tudiantes en\u00a0danse en fin de formation de l&rsquo;Universit\u00e9 St.John de York :\u00a0Hannah Almond,\u00a0Sophie\u00a0 Cox,\u00a0Logan\u00a0\u00a0\u00a0 Davenport,\u00a0Helen Dearden,\u00a0Chloe King,\u00a0Shannen Midgley,\u00a0Stephanie Needley,\u00a0Ellie Noyce,\u00a0Louise Oldfield,\u00a0Stephanie Roberts,\u00a0Jessica\u00a0 Scott,\u00a0Paige Sharrock,\u00a0Eleanor Siddall,\u00a0Eleanor Smith. Accompagn\u00e9es par leur professeur Nicola Forshaw (Nicola Mirfin)<\/p>\n<p><strong>Dur\u00e9e :<\/strong> 30 min<\/p>\n<p><strong>Contenu : <\/strong><\/p>\n<p>Interrogation de la coh\u00e9sion sociale, la singularit\u00e9 ou singularit\u00e9 extr\u00eame aux fronti\u00e8res du socialement acceptable. Cependant, chercher \u00e0 regagner acc\u00e8s \u00e0 la responsabilit\u00e9 locale: l&rsquo;avenir est \u00e0 nous &#8230; Pourquoi suis-je sur sc\u00e8ne? Pour vous (ou me) distraire? Pour \u00e9lucider? Pour (re-) transmettre du contenu esth\u00e9tique? Comment puis-je partager l&rsquo;espace-temps avec vous? Quand dois-je m\u2019effacer de sorte que vous pouvez mieux apparaitre? Lorsque la folie est une force au lieu d\u2019un \u00abtrouble\u00bb?<\/p>\n<p><em>Mangeuses de lune<\/em> \u00e9tait un double d\u00e9fi. Parvenir \u00e0 une performance artistique tout en consid\u00e9rant la dimension \u00e9ducative pour les \u00e9tudiantes bient\u00f4t dipl\u00f4m\u00e9es de danse.<\/p>\n<p>Le concept de base a \u00e9t\u00e9 associ\u00e9 \u00e0 la s\u00e9rie de performances Newtopia : promotion de la cr\u00e9ativit\u00e9 artistique et sociale gr\u00e2ce \u00e0 l&rsquo;intelligence kinesth\u00e9sique, la solidarit\u00e9 et l&rsquo;engagement social. Comme Newtopia 2 et 3 ont \u00e9t\u00e9 fortement associ\u00e9s \u00e0 la maladie mentale, nous avons pens\u00e9 partager notre questionnement philosophique sur la folie, avec les jeunes danseuses de l&rsquo;Universit\u00e9 Saint John.<\/p>\n<p>Pourquoi mangeuses de Lune\u00a0?<\/p>\n<p>Lune: La lune a \u00e9t\u00e9 associ\u00e9e \u00e0 des \u00e9tats extatiques, \u00e0 l&rsquo;arch\u00e9type f\u00e9minin (pas partout), le monde du r\u00eave. Bien que, la science r\u00e9fute ces ph\u00e9nom\u00e8nes comme des constructions culturelles sans preuve tangible, les artistes ont l&rsquo;avantage de l&rsquo;exp\u00e9rimentation esth\u00e9tique et po\u00e9tique, tout en mettant \u00e0 l\u2019\u00e9preuve les diff\u00e9rentes \u00abv\u00e9rit\u00e9s\u00bb scientifiques, sociales et morales.<\/p>\n<p>Mangeuses: parce que j\u2019avais besoin d&rsquo;une alternative \u00e0 Luni, pluriel de Lunus se r\u00e9f\u00e9rant \u00e0 la \u00ablune ador\u00e9 comme un homme\u00a0\u00bb; bien qu&rsquo;il y ait un lien valide \u00e0 Lunus, Luni semblait avoir un sens n\u00e9gatif dans la soci\u00e9t\u00e9 britannique et aurait d\u00e9form\u00e9 la v\u00e9ritable intention artistique. Alors, pendant notre recherche, on a trouv\u00e9 un photomontage (creative commons) de la lune ayant \u00e9t\u00e9 mordue et on a pens\u00e9 qu&rsquo;il \u00e9tait en r\u00e9sonance avec le contenu de la pi\u00e8ce.<\/p>\n<p>Les \u00e9tudiantes ont particip\u00e9 activement \u00e0 la construction du contenu chor\u00e9graphique avec du mouvement, des textes et des suggestions dramaturgiques.<\/p>\n<p>&nbsp;<\/p>\n<p><strong>&lt;&lt;&lt;&lt;Photos des r\u00e9p\u00e9titions et du spectacle en Angleterre :<\/strong> <strong><a href=\"https:\/\/www.flickr.com\/photos\/127676311@N07\/sets\/72157659804144573\" target=\"_blank\" rel=\"noopener\">Flickr \/ Moon Eaters<\/a>&gt;&gt;&gt;&gt;<\/strong><\/p>\n<p>&nbsp;<\/p>\n<p><strong>Tourn\u00e9e :<\/strong><\/p>\n<p>8 mars : Haddersfield (UK)<\/p>\n<p>14 mars 2016 :\u00a0Selby college\u00a0(UK)<\/p>\n<p>17 mars 2016 : Joseph Rowntree High School\u00a0(UK)<\/p>\n<p>15 avril\u00a02016\u00a0:\u00a0Oldham college\u00a0(UK)<\/p>\n<p>4 mai 2016 : <a href=\"http:\/\/omnivion.net\/core\/projets\/projets-artistiques\/newtopia-3\/newtopia_3-5\/\">Newtopia 3.5<\/a> \/ Pl\u00e9iade, La Riche (France)<\/p>\n<p>6 mai 2016 : <a href=\"http:\/\/www.yorkshiredance.com\/burst\">Yorkshire Dance<\/a>, Leeds (UK)<\/p>\n<p>18 mai 2016 : <a href=\"http:\/\/www.yorksj.ac.uk\/arts\/faculty-of-arts\/create14\/dance\/dance-students.aspx\" target=\"_blank\" rel=\"noopener\">Create16, Blink 2<\/a> \/ York (UK)<\/p>\n<p>20 mai 2016 : <a href=\"https:\/\/www.eventbrite.co.uk\/e\/create-dance-trail-tickets-23096677785\" target=\"_blank\" rel=\"noopener\">Create Dance Trail<\/a> \/ York (UK)<\/p>\n<p>&nbsp;<\/p>\n<p>&nbsp;<\/p>\n<p>&nbsp;<\/p>\n<h2><\/h2>\n<p><\/p>","protected":false},"excerpt":{"rendered":"<p>. Moon Eaters (2015) d&rsquo;Omnivion \/ Arts d&rsquo;\u00eatre corps sur Youtube &nbsp; Moon [&hellip;]<\/p>\n","protected":false},"author":1,"featured_media":0,"parent":1256,"menu_order":0,"comment_status":"closed","ping_status":"closed","template":"","meta":{"jetpack_post_was_ever_published":false,"footnotes":""},"class_list":["post-1383","page","type-page","status-publish","hentry"],"yoast_head":"<!-- This site is optimized with the Yoast SEO plugin v26.8 - https:\/\/yoast.com\/product\/yoast-seo-wordpress\/ -->\n<title>Moon Eaters - omnivion.net<\/title>\n<meta name=\"robots\" content=\"index, follow, max-snippet:-1, max-image-preview:large, max-video-preview:-1\" \/>\n<link rel=\"canonical\" href=\"https:\/\/omnivion.net\/core\/fr\/projets\/projets-artistiques\/newtopia-3\/mooneaters\/\" \/>\n<meta property=\"og:locale\" content=\"fr_FR\" \/>\n<meta property=\"og:type\" content=\"article\" \/>\n<meta property=\"og:title\" content=\"Moon Eaters - omnivion.net\" \/>\n<meta property=\"og:description\" content=\". Moon Eaters (2015) d&rsquo;Omnivion \/ Arts d&rsquo;\u00eatre corps sur Youtube &nbsp; Moon [&hellip;]\" \/>\n<meta property=\"og:url\" content=\"https:\/\/omnivion.net\/core\/fr\/projets\/projets-artistiques\/newtopia-3\/mooneaters\/\" \/>\n<meta property=\"og:site_name\" content=\"omnivion.net\" \/>\n<meta property=\"article:modified_time\" content=\"2024-01-20T19:36:31+00:00\" \/>\n<meta name=\"twitter:card\" content=\"summary_large_image\" \/>\n<meta name=\"twitter:label1\" content=\"Dur\u00e9e de lecture estim\u00e9e\" \/>\n\t<meta name=\"twitter:data1\" content=\"3 minutes\" \/>\n<script type=\"application\/ld+json\" class=\"yoast-schema-graph\">{\"@context\":\"https:\/\/schema.org\",\"@graph\":[{\"@type\":\"WebPage\",\"@id\":\"https:\/\/omnivion.net\/core\/fr\/projets\/projets-artistiques\/newtopia-3\/mooneaters\/\",\"url\":\"https:\/\/omnivion.net\/core\/fr\/projets\/projets-artistiques\/newtopia-3\/mooneaters\/\",\"name\":\"Moon Eaters - omnivion.net\",\"isPartOf\":{\"@id\":\"https:\/\/omnivion.net\/core\/fr\/#website\"},\"datePublished\":\"2015-08-19T21:51:39+00:00\",\"dateModified\":\"2024-01-20T19:36:31+00:00\",\"breadcrumb\":{\"@id\":\"https:\/\/omnivion.net\/core\/fr\/projets\/projets-artistiques\/newtopia-3\/mooneaters\/#breadcrumb\"},\"inLanguage\":\"fr-FR\",\"potentialAction\":[{\"@type\":\"ReadAction\",\"target\":[\"https:\/\/omnivion.net\/core\/fr\/projets\/projets-artistiques\/newtopia-3\/mooneaters\/\"]}]},{\"@type\":\"BreadcrumbList\",\"@id\":\"https:\/\/omnivion.net\/core\/fr\/projets\/projets-artistiques\/newtopia-3\/mooneaters\/#breadcrumb\",\"itemListElement\":[{\"@type\":\"ListItem\",\"position\":1,\"name\":\"Accueil\",\"item\":\"https:\/\/omnivion.net\/core\/en\/silverstorm\/\"},{\"@type\":\"ListItem\",\"position\":2,\"name\":\"Projets\",\"item\":\"https:\/\/omnivion.net\/core\/fr\/projets\/\"},{\"@type\":\"ListItem\",\"position\":3,\"name\":\"Projets Artistiques\",\"item\":\"https:\/\/omnivion.net\/core\/projets\/projets-artistiques\/\"},{\"@type\":\"ListItem\",\"position\":4,\"name\":\"Newtopia 3\",\"item\":\"https:\/\/omnivion.net\/core\/projets\/projets-artistiques\/newtopia-3\/\"},{\"@type\":\"ListItem\",\"position\":5,\"name\":\"Moon Eaters\"}]},{\"@type\":\"WebSite\",\"@id\":\"https:\/\/omnivion.net\/core\/fr\/#website\",\"url\":\"https:\/\/omnivion.net\/core\/fr\/\",\"name\":\"omnivion.net\",\"description\":\"...ARTS D&#039;\u00caTRE CORPS...\",\"potentialAction\":[{\"@type\":\"SearchAction\",\"target\":{\"@type\":\"EntryPoint\",\"urlTemplate\":\"https:\/\/omnivion.net\/core\/fr\/?s={search_term_string}\"},\"query-input\":{\"@type\":\"PropertyValueSpecification\",\"valueRequired\":true,\"valueName\":\"search_term_string\"}}],\"inLanguage\":\"fr-FR\"}]}<\/script>\n<!-- \/ Yoast SEO plugin. -->","yoast_head_json":{"title":"Moon Eaters - omnivion.net","robots":{"index":"index","follow":"follow","max-snippet":"max-snippet:-1","max-image-preview":"max-image-preview:large","max-video-preview":"max-video-preview:-1"},"canonical":"https:\/\/omnivion.net\/core\/fr\/projets\/projets-artistiques\/newtopia-3\/mooneaters\/","og_locale":"fr_FR","og_type":"article","og_title":"Moon Eaters - omnivion.net","og_description":". Moon Eaters (2015) d&rsquo;Omnivion \/ Arts d&rsquo;\u00eatre corps sur Youtube &nbsp; Moon [&hellip;]","og_url":"https:\/\/omnivion.net\/core\/fr\/projets\/projets-artistiques\/newtopia-3\/mooneaters\/","og_site_name":"omnivion.net","article_modified_time":"2024-01-20T19:36:31+00:00","twitter_card":"summary_large_image","twitter_misc":{"Dur\u00e9e de lecture estim\u00e9e":"3 minutes"},"schema":{"@context":"https:\/\/schema.org","@graph":[{"@type":"WebPage","@id":"https:\/\/omnivion.net\/core\/fr\/projets\/projets-artistiques\/newtopia-3\/mooneaters\/","url":"https:\/\/omnivion.net\/core\/fr\/projets\/projets-artistiques\/newtopia-3\/mooneaters\/","name":"Moon Eaters - omnivion.net","isPartOf":{"@id":"https:\/\/omnivion.net\/core\/fr\/#website"},"datePublished":"2015-08-19T21:51:39+00:00","dateModified":"2024-01-20T19:36:31+00:00","breadcrumb":{"@id":"https:\/\/omnivion.net\/core\/fr\/projets\/projets-artistiques\/newtopia-3\/mooneaters\/#breadcrumb"},"inLanguage":"fr-FR","potentialAction":[{"@type":"ReadAction","target":["https:\/\/omnivion.net\/core\/fr\/projets\/projets-artistiques\/newtopia-3\/mooneaters\/"]}]},{"@type":"BreadcrumbList","@id":"https:\/\/omnivion.net\/core\/fr\/projets\/projets-artistiques\/newtopia-3\/mooneaters\/#breadcrumb","itemListElement":[{"@type":"ListItem","position":1,"name":"Accueil","item":"https:\/\/omnivion.net\/core\/en\/silverstorm\/"},{"@type":"ListItem","position":2,"name":"Projets","item":"https:\/\/omnivion.net\/core\/fr\/projets\/"},{"@type":"ListItem","position":3,"name":"Projets Artistiques","item":"https:\/\/omnivion.net\/core\/projets\/projets-artistiques\/"},{"@type":"ListItem","position":4,"name":"Newtopia 3","item":"https:\/\/omnivion.net\/core\/projets\/projets-artistiques\/newtopia-3\/"},{"@type":"ListItem","position":5,"name":"Moon Eaters"}]},{"@type":"WebSite","@id":"https:\/\/omnivion.net\/core\/fr\/#website","url":"https:\/\/omnivion.net\/core\/fr\/","name":"omnivion.net","description":"...ARTS D&#039;\u00caTRE CORPS...","potentialAction":[{"@type":"SearchAction","target":{"@type":"EntryPoint","urlTemplate":"https:\/\/omnivion.net\/core\/fr\/?s={search_term_string}"},"query-input":{"@type":"PropertyValueSpecification","valueRequired":true,"valueName":"search_term_string"}}],"inLanguage":"fr-FR"}]}},"jetpack_sharing_enabled":true,"jetpack_shortlink":"https:\/\/wp.me\/P2fe7Q-mj","jetpack_likes_enabled":true,"_links":{"self":[{"href":"https:\/\/omnivion.net\/core\/fr\/wp-json\/wp\/v2\/pages\/1383","targetHints":{"allow":["GET"]}}],"collection":[{"href":"https:\/\/omnivion.net\/core\/fr\/wp-json\/wp\/v2\/pages"}],"about":[{"href":"https:\/\/omnivion.net\/core\/fr\/wp-json\/wp\/v2\/types\/page"}],"author":[{"embeddable":true,"href":"https:\/\/omnivion.net\/core\/fr\/wp-json\/wp\/v2\/users\/1"}],"replies":[{"embeddable":true,"href":"https:\/\/omnivion.net\/core\/fr\/wp-json\/wp\/v2\/comments?post=1383"}],"version-history":[{"count":29,"href":"https:\/\/omnivion.net\/core\/fr\/wp-json\/wp\/v2\/pages\/1383\/revisions"}],"predecessor-version":[{"id":5245,"href":"https:\/\/omnivion.net\/core\/fr\/wp-json\/wp\/v2\/pages\/1383\/revisions\/5245"}],"up":[{"embeddable":true,"href":"https:\/\/omnivion.net\/core\/fr\/wp-json\/wp\/v2\/pages\/1256"}],"wp:attachment":[{"href":"https:\/\/omnivion.net\/core\/fr\/wp-json\/wp\/v2\/media?parent=1383"}],"curies":[{"name":"wp","href":"https:\/\/api.w.org\/{rel}","templated":true}]}}