{"id":1375,"date":"2015-08-19T16:23:11","date_gmt":"2015-08-19T15:23:11","guid":{"rendered":"http:\/\/www.omnivion.net\/core\/?page_id=1375"},"modified":"2024-01-20T20:15:37","modified_gmt":"2024-01-20T19:15:37","slug":"newtopia-3-4","status":"publish","type":"page","link":"https:\/\/omnivion.net\/core\/fr\/projets\/projets-artistiques\/newtopia-3\/newtopia-3-4\/","title":{"rendered":"Newtopia 3.4"},"content":{"rendered":"<p><div id=\"attachment_1376\" style=\"width: 810px\" class=\"wp-caption alignnone\"><a href=\"https:\/\/i0.wp.com\/www.omnivion.net\/core\/wp-content\/uploads\/2015\/08\/DSC02676b_web.jpg\"><img data-recalc-dims=\"1\" loading=\"lazy\" decoding=\"async\" aria-describedby=\"caption-attachment-1376\" class=\"size-full wp-image-1376\" src=\"https:\/\/i0.wp.com\/www.omnivion.net\/core\/wp-content\/uploads\/2015\/08\/DSC02676b_web.jpg?resize=800%2C373\" alt=\"Newtopi 2.3 \u00e0 la Psy B \/ Trousseau\" width=\"800\" height=\"373\" srcset=\"https:\/\/i0.wp.com\/omnivion.net\/core\/wp-content\/uploads\/2015\/08\/DSC02676b_web.jpg?w=800&amp;ssl=1 800w, https:\/\/i0.wp.com\/omnivion.net\/core\/wp-content\/uploads\/2015\/08\/DSC02676b_web.jpg?resize=300%2C140&amp;ssl=1 300w\" sizes=\"auto, (max-width: 800px) 100vw, 800px\" \/><\/a><p id=\"caption-attachment-1376\" class=\"wp-caption-text\">Photo de Newtopia 2.3 (2014)<\/p><\/div><\/p>\n<h1>Newtopia 3.4<\/h1>\n<p>Quatri\u00e8me\u00a0volet de <strong><a href=\"http:\/\/www.omnivion.net\/core\/projets\/projets-artistiques\/newtopia-3\/\">Newtopia 3<\/a><\/strong>\u00a0au CHRU de Tours (Brettonneau et Trousseau), le 2 et 5\u00a0d\u00e9cembre 2015, avec des membres de l&rsquo;association Omnivion, et le public du CHU.<br \/>\n<strong>ATTENTION :<\/strong> ce n&rsquo;est pas une performance publique. C&rsquo;est uniquement \u00e0 l&rsquo;attention du public de l&rsquo;H\u00f4pital pour des raisons de s\u00e9curit\u00e9 et pour le bon fonctionnement des diff\u00e9rents services.<\/p>\n<p><strong>Au programme :<\/strong><\/p>\n<p>2 d\u00e9cembre, \u00e0 14H dans la grande Hall de l&rsquo;H\u00f4pital Bretonneau.<\/p>\n<p>5 d\u00e9cembre, \u00e0 15H dans la caf\u00e9t\u00e9ria du service psychiatrique A, \u00e0 l&rsquo;H\u00f4pital Trousseau.<\/p>\n<ul>\n<li style=\"list-style-type: none;\">\n<ul>\n<li>\n<h2>Improvisation libres<\/h2>\n<p><strong>Performances de danse<\/strong> inspir\u00e9s du travail fait pendant les ateliers de danse<strong> Indigo, <\/strong>adress\u00e9 aux soignants et patients de l&rsquo;H\u00f4pital. D\u00e9ambulations chor\u00e9graphiques et\/ou expositions d&rsquo;\u00ab\u00c9tats de corps\u00bb dans l&rsquo;enceinte des H\u00f4pitaux Bretonneau, Trousseau Service psychiatrie et \u00e0 la Chevalerie.<\/p>\n<p>Interpr\u00e8tes : Emilie Coud\u00e8re, Didier Cechella, Magali Dijoux, Claire Guillaume, Bruno Morin, Rosa Pires de Matos, Keely Sigot, Dimitri Tsiapkinis, S\u00e9verine Waeber et l\u2019\u00e9quipe Indigo.<\/p>\n<ul>\n<li>\n<h3>NOS PARTENAIRES :<\/h3>\n<p><strong><a href=\"http:\/\/www.chu-tours.fr\/\" target=\"_blank\" rel=\"noopener\">CHU de Tours<\/a>, <a href=\"http:\/\/www.ciemawguerite.com\/\" target=\"_blank\" rel=\"noopener\">Association MAWGUERITE<\/a>, <a href=\"http:\/\/lesarpentsdart.fr\/cms\/\" target=\"_blank\" rel=\"noopener\">ARPENTS D&rsquo;ART<\/a>, <a href=\"http:\/\/chapellesainteanne.com\/\" target=\"_blank\" rel=\"noopener\">CHAPELLE SAINT ANNE<\/a><\/strong><\/li>\n<li>\n<h3>NOS FINANCEURS\u00a0:<\/h3>\n<\/li>\n<\/ul>\n<\/li>\n<\/ul>\n<\/li>\n<\/ul>\n<p><a href=\"https:\/\/i0.wp.com\/www.omnivion.net\/core\/wp-content\/uploads\/2014\/08\/640px-CHRU_logo_RVB.jpg\"><img data-recalc-dims=\"1\" loading=\"lazy\" decoding=\"async\" class=\"alignnone size-large wp-image-1094\" src=\"https:\/\/i0.wp.com\/www.omnivion.net\/core\/wp-content\/uploads\/2014\/08\/640px-CHRU_logo_RVB.jpg?resize=1%2C1\" alt=\"640px-CHRU_logo_RVB\" width=\"1\" height=\"1\" srcset=\"https:\/\/i0.wp.com\/omnivion.net\/core\/wp-content\/uploads\/2014\/08\/640px-CHRU_logo_RVB.jpg?w=640&amp;ssl=1 640w, https:\/\/i0.wp.com\/omnivion.net\/core\/wp-content\/uploads\/2014\/08\/640px-CHRU_logo_RVB.jpg?resize=150%2C150&amp;ssl=1 150w, https:\/\/i0.wp.com\/omnivion.net\/core\/wp-content\/uploads\/2014\/08\/640px-CHRU_logo_RVB.jpg?resize=300%2C155&amp;ssl=1 300w\" sizes=\"auto, (max-width: 1px) 100vw, 1px\" \/><\/a> <a href=\"https:\/\/i0.wp.com\/www.omnivion.net\/core\/wp-content\/uploads\/2014\/08\/logo-DRAC-Centre-23-11_imagelarge.jpg\"><img data-recalc-dims=\"1\" loading=\"lazy\" decoding=\"async\" class=\"alignnone size-medium wp-image-1093\" src=\"https:\/\/i0.wp.com\/www.omnivion.net\/core\/wp-content\/uploads\/2014\/08\/logo-DRAC-Centre-23-11_imagelarge-211x300.jpg?resize=191%2C267\" alt=\"logo-DRAC-Centre-23-11_imagelarge\" width=\"191\" height=\"267\" \/><\/a>\u00a0\u00a0 \u00a0\u00a0 <a href=\"https:\/\/i0.wp.com\/www.omnivion.net\/core\/wp-content\/uploads\/2014\/08\/ARS_centre_124_71.gif\"> <img data-recalc-dims=\"1\" loading=\"lazy\" decoding=\"async\" class=\"alignnone size-full wp-image-1095\" src=\"https:\/\/i0.wp.com\/www.omnivion.net\/core\/wp-content\/uploads\/2014\/08\/ARS_centre_124_71.gif?resize=124%2C71\" alt=\"ARS_centre_124_71\" width=\"124\" height=\"71\" \/><\/a> \u00a0 \u00a0 \u00a0 \u00a0 \u00a0 <a href=\"https:\/\/i0.wp.com\/www.omnivion.net\/core\/wp-content\/uploads\/2014\/08\/640px-CHRU_logo_RVB.jpg\"><img data-recalc-dims=\"1\" loading=\"lazy\" decoding=\"async\" class=\"alignnone size-medium wp-image-1094\" src=\"https:\/\/i0.wp.com\/www.omnivion.net\/core\/wp-content\/uploads\/2014\/08\/640px-CHRU_logo_RVB-300x155.jpg?resize=260%2C134\" alt=\"640px-CHRU_logo_RVB\" width=\"260\" height=\"134\" srcset=\"https:\/\/i0.wp.com\/omnivion.net\/core\/wp-content\/uploads\/2014\/08\/640px-CHRU_logo_RVB.jpg?resize=300%2C155&amp;ssl=1 300w, https:\/\/i0.wp.com\/omnivion.net\/core\/wp-content\/uploads\/2014\/08\/640px-CHRU_logo_RVB.jpg?w=640&amp;ssl=1 640w\" sizes=\"auto, (max-width: 260px) 100vw, 260px\" \/><\/a>\u00a0 \u00a0\u00a0<a href=\"https:\/\/i0.wp.com\/omnivion.net\/core\/wp-content\/uploads\/2015\/10\/la-riche.png\"><img data-recalc-dims=\"1\" loading=\"lazy\" decoding=\"async\" class=\"alignnone wp-image-1394\" src=\"https:\/\/i0.wp.com\/omnivion.net\/core\/wp-content\/uploads\/2015\/10\/la-riche.png?resize=224%2C224\" alt=\"la-riche\" width=\"224\" height=\"224\" srcset=\"https:\/\/i0.wp.com\/omnivion.net\/core\/wp-content\/uploads\/2015\/10\/la-riche.png?w=500&amp;ssl=1 500w, https:\/\/i0.wp.com\/omnivion.net\/core\/wp-content\/uploads\/2015\/10\/la-riche.png?resize=150%2C150&amp;ssl=1 150w, https:\/\/i0.wp.com\/omnivion.net\/core\/wp-content\/uploads\/2015\/10\/la-riche.png?resize=300%2C300&amp;ssl=1 300w\" sizes=\"auto, (max-width: 224px) 100vw, 224px\" \/><\/a><\/p>\n<h2><strong>et les ARPENTS d&rsquo;ART.<\/strong><\/h2>\n<p><\/p>","protected":false},"excerpt":{"rendered":"<p>Newtopia 3.4 Quatri\u00e8me\u00a0volet de Newtopia 3\u00a0au CHRU de Tours (Brettonneau et Trousseau), le [&hellip;]<\/p>\n","protected":false},"author":1,"featured_media":0,"parent":1256,"menu_order":0,"comment_status":"closed","ping_status":"closed","template":"","meta":{"jetpack_post_was_ever_published":false,"footnotes":""},"class_list":["post-1375","page","type-page","status-publish","hentry"],"yoast_head":"<!-- This site is optimized with the Yoast SEO plugin v26.8 - https:\/\/yoast.com\/product\/yoast-seo-wordpress\/ -->\n<title>Newtopia 3.4 - omnivion.net<\/title>\n<meta name=\"robots\" content=\"index, follow, max-snippet:-1, max-image-preview:large, max-video-preview:-1\" \/>\n<link rel=\"canonical\" href=\"https:\/\/omnivion.net\/core\/fr\/projets\/projets-artistiques\/newtopia-3\/newtopia-3-4\/\" \/>\n<meta property=\"og:locale\" content=\"fr_FR\" \/>\n<meta property=\"og:type\" content=\"article\" \/>\n<meta property=\"og:title\" content=\"Newtopia 3.4 - omnivion.net\" \/>\n<meta property=\"og:description\" content=\"Newtopia 3.4 Quatri\u00e8me\u00a0volet de Newtopia 3\u00a0au CHRU de Tours (Brettonneau et Trousseau), le [&hellip;]\" \/>\n<meta property=\"og:url\" content=\"https:\/\/omnivion.net\/core\/fr\/projets\/projets-artistiques\/newtopia-3\/newtopia-3-4\/\" \/>\n<meta property=\"og:site_name\" content=\"omnivion.net\" \/>\n<meta property=\"article:modified_time\" content=\"2024-01-20T19:15:37+00:00\" \/>\n<meta property=\"og:image\" content=\"http:\/\/www.omnivion.net\/core\/wp-content\/uploads\/2015\/08\/DSC02676b_web.jpg\" \/>\n<meta name=\"twitter:card\" content=\"summary_large_image\" \/>\n<meta name=\"twitter:label1\" content=\"Dur\u00e9e de lecture estim\u00e9e\" \/>\n\t<meta name=\"twitter:data1\" content=\"3 minutes\" \/>\n<script type=\"application\/ld+json\" class=\"yoast-schema-graph\">{\"@context\":\"https:\/\/schema.org\",\"@graph\":[{\"@type\":\"WebPage\",\"@id\":\"https:\/\/omnivion.net\/core\/fr\/projets\/projets-artistiques\/newtopia-3\/newtopia-3-4\/\",\"url\":\"https:\/\/omnivion.net\/core\/fr\/projets\/projets-artistiques\/newtopia-3\/newtopia-3-4\/\",\"name\":\"Newtopia 3.4 - omnivion.net\",\"isPartOf\":{\"@id\":\"https:\/\/omnivion.net\/core\/fr\/#website\"},\"primaryImageOfPage\":{\"@id\":\"https:\/\/omnivion.net\/core\/fr\/projets\/projets-artistiques\/newtopia-3\/newtopia-3-4\/#primaryimage\"},\"image\":{\"@id\":\"https:\/\/omnivion.net\/core\/fr\/projets\/projets-artistiques\/newtopia-3\/newtopia-3-4\/#primaryimage\"},\"thumbnailUrl\":\"http:\/\/www.omnivion.net\/core\/wp-content\/uploads\/2015\/08\/DSC02676b_web.jpg\",\"datePublished\":\"2015-08-19T15:23:11+00:00\",\"dateModified\":\"2024-01-20T19:15:37+00:00\",\"breadcrumb\":{\"@id\":\"https:\/\/omnivion.net\/core\/fr\/projets\/projets-artistiques\/newtopia-3\/newtopia-3-4\/#breadcrumb\"},\"inLanguage\":\"fr-FR\",\"potentialAction\":[{\"@type\":\"ReadAction\",\"target\":[\"https:\/\/omnivion.net\/core\/fr\/projets\/projets-artistiques\/newtopia-3\/newtopia-3-4\/\"]}]},{\"@type\":\"ImageObject\",\"inLanguage\":\"fr-FR\",\"@id\":\"https:\/\/omnivion.net\/core\/fr\/projets\/projets-artistiques\/newtopia-3\/newtopia-3-4\/#primaryimage\",\"url\":\"http:\/\/www.omnivion.net\/core\/wp-content\/uploads\/2015\/08\/DSC02676b_web.jpg\",\"contentUrl\":\"http:\/\/www.omnivion.net\/core\/wp-content\/uploads\/2015\/08\/DSC02676b_web.jpg\"},{\"@type\":\"BreadcrumbList\",\"@id\":\"https:\/\/omnivion.net\/core\/fr\/projets\/projets-artistiques\/newtopia-3\/newtopia-3-4\/#breadcrumb\",\"itemListElement\":[{\"@type\":\"ListItem\",\"position\":1,\"name\":\"Accueil\",\"item\":\"https:\/\/omnivion.net\/core\/en\/silverstorm\/\"},{\"@type\":\"ListItem\",\"position\":2,\"name\":\"Projets\",\"item\":\"https:\/\/omnivion.net\/core\/fr\/projets\/\"},{\"@type\":\"ListItem\",\"position\":3,\"name\":\"Projets Artistiques\",\"item\":\"https:\/\/omnivion.net\/core\/projets\/projets-artistiques\/\"},{\"@type\":\"ListItem\",\"position\":4,\"name\":\"Newtopia 3\",\"item\":\"https:\/\/omnivion.net\/core\/projets\/projets-artistiques\/newtopia-3\/\"},{\"@type\":\"ListItem\",\"position\":5,\"name\":\"Newtopia 3.4\"}]},{\"@type\":\"WebSite\",\"@id\":\"https:\/\/omnivion.net\/core\/fr\/#website\",\"url\":\"https:\/\/omnivion.net\/core\/fr\/\",\"name\":\"omnivion.net\",\"description\":\"...ARTS D&#039;\u00caTRE CORPS...\",\"potentialAction\":[{\"@type\":\"SearchAction\",\"target\":{\"@type\":\"EntryPoint\",\"urlTemplate\":\"https:\/\/omnivion.net\/core\/fr\/?s={search_term_string}\"},\"query-input\":{\"@type\":\"PropertyValueSpecification\",\"valueRequired\":true,\"valueName\":\"search_term_string\"}}],\"inLanguage\":\"fr-FR\"}]}<\/script>\n<!-- \/ Yoast SEO plugin. -->","yoast_head_json":{"title":"Newtopia 3.4 - omnivion.net","robots":{"index":"index","follow":"follow","max-snippet":"max-snippet:-1","max-image-preview":"max-image-preview:large","max-video-preview":"max-video-preview:-1"},"canonical":"https:\/\/omnivion.net\/core\/fr\/projets\/projets-artistiques\/newtopia-3\/newtopia-3-4\/","og_locale":"fr_FR","og_type":"article","og_title":"Newtopia 3.4 - omnivion.net","og_description":"Newtopia 3.4 Quatri\u00e8me\u00a0volet de Newtopia 3\u00a0au CHRU de Tours (Brettonneau et Trousseau), le [&hellip;]","og_url":"https:\/\/omnivion.net\/core\/fr\/projets\/projets-artistiques\/newtopia-3\/newtopia-3-4\/","og_site_name":"omnivion.net","article_modified_time":"2024-01-20T19:15:37+00:00","og_image":[{"url":"http:\/\/www.omnivion.net\/core\/wp-content\/uploads\/2015\/08\/DSC02676b_web.jpg","type":"","width":"","height":""}],"twitter_card":"summary_large_image","twitter_misc":{"Dur\u00e9e de lecture estim\u00e9e":"3 minutes"},"schema":{"@context":"https:\/\/schema.org","@graph":[{"@type":"WebPage","@id":"https:\/\/omnivion.net\/core\/fr\/projets\/projets-artistiques\/newtopia-3\/newtopia-3-4\/","url":"https:\/\/omnivion.net\/core\/fr\/projets\/projets-artistiques\/newtopia-3\/newtopia-3-4\/","name":"Newtopia 3.4 - omnivion.net","isPartOf":{"@id":"https:\/\/omnivion.net\/core\/fr\/#website"},"primaryImageOfPage":{"@id":"https:\/\/omnivion.net\/core\/fr\/projets\/projets-artistiques\/newtopia-3\/newtopia-3-4\/#primaryimage"},"image":{"@id":"https:\/\/omnivion.net\/core\/fr\/projets\/projets-artistiques\/newtopia-3\/newtopia-3-4\/#primaryimage"},"thumbnailUrl":"http:\/\/www.omnivion.net\/core\/wp-content\/uploads\/2015\/08\/DSC02676b_web.jpg","datePublished":"2015-08-19T15:23:11+00:00","dateModified":"2024-01-20T19:15:37+00:00","breadcrumb":{"@id":"https:\/\/omnivion.net\/core\/fr\/projets\/projets-artistiques\/newtopia-3\/newtopia-3-4\/#breadcrumb"},"inLanguage":"fr-FR","potentialAction":[{"@type":"ReadAction","target":["https:\/\/omnivion.net\/core\/fr\/projets\/projets-artistiques\/newtopia-3\/newtopia-3-4\/"]}]},{"@type":"ImageObject","inLanguage":"fr-FR","@id":"https:\/\/omnivion.net\/core\/fr\/projets\/projets-artistiques\/newtopia-3\/newtopia-3-4\/#primaryimage","url":"http:\/\/www.omnivion.net\/core\/wp-content\/uploads\/2015\/08\/DSC02676b_web.jpg","contentUrl":"http:\/\/www.omnivion.net\/core\/wp-content\/uploads\/2015\/08\/DSC02676b_web.jpg"},{"@type":"BreadcrumbList","@id":"https:\/\/omnivion.net\/core\/fr\/projets\/projets-artistiques\/newtopia-3\/newtopia-3-4\/#breadcrumb","itemListElement":[{"@type":"ListItem","position":1,"name":"Accueil","item":"https:\/\/omnivion.net\/core\/en\/silverstorm\/"},{"@type":"ListItem","position":2,"name":"Projets","item":"https:\/\/omnivion.net\/core\/fr\/projets\/"},{"@type":"ListItem","position":3,"name":"Projets Artistiques","item":"https:\/\/omnivion.net\/core\/projets\/projets-artistiques\/"},{"@type":"ListItem","position":4,"name":"Newtopia 3","item":"https:\/\/omnivion.net\/core\/projets\/projets-artistiques\/newtopia-3\/"},{"@type":"ListItem","position":5,"name":"Newtopia 3.4"}]},{"@type":"WebSite","@id":"https:\/\/omnivion.net\/core\/fr\/#website","url":"https:\/\/omnivion.net\/core\/fr\/","name":"omnivion.net","description":"...ARTS D&#039;\u00caTRE CORPS...","potentialAction":[{"@type":"SearchAction","target":{"@type":"EntryPoint","urlTemplate":"https:\/\/omnivion.net\/core\/fr\/?s={search_term_string}"},"query-input":{"@type":"PropertyValueSpecification","valueRequired":true,"valueName":"search_term_string"}}],"inLanguage":"fr-FR"}]}},"jetpack_sharing_enabled":true,"jetpack_shortlink":"https:\/\/wp.me\/P2fe7Q-mb","jetpack_likes_enabled":true,"_links":{"self":[{"href":"https:\/\/omnivion.net\/core\/fr\/wp-json\/wp\/v2\/pages\/1375","targetHints":{"allow":["GET"]}}],"collection":[{"href":"https:\/\/omnivion.net\/core\/fr\/wp-json\/wp\/v2\/pages"}],"about":[{"href":"https:\/\/omnivion.net\/core\/fr\/wp-json\/wp\/v2\/types\/page"}],"author":[{"embeddable":true,"href":"https:\/\/omnivion.net\/core\/fr\/wp-json\/wp\/v2\/users\/1"}],"replies":[{"embeddable":true,"href":"https:\/\/omnivion.net\/core\/fr\/wp-json\/wp\/v2\/comments?post=1375"}],"version-history":[{"count":19,"href":"https:\/\/omnivion.net\/core\/fr\/wp-json\/wp\/v2\/pages\/1375\/revisions"}],"predecessor-version":[{"id":5243,"href":"https:\/\/omnivion.net\/core\/fr\/wp-json\/wp\/v2\/pages\/1375\/revisions\/5243"}],"up":[{"embeddable":true,"href":"https:\/\/omnivion.net\/core\/fr\/wp-json\/wp\/v2\/pages\/1256"}],"wp:attachment":[{"href":"https:\/\/omnivion.net\/core\/fr\/wp-json\/wp\/v2\/media?parent=1375"}],"curies":[{"name":"wp","href":"https:\/\/api.w.org\/{rel}","templated":true}]}}