{"id":1300,"date":"2015-10-20T20:40:13","date_gmt":"2015-10-20T19:40:13","guid":{"rendered":"http:\/\/www.omnivion.net\/core\/?page_id=1300"},"modified":"2025-06-30T11:02:48","modified_gmt":"2025-06-30T10:02:48","slug":"newtopia_3-5","status":"publish","type":"page","link":"https:\/\/omnivion.net\/core\/fr\/projets\/projets-artistiques\/newtopia-3\/newtopia_3-5\/","title":{"rendered":"Newtopia 3.5"},"content":{"rendered":"<p><div id=\"attachment_1391\" style=\"width: 810px\" class=\"wp-caption alignnone\"><a href=\"https:\/\/i0.wp.com\/www.omnivion.net\/core\/wp-content\/uploads\/2015\/05\/20150524_162246-01b.jpeg\"><img data-recalc-dims=\"1\" loading=\"lazy\" decoding=\"async\" aria-describedby=\"caption-attachment-1391\" class=\"wp-image-1391 size-large\" src=\"https:\/\/i0.wp.com\/omnivion.net\/core\/wp-content\/uploads\/2015\/05\/20150524_162246-01b-1024x576.jpeg?resize=800%2C450\" alt=\"20150524_162246-01b\" width=\"800\" height=\"450\" srcset=\"https:\/\/i0.wp.com\/omnivion.net\/core\/wp-content\/uploads\/2015\/05\/20150524_162246-01b.jpeg?resize=1024%2C576&amp;ssl=1 1024w, https:\/\/i0.wp.com\/omnivion.net\/core\/wp-content\/uploads\/2015\/05\/20150524_162246-01b.jpeg?resize=300%2C169&amp;ssl=1 300w, https:\/\/i0.wp.com\/omnivion.net\/core\/wp-content\/uploads\/2015\/05\/20150524_162246-01b.jpeg?w=2000&amp;ssl=1 2000w\" sizes=\"auto, (max-width: 800px) 100vw, 800px\" \/><\/a><p id=\"caption-attachment-1391\" class=\"wp-caption-text\">Photo \u00a9 D.Tsiapkinis<\/p><\/div><\/p>\n<p>&nbsp;<\/p>\n<p>Dernier volet de la s\u00e9rie <strong><a href=\"http:\/\/omnivion.net\/core\/projets\/projets-artistiques\/newtopia-3\/\">Newtopia 3<\/a><\/strong>\u00a0: avec une cr\u00e9ation de l&rsquo;\u00e9quipe d&rsquo;Omnivion en collaboration avec le CHRU de Tours (Service Psychiatrie) et une performance des \u00e9tudiants de l&rsquo;Universit\u00e9 St.John de York (d\u00e9partement danse), <strong>\u00e0 la Pl\u00e9iade, La Riche (37520), le 4 mai 2016, \u00e0 20H. \/ Info pratiques (acc\u00e8s, etc.) : <a href=\"http:\/\/www.ville-lariche.fr\/Infos-pratiques#.VtMCW8eObq0\">ville-lariche.fr\/Infos-pratiques<\/a><br \/>\n<\/strong><\/p>\n<p><strong>R\u00e9servations :\u00a0<a href=\"http:\/\/goo.gl\/forms\/zErPUqYWvM\" target=\"_blank\" rel=\"noopener\">http:\/\/goo.gl\/forms\/zErPUqYWvM<\/a><br \/>\n<\/strong><\/p>\n<p>&nbsp;<\/p>\n<h2>Programme de la soir\u00e9e :<\/h2>\n<p>&nbsp;<\/p>\n<h2><a href=\"http:\/\/omnivion.net\/core\/projets\/projets-artistiques\/newtopia-3\/praxagora-nu\/\"><strong><em>Praxagora.nu<\/em><\/strong><\/a><\/h2>\n<p><strong>Conception \/ direction :<\/strong> Dimitri Tsiapkinis<br \/>\n<strong>Assistante \u00e0 la chor\u00e9graphie :<\/strong> Ahlam Ettamri<br \/>\n<strong>Interpr\u00e8tation, chor\u00e9graphie<\/strong> : Julien Besse, Karine Bonneau, Emilie Coud\u00e8re, Claire Gervais, Claire Guillaume, Magali Dijoux, Carl Loiseau, Bruno Morin, Rosa Pires de Matos, Quentin Perrotte, Keely Sigot, Dimitri Tsiapkinis, S\u00e9verine Waeber.<br \/>\n<strong>Costumes :<\/strong> Rose-Marie Melka<br \/>\n<strong>Musique<\/strong> :\u00a0Julien Besse, Magali Dijoux, Keely Sigot<br \/>\n<strong>Eclairage\/r\u00e9gie technique :<\/strong> Fran\u00e7ois Blet<br \/>\n<strong>Dur\u00e9e<\/strong> : ~ 50min<\/p>\n<p>\u00ab\u00a0<em>Unis sont tout et non tout, convergent et divergent, consonant et dissonant; de toutes choses proc\u00e8de l\u2019un et de l&rsquo;un toutes choses.\u00a0\u00bb <\/em>H\u00e9raclite, fragment 10<\/p>\n<p>Des mati\u00e8res compos\u00e9es et improvis\u00e9es &#8211; et tr\u00e8s librement \u2013 inspir\u00e9es de la com\u00e9die grecque ancienne d\u2019Aristophane les Ekkl\u00e9siazouses (Assembl\u00e9e des femmes) pour en cr\u00e9er une adaptation chor\u00e9graphique. Une aventure dramaturgique m\u00ealant textes, humour, musique live et danse contemporaine. Qu\u2019est-ce qui se r\u00e9v\u00e8le dans la frustration po\u00e9tique-politique des femmes dans la com\u00e9die d\u2019Aristophane ? En quoi cela nous concerne ? Quelles neutopies politiques pourrait proposer l\u2019humain dans les labyrinthes g\u00e9opolitiques actuels ? Est-ce que l\u2019arch\u00e9type du f\u00e9minin engendrera des m\u00e9tamorphoses sur l\u2019\u00e9volution de nos soci\u00e9t\u00e9s ? Enfin, ces questions pr\u00e9supposent que l\u2019on croit \u00e0 ce genre d\u2019arch\u00e9types psychologiques, fortement ancr\u00e9s dans la culture occidentale. Praxagora, en repr\u00e9sentant les femmes de sa cit\u00e9, impose-t-elle une forme de dictature du f\u00e9minin \u00e0 l\u2019image de la dictature du prol\u00e9tariat de Marx ? Est-on pr\u00eat \u00e0 un nouveau paradigme soci\u00e9tal? Comment transformer nos pulsions \u00e9gocentr\u00e9es &#8211; au moins en partie &#8211; en des forces de cr\u00e9ation cosmocentr\u00e9es ? Cette proposition chor\u00e9graphique d\u2019Omnivion ne propose pas de solutions politiques. Elle attire juste notre attention sur ces probl\u00e9matiques par l\u2019interrogation po\u00e9tique. C\u2019est une communaut\u00e9 chor\u00e9graphique qui partage ses r\u00e9flexions et ses expressivit\u00e9s sur le vivre ensemble. L\u2019\u00e9quipe s\u2019est appuy\u00e9e sur le texte d\u2019Aristophane, sur des textes personnels, sur la musique et sur l\u2019actualit\u00e9 politique pour d\u00e9velopper sa dramaturgie semi-chaotique, r\u00e9affirmant la joie de vivre et de cr\u00e9er, dans ce monde o\u00f9 l\u2019ordre et le chaos ont toujours coexist\u00e9.<\/p>\n<p>&nbsp;<\/p>\n<p>&nbsp;<\/p>\n<h2><a href=\"http:\/\/omnivion.net\/core\/projets\/projets-artistiques\/newtopia-3\/mooneaters\/\"><strong><em>Moon Eaters\u00a0<\/em><\/strong>( : Mangeurs de lune)<\/a><\/h2>\n<div id=\"attachment_1581\" style=\"width: 810px\" class=\"wp-caption alignnone\"><a href=\"https:\/\/i0.wp.com\/omnivion.net\/core\/wp-content\/uploads\/2015\/10\/2015-12_Moon_Eaters_15_web.jpg\"><img data-recalc-dims=\"1\" loading=\"lazy\" decoding=\"async\" aria-describedby=\"caption-attachment-1581\" class=\"size-large wp-image-1581\" src=\"https:\/\/i0.wp.com\/omnivion.net\/core\/wp-content\/uploads\/2015\/10\/2015-12_Moon_Eaters_15_web-1024x407.jpg?resize=800%2C318\" alt=\"Photo \u00a9 Paul Pedro Mirfin\" width=\"800\" height=\"318\" srcset=\"https:\/\/i0.wp.com\/omnivion.net\/core\/wp-content\/uploads\/2015\/10\/2015-12_Moon_Eaters_15_web.jpg?resize=1024%2C407&amp;ssl=1 1024w, https:\/\/i0.wp.com\/omnivion.net\/core\/wp-content\/uploads\/2015\/10\/2015-12_Moon_Eaters_15_web.jpg?resize=300%2C119&amp;ssl=1 300w, https:\/\/i0.wp.com\/omnivion.net\/core\/wp-content\/uploads\/2015\/10\/2015-12_Moon_Eaters_15_web.jpg?w=2000&amp;ssl=1 2000w, https:\/\/i0.wp.com\/omnivion.net\/core\/wp-content\/uploads\/2015\/10\/2015-12_Moon_Eaters_15_web.jpg?w=3000&amp;ssl=1 3000w\" sizes=\"auto, (max-width: 800px) 100vw, 800px\" \/><\/a><p id=\"caption-attachment-1581\" class=\"wp-caption-text\">Photo \u00a9 Paul Pedro Mirfin<\/p><\/div>\n<p>Performance sur des questionnements autour de la notion de \u00ab\u00a0folie\u00a0\u00bb. Une s\u00e9rie d&rsquo;explorations sur des archetypes du f\u00e9minin, des \u00e9tats limites, la transe, les \u00ab\u00a0transgressions\u00a0\u00bb&#8230;<\/p>\n<p><strong>Conception \/ direction :<\/strong> Dimitri Tsiapkinis<br \/>\n<strong>Interpr\u00e9t\u00e9 par<\/strong> des \u00e9tudiants en danse de l&rsquo;Universit\u00e9 St.john de York (U.K.) : Hannah Almond, Sophie\u00a0 Cox, Logan Davenport, Helen Dearden, Chloe King, Shannen Midgley, Stephanie Needley, Ellie Noyce, Louise Oldfield, Stephanie Roberts, Jessica\u00a0 Scott, Paige Sharrock, Eleanor Siddall, Eleanor Smith. Accompagn\u00e9es par leur professeur Nicola Forshaw (Nicola Mirfin)<br \/>\n<strong>Eclairage\/r\u00e9gie technique :<\/strong> Fran\u00e7ois Blet<br \/>\n<strong>Dur\u00e9e<\/strong> : ~ 30min<\/p>\n<p><strong>Concept :<\/strong><\/p>\n<p>Performance sur des questionnements autour de la notion de \u00ab folie \u00bb. Une s\u00e9rie d\u2019explorations sur des arch\u00e9types du f\u00e9minin, des \u00e9tats limites, la transe, les \u00ab transgressions \u00bb\u2026 Des interrogations sur la coh\u00e9sion sociale et la singularit\u00e9 aux fronti\u00e8res du socialement acceptable.<br \/>\nPourquoi suis-je sur sc\u00e8ne? Pour vous (ou me) distraire? Pour \u00e9lucider? Pour (re-) transmettre du contenu esth\u00e9tique? Comment puis-je partager d\u2019une fa\u00e7on po\u00e9tique l\u2019espace-temps avec vous? Quand dois-je m\u2019effacer de sorte que vous pouvez mieux apparaitre? Lorsque la folie est une force au lieu d\u2019un \u00abtrouble\u00bb?<br \/>\nLes cr\u00e9ations Newtopia 2 (2014) et Newtopia 3 (2015) ont \u00e9galement \u00e9t\u00e9 fortement associ\u00e9es \u00e0 la maladie mentale, nous avons voulu partager nos questionnements philosophiques sur la folie, avec les danseuses en fin de formation de l\u2019Universit\u00e9 Saint John. La lune, \u00e9tait un pr\u00e9texte graphique et culturel pour explorer des \u00e9tats extatiques, ses liens avec l\u2019arch\u00e9type du f\u00e9minin et le monde du r\u00eave. Bien que la science r\u00e9fute ces ph\u00e9nom\u00e8nes comme des constructions culturelles sans preuve tangible, les artistes ont l\u2019avantage de l\u2019exp\u00e9rimentation esth\u00e9tique et po\u00e9tique, tout en mettant \u00e0 l\u2019\u00e9preuve les diff\u00e9rentes \u00abv\u00e9rit\u00e9s\u00bb scientifiques, sociales et morales. Les \u00e9tudiantes ont particip\u00e9 activement \u00e0 la construction du contenu chor\u00e9graphique en y amenant du mouvement, des textes et des suggestions dramaturgiques.<\/p>\n<p>&nbsp;<\/p>\n<p>&nbsp;<\/p>\n<p><a href=\"https:\/\/i0.wp.com\/www.omnivion.net\/core\/wp-content\/uploads\/2015\/05\/logo-DRAC-Centre-23-11_imagelarge.jpg\"><img data-recalc-dims=\"1\" loading=\"lazy\" decoding=\"async\" class=\"alignnone wp-image-1268\" src=\"https:\/\/i0.wp.com\/www.omnivion.net\/core\/wp-content\/uploads\/2015\/05\/logo-DRAC-Centre-23-11_imagelarge.jpg?resize=137%2C194\" alt=\"logo-DRAC-Centre-23-11_imagelarge\" width=\"137\" height=\"194\" srcset=\"https:\/\/i0.wp.com\/omnivion.net\/core\/wp-content\/uploads\/2015\/05\/logo-DRAC-Centre-23-11_imagelarge.jpg?w=515&amp;ssl=1 515w, https:\/\/i0.wp.com\/omnivion.net\/core\/wp-content\/uploads\/2015\/05\/logo-DRAC-Centre-23-11_imagelarge.jpg?resize=212%2C300&amp;ssl=1 212w\" sizes=\"auto, (max-width: 137px) 100vw, 137px\" \/><\/a>\u00a0 \u00a0<a href=\"https:\/\/i0.wp.com\/www.omnivion.net\/core\/wp-content\/uploads\/2015\/05\/ARS_centre_124_71.gif\"><img data-recalc-dims=\"1\" loading=\"lazy\" decoding=\"async\" class=\"alignnone wp-image-1269\" src=\"https:\/\/i0.wp.com\/www.omnivion.net\/core\/wp-content\/uploads\/2015\/05\/ARS_centre_124_71.gif?resize=126%2C72\" alt=\"ARS_centre_124_71\" width=\"126\" height=\"72\" \/><\/a>\u00a0\u00a0 <a href=\"https:\/\/i0.wp.com\/www.omnivion.net\/core\/wp-content\/uploads\/2014\/08\/640px-CHRU_logo_RVB.jpg\"><img data-recalc-dims=\"1\" loading=\"lazy\" decoding=\"async\" class=\"alignnone wp-image-1094\" src=\"https:\/\/i0.wp.com\/www.omnivion.net\/core\/wp-content\/uploads\/2014\/08\/640px-CHRU_logo_RVB.jpg?resize=191%2C99\" alt=\"640px-CHRU_logo_RVB\" width=\"191\" height=\"99\" srcset=\"https:\/\/i0.wp.com\/omnivion.net\/core\/wp-content\/uploads\/2014\/08\/640px-CHRU_logo_RVB.jpg?w=640&amp;ssl=1 640w, https:\/\/i0.wp.com\/omnivion.net\/core\/wp-content\/uploads\/2014\/08\/640px-CHRU_logo_RVB.jpg?resize=300%2C155&amp;ssl=1 300w\" sizes=\"auto, (max-width: 191px) 100vw, 191px\" \/><\/a>\u00a0\u00a0<a href=\"https:\/\/i0.wp.com\/www.omnivion.net\/core\/wp-content\/uploads\/2015\/10\/la-riche.png\"><img data-recalc-dims=\"1\" loading=\"lazy\" decoding=\"async\" class=\"alignnone wp-image-1394\" src=\"https:\/\/i0.wp.com\/www.omnivion.net\/core\/wp-content\/uploads\/2015\/10\/la-riche.png?resize=130%2C130\" alt=\"la-riche\" width=\"130\" height=\"130\" srcset=\"https:\/\/i0.wp.com\/omnivion.net\/core\/wp-content\/uploads\/2015\/10\/la-riche.png?w=500&amp;ssl=1 500w, https:\/\/i0.wp.com\/omnivion.net\/core\/wp-content\/uploads\/2015\/10\/la-riche.png?resize=150%2C150&amp;ssl=1 150w, https:\/\/i0.wp.com\/omnivion.net\/core\/wp-content\/uploads\/2015\/10\/la-riche.png?resize=300%2C300&amp;ssl=1 300w\" sizes=\"auto, (max-width: 130px) 100vw, 130px\" \/><\/a>\u00a0\u00a0<a href=\"https:\/\/i0.wp.com\/omnivion.net\/core\/wp-content\/uploads\/2015\/10\/York_St_John_University_logo.svg_.png\"><img data-recalc-dims=\"1\" loading=\"lazy\" decoding=\"async\" class=\"alignnone wp-image-1543\" src=\"https:\/\/i0.wp.com\/omnivion.net\/core\/wp-content\/uploads\/2015\/10\/York_St_John_University_logo.svg_-1024x507.png?resize=222%2C110\" alt=\"York_St_John_University_logo.svg\" width=\"222\" height=\"110\" srcset=\"https:\/\/i0.wp.com\/omnivion.net\/core\/wp-content\/uploads\/2015\/10\/York_St_John_University_logo.svg_.png?resize=1024%2C507&amp;ssl=1 1024w, https:\/\/i0.wp.com\/omnivion.net\/core\/wp-content\/uploads\/2015\/10\/York_St_John_University_logo.svg_.png?resize=300%2C149&amp;ssl=1 300w, https:\/\/i0.wp.com\/omnivion.net\/core\/wp-content\/uploads\/2015\/10\/York_St_John_University_logo.svg_.png?w=1280&amp;ssl=1 1280w\" sizes=\"auto, (max-width: 222px) 100vw, 222px\" \/><\/a>\u00a0\u00a0<a href=\"https:\/\/i0.wp.com\/omnivion.net\/core\/wp-content\/uploads\/2015\/10\/ccnt_logo_nb.jpg\"><img data-recalc-dims=\"1\" loading=\"lazy\" decoding=\"async\" class=\"alignnone wp-image-1559\" src=\"https:\/\/i0.wp.com\/omnivion.net\/core\/wp-content\/uploads\/2015\/10\/ccnt_logo_nb-1024x1024.jpg?resize=136%2C136\" alt=\"CCNT\" width=\"136\" height=\"136\" srcset=\"https:\/\/i0.wp.com\/omnivion.net\/core\/wp-content\/uploads\/2015\/10\/ccnt_logo_nb.jpg?resize=1024%2C1024&amp;ssl=1 1024w, https:\/\/i0.wp.com\/omnivion.net\/core\/wp-content\/uploads\/2015\/10\/ccnt_logo_nb.jpg?resize=150%2C150&amp;ssl=1 150w, https:\/\/i0.wp.com\/omnivion.net\/core\/wp-content\/uploads\/2015\/10\/ccnt_logo_nb.jpg?resize=300%2C300&amp;ssl=1 300w, https:\/\/i0.wp.com\/omnivion.net\/core\/wp-content\/uploads\/2015\/10\/ccnt_logo_nb.jpg?w=1142&amp;ssl=1 1142w\" sizes=\"auto, (max-width: 136px) 100vw, 136px\" \/><\/a><br \/>\n<strong>et les fonds de dotation Transept 37 (Arpents d&rsquo;Art).<\/strong><\/p>","protected":false},"excerpt":{"rendered":"<p>&nbsp; Dernier volet de la s\u00e9rie Newtopia 3\u00a0: avec une cr\u00e9ation de l&rsquo;\u00e9quipe [&hellip;]<\/p>\n","protected":false},"author":1,"featured_media":0,"parent":1256,"menu_order":0,"comment_status":"closed","ping_status":"closed","template":"","meta":{"jetpack_post_was_ever_published":false,"footnotes":""},"class_list":["post-1300","page","type-page","status-publish","hentry"],"yoast_head":"<!-- This site is optimized with the Yoast SEO plugin v26.8 - https:\/\/yoast.com\/product\/yoast-seo-wordpress\/ -->\n<title>Newtopia 3.5 - omnivion.net<\/title>\n<meta name=\"robots\" content=\"index, follow, max-snippet:-1, max-image-preview:large, max-video-preview:-1\" \/>\n<link rel=\"canonical\" href=\"https:\/\/omnivion.net\/core\/fr\/projets\/projets-artistiques\/newtopia-3\/newtopia_3-5\/\" \/>\n<meta property=\"og:locale\" content=\"fr_FR\" \/>\n<meta property=\"og:type\" content=\"article\" \/>\n<meta property=\"og:title\" content=\"Newtopia 3.5 - omnivion.net\" \/>\n<meta property=\"og:description\" content=\"&nbsp; Dernier volet de la s\u00e9rie Newtopia 3\u00a0: avec une cr\u00e9ation de l&rsquo;\u00e9quipe [&hellip;]\" \/>\n<meta property=\"og:url\" content=\"https:\/\/omnivion.net\/core\/fr\/projets\/projets-artistiques\/newtopia-3\/newtopia_3-5\/\" \/>\n<meta property=\"og:site_name\" content=\"omnivion.net\" \/>\n<meta property=\"article:modified_time\" content=\"2025-06-30T10:02:48+00:00\" \/>\n<meta property=\"og:image\" content=\"http:\/\/omnivion.net\/core\/wp-content\/uploads\/2015\/05\/20150524_162246-01b-1024x576.jpeg\" \/>\n<meta name=\"twitter:card\" content=\"summary_large_image\" \/>\n<meta name=\"twitter:label1\" content=\"Dur\u00e9e de lecture estim\u00e9e\" \/>\n\t<meta name=\"twitter:data1\" content=\"6 minutes\" \/>\n<script type=\"application\/ld+json\" class=\"yoast-schema-graph\">{\"@context\":\"https:\/\/schema.org\",\"@graph\":[{\"@type\":\"WebPage\",\"@id\":\"https:\/\/omnivion.net\/core\/fr\/projets\/projets-artistiques\/newtopia-3\/newtopia_3-5\/\",\"url\":\"https:\/\/omnivion.net\/core\/fr\/projets\/projets-artistiques\/newtopia-3\/newtopia_3-5\/\",\"name\":\"Newtopia 3.5 - omnivion.net\",\"isPartOf\":{\"@id\":\"https:\/\/omnivion.net\/core\/fr\/#website\"},\"primaryImageOfPage\":{\"@id\":\"https:\/\/omnivion.net\/core\/fr\/projets\/projets-artistiques\/newtopia-3\/newtopia_3-5\/#primaryimage\"},\"image\":{\"@id\":\"https:\/\/omnivion.net\/core\/fr\/projets\/projets-artistiques\/newtopia-3\/newtopia_3-5\/#primaryimage\"},\"thumbnailUrl\":\"http:\/\/omnivion.net\/core\/wp-content\/uploads\/2015\/05\/20150524_162246-01b-1024x576.jpeg\",\"datePublished\":\"2015-10-20T19:40:13+00:00\",\"dateModified\":\"2025-06-30T10:02:48+00:00\",\"breadcrumb\":{\"@id\":\"https:\/\/omnivion.net\/core\/fr\/projets\/projets-artistiques\/newtopia-3\/newtopia_3-5\/#breadcrumb\"},\"inLanguage\":\"fr-FR\",\"potentialAction\":[{\"@type\":\"ReadAction\",\"target\":[\"https:\/\/omnivion.net\/core\/fr\/projets\/projets-artistiques\/newtopia-3\/newtopia_3-5\/\"]}]},{\"@type\":\"ImageObject\",\"inLanguage\":\"fr-FR\",\"@id\":\"https:\/\/omnivion.net\/core\/fr\/projets\/projets-artistiques\/newtopia-3\/newtopia_3-5\/#primaryimage\",\"url\":\"http:\/\/omnivion.net\/core\/wp-content\/uploads\/2015\/05\/20150524_162246-01b-1024x576.jpeg\",\"contentUrl\":\"http:\/\/omnivion.net\/core\/wp-content\/uploads\/2015\/05\/20150524_162246-01b-1024x576.jpeg\"},{\"@type\":\"BreadcrumbList\",\"@id\":\"https:\/\/omnivion.net\/core\/fr\/projets\/projets-artistiques\/newtopia-3\/newtopia_3-5\/#breadcrumb\",\"itemListElement\":[{\"@type\":\"ListItem\",\"position\":1,\"name\":\"Accueil\",\"item\":\"https:\/\/omnivion.net\/core\/en\/silverstorm\/\"},{\"@type\":\"ListItem\",\"position\":2,\"name\":\"Projets\",\"item\":\"https:\/\/omnivion.net\/core\/fr\/projets\/\"},{\"@type\":\"ListItem\",\"position\":3,\"name\":\"Projets Artistiques\",\"item\":\"https:\/\/omnivion.net\/core\/projets\/projets-artistiques\/\"},{\"@type\":\"ListItem\",\"position\":4,\"name\":\"Newtopia 3\",\"item\":\"https:\/\/omnivion.net\/core\/projets\/projets-artistiques\/newtopia-3\/\"},{\"@type\":\"ListItem\",\"position\":5,\"name\":\"Newtopia 3.5\"}]},{\"@type\":\"WebSite\",\"@id\":\"https:\/\/omnivion.net\/core\/fr\/#website\",\"url\":\"https:\/\/omnivion.net\/core\/fr\/\",\"name\":\"omnivion.net\",\"description\":\"...ARTS D&#039;\u00caTRE CORPS...\",\"potentialAction\":[{\"@type\":\"SearchAction\",\"target\":{\"@type\":\"EntryPoint\",\"urlTemplate\":\"https:\/\/omnivion.net\/core\/fr\/?s={search_term_string}\"},\"query-input\":{\"@type\":\"PropertyValueSpecification\",\"valueRequired\":true,\"valueName\":\"search_term_string\"}}],\"inLanguage\":\"fr-FR\"}]}<\/script>\n<!-- \/ Yoast SEO plugin. -->","yoast_head_json":{"title":"Newtopia 3.5 - omnivion.net","robots":{"index":"index","follow":"follow","max-snippet":"max-snippet:-1","max-image-preview":"max-image-preview:large","max-video-preview":"max-video-preview:-1"},"canonical":"https:\/\/omnivion.net\/core\/fr\/projets\/projets-artistiques\/newtopia-3\/newtopia_3-5\/","og_locale":"fr_FR","og_type":"article","og_title":"Newtopia 3.5 - omnivion.net","og_description":"&nbsp; Dernier volet de la s\u00e9rie Newtopia 3\u00a0: avec une cr\u00e9ation de l&rsquo;\u00e9quipe [&hellip;]","og_url":"https:\/\/omnivion.net\/core\/fr\/projets\/projets-artistiques\/newtopia-3\/newtopia_3-5\/","og_site_name":"omnivion.net","article_modified_time":"2025-06-30T10:02:48+00:00","og_image":[{"url":"http:\/\/omnivion.net\/core\/wp-content\/uploads\/2015\/05\/20150524_162246-01b-1024x576.jpeg","type":"","width":"","height":""}],"twitter_card":"summary_large_image","twitter_misc":{"Dur\u00e9e de lecture estim\u00e9e":"6 minutes"},"schema":{"@context":"https:\/\/schema.org","@graph":[{"@type":"WebPage","@id":"https:\/\/omnivion.net\/core\/fr\/projets\/projets-artistiques\/newtopia-3\/newtopia_3-5\/","url":"https:\/\/omnivion.net\/core\/fr\/projets\/projets-artistiques\/newtopia-3\/newtopia_3-5\/","name":"Newtopia 3.5 - omnivion.net","isPartOf":{"@id":"https:\/\/omnivion.net\/core\/fr\/#website"},"primaryImageOfPage":{"@id":"https:\/\/omnivion.net\/core\/fr\/projets\/projets-artistiques\/newtopia-3\/newtopia_3-5\/#primaryimage"},"image":{"@id":"https:\/\/omnivion.net\/core\/fr\/projets\/projets-artistiques\/newtopia-3\/newtopia_3-5\/#primaryimage"},"thumbnailUrl":"http:\/\/omnivion.net\/core\/wp-content\/uploads\/2015\/05\/20150524_162246-01b-1024x576.jpeg","datePublished":"2015-10-20T19:40:13+00:00","dateModified":"2025-06-30T10:02:48+00:00","breadcrumb":{"@id":"https:\/\/omnivion.net\/core\/fr\/projets\/projets-artistiques\/newtopia-3\/newtopia_3-5\/#breadcrumb"},"inLanguage":"fr-FR","potentialAction":[{"@type":"ReadAction","target":["https:\/\/omnivion.net\/core\/fr\/projets\/projets-artistiques\/newtopia-3\/newtopia_3-5\/"]}]},{"@type":"ImageObject","inLanguage":"fr-FR","@id":"https:\/\/omnivion.net\/core\/fr\/projets\/projets-artistiques\/newtopia-3\/newtopia_3-5\/#primaryimage","url":"http:\/\/omnivion.net\/core\/wp-content\/uploads\/2015\/05\/20150524_162246-01b-1024x576.jpeg","contentUrl":"http:\/\/omnivion.net\/core\/wp-content\/uploads\/2015\/05\/20150524_162246-01b-1024x576.jpeg"},{"@type":"BreadcrumbList","@id":"https:\/\/omnivion.net\/core\/fr\/projets\/projets-artistiques\/newtopia-3\/newtopia_3-5\/#breadcrumb","itemListElement":[{"@type":"ListItem","position":1,"name":"Accueil","item":"https:\/\/omnivion.net\/core\/en\/silverstorm\/"},{"@type":"ListItem","position":2,"name":"Projets","item":"https:\/\/omnivion.net\/core\/fr\/projets\/"},{"@type":"ListItem","position":3,"name":"Projets Artistiques","item":"https:\/\/omnivion.net\/core\/projets\/projets-artistiques\/"},{"@type":"ListItem","position":4,"name":"Newtopia 3","item":"https:\/\/omnivion.net\/core\/projets\/projets-artistiques\/newtopia-3\/"},{"@type":"ListItem","position":5,"name":"Newtopia 3.5"}]},{"@type":"WebSite","@id":"https:\/\/omnivion.net\/core\/fr\/#website","url":"https:\/\/omnivion.net\/core\/fr\/","name":"omnivion.net","description":"...ARTS D&#039;\u00caTRE CORPS...","potentialAction":[{"@type":"SearchAction","target":{"@type":"EntryPoint","urlTemplate":"https:\/\/omnivion.net\/core\/fr\/?s={search_term_string}"},"query-input":{"@type":"PropertyValueSpecification","valueRequired":true,"valueName":"search_term_string"}}],"inLanguage":"fr-FR"}]}},"jetpack_sharing_enabled":true,"jetpack_shortlink":"https:\/\/wp.me\/P2fe7Q-kY","jetpack_likes_enabled":true,"_links":{"self":[{"href":"https:\/\/omnivion.net\/core\/fr\/wp-json\/wp\/v2\/pages\/1300","targetHints":{"allow":["GET"]}}],"collection":[{"href":"https:\/\/omnivion.net\/core\/fr\/wp-json\/wp\/v2\/pages"}],"about":[{"href":"https:\/\/omnivion.net\/core\/fr\/wp-json\/wp\/v2\/types\/page"}],"author":[{"embeddable":true,"href":"https:\/\/omnivion.net\/core\/fr\/wp-json\/wp\/v2\/users\/1"}],"replies":[{"embeddable":true,"href":"https:\/\/omnivion.net\/core\/fr\/wp-json\/wp\/v2\/comments?post=1300"}],"version-history":[{"count":52,"href":"https:\/\/omnivion.net\/core\/fr\/wp-json\/wp\/v2\/pages\/1300\/revisions"}],"predecessor-version":[{"id":5625,"href":"https:\/\/omnivion.net\/core\/fr\/wp-json\/wp\/v2\/pages\/1300\/revisions\/5625"}],"up":[{"embeddable":true,"href":"https:\/\/omnivion.net\/core\/fr\/wp-json\/wp\/v2\/pages\/1256"}],"wp:attachment":[{"href":"https:\/\/omnivion.net\/core\/fr\/wp-json\/wp\/v2\/media?parent=1300"}],"curies":[{"name":"wp","href":"https:\/\/api.w.org\/{rel}","templated":true}]}}