{"id":1280,"date":"2015-05-07T17:20:57","date_gmt":"2015-05-07T16:20:57","guid":{"rendered":"http:\/\/www.omnivion.net\/core\/?page_id=1280"},"modified":"2015-08-19T17:29:23","modified_gmt":"2015-08-19T16:29:23","slug":"newtopia-3-3","status":"publish","type":"page","link":"https:\/\/omnivion.net\/core\/fr\/projets\/projets-artistiques\/newtopia-3\/newtopia-3-3\/","title":{"rendered":"Newtopia 3.3"},"content":{"rendered":"<p>&nbsp;<\/p>\n<p><a href=\"https:\/\/i0.wp.com\/www.omnivion.net\/core\/wp-content\/uploads\/2015\/05\/P1150775B8WEB.jpg\"><img data-recalc-dims=\"1\" loading=\"lazy\" decoding=\"async\" class=\"alignnone size-full wp-image-1379\" src=\"https:\/\/i0.wp.com\/www.omnivion.net\/core\/wp-content\/uploads\/2015\/05\/P1150775B8WEB.jpg?resize=800%2C396\" alt=\"Performance au Chapiteau \/ Rendez-Fous, St.Mathurin \" width=\"800\" height=\"396\" srcset=\"https:\/\/i0.wp.com\/omnivion.net\/core\/wp-content\/uploads\/2015\/05\/P1150775B8WEB.jpg?w=800&amp;ssl=1 800w, https:\/\/i0.wp.com\/omnivion.net\/core\/wp-content\/uploads\/2015\/05\/P1150775B8WEB.jpg?resize=300%2C149&amp;ssl=1 300w\" sizes=\"auto, (max-width: 800px) 100vw, 800px\" \/><\/a><br \/>\nPhoto\u00a0\u00a9\u00a0Julien<\/p>\n<p>Troisi\u00e8me volet de la s\u00e9rie <a title=\"Newtopia 3\" href=\"http:\/\/www.omnivion.net\/core\/newtopia-3\/\"><strong>Newtopia 3<\/strong>,<\/a> invit\u00e9 au\u00a0festival les <strong><a href=\"http:\/\/www.lesartsetmouvants.com\/actions\/evenements-d-ensembles\/les-rendez-fous-du-roi-re-ne\/170-les-rendez-fous-du-roi-rene.html\" target=\"_blank\">Rendez Fous du Roi Re-n\u00e9<\/a><\/strong> \u00e0 Saint Mathurin-sur-Loire, le 20-21 juin 2015.<\/p>\n<p><span style=\"text-decoration: underline;\"><strong><br \/>\nAu programme :\u00a0<\/strong><\/span><\/p>\n<p><strong>Le 20 juin, \u00e0 16H00 au chapiteau\u00a0:<\/strong><\/p>\n<h3><strong><em>Fraises-Indigo (extraits \/ <a title=\"Newtopia 2.1\" href=\"http:\/\/www.omnivion.net\/core\/projets\/projets-artistiques\/newtopia-2-0\/newtopia-2-1\/\">Newtopia 2.1<\/a>)<\/em><\/strong><\/h3>\n<p><em>Fraises \u2013 Indigo est une composition chor\u00e9graphique construite avec le principe de multir\u00e9f\u00e9rentialit\u00e9\u00a0: \u00ab\u00a0La multir\u00e9f\u00e9rentialit\u00e9 c\u2019est l\u2019art de conjoindre ce qui n\u2019est pas toujours conjoignable, de rechercher des articulations parfois probl\u00e9matiques, entre au moins deux disciplines distinctes<strong>.<\/strong>\u00a0C\u2019est l\u2019art de faire tenir ensemble, en tension, ce qui tient mal ensemble, ou m\u00eame ne le saurait<strong>.<\/strong>\u00a0Il y faut du talent, et des principes d\u2019organisation de savoirs complexes, d\u2019un savoir feuillet\u00e9<strong>.<\/strong>\u00a0Le sens de l\u2019inconfort et de la complexit\u00e9<strong>.<\/strong>\u00a0Le pionnier du concept est alors Jacques Ardoino.\u00a0\u00bb (Source\u00a0: <\/em><a href=\"http:\/\/www.cifpr.fr\/\"><em>www.cifpr.fr<\/em><\/a><em> )<br \/>\n<\/em><\/p>\n<p><em>Fraises \/ mots cl\u00e9s\u00a0: rouge vif, vitalit\u00e9, sensualit\u00e9, fraicheur, humour.<\/em><\/p>\n<p><em>Indigo \/ mots cl\u00e9s\u00a0: bleu fonc\u00e9, surnaturel, froid, ciel, profondeur, impermanence.<br \/>\n<\/em><\/p>\n<p><em>Le sc\u00e9nario s\u2019est cr\u00e9\u00e9 \u00e0 partir des personnalit\u00e9s de participants, des consignes li\u00e9es aux mots cl\u00e9s, d\u2019enchainements de Kung Fu, des textes et d\u2019images. Il passe par des phases qui ne font aucun sens, \u00e0 des phases avec des multiples sens, pour finalement prendre une forme semi-coh\u00e9rente qui respecte nos \u00e9tats actuels et l\u2019historique de l\u2019aventure. Le texte de Claire Rengade \u00ab\u00a0Les Terriens\u00a0\u00bb, nous \u00e9tait une inspiration suppl\u00e9mentaire qui a fait ressortir une dimension sociale de nos d\u00e9lires expressifs.<\/em><span style=\"line-height: 1.5;\">\u00a0<\/span><\/p>\n<p><strong>Conception \/ direction<\/strong>\u00a0: Dimitri Tsiapkinis<br \/>\n<strong>Assistante \u00e0 la chor\u00e9graphie<\/strong>\u00a0: Ahlam Ettamri<\/p>\n<p><strong>Performeurs<\/strong>\u00a0: Claire Guillaume, Carl Loiseau, Rosa Pires de Matos, Bruno Morin, Emilie Coud\u00e8re, Keely Sigot, S\u00e9verine Waeber, Dimitri Tsiapkinis<\/p>\n<p><strong>Dur\u00e9e\u00a0<\/strong>: ~ 20min<\/p>\n<p>&nbsp;<\/p>\n<p><strong>Le 20 juin, \u00e0 16H30 au\u00a0chapiteau\u00a0:<\/strong><\/p>\n<h3><strong><em>Fragments\u00a0: L\u2019assembl\u00e9e (extraits \/ 1<sup>\u00e8re<\/sup> \u00e9tape de travail)<\/em><\/strong><\/h3>\n<p>Des mati\u00e8res compos\u00e9es et improvis\u00e9es destin\u00e9es \u00e0 une adaptation chor\u00e9graphique &#8211; et tr\u00e8s libre &#8211; de la com\u00e9die grecque ancienne d\u2019Aristophane les <a href=\"http:\/\/remacle.org\/bloodwolf\/comediens\/Aristophane\/femmes.htm\" target=\"_blank\">Ekkl\u00e9siazouses (Assembl\u00e9e des femmes)<\/a>. Une aventure dramaturgique m\u00ealant textes, humour, expressivit\u00e9 sensible et danse contemporaine.<\/p>\n<p>Sc\u00e9nario en cours d\u2019\u00e9criture. La premi\u00e8re de la chor\u00e9graphie finale sera pr\u00e9sent\u00e9e en printemps 2016. Qu\u2019est-ce qui se r\u00e9v\u00e8le dans la frustration po\u00e9tique \/ politique des femmes dans la com\u00e9die d\u2019Aristophane ? En quoi cela nous concerne-t-il ? Quelle soci\u00e9t\u00e9 id\u00e9ale imaginer apr\u00e8s le d\u00e9sillusionnement de nos d\u00e9mocraties actuelles?<\/p>\n<p><strong>Conception \/ direction<\/strong> : <a title=\"Dimitri Tsiapkinis\" href=\"http:\/\/www.omnivion.net\/core\/team\/dimitrios-tsiapkinis\/\">Dimitri Tsiapkinis<\/a><\/p>\n<p><strong>PInterpr\u00e8tes<\/strong> : Emilie Coud\u00e8re, Claire Gervais, Claire Guillaume, Magali Dijoux, Carl Loiseau, Bruno Morin, Rosa Pires de Matos, Keely Sigot, Severine Waeber. <strong><br \/>\n<\/strong><strong>Dur\u00e9e\u00a0<\/strong>: ~ 20min<\/p>\n<p>&nbsp;<\/p>\n<p><strong>Le 21 juin, \u00e0 17H30 \u00e0 la\u00a0terrasse\u00a0du\u00a0\u00a0Lieu Dit :\u00a0<\/strong><\/p>\n<h3><strong><em>Conf\u00e9rence dans\u00e9e\u00a0: po\u00e9sies sauvages en milieu psychiatrique<\/em><\/strong><\/h3>\n<p>Soigner \u00e0 travers l\u2019art\u00a0ou tout simplement s\u2019exprimer \u00e0 travers l\u2019art ? C\u2019est quoi l\u2019exception de l\u2019art de la danse\u00a0? C\u2019est quoi les b\u00e9n\u00e9fices intrins\u00e8ques et instrumentales de la danse en de\u00e7\u00e0 de toute th\u00e9rapie\u00a0? Quel spectacle donner et pour quel public, avec des amateurs suivis en psychiatrie\u00a0? Des questionnements inspir\u00e9s du travail de recherche Master 2 r\u00e9alis\u00e9 par D. Tsiapkinis au sein du CHU de Tours \/ service psychiatrie en 2012-2014.<\/p>\n<p><strong>Conf\u00e9renciers<\/strong>\u00a0: Dimitri Tsiapkinis et\/ou Roland Lebret<\/p>\n<p><strong>Danseur<\/strong>\u00a0: Bruno Morin<br \/>\n<strong>Dur\u00e9e\u00a0<\/strong>: ~ 30min<\/p>","protected":false},"excerpt":{"rendered":"<p>&nbsp; Photo\u00a0\u00a9\u00a0Julien Troisi\u00e8me volet de la s\u00e9rie Newtopia 3, invit\u00e9 au\u00a0festival les Rendez [&hellip;]<\/p>\n","protected":false},"author":1,"featured_media":0,"parent":1256,"menu_order":0,"comment_status":"closed","ping_status":"closed","template":"","meta":{"jetpack_post_was_ever_published":false,"footnotes":""},"class_list":["post-1280","page","type-page","status-publish","hentry"],"yoast_head":"<!-- This site is optimized with the Yoast SEO plugin v26.8 - https:\/\/yoast.com\/product\/yoast-seo-wordpress\/ -->\n<title>Newtopia 3.3 - omnivion.net<\/title>\n<meta name=\"robots\" content=\"index, follow, max-snippet:-1, max-image-preview:large, max-video-preview:-1\" \/>\n<link rel=\"canonical\" href=\"https:\/\/omnivion.net\/core\/fr\/projets\/projets-artistiques\/newtopia-3\/newtopia-3-3\/\" \/>\n<meta property=\"og:locale\" content=\"fr_FR\" \/>\n<meta property=\"og:type\" content=\"article\" \/>\n<meta property=\"og:title\" content=\"Newtopia 3.3 - omnivion.net\" \/>\n<meta property=\"og:description\" content=\"&nbsp; Photo\u00a0\u00a9\u00a0Julien Troisi\u00e8me volet de la s\u00e9rie Newtopia 3, invit\u00e9 au\u00a0festival les Rendez [&hellip;]\" \/>\n<meta property=\"og:url\" content=\"https:\/\/omnivion.net\/core\/fr\/projets\/projets-artistiques\/newtopia-3\/newtopia-3-3\/\" \/>\n<meta property=\"og:site_name\" content=\"omnivion.net\" \/>\n<meta property=\"article:modified_time\" content=\"2015-08-19T16:29:23+00:00\" \/>\n<meta property=\"og:image\" content=\"http:\/\/www.omnivion.net\/core\/wp-content\/uploads\/2015\/05\/P1150775B8WEB.jpg\" \/>\n<meta name=\"twitter:card\" content=\"summary_large_image\" \/>\n<meta name=\"twitter:label1\" content=\"Dur\u00e9e de lecture estim\u00e9e\" \/>\n\t<meta name=\"twitter:data1\" content=\"4 minutes\" \/>\n<script type=\"application\/ld+json\" class=\"yoast-schema-graph\">{\"@context\":\"https:\/\/schema.org\",\"@graph\":[{\"@type\":\"WebPage\",\"@id\":\"https:\/\/omnivion.net\/core\/fr\/projets\/projets-artistiques\/newtopia-3\/newtopia-3-3\/\",\"url\":\"https:\/\/omnivion.net\/core\/fr\/projets\/projets-artistiques\/newtopia-3\/newtopia-3-3\/\",\"name\":\"Newtopia 3.3 - omnivion.net\",\"isPartOf\":{\"@id\":\"https:\/\/omnivion.net\/core\/fr\/#website\"},\"primaryImageOfPage\":{\"@id\":\"https:\/\/omnivion.net\/core\/fr\/projets\/projets-artistiques\/newtopia-3\/newtopia-3-3\/#primaryimage\"},\"image\":{\"@id\":\"https:\/\/omnivion.net\/core\/fr\/projets\/projets-artistiques\/newtopia-3\/newtopia-3-3\/#primaryimage\"},\"thumbnailUrl\":\"http:\/\/www.omnivion.net\/core\/wp-content\/uploads\/2015\/05\/P1150775B8WEB.jpg\",\"datePublished\":\"2015-05-07T16:20:57+00:00\",\"dateModified\":\"2015-08-19T16:29:23+00:00\",\"breadcrumb\":{\"@id\":\"https:\/\/omnivion.net\/core\/fr\/projets\/projets-artistiques\/newtopia-3\/newtopia-3-3\/#breadcrumb\"},\"inLanguage\":\"fr-FR\",\"potentialAction\":[{\"@type\":\"ReadAction\",\"target\":[\"https:\/\/omnivion.net\/core\/fr\/projets\/projets-artistiques\/newtopia-3\/newtopia-3-3\/\"]}]},{\"@type\":\"ImageObject\",\"inLanguage\":\"fr-FR\",\"@id\":\"https:\/\/omnivion.net\/core\/fr\/projets\/projets-artistiques\/newtopia-3\/newtopia-3-3\/#primaryimage\",\"url\":\"http:\/\/www.omnivion.net\/core\/wp-content\/uploads\/2015\/05\/P1150775B8WEB.jpg\",\"contentUrl\":\"http:\/\/www.omnivion.net\/core\/wp-content\/uploads\/2015\/05\/P1150775B8WEB.jpg\"},{\"@type\":\"BreadcrumbList\",\"@id\":\"https:\/\/omnivion.net\/core\/fr\/projets\/projets-artistiques\/newtopia-3\/newtopia-3-3\/#breadcrumb\",\"itemListElement\":[{\"@type\":\"ListItem\",\"position\":1,\"name\":\"Accueil\",\"item\":\"https:\/\/omnivion.net\/core\/en\/silverstorm\/\"},{\"@type\":\"ListItem\",\"position\":2,\"name\":\"Projets\",\"item\":\"https:\/\/omnivion.net\/core\/fr\/projets\/\"},{\"@type\":\"ListItem\",\"position\":3,\"name\":\"Projets Artistiques\",\"item\":\"https:\/\/omnivion.net\/core\/projets\/projets-artistiques\/\"},{\"@type\":\"ListItem\",\"position\":4,\"name\":\"Newtopia 3\",\"item\":\"https:\/\/omnivion.net\/core\/projets\/projets-artistiques\/newtopia-3\/\"},{\"@type\":\"ListItem\",\"position\":5,\"name\":\"Newtopia 3.3\"}]},{\"@type\":\"WebSite\",\"@id\":\"https:\/\/omnivion.net\/core\/fr\/#website\",\"url\":\"https:\/\/omnivion.net\/core\/fr\/\",\"name\":\"omnivion.net\",\"description\":\"...ARTS D&#039;\u00caTRE CORPS...\",\"potentialAction\":[{\"@type\":\"SearchAction\",\"target\":{\"@type\":\"EntryPoint\",\"urlTemplate\":\"https:\/\/omnivion.net\/core\/fr\/?s={search_term_string}\"},\"query-input\":{\"@type\":\"PropertyValueSpecification\",\"valueRequired\":true,\"valueName\":\"search_term_string\"}}],\"inLanguage\":\"fr-FR\"}]}<\/script>\n<!-- \/ Yoast SEO plugin. -->","yoast_head_json":{"title":"Newtopia 3.3 - omnivion.net","robots":{"index":"index","follow":"follow","max-snippet":"max-snippet:-1","max-image-preview":"max-image-preview:large","max-video-preview":"max-video-preview:-1"},"canonical":"https:\/\/omnivion.net\/core\/fr\/projets\/projets-artistiques\/newtopia-3\/newtopia-3-3\/","og_locale":"fr_FR","og_type":"article","og_title":"Newtopia 3.3 - omnivion.net","og_description":"&nbsp; Photo\u00a0\u00a9\u00a0Julien Troisi\u00e8me volet de la s\u00e9rie Newtopia 3, invit\u00e9 au\u00a0festival les Rendez [&hellip;]","og_url":"https:\/\/omnivion.net\/core\/fr\/projets\/projets-artistiques\/newtopia-3\/newtopia-3-3\/","og_site_name":"omnivion.net","article_modified_time":"2015-08-19T16:29:23+00:00","og_image":[{"url":"http:\/\/www.omnivion.net\/core\/wp-content\/uploads\/2015\/05\/P1150775B8WEB.jpg","type":"","width":"","height":""}],"twitter_card":"summary_large_image","twitter_misc":{"Dur\u00e9e de lecture estim\u00e9e":"4 minutes"},"schema":{"@context":"https:\/\/schema.org","@graph":[{"@type":"WebPage","@id":"https:\/\/omnivion.net\/core\/fr\/projets\/projets-artistiques\/newtopia-3\/newtopia-3-3\/","url":"https:\/\/omnivion.net\/core\/fr\/projets\/projets-artistiques\/newtopia-3\/newtopia-3-3\/","name":"Newtopia 3.3 - omnivion.net","isPartOf":{"@id":"https:\/\/omnivion.net\/core\/fr\/#website"},"primaryImageOfPage":{"@id":"https:\/\/omnivion.net\/core\/fr\/projets\/projets-artistiques\/newtopia-3\/newtopia-3-3\/#primaryimage"},"image":{"@id":"https:\/\/omnivion.net\/core\/fr\/projets\/projets-artistiques\/newtopia-3\/newtopia-3-3\/#primaryimage"},"thumbnailUrl":"http:\/\/www.omnivion.net\/core\/wp-content\/uploads\/2015\/05\/P1150775B8WEB.jpg","datePublished":"2015-05-07T16:20:57+00:00","dateModified":"2015-08-19T16:29:23+00:00","breadcrumb":{"@id":"https:\/\/omnivion.net\/core\/fr\/projets\/projets-artistiques\/newtopia-3\/newtopia-3-3\/#breadcrumb"},"inLanguage":"fr-FR","potentialAction":[{"@type":"ReadAction","target":["https:\/\/omnivion.net\/core\/fr\/projets\/projets-artistiques\/newtopia-3\/newtopia-3-3\/"]}]},{"@type":"ImageObject","inLanguage":"fr-FR","@id":"https:\/\/omnivion.net\/core\/fr\/projets\/projets-artistiques\/newtopia-3\/newtopia-3-3\/#primaryimage","url":"http:\/\/www.omnivion.net\/core\/wp-content\/uploads\/2015\/05\/P1150775B8WEB.jpg","contentUrl":"http:\/\/www.omnivion.net\/core\/wp-content\/uploads\/2015\/05\/P1150775B8WEB.jpg"},{"@type":"BreadcrumbList","@id":"https:\/\/omnivion.net\/core\/fr\/projets\/projets-artistiques\/newtopia-3\/newtopia-3-3\/#breadcrumb","itemListElement":[{"@type":"ListItem","position":1,"name":"Accueil","item":"https:\/\/omnivion.net\/core\/en\/silverstorm\/"},{"@type":"ListItem","position":2,"name":"Projets","item":"https:\/\/omnivion.net\/core\/fr\/projets\/"},{"@type":"ListItem","position":3,"name":"Projets Artistiques","item":"https:\/\/omnivion.net\/core\/projets\/projets-artistiques\/"},{"@type":"ListItem","position":4,"name":"Newtopia 3","item":"https:\/\/omnivion.net\/core\/projets\/projets-artistiques\/newtopia-3\/"},{"@type":"ListItem","position":5,"name":"Newtopia 3.3"}]},{"@type":"WebSite","@id":"https:\/\/omnivion.net\/core\/fr\/#website","url":"https:\/\/omnivion.net\/core\/fr\/","name":"omnivion.net","description":"...ARTS D&#039;\u00caTRE CORPS...","potentialAction":[{"@type":"SearchAction","target":{"@type":"EntryPoint","urlTemplate":"https:\/\/omnivion.net\/core\/fr\/?s={search_term_string}"},"query-input":{"@type":"PropertyValueSpecification","valueRequired":true,"valueName":"search_term_string"}}],"inLanguage":"fr-FR"}]}},"jetpack_sharing_enabled":true,"jetpack_shortlink":"https:\/\/wp.me\/P2fe7Q-kE","jetpack_likes_enabled":true,"_links":{"self":[{"href":"https:\/\/omnivion.net\/core\/fr\/wp-json\/wp\/v2\/pages\/1280","targetHints":{"allow":["GET"]}}],"collection":[{"href":"https:\/\/omnivion.net\/core\/fr\/wp-json\/wp\/v2\/pages"}],"about":[{"href":"https:\/\/omnivion.net\/core\/fr\/wp-json\/wp\/v2\/types\/page"}],"author":[{"embeddable":true,"href":"https:\/\/omnivion.net\/core\/fr\/wp-json\/wp\/v2\/users\/1"}],"replies":[{"embeddable":true,"href":"https:\/\/omnivion.net\/core\/fr\/wp-json\/wp\/v2\/comments?post=1280"}],"version-history":[{"count":9,"href":"https:\/\/omnivion.net\/core\/fr\/wp-json\/wp\/v2\/pages\/1280\/revisions"}],"predecessor-version":[{"id":1380,"href":"https:\/\/omnivion.net\/core\/fr\/wp-json\/wp\/v2\/pages\/1280\/revisions\/1380"}],"up":[{"embeddable":true,"href":"https:\/\/omnivion.net\/core\/fr\/wp-json\/wp\/v2\/pages\/1256"}],"wp:attachment":[{"href":"https:\/\/omnivion.net\/core\/fr\/wp-json\/wp\/v2\/media?parent=1280"}],"curies":[{"name":"wp","href":"https:\/\/api.w.org\/{rel}","templated":true}]}}