{"id":1275,"date":"2015-05-07T16:07:32","date_gmt":"2015-05-07T15:07:32","guid":{"rendered":"http:\/\/www.omnivion.net\/core\/?page_id=1275"},"modified":"2023-05-06T15:50:35","modified_gmt":"2023-05-06T14:50:35","slug":"newtopia-3-2","status":"publish","type":"page","link":"https:\/\/omnivion.net\/core\/fr\/projets\/projets-artistiques\/newtopia-3\/newtopia-3-2\/","title":{"rendered":"Newtopia 3.2"},"content":{"rendered":"<p><a href=\"https:\/\/i0.wp.com\/www.omnivion.net\/core\/wp-content\/uploads\/2015\/05\/2014-09-18_Fraises-Indigo_r%C3%A9p%C3%A9tition_CCNT_03_web.jpg\"><img data-recalc-dims=\"1\" loading=\"lazy\" decoding=\"async\" class=\"alignnone  wp-image-1276\" src=\"https:\/\/i0.wp.com\/www.omnivion.net\/core\/wp-content\/uploads\/2015\/05\/2014-09-18_Fraises-Indigo_r%C3%A9p%C3%A9tition_CCNT_03_web.jpg?resize=1003%2C395\" alt=\"2014-09-18_Fraises-Indigo_r\u00e9p\u00e9tition_CCNT_03_web\" width=\"1003\" height=\"395\" srcset=\"https:\/\/i0.wp.com\/omnivion.net\/core\/wp-content\/uploads\/2015\/05\/2014-09-18_Fraises-Indigo_r%C3%A9p%C3%A9tition_CCNT_03_web.jpg?w=800&amp;ssl=1 800w, https:\/\/i0.wp.com\/omnivion.net\/core\/wp-content\/uploads\/2015\/05\/2014-09-18_Fraises-Indigo_r%C3%A9p%C3%A9tition_CCNT_03_web.jpg?resize=300%2C118&amp;ssl=1 300w\" sizes=\"auto, (max-width: 1000px) 100vw, 1000px\" \/><\/a><\/p>\n<p>Photo by\u00a0\u00a9 D.Tsiapkinis<\/p>\n<p><strong>3.2<\/strong> est le deuxi\u00e8me volet de <strong><a title=\"Newtopia 3\" href=\"http:\/\/www.omnivion.net\/core\/newtopia-3\/\">Newtopia 3<\/a><\/strong> qui sera pr\u00e9sent\u00e9 dans le cadre de Mardi Pratiques du <a href=\"http:\/\/www.centresocialrabiere.fr\/\" target=\"_blank\" rel=\"noopener\">Centre Social la Rabi\u00e8re<\/a>, le 16 juin 2015 \u00e0 14H.<\/p>\n<p><span style=\"text-decoration: underline;\">Entr\u00e9e libre<\/span>.<\/p>\n<p><span style=\"text-decoration: underline;\"><strong>Programme : <\/strong><\/span><\/p>\n<p><strong><em><br \/>\n1. Oblivion\u00a0<\/em><\/strong><\/p>\n<p>Projection film de\u00a0M\u00e9lanie Loisel, interpr\u00e9tation libre de l&rsquo;\u00e9v\u00e9nement Newtopia 2.2 pr\u00e9sent\u00e9 \u00e0 la Chapelle St.Anne en d\u00e9cembre 2014.<\/p>\n<p>Dur\u00e9e :\u00a010\u00a0min<\/p>\n<p><strong><em>2.\u00a0Ciel dans les nerfs<\/em><\/strong><\/p>\n<p>Projection du vid\u00e9o clip\u00a0de <a href=\"http:\/\/www.unifrance.org\/annuaires\/personne\/330351\/raphael-mathie\" target=\"_blank\" rel=\"noopener\">Rapha\u00ebl Mathi\u00e9<\/a>, un regard ludique sur l&rsquo;\u00e9change chor\u00e9graphique, passionnant entre retrait\u00e9s hospitalis\u00e9s et coll\u00e9giens. Les ateliers danse \u00e9taient dirig\u00e9s par <a title=\"Dimitri Tsiapkinis\" href=\"http:\/\/www.omnivion.net\/core\/team\/dimitrios-tsiapkinis\/\">Dimitri Tsiapkinis<\/a>. Ce travail a \u00e9t\u00e9 un projet de l&rsquo;<a href=\"http:\/\/www.ciemawguerite.com\/\" target=\"_blank\" rel=\"noopener\">Association Mawguerite<\/a>\u00a0\/\u00a0<a href=\"http:\/\/www.ciemawguerite.com\/\" target=\"_blank\" rel=\"noopener\">Bernardo Montet<\/a>.<\/p>\n<p>Dur\u00e9e : 5 min<\/p>\n<p><strong><em>3. Fragments\u00a0: L\u2019assembl\u00e9e (extraits \/ \u00e9tape de travail)<\/em><\/strong><\/p>\n<p>Des mati\u00e8res compos\u00e9es et improvis\u00e9es destin\u00e9es \u00e0 une adaptation chor\u00e9graphique &#8211; et tr\u00e8s libre &#8211; de la com\u00e9die grecque ancienne d\u2019Aristophane les <a href=\"http:\/\/remacle.org\/bloodwolf\/comediens\/Aristophane\/femmes.htm\" target=\"_blank\" rel=\"noopener\">Ekkl\u00e9siazouses (Assembl\u00e9e des femmes)<\/a>. Une aventure dramaturgique m\u00ealant textes, humour, expressivit\u00e9 sensible et danse contemporaine.<\/p>\n<p>Sc\u00e9nario en cours d\u2019\u00e9criture. La premi\u00e8re de la chor\u00e9graphie finale sera pr\u00e9sent\u00e9e en printemps 2016.<\/p>\n<p>Qu\u2019est-ce qui se r\u00e9v\u00e8le dans la frustration po\u00e9tique \/ politique des femmes dans la com\u00e9die d\u2019Aristophane ? En quoi cela nous concerne-t-il ? Quelle soci\u00e9t\u00e9 id\u00e9ale imaginer apr\u00e8s l\u2019effondrement des utopies (violentes) du socialisme et du capitalisme ?<\/p>\n<p>Conception \/ direction : <a title=\"Dimitri Tsiapkinis\" href=\"http:\/\/www.omnivion.net\/core\/team\/dimitrios-tsiapkinis\/\">Dimitri Tsiapkinis<\/a><\/p>\n<p>Performeurs : Bruno Morin, Rosa Pires de Matos, Dimitri Tsiapkinis.<\/p>\n<p>Dur\u00e9e : ~ 15 min<\/p>\n<p>&nbsp;<\/p>\n<p><strong><em>4. La Boum Pratique<\/em><\/strong><\/p>\n<p>Invitation \u00e0 la danse pour les participants de mardi pratiques.<\/p>\n<p>&nbsp;<\/p>","protected":false},"excerpt":{"rendered":"<p>Photo by\u00a0\u00a9 D.Tsiapkinis 3.2 est le deuxi\u00e8me volet de Newtopia 3 qui sera [&hellip;]<\/p>\n","protected":false},"author":1,"featured_media":0,"parent":1256,"menu_order":0,"comment_status":"closed","ping_status":"closed","template":"","meta":{"jetpack_post_was_ever_published":false,"footnotes":""},"class_list":["post-1275","page","type-page","status-publish","hentry"],"yoast_head":"<!-- This site is optimized with the Yoast SEO plugin v26.8 - https:\/\/yoast.com\/product\/yoast-seo-wordpress\/ -->\n<title>Newtopia 3.2 - omnivion.net<\/title>\n<meta name=\"robots\" content=\"index, follow, max-snippet:-1, max-image-preview:large, max-video-preview:-1\" \/>\n<link rel=\"canonical\" href=\"https:\/\/omnivion.net\/core\/fr\/projets\/projets-artistiques\/newtopia-3\/newtopia-3-2\/\" \/>\n<meta property=\"og:locale\" content=\"fr_FR\" \/>\n<meta property=\"og:type\" content=\"article\" \/>\n<meta property=\"og:title\" content=\"Newtopia 3.2 - omnivion.net\" \/>\n<meta property=\"og:description\" content=\"Photo by\u00a0\u00a9 D.Tsiapkinis 3.2 est le deuxi\u00e8me volet de Newtopia 3 qui sera [&hellip;]\" \/>\n<meta property=\"og:url\" content=\"https:\/\/omnivion.net\/core\/fr\/projets\/projets-artistiques\/newtopia-3\/newtopia-3-2\/\" \/>\n<meta property=\"og:site_name\" content=\"omnivion.net\" \/>\n<meta property=\"article:modified_time\" content=\"2023-05-06T14:50:35+00:00\" \/>\n<meta name=\"twitter:card\" content=\"summary_large_image\" \/>\n<meta name=\"twitter:label1\" content=\"Dur\u00e9e de lecture estim\u00e9e\" \/>\n\t<meta name=\"twitter:data1\" content=\"2 minutes\" \/>\n<script type=\"application\/ld+json\" class=\"yoast-schema-graph\">{\"@context\":\"https:\/\/schema.org\",\"@graph\":[{\"@type\":\"WebPage\",\"@id\":\"https:\/\/omnivion.net\/core\/fr\/projets\/projets-artistiques\/newtopia-3\/newtopia-3-2\/\",\"url\":\"https:\/\/omnivion.net\/core\/fr\/projets\/projets-artistiques\/newtopia-3\/newtopia-3-2\/\",\"name\":\"Newtopia 3.2 - omnivion.net\",\"isPartOf\":{\"@id\":\"https:\/\/omnivion.net\/core\/fr\/#website\"},\"datePublished\":\"2015-05-07T15:07:32+00:00\",\"dateModified\":\"2023-05-06T14:50:35+00:00\",\"breadcrumb\":{\"@id\":\"https:\/\/omnivion.net\/core\/fr\/projets\/projets-artistiques\/newtopia-3\/newtopia-3-2\/#breadcrumb\"},\"inLanguage\":\"fr-FR\",\"potentialAction\":[{\"@type\":\"ReadAction\",\"target\":[\"https:\/\/omnivion.net\/core\/fr\/projets\/projets-artistiques\/newtopia-3\/newtopia-3-2\/\"]}]},{\"@type\":\"BreadcrumbList\",\"@id\":\"https:\/\/omnivion.net\/core\/fr\/projets\/projets-artistiques\/newtopia-3\/newtopia-3-2\/#breadcrumb\",\"itemListElement\":[{\"@type\":\"ListItem\",\"position\":1,\"name\":\"Accueil\",\"item\":\"https:\/\/omnivion.net\/core\/en\/silverstorm\/\"},{\"@type\":\"ListItem\",\"position\":2,\"name\":\"Projets\",\"item\":\"https:\/\/omnivion.net\/core\/fr\/projets\/\"},{\"@type\":\"ListItem\",\"position\":3,\"name\":\"Projets Artistiques\",\"item\":\"https:\/\/omnivion.net\/core\/projets\/projets-artistiques\/\"},{\"@type\":\"ListItem\",\"position\":4,\"name\":\"Newtopia 3\",\"item\":\"https:\/\/omnivion.net\/core\/projets\/projets-artistiques\/newtopia-3\/\"},{\"@type\":\"ListItem\",\"position\":5,\"name\":\"Newtopia 3.2\"}]},{\"@type\":\"WebSite\",\"@id\":\"https:\/\/omnivion.net\/core\/fr\/#website\",\"url\":\"https:\/\/omnivion.net\/core\/fr\/\",\"name\":\"omnivion.net\",\"description\":\"...ARTS D&#039;\u00caTRE CORPS...\",\"potentialAction\":[{\"@type\":\"SearchAction\",\"target\":{\"@type\":\"EntryPoint\",\"urlTemplate\":\"https:\/\/omnivion.net\/core\/fr\/?s={search_term_string}\"},\"query-input\":{\"@type\":\"PropertyValueSpecification\",\"valueRequired\":true,\"valueName\":\"search_term_string\"}}],\"inLanguage\":\"fr-FR\"}]}<\/script>\n<!-- \/ Yoast SEO plugin. -->","yoast_head_json":{"title":"Newtopia 3.2 - omnivion.net","robots":{"index":"index","follow":"follow","max-snippet":"max-snippet:-1","max-image-preview":"max-image-preview:large","max-video-preview":"max-video-preview:-1"},"canonical":"https:\/\/omnivion.net\/core\/fr\/projets\/projets-artistiques\/newtopia-3\/newtopia-3-2\/","og_locale":"fr_FR","og_type":"article","og_title":"Newtopia 3.2 - omnivion.net","og_description":"Photo by\u00a0\u00a9 D.Tsiapkinis 3.2 est le deuxi\u00e8me volet de Newtopia 3 qui sera [&hellip;]","og_url":"https:\/\/omnivion.net\/core\/fr\/projets\/projets-artistiques\/newtopia-3\/newtopia-3-2\/","og_site_name":"omnivion.net","article_modified_time":"2023-05-06T14:50:35+00:00","twitter_card":"summary_large_image","twitter_misc":{"Dur\u00e9e de lecture estim\u00e9e":"2 minutes"},"schema":{"@context":"https:\/\/schema.org","@graph":[{"@type":"WebPage","@id":"https:\/\/omnivion.net\/core\/fr\/projets\/projets-artistiques\/newtopia-3\/newtopia-3-2\/","url":"https:\/\/omnivion.net\/core\/fr\/projets\/projets-artistiques\/newtopia-3\/newtopia-3-2\/","name":"Newtopia 3.2 - omnivion.net","isPartOf":{"@id":"https:\/\/omnivion.net\/core\/fr\/#website"},"datePublished":"2015-05-07T15:07:32+00:00","dateModified":"2023-05-06T14:50:35+00:00","breadcrumb":{"@id":"https:\/\/omnivion.net\/core\/fr\/projets\/projets-artistiques\/newtopia-3\/newtopia-3-2\/#breadcrumb"},"inLanguage":"fr-FR","potentialAction":[{"@type":"ReadAction","target":["https:\/\/omnivion.net\/core\/fr\/projets\/projets-artistiques\/newtopia-3\/newtopia-3-2\/"]}]},{"@type":"BreadcrumbList","@id":"https:\/\/omnivion.net\/core\/fr\/projets\/projets-artistiques\/newtopia-3\/newtopia-3-2\/#breadcrumb","itemListElement":[{"@type":"ListItem","position":1,"name":"Accueil","item":"https:\/\/omnivion.net\/core\/en\/silverstorm\/"},{"@type":"ListItem","position":2,"name":"Projets","item":"https:\/\/omnivion.net\/core\/fr\/projets\/"},{"@type":"ListItem","position":3,"name":"Projets Artistiques","item":"https:\/\/omnivion.net\/core\/projets\/projets-artistiques\/"},{"@type":"ListItem","position":4,"name":"Newtopia 3","item":"https:\/\/omnivion.net\/core\/projets\/projets-artistiques\/newtopia-3\/"},{"@type":"ListItem","position":5,"name":"Newtopia 3.2"}]},{"@type":"WebSite","@id":"https:\/\/omnivion.net\/core\/fr\/#website","url":"https:\/\/omnivion.net\/core\/fr\/","name":"omnivion.net","description":"...ARTS D&#039;\u00caTRE CORPS...","potentialAction":[{"@type":"SearchAction","target":{"@type":"EntryPoint","urlTemplate":"https:\/\/omnivion.net\/core\/fr\/?s={search_term_string}"},"query-input":{"@type":"PropertyValueSpecification","valueRequired":true,"valueName":"search_term_string"}}],"inLanguage":"fr-FR"}]}},"jetpack_sharing_enabled":true,"jetpack_shortlink":"https:\/\/wp.me\/P2fe7Q-kz","jetpack_likes_enabled":true,"_links":{"self":[{"href":"https:\/\/omnivion.net\/core\/fr\/wp-json\/wp\/v2\/pages\/1275","targetHints":{"allow":["GET"]}}],"collection":[{"href":"https:\/\/omnivion.net\/core\/fr\/wp-json\/wp\/v2\/pages"}],"about":[{"href":"https:\/\/omnivion.net\/core\/fr\/wp-json\/wp\/v2\/types\/page"}],"author":[{"embeddable":true,"href":"https:\/\/omnivion.net\/core\/fr\/wp-json\/wp\/v2\/users\/1"}],"replies":[{"embeddable":true,"href":"https:\/\/omnivion.net\/core\/fr\/wp-json\/wp\/v2\/comments?post=1275"}],"version-history":[{"count":12,"href":"https:\/\/omnivion.net\/core\/fr\/wp-json\/wp\/v2\/pages\/1275\/revisions"}],"predecessor-version":[{"id":4975,"href":"https:\/\/omnivion.net\/core\/fr\/wp-json\/wp\/v2\/pages\/1275\/revisions\/4975"}],"up":[{"embeddable":true,"href":"https:\/\/omnivion.net\/core\/fr\/wp-json\/wp\/v2\/pages\/1256"}],"wp:attachment":[{"href":"https:\/\/omnivion.net\/core\/fr\/wp-json\/wp\/v2\/media?parent=1275"}],"curies":[{"name":"wp","href":"https:\/\/api.w.org\/{rel}","templated":true}]}}