{"id":1265,"date":"2015-05-07T15:36:54","date_gmt":"2015-05-07T14:36:54","guid":{"rendered":"http:\/\/www.omnivion.net\/core\/?page_id=1265"},"modified":"2016-09-12T14:35:10","modified_gmt":"2016-09-12T13:35:10","slug":"newtopia-3-1","status":"publish","type":"page","link":"https:\/\/omnivion.net\/core\/fr\/projets\/projets-artistiques\/newtopia-3\/newtopia-3-1\/","title":{"rendered":"Newtopia 3.1."},"content":{"rendered":"<p><div id=\"attachment_1647\" style=\"width: 810px\" class=\"wp-caption alignnone\"><a href=\"http:\/\/omnivion.net\/core\/projets\/projets-artistiques\/newtopia-3\/newtopia-3-1\/2015-06-20_rendez-fous_st-mathurin_05_web\/\" rel=\"attachment wp-att-1647\"><img data-recalc-dims=\"1\" loading=\"lazy\" decoding=\"async\" aria-describedby=\"caption-attachment-1647\" class=\"size-full wp-image-1647\" src=\"https:\/\/i0.wp.com\/omnivion.net\/core\/wp-content\/uploads\/2015\/05\/2015-06-20_Rendez-fous_St.Mathurin_05_web.jpg?resize=800%2C442\" alt=\"Photo par D.Tsiapkinis\" width=\"800\" height=\"442\" srcset=\"https:\/\/i0.wp.com\/omnivion.net\/core\/wp-content\/uploads\/2015\/05\/2015-06-20_Rendez-fous_St.Mathurin_05_web.jpg?w=800&amp;ssl=1 800w, https:\/\/i0.wp.com\/omnivion.net\/core\/wp-content\/uploads\/2015\/05\/2015-06-20_Rendez-fous_St.Mathurin_05_web.jpg?resize=300%2C166&amp;ssl=1 300w, https:\/\/i0.wp.com\/omnivion.net\/core\/wp-content\/uploads\/2015\/05\/2015-06-20_Rendez-fous_St.Mathurin_05_web.jpg?resize=768%2C424&amp;ssl=1 768w\" sizes=\"auto, (max-width: 800px) 100vw, 800px\" \/><\/a><p id=\"caption-attachment-1647\" class=\"wp-caption-text\">Photo par D.Tsiapkinis<\/p><\/div><\/p>\n<p>&nbsp;<\/p>\n<p>La nouvelle s\u00e9rie \u201c<strong><a href=\"http:\/\/www.omnivion.net\/core\/projets\/projets-artistiques\/newtopia-3\/\">Newtopia 3<\/a><\/strong>\u201d (Cr\u00e9ations 2015-2016) est un ensemble de propositions chor\u00e9graphiques et plastiques autour du corps sensible, en collaboration avec le service psychiatrique du CHRU de Tours, les Arpents d\u2019Art et la Chapelle Saint-Anne.<\/p>\n<p><a href=\"http:\/\/www.omnivion.net\/core\/projets\/projets-artistiques\/newtopia-3\/newtopia-3-1\/\">Newtopia 3.1<\/a>, premier volet, a \u00e9t\u00e9 pr\u00e9sent\u00e9\u00a0\u00e0 <strong><a href=\"http:\/\/www.tours.fr\/128-espace-jacques-villeret.htm\">l\u2019Espace Villeret<\/a><\/strong> 11 Saussure Road, (Fontaines) 37200 Tours, le 5 juin 2015 \u00e0 20H30. Accueilli par nos partenaires de \u00ab Arpents d\u2019Art \u00bb, cette \u00e9tape de travail a fait\u00a0partie de la programmation du festival \u00ab <strong><a href=\"http:\/\/lesarpentsdart.fr\/cms\/projet-in-off-art\/\">IN \/\/ OFF ART<\/a><\/strong> \u00bb (18 mai-25 juin).<\/p>\n<p>Au programme :<\/p>\n<ol>\n<li><strong><em>Fragments\u00a0: L\u2019assembl\u00e9e (extraits \/ 1<sup>\u00e8re<\/sup> \u00e9tape de travail)<\/em><\/strong><\/li>\n<\/ol>\n<p>Des mati\u00e8res compos\u00e9es et improvis\u00e9es destin\u00e9es \u00e0 une adaptation chor\u00e9graphique &#8211; et tr\u00e8s libre &#8211; de la com\u00e9die grecque ancienne d\u2019Aristophane les Ekkl\u00e9siazouses (Assembl\u00e9e des femmes). Une aventure dramaturgique m\u00ealant textes, humour, expressivit\u00e9 sensible et danse contemporaine. Sc\u00e9nario en cours d\u2019\u00e9criture.<\/p>\n<p>Qu\u2019est-ce qui se r\u00e9v\u00e8le dans la frustration po\u00e9tique \/ politique des femmes dans la com\u00e9die d\u2019Aristophane ? En quoi cela nous concerne-t-il ? Quelle soci\u00e9t\u00e9 id\u00e9ale imaginer lorsqu&rsquo;on devient d\u00e9sillusionn\u00e9 des\u00a0utopies d\u00e9mocratiques\u00a0?<\/p>\n<p>La premi\u00e8re de la chor\u00e9graphie finale sera pr\u00e9sent\u00e9e le 5 mai 2016 \u00e0 la Pl\u00e9iade.<\/p>\n<p>Conception \/ direction : Dimitri Tsiapkinis<br \/>\nInterpr\u00e8tes\u00a0: Karine Bonneau, Didier Cechella, Emilie Coud\u00e8re, Claire Gervais, Claire Guillaume, Magali Dijoux, Carl Loiseau, Bruno Morin, Rosa Pires de Matos, Keely Sigot. Dur\u00e9e : ~ 25min<\/p>\n<p>&nbsp;<\/p>\n<ol start=\"2\">\n<li><strong><em>Feux Oranges d\u2019Ours<\/em><\/strong><\/li>\n<\/ol>\n<p>Une improvisation solo de danse th\u00e9\u00e2tre \u2013 sur le rapport personnel \u00e0 la folie. Un jeu avec soi-m\u00eame sur les impulsions brutes, l\u2019exhibition des \u00e9tats grotesques, l\u2019autod\u00e9rision. \u00a0Transcendance, d\u00e9ni, fuite, r\u00e9sistance et\/ou r\u00e9gression jubilatoire et ressourcement?<\/p>\n<p>Conception \/ performance : Dimitri Tsiapkinis Dur\u00e9e : ~ 25min<\/p>\n<p>Extrait vid\u00e9o (7 min) de la performance : <a href=\"https:\/\/vimeo.com\/omnivion\/feux_oranges_d\u2019ours\" target=\"_blank\">FOO!<\/a><\/p>\n<p>Apr\u00e8s avoir dans\u00e9 entre autre dans la troupe de Bernardo Montet, <a title=\"Dimitri Tsiapkinis\" href=\"http:\/\/www.omnivion.net\/core\/team\/dimitrios-tsiapkinis\/\">Dimitri Tsiapkinis<\/a> d\u00e9veloppe une pratique de la danse contemporaine dans les services de Psychiatrie du CHRU de Tours. Co-fondateur de l\u2019association Omnivion, il pr\u00e9senta, avec elle, entre 2011-2014, plusieurs\u00a0spectacles de danse associant professionnels, amateurs et des patients. La collaboration avec Les Arpents d\u2019art est fond\u00e9e sur une communaut\u00e9 d\u2019objectif: Permettre aux personnes en difficult\u00e9 de cr\u00e9er avec les autres, via un passage au public. Ce projet b\u00e9n\u00e9ficie d\u2019un financement de la DRAC Centre (Culture et sant\u00e9) et du fonds de dotation Transept 37.<\/p>\n<p>&nbsp;<\/p>\n<p><a href=\"https:\/\/i0.wp.com\/www.omnivion.net\/core\/wp-content\/uploads\/2015\/05\/logo-DRAC-Centre-23-11_imagelarge.jpg\"><img data-recalc-dims=\"1\" loading=\"lazy\" decoding=\"async\" class=\"alignnone wp-image-1268\" src=\"https:\/\/i0.wp.com\/www.omnivion.net\/core\/wp-content\/uploads\/2015\/05\/logo-DRAC-Centre-23-11_imagelarge.jpg?resize=137%2C194\" alt=\"logo-DRAC-Centre-23-11_imagelarge\" width=\"137\" height=\"194\" srcset=\"https:\/\/i0.wp.com\/omnivion.net\/core\/wp-content\/uploads\/2015\/05\/logo-DRAC-Centre-23-11_imagelarge.jpg?w=515&amp;ssl=1 515w, https:\/\/i0.wp.com\/omnivion.net\/core\/wp-content\/uploads\/2015\/05\/logo-DRAC-Centre-23-11_imagelarge.jpg?resize=212%2C300&amp;ssl=1 212w\" sizes=\"auto, (max-width: 137px) 100vw, 137px\" \/><\/a>\u00a0 \u00a0 \u00a0 \u00a0<a href=\"https:\/\/i0.wp.com\/www.omnivion.net\/core\/wp-content\/uploads\/2015\/05\/ARS_centre_124_71.gif\"><img data-recalc-dims=\"1\" loading=\"lazy\" decoding=\"async\" class=\"alignnone wp-image-1269\" src=\"https:\/\/i0.wp.com\/www.omnivion.net\/core\/wp-content\/uploads\/2015\/05\/ARS_centre_124_71.gif?resize=157%2C90\" alt=\"ARS_centre_124_71\" width=\"157\" height=\"90\" \/><\/a>\u00a0 \u00a0 \u00a0 \u00a0\u00a0<a href=\"https:\/\/i0.wp.com\/www.omnivion.net\/core\/wp-content\/uploads\/2014\/08\/640px-CHRU_logo_RVB.jpg\"><img data-recalc-dims=\"1\" loading=\"lazy\" decoding=\"async\" class=\"alignnone wp-image-1094\" src=\"https:\/\/i0.wp.com\/www.omnivion.net\/core\/wp-content\/uploads\/2014\/08\/640px-CHRU_logo_RVB.jpg?resize=224%2C116\" alt=\"640px-CHRU_logo_RVB\" width=\"224\" height=\"116\" srcset=\"https:\/\/i0.wp.com\/omnivion.net\/core\/wp-content\/uploads\/2014\/08\/640px-CHRU_logo_RVB.jpg?w=640&amp;ssl=1 640w, https:\/\/i0.wp.com\/omnivion.net\/core\/wp-content\/uploads\/2014\/08\/640px-CHRU_logo_RVB.jpg?resize=300%2C155&amp;ssl=1 300w\" sizes=\"auto, (max-width: 224px) 100vw, 224px\" \/><\/a><\/p>","protected":false},"excerpt":{"rendered":"<p>&nbsp; La nouvelle s\u00e9rie \u201cNewtopia 3\u201d (Cr\u00e9ations 2015-2016) est un ensemble de propositions [&hellip;]<\/p>\n","protected":false},"author":1,"featured_media":0,"parent":1256,"menu_order":0,"comment_status":"closed","ping_status":"closed","template":"","meta":{"jetpack_post_was_ever_published":false,"footnotes":""},"class_list":["post-1265","page","type-page","status-publish","hentry"],"yoast_head":"<!-- This site is optimized with the Yoast SEO plugin v26.8 - https:\/\/yoast.com\/product\/yoast-seo-wordpress\/ -->\n<title>Newtopia 3.1. - omnivion.net<\/title>\n<meta name=\"robots\" content=\"index, follow, max-snippet:-1, max-image-preview:large, max-video-preview:-1\" \/>\n<link rel=\"canonical\" href=\"https:\/\/omnivion.net\/core\/fr\/projets\/projets-artistiques\/newtopia-3\/newtopia-3-1\/\" \/>\n<meta property=\"og:locale\" content=\"fr_FR\" \/>\n<meta property=\"og:type\" content=\"article\" \/>\n<meta property=\"og:title\" content=\"Newtopia 3.1. - omnivion.net\" \/>\n<meta property=\"og:description\" content=\"&nbsp; La nouvelle s\u00e9rie \u201cNewtopia 3\u201d (Cr\u00e9ations 2015-2016) est un ensemble de propositions [&hellip;]\" \/>\n<meta property=\"og:url\" content=\"https:\/\/omnivion.net\/core\/fr\/projets\/projets-artistiques\/newtopia-3\/newtopia-3-1\/\" \/>\n<meta property=\"og:site_name\" content=\"omnivion.net\" \/>\n<meta property=\"article:modified_time\" content=\"2016-09-12T13:35:10+00:00\" \/>\n<meta property=\"og:image\" content=\"http:\/\/omnivion.net\/core\/wp-content\/uploads\/2015\/05\/2015-06-20_Rendez-fous_St.Mathurin_05_web.jpg\" \/>\n<meta name=\"twitter:card\" content=\"summary_large_image\" \/>\n<meta name=\"twitter:label1\" content=\"Dur\u00e9e de lecture estim\u00e9e\" \/>\n\t<meta name=\"twitter:data1\" content=\"3 minutes\" \/>\n<script type=\"application\/ld+json\" class=\"yoast-schema-graph\">{\"@context\":\"https:\/\/schema.org\",\"@graph\":[{\"@type\":\"WebPage\",\"@id\":\"https:\/\/omnivion.net\/core\/fr\/projets\/projets-artistiques\/newtopia-3\/newtopia-3-1\/\",\"url\":\"https:\/\/omnivion.net\/core\/fr\/projets\/projets-artistiques\/newtopia-3\/newtopia-3-1\/\",\"name\":\"Newtopia 3.1. - omnivion.net\",\"isPartOf\":{\"@id\":\"https:\/\/omnivion.net\/core\/fr\/#website\"},\"primaryImageOfPage\":{\"@id\":\"https:\/\/omnivion.net\/core\/fr\/projets\/projets-artistiques\/newtopia-3\/newtopia-3-1\/#primaryimage\"},\"image\":{\"@id\":\"https:\/\/omnivion.net\/core\/fr\/projets\/projets-artistiques\/newtopia-3\/newtopia-3-1\/#primaryimage\"},\"thumbnailUrl\":\"http:\/\/omnivion.net\/core\/wp-content\/uploads\/2015\/05\/2015-06-20_Rendez-fous_St.Mathurin_05_web.jpg\",\"datePublished\":\"2015-05-07T14:36:54+00:00\",\"dateModified\":\"2016-09-12T13:35:10+00:00\",\"breadcrumb\":{\"@id\":\"https:\/\/omnivion.net\/core\/fr\/projets\/projets-artistiques\/newtopia-3\/newtopia-3-1\/#breadcrumb\"},\"inLanguage\":\"fr-FR\",\"potentialAction\":[{\"@type\":\"ReadAction\",\"target\":[\"https:\/\/omnivion.net\/core\/fr\/projets\/projets-artistiques\/newtopia-3\/newtopia-3-1\/\"]}]},{\"@type\":\"ImageObject\",\"inLanguage\":\"fr-FR\",\"@id\":\"https:\/\/omnivion.net\/core\/fr\/projets\/projets-artistiques\/newtopia-3\/newtopia-3-1\/#primaryimage\",\"url\":\"http:\/\/omnivion.net\/core\/wp-content\/uploads\/2015\/05\/2015-06-20_Rendez-fous_St.Mathurin_05_web.jpg\",\"contentUrl\":\"http:\/\/omnivion.net\/core\/wp-content\/uploads\/2015\/05\/2015-06-20_Rendez-fous_St.Mathurin_05_web.jpg\"},{\"@type\":\"BreadcrumbList\",\"@id\":\"https:\/\/omnivion.net\/core\/fr\/projets\/projets-artistiques\/newtopia-3\/newtopia-3-1\/#breadcrumb\",\"itemListElement\":[{\"@type\":\"ListItem\",\"position\":1,\"name\":\"Accueil\",\"item\":\"https:\/\/omnivion.net\/core\/en\/silverstorm\/\"},{\"@type\":\"ListItem\",\"position\":2,\"name\":\"Projets\",\"item\":\"https:\/\/omnivion.net\/core\/fr\/projets\/\"},{\"@type\":\"ListItem\",\"position\":3,\"name\":\"Projets Artistiques\",\"item\":\"https:\/\/omnivion.net\/core\/projets\/projets-artistiques\/\"},{\"@type\":\"ListItem\",\"position\":4,\"name\":\"Newtopia 3\",\"item\":\"https:\/\/omnivion.net\/core\/projets\/projets-artistiques\/newtopia-3\/\"},{\"@type\":\"ListItem\",\"position\":5,\"name\":\"Newtopia 3.1.\"}]},{\"@type\":\"WebSite\",\"@id\":\"https:\/\/omnivion.net\/core\/fr\/#website\",\"url\":\"https:\/\/omnivion.net\/core\/fr\/\",\"name\":\"omnivion.net\",\"description\":\"...ARTS D&#039;\u00caTRE CORPS...\",\"potentialAction\":[{\"@type\":\"SearchAction\",\"target\":{\"@type\":\"EntryPoint\",\"urlTemplate\":\"https:\/\/omnivion.net\/core\/fr\/?s={search_term_string}\"},\"query-input\":{\"@type\":\"PropertyValueSpecification\",\"valueRequired\":true,\"valueName\":\"search_term_string\"}}],\"inLanguage\":\"fr-FR\"}]}<\/script>\n<!-- \/ Yoast SEO plugin. -->","yoast_head_json":{"title":"Newtopia 3.1. - omnivion.net","robots":{"index":"index","follow":"follow","max-snippet":"max-snippet:-1","max-image-preview":"max-image-preview:large","max-video-preview":"max-video-preview:-1"},"canonical":"https:\/\/omnivion.net\/core\/fr\/projets\/projets-artistiques\/newtopia-3\/newtopia-3-1\/","og_locale":"fr_FR","og_type":"article","og_title":"Newtopia 3.1. - omnivion.net","og_description":"&nbsp; La nouvelle s\u00e9rie \u201cNewtopia 3\u201d (Cr\u00e9ations 2015-2016) est un ensemble de propositions [&hellip;]","og_url":"https:\/\/omnivion.net\/core\/fr\/projets\/projets-artistiques\/newtopia-3\/newtopia-3-1\/","og_site_name":"omnivion.net","article_modified_time":"2016-09-12T13:35:10+00:00","og_image":[{"url":"http:\/\/omnivion.net\/core\/wp-content\/uploads\/2015\/05\/2015-06-20_Rendez-fous_St.Mathurin_05_web.jpg","type":"","width":"","height":""}],"twitter_card":"summary_large_image","twitter_misc":{"Dur\u00e9e de lecture estim\u00e9e":"3 minutes"},"schema":{"@context":"https:\/\/schema.org","@graph":[{"@type":"WebPage","@id":"https:\/\/omnivion.net\/core\/fr\/projets\/projets-artistiques\/newtopia-3\/newtopia-3-1\/","url":"https:\/\/omnivion.net\/core\/fr\/projets\/projets-artistiques\/newtopia-3\/newtopia-3-1\/","name":"Newtopia 3.1. - omnivion.net","isPartOf":{"@id":"https:\/\/omnivion.net\/core\/fr\/#website"},"primaryImageOfPage":{"@id":"https:\/\/omnivion.net\/core\/fr\/projets\/projets-artistiques\/newtopia-3\/newtopia-3-1\/#primaryimage"},"image":{"@id":"https:\/\/omnivion.net\/core\/fr\/projets\/projets-artistiques\/newtopia-3\/newtopia-3-1\/#primaryimage"},"thumbnailUrl":"http:\/\/omnivion.net\/core\/wp-content\/uploads\/2015\/05\/2015-06-20_Rendez-fous_St.Mathurin_05_web.jpg","datePublished":"2015-05-07T14:36:54+00:00","dateModified":"2016-09-12T13:35:10+00:00","breadcrumb":{"@id":"https:\/\/omnivion.net\/core\/fr\/projets\/projets-artistiques\/newtopia-3\/newtopia-3-1\/#breadcrumb"},"inLanguage":"fr-FR","potentialAction":[{"@type":"ReadAction","target":["https:\/\/omnivion.net\/core\/fr\/projets\/projets-artistiques\/newtopia-3\/newtopia-3-1\/"]}]},{"@type":"ImageObject","inLanguage":"fr-FR","@id":"https:\/\/omnivion.net\/core\/fr\/projets\/projets-artistiques\/newtopia-3\/newtopia-3-1\/#primaryimage","url":"http:\/\/omnivion.net\/core\/wp-content\/uploads\/2015\/05\/2015-06-20_Rendez-fous_St.Mathurin_05_web.jpg","contentUrl":"http:\/\/omnivion.net\/core\/wp-content\/uploads\/2015\/05\/2015-06-20_Rendez-fous_St.Mathurin_05_web.jpg"},{"@type":"BreadcrumbList","@id":"https:\/\/omnivion.net\/core\/fr\/projets\/projets-artistiques\/newtopia-3\/newtopia-3-1\/#breadcrumb","itemListElement":[{"@type":"ListItem","position":1,"name":"Accueil","item":"https:\/\/omnivion.net\/core\/en\/silverstorm\/"},{"@type":"ListItem","position":2,"name":"Projets","item":"https:\/\/omnivion.net\/core\/fr\/projets\/"},{"@type":"ListItem","position":3,"name":"Projets Artistiques","item":"https:\/\/omnivion.net\/core\/projets\/projets-artistiques\/"},{"@type":"ListItem","position":4,"name":"Newtopia 3","item":"https:\/\/omnivion.net\/core\/projets\/projets-artistiques\/newtopia-3\/"},{"@type":"ListItem","position":5,"name":"Newtopia 3.1."}]},{"@type":"WebSite","@id":"https:\/\/omnivion.net\/core\/fr\/#website","url":"https:\/\/omnivion.net\/core\/fr\/","name":"omnivion.net","description":"...ARTS D&#039;\u00caTRE CORPS...","potentialAction":[{"@type":"SearchAction","target":{"@type":"EntryPoint","urlTemplate":"https:\/\/omnivion.net\/core\/fr\/?s={search_term_string}"},"query-input":{"@type":"PropertyValueSpecification","valueRequired":true,"valueName":"search_term_string"}}],"inLanguage":"fr-FR"}]}},"jetpack_sharing_enabled":true,"jetpack_shortlink":"https:\/\/wp.me\/P2fe7Q-kp","jetpack_likes_enabled":true,"_links":{"self":[{"href":"https:\/\/omnivion.net\/core\/fr\/wp-json\/wp\/v2\/pages\/1265","targetHints":{"allow":["GET"]}}],"collection":[{"href":"https:\/\/omnivion.net\/core\/fr\/wp-json\/wp\/v2\/pages"}],"about":[{"href":"https:\/\/omnivion.net\/core\/fr\/wp-json\/wp\/v2\/types\/page"}],"author":[{"embeddable":true,"href":"https:\/\/omnivion.net\/core\/fr\/wp-json\/wp\/v2\/users\/1"}],"replies":[{"embeddable":true,"href":"https:\/\/omnivion.net\/core\/fr\/wp-json\/wp\/v2\/comments?post=1265"}],"version-history":[{"count":18,"href":"https:\/\/omnivion.net\/core\/fr\/wp-json\/wp\/v2\/pages\/1265\/revisions"}],"predecessor-version":[{"id":1829,"href":"https:\/\/omnivion.net\/core\/fr\/wp-json\/wp\/v2\/pages\/1265\/revisions\/1829"}],"up":[{"embeddable":true,"href":"https:\/\/omnivion.net\/core\/fr\/wp-json\/wp\/v2\/pages\/1256"}],"wp:attachment":[{"href":"https:\/\/omnivion.net\/core\/fr\/wp-json\/wp\/v2\/media?parent=1265"}],"curies":[{"name":"wp","href":"https:\/\/api.w.org\/{rel}","templated":true}]}}