{"id":1219,"date":"2015-02-25T01:07:49","date_gmt":"2015-02-25T00:07:49","guid":{"rendered":"http:\/\/www.omnivion.net\/core\/?page_id=1219"},"modified":"2015-12-30T15:13:17","modified_gmt":"2015-12-30T14:13:17","slug":"la-mecanique-des-beaits","status":"publish","type":"page","link":"https:\/\/omnivion.net\/core\/fr\/projets\/projets-artistiques\/la-mecanique-des-beaits\/","title":{"rendered":"La M\u00e9canique des B(ea\/i)ts"},"content":{"rendered":"<p><\/p>\n<div id=\"attachment_1220\" style=\"width: 810px\" class=\"wp-caption alignnone\"><a href=\"https:\/\/i0.wp.com\/www.omnivion.net\/core\/wp-content\/uploads\/2015\/02\/10834912_10205717178149584_1479141612143057225_o.jpg\"><img data-recalc-dims=\"1\" loading=\"lazy\" decoding=\"async\" aria-describedby=\"caption-attachment-1220\" class=\"size-full wp-image-1220\" src=\"https:\/\/i0.wp.com\/www.omnivion.net\/core\/wp-content\/uploads\/2015\/02\/10834912_10205717178149584_1479141612143057225_o.jpg?resize=800%2C319\" alt=\"Photo by \u00a9 B.Duret \/ Design by \u00a9 PH Ramboz\" width=\"800\" height=\"319\" srcset=\"https:\/\/i0.wp.com\/omnivion.net\/core\/wp-content\/uploads\/2015\/02\/10834912_10205717178149584_1479141612143057225_o.jpg?w=800&amp;ssl=1 800w, https:\/\/i0.wp.com\/omnivion.net\/core\/wp-content\/uploads\/2015\/02\/10834912_10205717178149584_1479141612143057225_o.jpg?resize=300%2C120&amp;ssl=1 300w\" sizes=\"auto, (max-width: 800px) 100vw, 800px\" \/><\/a><p id=\"caption-attachment-1220\" class=\"wp-caption-text\">Photo by \u00a9 B.Duret \/ Design by \u00a9 PH Ramboz<\/p><\/div>\n<hr id=\"yui_3_16_0_1_1424793087238_77472\" \/>\n<p>&nbsp;<\/p>\n<p id=\"yui_3_16_0_1_1424793087238_68103\"><span id=\"yui_3_16_0_1_1424793087238_77471\">Performance : Le dialogue entre deux individus et un programme informatique. La dialectique des mouvements du musicien et du danseur sur une partition g\u00e9n\u00e9r\u00e9e par ordinateur.<\/span><\/p>\n<p id=\"yui_3_16_0_1_1424793087238_68104\">La M\u00e9canique des B(ea\/i)ts est un ensemble improvis\u00e9 de danse, musique et code informatique. Le programme g\u00e9n\u00e8re une trame reproduisant les ambiances acoustiques ch\u00e8res aux deux interpr\u00e8tes. Le musicien, intervient en direct sur le paysage sonore. Il produit une musique que le danseur interpr\u00e8te \u00e0 son tour. L\u2019\u00e9quilibre est t\u00e9nu. En limite de transe, les interpr\u00e8tes sont \u00e0 l\u2019\u00e9coute du programme dont l\u2019ex\u00e9cution est al\u00e9atoire et parfois brutale. Le trio est un feedback expressif du programme, vers le musicien et le danseur, en fin. Le danseur, face au son construit sa danse comme le musicien construit la sienne. En r\u00e9sulte trois solii qui se m\u00e9langent, s\u2019opposent ou s\u2019ignorent tour \u00e0 tour. Un \u00e9loge de la folie, dialogue impossible entre trois modes d\u2019expression et de pens\u00e9e apparemment incoh\u00e9rents mais qui, en simultan\u00e9, font sens.<\/p>\n<p>Musique : [PH]<\/p>\n<p>Danse : Dimitri Tsiapkinis<\/p>\n<p>Dur\u00e9e : 45 min<\/p>\n<hr \/>\n<p id=\"yui_3_16_0_1_1424793087238_68107\"><a id=\"yui_3_16_0_1_1424793087238_68109\" href=\"https:\/\/soundcloud.com\/didouph\/mouvement-5-la-mecanique-des-betits\" target=\"_blank\" rel=\"nofollow\">Extrait, Mouvement 5<\/a><\/p>\n<p><a id=\"yui_3_16_0_1_1424793087238_68108\" href=\"https:\/\/www.facebook.com\/events\/1549923651943485\" target=\"_blank\" rel=\"nofollow\">\u00c9v\u00e9nement Facebook<\/a> ( 7 mars 2015 \u00e0 Tours)<\/p>\n<p><a href=\"https:\/\/www.facebook.com\/OnMarcheMarrakech\" target=\"_blank\">Page Facebook du Festival On Marche<\/a> ( 14 mars 2015, \u00e0 Marrakech)<\/p>\n<p><\/p>","protected":false},"excerpt":{"rendered":"<p>&nbsp; Performance : Le dialogue entre deux individus et un programme informatique. La [&hellip;]<\/p>\n","protected":false},"author":1,"featured_media":0,"parent":60,"menu_order":0,"comment_status":"closed","ping_status":"closed","template":"","meta":{"jetpack_post_was_ever_published":false,"footnotes":""},"class_list":["post-1219","page","type-page","status-publish","hentry"],"yoast_head":"<!-- This site is optimized with the Yoast SEO plugin v26.8 - https:\/\/yoast.com\/product\/yoast-seo-wordpress\/ -->\n<title>La M\u00e9canique des B(ea\/i)ts - omnivion.net<\/title>\n<meta name=\"robots\" content=\"index, follow, max-snippet:-1, max-image-preview:large, max-video-preview:-1\" \/>\n<link rel=\"canonical\" href=\"https:\/\/omnivion.net\/core\/fr\/projets\/projets-artistiques\/la-mecanique-des-beaits\/\" \/>\n<meta property=\"og:locale\" content=\"fr_FR\" \/>\n<meta property=\"og:type\" content=\"article\" \/>\n<meta property=\"og:title\" content=\"La M\u00e9canique des B(ea\/i)ts - omnivion.net\" \/>\n<meta property=\"og:description\" content=\"&nbsp; Performance : Le dialogue entre deux individus et un programme informatique. La [&hellip;]\" \/>\n<meta property=\"og:url\" content=\"https:\/\/omnivion.net\/core\/fr\/projets\/projets-artistiques\/la-mecanique-des-beaits\/\" \/>\n<meta property=\"og:site_name\" content=\"omnivion.net\" \/>\n<meta property=\"article:modified_time\" content=\"2015-12-30T14:13:17+00:00\" \/>\n<meta property=\"og:image\" content=\"http:\/\/www.omnivion.net\/core\/wp-content\/uploads\/2015\/02\/10834912_10205717178149584_1479141612143057225_o.jpg\" \/>\n<meta name=\"twitter:card\" content=\"summary_large_image\" \/>\n<meta name=\"twitter:label1\" content=\"Dur\u00e9e de lecture estim\u00e9e\" \/>\n\t<meta name=\"twitter:data1\" content=\"2 minutes\" \/>\n<script type=\"application\/ld+json\" class=\"yoast-schema-graph\">{\"@context\":\"https:\/\/schema.org\",\"@graph\":[{\"@type\":\"WebPage\",\"@id\":\"https:\/\/omnivion.net\/core\/fr\/projets\/projets-artistiques\/la-mecanique-des-beaits\/\",\"url\":\"https:\/\/omnivion.net\/core\/fr\/projets\/projets-artistiques\/la-mecanique-des-beaits\/\",\"name\":\"La M\u00e9canique des B(ea\/i)ts - omnivion.net\",\"isPartOf\":{\"@id\":\"https:\/\/omnivion.net\/core\/fr\/#website\"},\"primaryImageOfPage\":{\"@id\":\"https:\/\/omnivion.net\/core\/fr\/projets\/projets-artistiques\/la-mecanique-des-beaits\/#primaryimage\"},\"image\":{\"@id\":\"https:\/\/omnivion.net\/core\/fr\/projets\/projets-artistiques\/la-mecanique-des-beaits\/#primaryimage\"},\"thumbnailUrl\":\"http:\/\/www.omnivion.net\/core\/wp-content\/uploads\/2015\/02\/10834912_10205717178149584_1479141612143057225_o.jpg\",\"datePublished\":\"2015-02-25T00:07:49+00:00\",\"dateModified\":\"2015-12-30T14:13:17+00:00\",\"breadcrumb\":{\"@id\":\"https:\/\/omnivion.net\/core\/fr\/projets\/projets-artistiques\/la-mecanique-des-beaits\/#breadcrumb\"},\"inLanguage\":\"fr-FR\",\"potentialAction\":[{\"@type\":\"ReadAction\",\"target\":[\"https:\/\/omnivion.net\/core\/fr\/projets\/projets-artistiques\/la-mecanique-des-beaits\/\"]}]},{\"@type\":\"ImageObject\",\"inLanguage\":\"fr-FR\",\"@id\":\"https:\/\/omnivion.net\/core\/fr\/projets\/projets-artistiques\/la-mecanique-des-beaits\/#primaryimage\",\"url\":\"http:\/\/www.omnivion.net\/core\/wp-content\/uploads\/2015\/02\/10834912_10205717178149584_1479141612143057225_o.jpg\",\"contentUrl\":\"http:\/\/www.omnivion.net\/core\/wp-content\/uploads\/2015\/02\/10834912_10205717178149584_1479141612143057225_o.jpg\"},{\"@type\":\"BreadcrumbList\",\"@id\":\"https:\/\/omnivion.net\/core\/fr\/projets\/projets-artistiques\/la-mecanique-des-beaits\/#breadcrumb\",\"itemListElement\":[{\"@type\":\"ListItem\",\"position\":1,\"name\":\"Accueil\",\"item\":\"https:\/\/omnivion.net\/core\/en\/silverstorm\/\"},{\"@type\":\"ListItem\",\"position\":2,\"name\":\"Projets\",\"item\":\"https:\/\/omnivion.net\/core\/fr\/projets\/\"},{\"@type\":\"ListItem\",\"position\":3,\"name\":\"Projets Artistiques\",\"item\":\"https:\/\/omnivion.net\/core\/projets\/projets-artistiques\/\"},{\"@type\":\"ListItem\",\"position\":4,\"name\":\"La M\u00e9canique des B(ea\/i)ts\"}]},{\"@type\":\"WebSite\",\"@id\":\"https:\/\/omnivion.net\/core\/fr\/#website\",\"url\":\"https:\/\/omnivion.net\/core\/fr\/\",\"name\":\"omnivion.net\",\"description\":\"...ARTS D&#039;\u00caTRE CORPS...\",\"potentialAction\":[{\"@type\":\"SearchAction\",\"target\":{\"@type\":\"EntryPoint\",\"urlTemplate\":\"https:\/\/omnivion.net\/core\/fr\/?s={search_term_string}\"},\"query-input\":{\"@type\":\"PropertyValueSpecification\",\"valueRequired\":true,\"valueName\":\"search_term_string\"}}],\"inLanguage\":\"fr-FR\"}]}<\/script>\n<!-- \/ Yoast SEO plugin. -->","yoast_head_json":{"title":"La M\u00e9canique des B(ea\/i)ts - omnivion.net","robots":{"index":"index","follow":"follow","max-snippet":"max-snippet:-1","max-image-preview":"max-image-preview:large","max-video-preview":"max-video-preview:-1"},"canonical":"https:\/\/omnivion.net\/core\/fr\/projets\/projets-artistiques\/la-mecanique-des-beaits\/","og_locale":"fr_FR","og_type":"article","og_title":"La M\u00e9canique des B(ea\/i)ts - omnivion.net","og_description":"&nbsp; Performance : Le dialogue entre deux individus et un programme informatique. La [&hellip;]","og_url":"https:\/\/omnivion.net\/core\/fr\/projets\/projets-artistiques\/la-mecanique-des-beaits\/","og_site_name":"omnivion.net","article_modified_time":"2015-12-30T14:13:17+00:00","og_image":[{"url":"http:\/\/www.omnivion.net\/core\/wp-content\/uploads\/2015\/02\/10834912_10205717178149584_1479141612143057225_o.jpg","type":"","width":"","height":""}],"twitter_card":"summary_large_image","twitter_misc":{"Dur\u00e9e de lecture estim\u00e9e":"2 minutes"},"schema":{"@context":"https:\/\/schema.org","@graph":[{"@type":"WebPage","@id":"https:\/\/omnivion.net\/core\/fr\/projets\/projets-artistiques\/la-mecanique-des-beaits\/","url":"https:\/\/omnivion.net\/core\/fr\/projets\/projets-artistiques\/la-mecanique-des-beaits\/","name":"La M\u00e9canique des B(ea\/i)ts - omnivion.net","isPartOf":{"@id":"https:\/\/omnivion.net\/core\/fr\/#website"},"primaryImageOfPage":{"@id":"https:\/\/omnivion.net\/core\/fr\/projets\/projets-artistiques\/la-mecanique-des-beaits\/#primaryimage"},"image":{"@id":"https:\/\/omnivion.net\/core\/fr\/projets\/projets-artistiques\/la-mecanique-des-beaits\/#primaryimage"},"thumbnailUrl":"http:\/\/www.omnivion.net\/core\/wp-content\/uploads\/2015\/02\/10834912_10205717178149584_1479141612143057225_o.jpg","datePublished":"2015-02-25T00:07:49+00:00","dateModified":"2015-12-30T14:13:17+00:00","breadcrumb":{"@id":"https:\/\/omnivion.net\/core\/fr\/projets\/projets-artistiques\/la-mecanique-des-beaits\/#breadcrumb"},"inLanguage":"fr-FR","potentialAction":[{"@type":"ReadAction","target":["https:\/\/omnivion.net\/core\/fr\/projets\/projets-artistiques\/la-mecanique-des-beaits\/"]}]},{"@type":"ImageObject","inLanguage":"fr-FR","@id":"https:\/\/omnivion.net\/core\/fr\/projets\/projets-artistiques\/la-mecanique-des-beaits\/#primaryimage","url":"http:\/\/www.omnivion.net\/core\/wp-content\/uploads\/2015\/02\/10834912_10205717178149584_1479141612143057225_o.jpg","contentUrl":"http:\/\/www.omnivion.net\/core\/wp-content\/uploads\/2015\/02\/10834912_10205717178149584_1479141612143057225_o.jpg"},{"@type":"BreadcrumbList","@id":"https:\/\/omnivion.net\/core\/fr\/projets\/projets-artistiques\/la-mecanique-des-beaits\/#breadcrumb","itemListElement":[{"@type":"ListItem","position":1,"name":"Accueil","item":"https:\/\/omnivion.net\/core\/en\/silverstorm\/"},{"@type":"ListItem","position":2,"name":"Projets","item":"https:\/\/omnivion.net\/core\/fr\/projets\/"},{"@type":"ListItem","position":3,"name":"Projets Artistiques","item":"https:\/\/omnivion.net\/core\/projets\/projets-artistiques\/"},{"@type":"ListItem","position":4,"name":"La M\u00e9canique des B(ea\/i)ts"}]},{"@type":"WebSite","@id":"https:\/\/omnivion.net\/core\/fr\/#website","url":"https:\/\/omnivion.net\/core\/fr\/","name":"omnivion.net","description":"...ARTS D&#039;\u00caTRE CORPS...","potentialAction":[{"@type":"SearchAction","target":{"@type":"EntryPoint","urlTemplate":"https:\/\/omnivion.net\/core\/fr\/?s={search_term_string}"},"query-input":{"@type":"PropertyValueSpecification","valueRequired":true,"valueName":"search_term_string"}}],"inLanguage":"fr-FR"}]}},"jetpack_sharing_enabled":true,"jetpack_shortlink":"https:\/\/wp.me\/P2fe7Q-jF","jetpack_likes_enabled":true,"_links":{"self":[{"href":"https:\/\/omnivion.net\/core\/fr\/wp-json\/wp\/v2\/pages\/1219","targetHints":{"allow":["GET"]}}],"collection":[{"href":"https:\/\/omnivion.net\/core\/fr\/wp-json\/wp\/v2\/pages"}],"about":[{"href":"https:\/\/omnivion.net\/core\/fr\/wp-json\/wp\/v2\/types\/page"}],"author":[{"embeddable":true,"href":"https:\/\/omnivion.net\/core\/fr\/wp-json\/wp\/v2\/users\/1"}],"replies":[{"embeddable":true,"href":"https:\/\/omnivion.net\/core\/fr\/wp-json\/wp\/v2\/comments?post=1219"}],"version-history":[{"count":9,"href":"https:\/\/omnivion.net\/core\/fr\/wp-json\/wp\/v2\/pages\/1219\/revisions"}],"predecessor-version":[{"id":1533,"href":"https:\/\/omnivion.net\/core\/fr\/wp-json\/wp\/v2\/pages\/1219\/revisions\/1533"}],"up":[{"embeddable":true,"href":"https:\/\/omnivion.net\/core\/fr\/wp-json\/wp\/v2\/pages\/60"}],"wp:attachment":[{"href":"https:\/\/omnivion.net\/core\/fr\/wp-json\/wp\/v2\/media?parent=1219"}],"curies":[{"name":"wp","href":"https:\/\/api.w.org\/{rel}","templated":true}]}}