{"id":1080,"date":"2014-09-10T00:34:16","date_gmt":"2014-09-09T23:34:16","guid":{"rendered":"http:\/\/www.omnivion.net\/core\/?page_id=1080"},"modified":"2024-02-11T01:09:06","modified_gmt":"2024-02-11T00:09:06","slug":"newtopia-2-2-0","status":"publish","type":"page","link":"https:\/\/omnivion.net\/core\/fr\/projets\/projets-artistiques\/newtopia-2-0\/newtopia-2-2-0\/","title":{"rendered":"Newtopia 2.2"},"content":{"rendered":"<p><div id=\"attachment_1155\" style=\"width: 810px\" class=\"wp-caption alignnone\"><a href=\"https:\/\/i0.wp.com\/www.omnivion.net\/core\/wp-content\/uploads\/2014\/09\/newtopiaR__web.jpg\"><img data-recalc-dims=\"1\" loading=\"lazy\" decoding=\"async\" aria-describedby=\"caption-attachment-1155\" class=\"size-full wp-image-1155\" src=\"https:\/\/i0.wp.com\/www.omnivion.net\/core\/wp-content\/uploads\/2014\/09\/newtopiaR__web.jpg?resize=800%2C315\" alt=\"Graphisme par [PH] Ramboz \/ Photos par Bernard Duret\" width=\"800\" height=\"315\" srcset=\"https:\/\/i0.wp.com\/omnivion.net\/core\/wp-content\/uploads\/2014\/09\/newtopiaR__web.jpg?w=800&amp;ssl=1 800w, https:\/\/i0.wp.com\/omnivion.net\/core\/wp-content\/uploads\/2014\/09\/newtopiaR__web.jpg?resize=300%2C118&amp;ssl=1 300w\" sizes=\"auto, (max-width: 800px) 100vw, 800px\" \/><\/a><p id=\"caption-attachment-1155\" class=\"wp-caption-text\">Graphisme par [PH] Ramboz \/ Photos par Bernard Duret<\/p><\/div><\/p>\n<h1>Newtopia 2.2<\/h1>\n<p>Deuxi\u00e8me volet de <strong><a title=\"Newtopia 2.0\" href=\"http:\/\/www.omnivion.net\/core\/projets\/projets-artistiques\/newtopia-2-0\/\">Newtopia 2<\/a><\/strong> \u2026cet \u00e9v\u00e8nement est un ensemble de propositions chor\u00e9graphiques et plastiques autour du corps sensible en millieu psychiatrique \u2026\u00e0 la Chapelle Saint Anne, le 07 d\u00e9cembre \u00e0 15H30 et \u00e0 19H30.<br \/>\nTarif : 8\u20ac \/ R\u00e9servations obligatoires, 50 personnes par s\u00e9ance (<strong><a href=\"http:\/\/goo.gl\/forms\/wkOmHjR7P1\" target=\"_blank\" rel=\"noopener\">RESERVATIONS<\/a><\/strong>)<\/p>\n<p><strong>Au programme :<\/strong><\/p>\n<ul>\n<li>\n<h2>\u00c2ges d&rsquo;or II<\/h2>\n<p><strong>Performances de danse<\/strong> \u00e0 la recherche des <i>gestuelles<\/i> <i>po\u00e9tiques <\/i>entre transes lentes et calcul rationnel. C&rsquo;est quoi un corps sensible? Sculptures vivants \/ expositions d&rsquo;\u00ab\u00e9tats de corps\u00bb dans les espaces de la Chapelle Saint Anne.<br \/>\nPerformeurs : Emilie Coud\u00e8re, Nathalie Cherel, Claire Guillaume, Claire Gervais.<\/li>\n<li>\n<h2><b id=\"yui_3_16_0_1_1416060761103_18197\">La m\u00e9canique des b(ea\/i)ts<\/b><\/h2>\n<p>[PH] Ramboz, Dimitri Tsiapkinis et logiciel informatique; un dialogue entre deux \u00eatres vivants influenc\u00e9 par une interface informatique. La physiologie du mouvement en tension entre expressivit\u00e9 musicale ([PH]) et expressivit\u00e9 dans\u00e9e (Dimitri).<\/li>\n<li>\n<h2><b><i>Ternaires<br \/>\n<\/i><\/b><\/h2>\n<p>Performance dans\u00e9e, philosophique et martiale. Une mise en corps des concepts philosophiques promus par Merleau-ponty, Danis Bois, Edgar Morin, etc&#8230;Une jeune fille de 11 ans assiste, d\u2019une fa\u00e7on curieuse, \u00e0 un interview sur le corps sujet sensible. L&rsquo;h\u00f4te : Roland Lebret (psychologue), l&rsquo;invit\u00e9e : Karine Grenier (praticienne en p\u00e9dagogie perceptive et psychologue), la jeune fille : Pop\u00e9e Gicquel (\u00e9tudiante en danse contemporaine et pratiquante en arts martiaux chinoises).<\/li>\n<li>\n<h2>Lectures et danses<\/h2>\n<p>Lectures des textes de Daniil Kharms avec des improvisations de Rosa Pires de Matos.<\/li>\n<li>\n<h2>Situations d\u2019acc\u00e8s II<\/h2>\n<p><strong>Exposition photographique :<\/strong><\/p>\n<p>\u2026par le photographe Bernard Duret, centr\u00e9e sur la danse entre milieu hospitalier et milieu artistique. Cr\u00e9er des\u2026<em>Situations d\u2019acc\u00e8s<\/em> photographiques aux exp\u00e9riences des participants pendant les r\u00e9p\u00e9titions et le spectacle de <strong><a href=\"http:\/\/www.omnivion.net\/core\/projets\/projets-artistiques\/newtopia-2-0\/newtopia-2-1\/\">Newtopia 2.1<\/a><\/strong>.<\/li>\n<li>\n<h2>Ciel dans les nerfs<\/h2>\n<p><strong>Vid\u00e9o-danse :<\/strong><\/p>\n<p>R\u00e9sultat d&rsquo;un partenariat entre le Centre Hospitalier de Lanmeur et l&rsquo;association Mawguerite avec le cin\u00e9aste Rapha\u00ebl Mathi\u00e9 et le chor\u00e9graphe Dimitri Tsiapkinis.<br \/>\nUne rencontre po\u00e9tique entre adolescents du coll\u00e8ge de Lanmeur et des retrait\u00e9s hospitalis\u00e9s. (Photos :<strong><a href=\"https:\/\/flic.kr\/s\/aHsk4XQXZP\" target=\"_blank\" rel=\"noopener\"> Mawguerite\/Flickr<\/a>)<\/strong><\/p>\n<p>&nbsp;<\/li>\n<\/ul>\n<h3>NOS PARTENAIRES :<\/h3>\n<ul>\n<li><b><\/b><strong><a href=\"http:\/\/www.chu-tours.fr\/\" target=\"_blank\" rel=\"noopener\">CHU de Tours<\/a>, <a href=\"http:\/\/www.ccntours.com\/\" target=\"_blank\" rel=\"noopener\">CCNT<\/a>, <a href=\"http:\/\/www.ciemawguerite.com\/\" target=\"_blank\" rel=\"noopener\">Association MAWGUERITE<\/a>, <a href=\"http:\/\/lesarpentsdart.fr\/cms\/\" target=\"_blank\" rel=\"noopener\">ARPENTS D&rsquo;ART<\/a>, <a href=\"http:\/\/chapellesainteanne.com\/\" target=\"_blank\" rel=\"noopener\">CHAPELLE SAINT ANNE<\/a><\/strong><\/li>\n<\/ul>\n<p>SOUTENU PAR :<\/p>\n<p><a href=\"https:\/\/i0.wp.com\/www.omnivion.net\/core\/wp-content\/uploads\/2014\/08\/640px-CHRU_logo_RVB.jpg\"><img data-recalc-dims=\"1\" loading=\"lazy\" decoding=\"async\" class=\"alignnone size-large wp-image-1094\" src=\"https:\/\/i0.wp.com\/www.omnivion.net\/core\/wp-content\/uploads\/2014\/08\/640px-CHRU_logo_RVB.jpg?resize=1%2C1\" alt=\"640px-CHRU_logo_RVB\" width=\"1\" height=\"1\" srcset=\"https:\/\/i0.wp.com\/omnivion.net\/core\/wp-content\/uploads\/2014\/08\/640px-CHRU_logo_RVB.jpg?w=640&amp;ssl=1 640w, https:\/\/i0.wp.com\/omnivion.net\/core\/wp-content\/uploads\/2014\/08\/640px-CHRU_logo_RVB.jpg?resize=150%2C150&amp;ssl=1 150w, https:\/\/i0.wp.com\/omnivion.net\/core\/wp-content\/uploads\/2014\/08\/640px-CHRU_logo_RVB.jpg?resize=300%2C155&amp;ssl=1 300w\" sizes=\"auto, (max-width: 1px) 100vw, 1px\" \/><\/a> <a href=\"https:\/\/i0.wp.com\/www.omnivion.net\/core\/wp-content\/uploads\/2014\/08\/logo-DRAC-Centre-23-11_imagelarge.jpg\"><img data-recalc-dims=\"1\" loading=\"lazy\" decoding=\"async\" class=\"alignnone size-medium wp-image-1093\" src=\"https:\/\/i0.wp.com\/www.omnivion.net\/core\/wp-content\/uploads\/2014\/08\/logo-DRAC-Centre-23-11_imagelarge-211x300.jpg?resize=191%2C267\" alt=\"logo-DRAC-Centre-23-11_imagelarge\" width=\"191\" height=\"267\" \/><\/a> \u00a0\u00a0 <a href=\"https:\/\/i0.wp.com\/www.omnivion.net\/core\/wp-content\/uploads\/2014\/08\/ARS_centre_124_71.gif\"><img data-recalc-dims=\"1\" loading=\"lazy\" decoding=\"async\" class=\"alignnone size-full wp-image-1095\" src=\"https:\/\/i0.wp.com\/www.omnivion.net\/core\/wp-content\/uploads\/2014\/08\/ARS_centre_124_71.gif?resize=124%2C71\" alt=\"ARS_centre_124_71\" width=\"124\" height=\"71\" \/><\/a> \u00a0\u00a0 <a href=\"https:\/\/i0.wp.com\/www.omnivion.net\/core\/wp-content\/uploads\/2014\/08\/640px-CHRU_logo_RVB.jpg\"><img data-recalc-dims=\"1\" loading=\"lazy\" decoding=\"async\" class=\"alignnone size-medium wp-image-1094\" src=\"https:\/\/i0.wp.com\/www.omnivion.net\/core\/wp-content\/uploads\/2014\/08\/640px-CHRU_logo_RVB-300x155.jpg?resize=260%2C134\" alt=\"640px-CHRU_logo_RVB\" width=\"260\" height=\"134\" srcset=\"https:\/\/i0.wp.com\/omnivion.net\/core\/wp-content\/uploads\/2014\/08\/640px-CHRU_logo_RVB.jpg?resize=300%2C155&amp;ssl=1 300w, https:\/\/i0.wp.com\/omnivion.net\/core\/wp-content\/uploads\/2014\/08\/640px-CHRU_logo_RVB.jpg?w=640&amp;ssl=1 640w\" sizes=\"auto, (max-width: 260px) 100vw, 260px\" \/><\/a> \u00a0\u00a0\u00a0<img data-recalc-dims=\"1\" loading=\"lazy\" decoding=\"async\" src=\"https:\/\/i0.wp.com\/auto.img.v4.skyrock.net\/1191\/981191\/pics\/160332552.jpg?resize=193%2C205\" alt=\"http:\/\/auto.img.v4.skyrock.net\/1191\/981191\/pics\/160332552.jpg\" width=\"193\" height=\"205\" \/><\/p>\n<p><a href=\"https:\/\/i0.wp.com\/www.omnivion.net\/core\/wp-content\/uploads\/2014\/08\/logoCCNT.gif\"><img data-recalc-dims=\"1\" loading=\"lazy\" decoding=\"async\" class=\"alignnone size-full wp-image-1096\" src=\"https:\/\/i0.wp.com\/www.omnivion.net\/core\/wp-content\/uploads\/2014\/08\/logoCCNT.gif?resize=190%2C190\" alt=\"logoCCNT\" width=\"190\" height=\"190\" \/><\/a><\/p>\n<h2><strong>et les ARPENTS d&rsquo;ART.<\/strong><\/h2>\n<h2><\/h2>\n<p><\/p>\n<div id=\"attachment_1155\" style=\"width: 810px\" class=\"wp-caption alignnone\"><a href=\"https:\/\/i0.wp.com\/www.omnivion.net\/core\/wp-content\/uploads\/2014\/09\/newtopiaR__web.jpg\"><img data-recalc-dims=\"1\" loading=\"lazy\" decoding=\"async\" aria-describedby=\"caption-attachment-1155\" class=\"size-full wp-image-1155\" src=\"https:\/\/i0.wp.com\/www.omnivion.net\/core\/wp-content\/uploads\/2014\/09\/newtopiaR__web.jpg?resize=800%2C315\" alt=\"Graphisme par [PH] Ramboz \/ Photos par Bernard Duret\" width=\"800\" height=\"315\" srcset=\"https:\/\/i0.wp.com\/omnivion.net\/core\/wp-content\/uploads\/2014\/09\/newtopiaR__web.jpg?w=800&amp;ssl=1 800w, https:\/\/i0.wp.com\/omnivion.net\/core\/wp-content\/uploads\/2014\/09\/newtopiaR__web.jpg?resize=300%2C118&amp;ssl=1 300w\" sizes=\"auto, (max-width: 800px) 100vw, 800px\" \/><\/a><p id=\"caption-attachment-1155\" class=\"wp-caption-text\">Graphisme par [PH] Ramboz \/ Photos par Bernard Duret<\/p><\/div>\n<h1>Newtopia 2.2<\/h1>\n<p>Deuxi\u00e8me volet de <strong><a title=\"Newtopia 2.0\" href=\"http:\/\/www.omnivion.net\/core\/projets\/projets-artistiques\/newtopia-2-0\/\">Newtopia 2<\/a><\/strong> \u2026cet \u00e9v\u00e8nement est un ensemble de propositions chor\u00e9graphiques et plastiques autour du corps sensible en millieu psychiatrique \u2026\u00e0 la Chapelle Saint Anne, le 07 d\u00e9cembre \u00e0 15H30 et \u00e0 19H30.<br \/>\nTarif : 8\u20ac \/ R\u00e9servations obligatoires, 50 personnes par s\u00e9ance (<strong><a href=\"http:\/\/goo.gl\/forms\/wkOmHjR7P1\" target=\"_blank\" rel=\"noopener\">RESERVATIONS<\/a><\/strong>)<\/p>\n<p><strong>Au programme :<\/strong><\/p>\n<ul>\n<li>\n<h2>\u00c2ges d&rsquo;or II<\/h2>\n<p><strong>Performances de danse<\/strong> \u00e0 la recherche des <i>gestuelles<\/i> <i>po\u00e9tiques <\/i>entre transes lentes et calcul rationnel. C&rsquo;est quoi un corps sensible? Sculptures vivants \/ expositions d&rsquo;\u00ab\u00e9tats de corps\u00bb dans les espaces de la Chapelle Saint Anne.<br \/>\nPerformeurs : Emilie Coud\u00e8re, Nathalie Cherel, Claire Guillaume, Claire Gervais.<\/li>\n<li>\n<h2><b id=\"yui_3_16_0_1_1416060761103_18197\">La m\u00e9canique des b(ea\/i)ts<\/b><\/h2>\n<p>[PH] Ramboz, Dimitri Tsiapkinis et logiciel informatique; un dialogue entre deux \u00eatres vivants influenc\u00e9 par une interface informatique. La physiologie du mouvement en tension entre expressivit\u00e9 musicale ([PH]) et expressivit\u00e9 dans\u00e9e (Dimitri).<\/li>\n<li>\n<h2><b><i>Ternaires<br \/>\n<\/i><\/b><\/h2>\n<p>Performance dans\u00e9e, philosophique et martiale. Une mise en corps des concepts philosophiques promus par Merleau-ponty, Danis Bois, Edgar Morin, etc&#8230;Une jeune fille de 11 ans assiste, d\u2019une fa\u00e7on curieuse, \u00e0 un interview sur le corps sujet sensible. L&rsquo;h\u00f4te : Roland Lebret (psychologue), l&rsquo;invit\u00e9e : Karine Grenier (praticienne en p\u00e9dagogie perceptive et psychologue), la jeune fille : Pop\u00e9e Gicquel (\u00e9tudiante en danse contemporaine et pratiquante en arts martiaux chinoises).<\/li>\n<li>\n<h2>Lectures et danses<\/h2>\n<p>Lectures des textes de Daniil Kharms avec des improvisations de Rosa Pires de Matos.<\/li>\n<li>\n<h2>Situations d\u2019acc\u00e8s II<\/h2>\n<p><strong>Exposition photographique :<\/strong><\/p>\n<p>\u2026par le photographe Bernard Duret, centr\u00e9e sur la danse entre milieu hospitalier et milieu artistique. Cr\u00e9er des\u2026<em>Situations d\u2019acc\u00e8s<\/em> photographiques aux exp\u00e9riences des participants pendant les r\u00e9p\u00e9titions et le spectacle de <strong><a href=\"http:\/\/www.omnivion.net\/core\/projets\/projets-artistiques\/newtopia-2-0\/newtopia-2-1\/\">Newtopia 2.1<\/a><\/strong>.<\/li>\n<li>\n<h2>Ciel dans les nerfs<\/h2>\n<p><strong>Vid\u00e9o-danse :<\/strong><\/p>\n<p>R\u00e9sultat d&rsquo;un partenariat entre le Centre Hospitalier de Lanmeur et l&rsquo;association Mawguerite avec le cin\u00e9aste Rapha\u00ebl Mathi\u00e9 et le chor\u00e9graphe Dimitri Tsiapkinis.<br \/>\nUne rencontre po\u00e9tique entre adolescents du coll\u00e8ge de Lanmeur et des retrait\u00e9s hospitalis\u00e9s. (Photos :<strong><a href=\"https:\/\/flic.kr\/s\/aHsk4XQXZP\" target=\"_blank\" rel=\"noopener\"> Mawguerite\/Flickr<\/a>)<\/strong><\/p>\n<p>&nbsp;<\/li>\n<\/ul>\n<h3>NOS PARTENAIRES :<\/h3>\n<ul>\n<li><b><\/b><strong><a href=\"http:\/\/www.chu-tours.fr\/\" target=\"_blank\" rel=\"noopener\">CHU de Tours<\/a>, <a href=\"http:\/\/www.ccntours.com\/\" target=\"_blank\" rel=\"noopener\">CCNT<\/a>, <a href=\"https:\/\/www.lanmeur.fr\/vivre-a-lanmeur\/sante\/176-centre-hospitalier-de-lanmeur\" target=\"_blank\" rel=\"noopener\">CH de Lanmeur<\/a>, <a href=\"http:\/\/www.ciemawguerite.com\/\" target=\"_blank\" rel=\"noopener\">Association MAWGUERITE<\/a>, <a href=\"http:\/\/lesarpentsdart.fr\/cms\/\" target=\"_blank\" rel=\"noopener\">ARPENTS D&rsquo;ART<\/a>, <a href=\"http:\/\/chapellesainteanne.com\/\" target=\"_blank\" rel=\"noopener\">CHAPELLE SAINT ANNE<\/a><\/strong><\/li>\n<\/ul>\n<p>SOUTENU PAR :<\/p>\n<p><a href=\"https:\/\/i0.wp.com\/www.omnivion.net\/core\/wp-content\/uploads\/2014\/08\/640px-CHRU_logo_RVB.jpg\"><img data-recalc-dims=\"1\" loading=\"lazy\" decoding=\"async\" class=\"alignnone size-large wp-image-1094\" src=\"https:\/\/i0.wp.com\/www.omnivion.net\/core\/wp-content\/uploads\/2014\/08\/640px-CHRU_logo_RVB.jpg?resize=1%2C1\" alt=\"640px-CHRU_logo_RVB\" width=\"1\" height=\"1\" srcset=\"https:\/\/i0.wp.com\/omnivion.net\/core\/wp-content\/uploads\/2014\/08\/640px-CHRU_logo_RVB.jpg?w=640&amp;ssl=1 640w, https:\/\/i0.wp.com\/omnivion.net\/core\/wp-content\/uploads\/2014\/08\/640px-CHRU_logo_RVB.jpg?resize=150%2C150&amp;ssl=1 150w, https:\/\/i0.wp.com\/omnivion.net\/core\/wp-content\/uploads\/2014\/08\/640px-CHRU_logo_RVB.jpg?resize=300%2C155&amp;ssl=1 300w\" sizes=\"auto, (max-width: 1px) 100vw, 1px\" \/><\/a> <a href=\"https:\/\/i0.wp.com\/www.omnivion.net\/core\/wp-content\/uploads\/2014\/08\/logo-DRAC-Centre-23-11_imagelarge.jpg\"><img data-recalc-dims=\"1\" loading=\"lazy\" decoding=\"async\" class=\"alignnone size-medium wp-image-1093\" src=\"https:\/\/i0.wp.com\/www.omnivion.net\/core\/wp-content\/uploads\/2014\/08\/logo-DRAC-Centre-23-11_imagelarge-211x300.jpg?resize=191%2C267\" alt=\"logo-DRAC-Centre-23-11_imagelarge\" width=\"191\" height=\"267\" \/><\/a> \u00a0\u00a0 <a href=\"https:\/\/i0.wp.com\/www.omnivion.net\/core\/wp-content\/uploads\/2014\/08\/ARS_centre_124_71.gif\"><img data-recalc-dims=\"1\" loading=\"lazy\" decoding=\"async\" class=\"alignnone size-full wp-image-1095\" src=\"https:\/\/i0.wp.com\/www.omnivion.net\/core\/wp-content\/uploads\/2014\/08\/ARS_centre_124_71.gif?resize=124%2C71\" alt=\"ARS_centre_124_71\" width=\"124\" height=\"71\" \/><\/a> \u00a0\u00a0 <a href=\"https:\/\/i0.wp.com\/www.omnivion.net\/core\/wp-content\/uploads\/2014\/08\/640px-CHRU_logo_RVB.jpg\"><img data-recalc-dims=\"1\" loading=\"lazy\" decoding=\"async\" class=\"alignnone size-medium wp-image-1094\" src=\"https:\/\/i0.wp.com\/www.omnivion.net\/core\/wp-content\/uploads\/2014\/08\/640px-CHRU_logo_RVB-300x155.jpg?resize=260%2C134\" alt=\"640px-CHRU_logo_RVB\" width=\"260\" height=\"134\" srcset=\"https:\/\/i0.wp.com\/omnivion.net\/core\/wp-content\/uploads\/2014\/08\/640px-CHRU_logo_RVB.jpg?resize=300%2C155&amp;ssl=1 300w, https:\/\/i0.wp.com\/omnivion.net\/core\/wp-content\/uploads\/2014\/08\/640px-CHRU_logo_RVB.jpg?w=640&amp;ssl=1 640w\" sizes=\"auto, (max-width: 260px) 100vw, 260px\" \/><\/a> \u00a0\u00a0\u00a0<img data-recalc-dims=\"1\" loading=\"lazy\" decoding=\"async\" src=\"https:\/\/i0.wp.com\/auto.img.v4.skyrock.net\/1191\/981191\/pics\/160332552.jpg?resize=193%2C205\" alt=\"http:\/\/auto.img.v4.skyrock.net\/1191\/981191\/pics\/160332552.jpg\" width=\"193\" height=\"205\" \/><\/p>\n<p><a href=\"https:\/\/i0.wp.com\/www.omnivion.net\/core\/wp-content\/uploads\/2014\/08\/logoCCNT.gif\"><img data-recalc-dims=\"1\" loading=\"lazy\" decoding=\"async\" class=\"alignnone size-full wp-image-1096\" src=\"https:\/\/i0.wp.com\/www.omnivion.net\/core\/wp-content\/uploads\/2014\/08\/logoCCNT.gif?resize=190%2C190\" alt=\"logoCCNT\" width=\"190\" height=\"190\" \/><\/a><\/p>\n<h2><strong>et les ARPENTS d&rsquo;ART.<\/strong><\/h2>\n<h2><\/h2>\n<p><\/p>","protected":false},"excerpt":{"rendered":"<p>Newtopia 2.2 Deuxi\u00e8me volet de Newtopia 2 \u2026cet \u00e9v\u00e8nement est un ensemble de [&hellip;]<\/p>\n","protected":false},"author":1,"featured_media":0,"parent":944,"menu_order":0,"comment_status":"closed","ping_status":"closed","template":"","meta":{"jetpack_post_was_ever_published":false,"footnotes":""},"class_list":["post-1080","page","type-page","status-publish","hentry"],"yoast_head":"<!-- This site is optimized with the Yoast SEO plugin v26.8 - https:\/\/yoast.com\/product\/yoast-seo-wordpress\/ -->\n<title>Newtopia 2.2 - omnivion.net<\/title>\n<meta name=\"robots\" content=\"index, follow, max-snippet:-1, max-image-preview:large, max-video-preview:-1\" \/>\n<link rel=\"canonical\" href=\"https:\/\/omnivion.net\/core\/fr\/projets\/projets-artistiques\/newtopia-2-0\/newtopia-2-2-0\/\" \/>\n<meta property=\"og:locale\" content=\"fr_FR\" \/>\n<meta property=\"og:type\" content=\"article\" \/>\n<meta property=\"og:title\" content=\"Newtopia 2.2 - omnivion.net\" \/>\n<meta property=\"og:description\" content=\"Newtopia 2.2 Deuxi\u00e8me volet de Newtopia 2 \u2026cet \u00e9v\u00e8nement est un ensemble de [&hellip;]\" \/>\n<meta property=\"og:url\" content=\"https:\/\/omnivion.net\/core\/fr\/projets\/projets-artistiques\/newtopia-2-0\/newtopia-2-2-0\/\" \/>\n<meta property=\"og:site_name\" content=\"omnivion.net\" \/>\n<meta property=\"article:modified_time\" content=\"2024-02-11T00:09:06+00:00\" \/>\n<meta property=\"og:image\" content=\"http:\/\/www.omnivion.net\/core\/wp-content\/uploads\/2014\/09\/newtopiaR__web.jpg\" \/>\n<meta name=\"twitter:card\" content=\"summary_large_image\" \/>\n<meta name=\"twitter:label1\" content=\"Dur\u00e9e de lecture estim\u00e9e\" \/>\n\t<meta name=\"twitter:data1\" content=\"5 minutes\" \/>\n<script type=\"application\/ld+json\" class=\"yoast-schema-graph\">{\"@context\":\"https:\/\/schema.org\",\"@graph\":[{\"@type\":\"WebPage\",\"@id\":\"https:\/\/omnivion.net\/core\/fr\/projets\/projets-artistiques\/newtopia-2-0\/newtopia-2-2-0\/\",\"url\":\"https:\/\/omnivion.net\/core\/fr\/projets\/projets-artistiques\/newtopia-2-0\/newtopia-2-2-0\/\",\"name\":\"Newtopia 2.2 - omnivion.net\",\"isPartOf\":{\"@id\":\"https:\/\/omnivion.net\/core\/fr\/#website\"},\"primaryImageOfPage\":{\"@id\":\"https:\/\/omnivion.net\/core\/fr\/projets\/projets-artistiques\/newtopia-2-0\/newtopia-2-2-0\/#primaryimage\"},\"image\":{\"@id\":\"https:\/\/omnivion.net\/core\/fr\/projets\/projets-artistiques\/newtopia-2-0\/newtopia-2-2-0\/#primaryimage\"},\"thumbnailUrl\":\"http:\/\/www.omnivion.net\/core\/wp-content\/uploads\/2014\/09\/newtopiaR__web.jpg\",\"datePublished\":\"2014-09-09T23:34:16+00:00\",\"dateModified\":\"2024-02-11T00:09:06+00:00\",\"breadcrumb\":{\"@id\":\"https:\/\/omnivion.net\/core\/fr\/projets\/projets-artistiques\/newtopia-2-0\/newtopia-2-2-0\/#breadcrumb\"},\"inLanguage\":\"fr-FR\",\"potentialAction\":[{\"@type\":\"ReadAction\",\"target\":[\"https:\/\/omnivion.net\/core\/fr\/projets\/projets-artistiques\/newtopia-2-0\/newtopia-2-2-0\/\"]}]},{\"@type\":\"ImageObject\",\"inLanguage\":\"fr-FR\",\"@id\":\"https:\/\/omnivion.net\/core\/fr\/projets\/projets-artistiques\/newtopia-2-0\/newtopia-2-2-0\/#primaryimage\",\"url\":\"http:\/\/www.omnivion.net\/core\/wp-content\/uploads\/2014\/09\/newtopiaR__web.jpg\",\"contentUrl\":\"http:\/\/www.omnivion.net\/core\/wp-content\/uploads\/2014\/09\/newtopiaR__web.jpg\"},{\"@type\":\"BreadcrumbList\",\"@id\":\"https:\/\/omnivion.net\/core\/fr\/projets\/projets-artistiques\/newtopia-2-0\/newtopia-2-2-0\/#breadcrumb\",\"itemListElement\":[{\"@type\":\"ListItem\",\"position\":1,\"name\":\"Accueil\",\"item\":\"https:\/\/omnivion.net\/core\/en\/silverstorm\/\"},{\"@type\":\"ListItem\",\"position\":2,\"name\":\"Projets\",\"item\":\"https:\/\/omnivion.net\/core\/fr\/projets\/\"},{\"@type\":\"ListItem\",\"position\":3,\"name\":\"Projets Artistiques\",\"item\":\"https:\/\/omnivion.net\/core\/projets\/projets-artistiques\/\"},{\"@type\":\"ListItem\",\"position\":4,\"name\":\"Newtopia 2.0\",\"item\":\"https:\/\/omnivion.net\/core\/projets\/projets-artistiques\/newtopia-2-0\/\"},{\"@type\":\"ListItem\",\"position\":5,\"name\":\"Newtopia 2.2\"}]},{\"@type\":\"WebSite\",\"@id\":\"https:\/\/omnivion.net\/core\/fr\/#website\",\"url\":\"https:\/\/omnivion.net\/core\/fr\/\",\"name\":\"omnivion.net\",\"description\":\"...ARTS D&#039;\u00caTRE CORPS...\",\"potentialAction\":[{\"@type\":\"SearchAction\",\"target\":{\"@type\":\"EntryPoint\",\"urlTemplate\":\"https:\/\/omnivion.net\/core\/fr\/?s={search_term_string}\"},\"query-input\":{\"@type\":\"PropertyValueSpecification\",\"valueRequired\":true,\"valueName\":\"search_term_string\"}}],\"inLanguage\":\"fr-FR\"}]}<\/script>\n<!-- \/ Yoast SEO plugin. -->","yoast_head_json":{"title":"Newtopia 2.2 - omnivion.net","robots":{"index":"index","follow":"follow","max-snippet":"max-snippet:-1","max-image-preview":"max-image-preview:large","max-video-preview":"max-video-preview:-1"},"canonical":"https:\/\/omnivion.net\/core\/fr\/projets\/projets-artistiques\/newtopia-2-0\/newtopia-2-2-0\/","og_locale":"fr_FR","og_type":"article","og_title":"Newtopia 2.2 - omnivion.net","og_description":"Newtopia 2.2 Deuxi\u00e8me volet de Newtopia 2 \u2026cet \u00e9v\u00e8nement est un ensemble de [&hellip;]","og_url":"https:\/\/omnivion.net\/core\/fr\/projets\/projets-artistiques\/newtopia-2-0\/newtopia-2-2-0\/","og_site_name":"omnivion.net","article_modified_time":"2024-02-11T00:09:06+00:00","og_image":[{"url":"http:\/\/www.omnivion.net\/core\/wp-content\/uploads\/2014\/09\/newtopiaR__web.jpg","type":"","width":"","height":""}],"twitter_card":"summary_large_image","twitter_misc":{"Dur\u00e9e de lecture estim\u00e9e":"5 minutes"},"schema":{"@context":"https:\/\/schema.org","@graph":[{"@type":"WebPage","@id":"https:\/\/omnivion.net\/core\/fr\/projets\/projets-artistiques\/newtopia-2-0\/newtopia-2-2-0\/","url":"https:\/\/omnivion.net\/core\/fr\/projets\/projets-artistiques\/newtopia-2-0\/newtopia-2-2-0\/","name":"Newtopia 2.2 - omnivion.net","isPartOf":{"@id":"https:\/\/omnivion.net\/core\/fr\/#website"},"primaryImageOfPage":{"@id":"https:\/\/omnivion.net\/core\/fr\/projets\/projets-artistiques\/newtopia-2-0\/newtopia-2-2-0\/#primaryimage"},"image":{"@id":"https:\/\/omnivion.net\/core\/fr\/projets\/projets-artistiques\/newtopia-2-0\/newtopia-2-2-0\/#primaryimage"},"thumbnailUrl":"http:\/\/www.omnivion.net\/core\/wp-content\/uploads\/2014\/09\/newtopiaR__web.jpg","datePublished":"2014-09-09T23:34:16+00:00","dateModified":"2024-02-11T00:09:06+00:00","breadcrumb":{"@id":"https:\/\/omnivion.net\/core\/fr\/projets\/projets-artistiques\/newtopia-2-0\/newtopia-2-2-0\/#breadcrumb"},"inLanguage":"fr-FR","potentialAction":[{"@type":"ReadAction","target":["https:\/\/omnivion.net\/core\/fr\/projets\/projets-artistiques\/newtopia-2-0\/newtopia-2-2-0\/"]}]},{"@type":"ImageObject","inLanguage":"fr-FR","@id":"https:\/\/omnivion.net\/core\/fr\/projets\/projets-artistiques\/newtopia-2-0\/newtopia-2-2-0\/#primaryimage","url":"http:\/\/www.omnivion.net\/core\/wp-content\/uploads\/2014\/09\/newtopiaR__web.jpg","contentUrl":"http:\/\/www.omnivion.net\/core\/wp-content\/uploads\/2014\/09\/newtopiaR__web.jpg"},{"@type":"BreadcrumbList","@id":"https:\/\/omnivion.net\/core\/fr\/projets\/projets-artistiques\/newtopia-2-0\/newtopia-2-2-0\/#breadcrumb","itemListElement":[{"@type":"ListItem","position":1,"name":"Accueil","item":"https:\/\/omnivion.net\/core\/en\/silverstorm\/"},{"@type":"ListItem","position":2,"name":"Projets","item":"https:\/\/omnivion.net\/core\/fr\/projets\/"},{"@type":"ListItem","position":3,"name":"Projets Artistiques","item":"https:\/\/omnivion.net\/core\/projets\/projets-artistiques\/"},{"@type":"ListItem","position":4,"name":"Newtopia 2.0","item":"https:\/\/omnivion.net\/core\/projets\/projets-artistiques\/newtopia-2-0\/"},{"@type":"ListItem","position":5,"name":"Newtopia 2.2"}]},{"@type":"WebSite","@id":"https:\/\/omnivion.net\/core\/fr\/#website","url":"https:\/\/omnivion.net\/core\/fr\/","name":"omnivion.net","description":"...ARTS D&#039;\u00caTRE CORPS...","potentialAction":[{"@type":"SearchAction","target":{"@type":"EntryPoint","urlTemplate":"https:\/\/omnivion.net\/core\/fr\/?s={search_term_string}"},"query-input":{"@type":"PropertyValueSpecification","valueRequired":true,"valueName":"search_term_string"}}],"inLanguage":"fr-FR"}]}},"jetpack_sharing_enabled":true,"jetpack_shortlink":"https:\/\/wp.me\/P2fe7Q-hq","jetpack_likes_enabled":true,"_links":{"self":[{"href":"https:\/\/omnivion.net\/core\/fr\/wp-json\/wp\/v2\/pages\/1080","targetHints":{"allow":["GET"]}}],"collection":[{"href":"https:\/\/omnivion.net\/core\/fr\/wp-json\/wp\/v2\/pages"}],"about":[{"href":"https:\/\/omnivion.net\/core\/fr\/wp-json\/wp\/v2\/types\/page"}],"author":[{"embeddable":true,"href":"https:\/\/omnivion.net\/core\/fr\/wp-json\/wp\/v2\/users\/1"}],"replies":[{"embeddable":true,"href":"https:\/\/omnivion.net\/core\/fr\/wp-json\/wp\/v2\/comments?post=1080"}],"version-history":[{"count":23,"href":"https:\/\/omnivion.net\/core\/fr\/wp-json\/wp\/v2\/pages\/1080\/revisions"}],"predecessor-version":[{"id":5258,"href":"https:\/\/omnivion.net\/core\/fr\/wp-json\/wp\/v2\/pages\/1080\/revisions\/5258"}],"up":[{"embeddable":true,"href":"https:\/\/omnivion.net\/core\/fr\/wp-json\/wp\/v2\/pages\/944"}],"wp:attachment":[{"href":"https:\/\/omnivion.net\/core\/fr\/wp-json\/wp\/v2\/media?parent=1080"}],"curies":[{"name":"wp","href":"https:\/\/api.w.org\/{rel}","templated":true}]}}