{"id":1074,"date":"2014-08-30T13:18:53","date_gmt":"2014-08-30T12:18:53","guid":{"rendered":"http:\/\/www.omnivion.net\/core\/?page_id=1074"},"modified":"2018-07-12T21:47:06","modified_gmt":"2018-07-12T20:47:06","slug":"newtopia-2-3-0","status":"publish","type":"page","link":"https:\/\/omnivion.net\/core\/fr\/projets\/projets-artistiques\/newtopia-2-0\/newtopia-2-3-0\/","title":{"rendered":"Newtopia 2.3"},"content":{"rendered":"<p><div id=\"attachment_1114\" style=\"width: 810px\" class=\"wp-caption alignnone\"><a href=\"https:\/\/i0.wp.com\/www.omnivion.net\/core\/wp-content\/uploads\/2014\/08\/duret-bernard-88_b_web.jpg\"><img data-recalc-dims=\"1\" loading=\"lazy\" decoding=\"async\" aria-describedby=\"caption-attachment-1114\" class=\"size-full wp-image-1114\" src=\"https:\/\/i0.wp.com\/www.omnivion.net\/core\/wp-content\/uploads\/2014\/08\/duret-bernard-88_b_web.jpg?resize=800%2C402\" alt=\"Photo by Bernard Duret\" width=\"800\" height=\"402\" srcset=\"https:\/\/i0.wp.com\/omnivion.net\/core\/wp-content\/uploads\/2014\/08\/duret-bernard-88_b_web.jpg?w=800&amp;ssl=1 800w, https:\/\/i0.wp.com\/omnivion.net\/core\/wp-content\/uploads\/2014\/08\/duret-bernard-88_b_web.jpg?resize=300%2C150&amp;ssl=1 300w\" sizes=\"auto, (max-width: 800px) 100vw, 800px\" \/><\/a><p id=\"caption-attachment-1114\" class=\"wp-caption-text\">Photo \u00a9 Bernard Duret \/ Ahlam Ettamri, Claire Gervais et Nathalie Cherel en action!<\/p><\/div><\/p>\n<h1>Newtopia 2.3<\/h1>\n<p>Troisi\u00e8me volet de <strong><a title=\"Newtopia 2.0\" href=\"http:\/\/www.omnivion.net\/core\/projets\/projets-artistiques\/newtopia-2-0\/\">Newtopia 2<\/a><\/strong> au CHU de Tours (Brettonneau et Trousseau), le 10 &amp; 13 d\u00e9cembre.<\/p>\n<p><strong>Au programme :<\/strong><\/p>\n<ul>\n<li style=\"list-style-type: none;\">\n<ul>\n<li>\n<h2>Improvisation libres<\/h2>\n<p><strong>Performances de danse<\/strong> inspir\u00e9es du travail fait pendant Newtopia 2.2, et Newtopia 2.3. D\u00e9ambulations chor\u00e9graphiques et\/ou expositions d&rsquo;\u00ab\u00c9tats de corps\u00bb dans l&rsquo;enceinte des H\u00f4pitaux Bretonneau et Trousseau Service psychiatrie.<\/p>\n<ul>\n<li>\n<h2>Situations d\u2019acc\u00e8s II<\/h2>\n<p><strong>Exposition photographique :<\/strong><\/p>\n<p>\u2026par le photographe Bernard Duret, centr\u00e9e sur la danse entre milieu hospitalier et milieu artistique. Cr\u00e9er des\u2026<em>Situations d\u2019acc\u00e8s<\/em> photographiques aux exp\u00e9riences des participants pendant les r\u00e9p\u00e9titions et le spectacle de <strong><a href=\"http:\/\/www.omnivion.net\/core\/projets\/projets-artistiques\/newtopia-2-0\/newtopia-2-1\/\">Newtopia 2.1<\/a><\/strong>.<\/li>\n<\/ul>\n<ul>\n<li>\n<h3>NOS PARTENAIRES :<\/h3>\n<p><strong><a href=\"http:\/\/www.chu-tours.fr\/\" target=\"_blank\" rel=\"noopener\">CHU de Tours<\/a>, <a href=\"http:\/\/www.ccntours.com\/\" target=\"_blank\" rel=\"noopener\">CCNT<\/a>, <a href=\"http:\/\/www.ciemawguerite.com\/\" target=\"_blank\" rel=\"noopener\">Association MAWGUERITE<\/a>, <a href=\"http:\/\/lesarpentsdart.fr\/cms\/\" target=\"_blank\" rel=\"noopener\">ARPENTS D&rsquo;ART<\/a>, <a href=\"http:\/\/chapellesainteanne.com\/\" target=\"_blank\" rel=\"noopener\">CHAPELLE SAINT ANNE<\/a><\/strong><\/li>\n<\/ul>\n<\/li>\n<\/ul>\n<\/li>\n<\/ul>\n<p><a href=\"https:\/\/i0.wp.com\/www.omnivion.net\/core\/wp-content\/uploads\/2014\/08\/640px-CHRU_logo_RVB.jpg\"><img data-recalc-dims=\"1\" loading=\"lazy\" decoding=\"async\" class=\"alignnone size-large wp-image-1094\" src=\"https:\/\/i0.wp.com\/www.omnivion.net\/core\/wp-content\/uploads\/2014\/08\/640px-CHRU_logo_RVB.jpg?resize=1%2C1\" alt=\"640px-CHRU_logo_RVB\" width=\"1\" height=\"1\" srcset=\"https:\/\/i0.wp.com\/omnivion.net\/core\/wp-content\/uploads\/2014\/08\/640px-CHRU_logo_RVB.jpg?w=640&amp;ssl=1 640w, https:\/\/i0.wp.com\/omnivion.net\/core\/wp-content\/uploads\/2014\/08\/640px-CHRU_logo_RVB.jpg?resize=150%2C150&amp;ssl=1 150w, https:\/\/i0.wp.com\/omnivion.net\/core\/wp-content\/uploads\/2014\/08\/640px-CHRU_logo_RVB.jpg?resize=300%2C155&amp;ssl=1 300w\" sizes=\"auto, (max-width: 1px) 100vw, 1px\" \/><\/a> <a href=\"https:\/\/i0.wp.com\/www.omnivion.net\/core\/wp-content\/uploads\/2014\/08\/logo-DRAC-Centre-23-11_imagelarge.jpg\"><img data-recalc-dims=\"1\" loading=\"lazy\" decoding=\"async\" class=\"alignnone size-medium wp-image-1093\" src=\"https:\/\/i0.wp.com\/www.omnivion.net\/core\/wp-content\/uploads\/2014\/08\/logo-DRAC-Centre-23-11_imagelarge-211x300.jpg?resize=191%2C267\" alt=\"logo-DRAC-Centre-23-11_imagelarge\" width=\"191\" height=\"267\" \/><\/a>\u00a0\u00a0 \u00a0\u00a0 <a href=\"https:\/\/i0.wp.com\/www.omnivion.net\/core\/wp-content\/uploads\/2014\/08\/ARS_centre_124_71.gif\"> <img data-recalc-dims=\"1\" loading=\"lazy\" decoding=\"async\" class=\"alignnone size-full wp-image-1095\" src=\"https:\/\/i0.wp.com\/www.omnivion.net\/core\/wp-content\/uploads\/2014\/08\/ARS_centre_124_71.gif?resize=124%2C71\" alt=\"ARS_centre_124_71\" width=\"124\" height=\"71\" \/><\/a> \u00a0 \u00a0 \u00a0 \u00a0 \u00a0 <a href=\"https:\/\/i0.wp.com\/www.omnivion.net\/core\/wp-content\/uploads\/2014\/08\/640px-CHRU_logo_RVB.jpg\"><img data-recalc-dims=\"1\" loading=\"lazy\" decoding=\"async\" class=\"alignnone size-medium wp-image-1094\" src=\"https:\/\/i0.wp.com\/www.omnivion.net\/core\/wp-content\/uploads\/2014\/08\/640px-CHRU_logo_RVB-300x155.jpg?resize=260%2C134\" alt=\"640px-CHRU_logo_RVB\" width=\"260\" height=\"134\" srcset=\"https:\/\/i0.wp.com\/omnivion.net\/core\/wp-content\/uploads\/2014\/08\/640px-CHRU_logo_RVB.jpg?resize=300%2C155&amp;ssl=1 300w, https:\/\/i0.wp.com\/omnivion.net\/core\/wp-content\/uploads\/2014\/08\/640px-CHRU_logo_RVB.jpg?w=640&amp;ssl=1 640w\" sizes=\"auto, (max-width: 260px) 100vw, 260px\" \/><\/a><br \/>\n<a href=\"https:\/\/i0.wp.com\/www.omnivion.net\/core\/wp-content\/uploads\/2014\/08\/logoCCNT.gif\"><img data-recalc-dims=\"1\" loading=\"lazy\" decoding=\"async\" class=\"alignnone size-full wp-image-1096\" src=\"https:\/\/i0.wp.com\/www.omnivion.net\/core\/wp-content\/uploads\/2014\/08\/logoCCNT.gif?resize=207%2C207\" alt=\"logoCCNT\" width=\"207\" height=\"207\" \/><\/a><\/p>\n<h2><strong>et les ARPENTS d&rsquo;ART.<\/strong><\/h2>\n<p><\/p>","protected":false},"excerpt":{"rendered":"<p>Newtopia 2.3 Troisi\u00e8me volet de Newtopia 2 au CHU de Tours (Brettonneau et [&hellip;]<\/p>\n","protected":false},"author":1,"featured_media":0,"parent":944,"menu_order":0,"comment_status":"closed","ping_status":"closed","template":"","meta":{"jetpack_post_was_ever_published":false,"footnotes":""},"class_list":["post-1074","page","type-page","status-publish","hentry"],"yoast_head":"<!-- This site is optimized with the Yoast SEO plugin v26.8 - https:\/\/yoast.com\/product\/yoast-seo-wordpress\/ -->\n<title>Newtopia 2.3 - omnivion.net<\/title>\n<meta name=\"robots\" content=\"index, follow, max-snippet:-1, max-image-preview:large, max-video-preview:-1\" \/>\n<link rel=\"canonical\" href=\"https:\/\/omnivion.net\/core\/fr\/projets\/projets-artistiques\/newtopia-2-0\/newtopia-2-3-0\/\" \/>\n<meta property=\"og:locale\" content=\"fr_FR\" \/>\n<meta property=\"og:type\" content=\"article\" \/>\n<meta property=\"og:title\" content=\"Newtopia 2.3 - omnivion.net\" \/>\n<meta property=\"og:description\" content=\"Newtopia 2.3 Troisi\u00e8me volet de Newtopia 2 au CHU de Tours (Brettonneau et [&hellip;]\" \/>\n<meta property=\"og:url\" content=\"https:\/\/omnivion.net\/core\/fr\/projets\/projets-artistiques\/newtopia-2-0\/newtopia-2-3-0\/\" \/>\n<meta property=\"og:site_name\" content=\"omnivion.net\" \/>\n<meta property=\"article:modified_time\" content=\"2018-07-12T20:47:06+00:00\" \/>\n<meta property=\"og:image\" content=\"http:\/\/www.omnivion.net\/core\/wp-content\/uploads\/2014\/08\/duret-bernard-88_b_web.jpg\" \/>\n<meta name=\"twitter:card\" content=\"summary_large_image\" \/>\n<meta name=\"twitter:label1\" content=\"Dur\u00e9e de lecture estim\u00e9e\" \/>\n\t<meta name=\"twitter:data1\" content=\"1 minute\" \/>\n<script type=\"application\/ld+json\" class=\"yoast-schema-graph\">{\"@context\":\"https:\/\/schema.org\",\"@graph\":[{\"@type\":\"WebPage\",\"@id\":\"https:\/\/omnivion.net\/core\/fr\/projets\/projets-artistiques\/newtopia-2-0\/newtopia-2-3-0\/\",\"url\":\"https:\/\/omnivion.net\/core\/fr\/projets\/projets-artistiques\/newtopia-2-0\/newtopia-2-3-0\/\",\"name\":\"Newtopia 2.3 - omnivion.net\",\"isPartOf\":{\"@id\":\"https:\/\/omnivion.net\/core\/fr\/#website\"},\"primaryImageOfPage\":{\"@id\":\"https:\/\/omnivion.net\/core\/fr\/projets\/projets-artistiques\/newtopia-2-0\/newtopia-2-3-0\/#primaryimage\"},\"image\":{\"@id\":\"https:\/\/omnivion.net\/core\/fr\/projets\/projets-artistiques\/newtopia-2-0\/newtopia-2-3-0\/#primaryimage\"},\"thumbnailUrl\":\"http:\/\/www.omnivion.net\/core\/wp-content\/uploads\/2014\/08\/duret-bernard-88_b_web.jpg\",\"datePublished\":\"2014-08-30T12:18:53+00:00\",\"dateModified\":\"2018-07-12T20:47:06+00:00\",\"breadcrumb\":{\"@id\":\"https:\/\/omnivion.net\/core\/fr\/projets\/projets-artistiques\/newtopia-2-0\/newtopia-2-3-0\/#breadcrumb\"},\"inLanguage\":\"fr-FR\",\"potentialAction\":[{\"@type\":\"ReadAction\",\"target\":[\"https:\/\/omnivion.net\/core\/fr\/projets\/projets-artistiques\/newtopia-2-0\/newtopia-2-3-0\/\"]}]},{\"@type\":\"ImageObject\",\"inLanguage\":\"fr-FR\",\"@id\":\"https:\/\/omnivion.net\/core\/fr\/projets\/projets-artistiques\/newtopia-2-0\/newtopia-2-3-0\/#primaryimage\",\"url\":\"http:\/\/www.omnivion.net\/core\/wp-content\/uploads\/2014\/08\/duret-bernard-88_b_web.jpg\",\"contentUrl\":\"http:\/\/www.omnivion.net\/core\/wp-content\/uploads\/2014\/08\/duret-bernard-88_b_web.jpg\"},{\"@type\":\"BreadcrumbList\",\"@id\":\"https:\/\/omnivion.net\/core\/fr\/projets\/projets-artistiques\/newtopia-2-0\/newtopia-2-3-0\/#breadcrumb\",\"itemListElement\":[{\"@type\":\"ListItem\",\"position\":1,\"name\":\"Accueil\",\"item\":\"https:\/\/omnivion.net\/core\/en\/silverstorm\/\"},{\"@type\":\"ListItem\",\"position\":2,\"name\":\"Projets\",\"item\":\"https:\/\/omnivion.net\/core\/fr\/projets\/\"},{\"@type\":\"ListItem\",\"position\":3,\"name\":\"Projets Artistiques\",\"item\":\"https:\/\/omnivion.net\/core\/projets\/projets-artistiques\/\"},{\"@type\":\"ListItem\",\"position\":4,\"name\":\"Newtopia 2.0\",\"item\":\"https:\/\/omnivion.net\/core\/projets\/projets-artistiques\/newtopia-2-0\/\"},{\"@type\":\"ListItem\",\"position\":5,\"name\":\"Newtopia 2.3\"}]},{\"@type\":\"WebSite\",\"@id\":\"https:\/\/omnivion.net\/core\/fr\/#website\",\"url\":\"https:\/\/omnivion.net\/core\/fr\/\",\"name\":\"omnivion.net\",\"description\":\"...ARTS D&#039;\u00caTRE CORPS...\",\"potentialAction\":[{\"@type\":\"SearchAction\",\"target\":{\"@type\":\"EntryPoint\",\"urlTemplate\":\"https:\/\/omnivion.net\/core\/fr\/?s={search_term_string}\"},\"query-input\":{\"@type\":\"PropertyValueSpecification\",\"valueRequired\":true,\"valueName\":\"search_term_string\"}}],\"inLanguage\":\"fr-FR\"}]}<\/script>\n<!-- \/ Yoast SEO plugin. -->","yoast_head_json":{"title":"Newtopia 2.3 - omnivion.net","robots":{"index":"index","follow":"follow","max-snippet":"max-snippet:-1","max-image-preview":"max-image-preview:large","max-video-preview":"max-video-preview:-1"},"canonical":"https:\/\/omnivion.net\/core\/fr\/projets\/projets-artistiques\/newtopia-2-0\/newtopia-2-3-0\/","og_locale":"fr_FR","og_type":"article","og_title":"Newtopia 2.3 - omnivion.net","og_description":"Newtopia 2.3 Troisi\u00e8me volet de Newtopia 2 au CHU de Tours (Brettonneau et [&hellip;]","og_url":"https:\/\/omnivion.net\/core\/fr\/projets\/projets-artistiques\/newtopia-2-0\/newtopia-2-3-0\/","og_site_name":"omnivion.net","article_modified_time":"2018-07-12T20:47:06+00:00","og_image":[{"url":"http:\/\/www.omnivion.net\/core\/wp-content\/uploads\/2014\/08\/duret-bernard-88_b_web.jpg","type":"","width":"","height":""}],"twitter_card":"summary_large_image","twitter_misc":{"Dur\u00e9e de lecture estim\u00e9e":"1 minute"},"schema":{"@context":"https:\/\/schema.org","@graph":[{"@type":"WebPage","@id":"https:\/\/omnivion.net\/core\/fr\/projets\/projets-artistiques\/newtopia-2-0\/newtopia-2-3-0\/","url":"https:\/\/omnivion.net\/core\/fr\/projets\/projets-artistiques\/newtopia-2-0\/newtopia-2-3-0\/","name":"Newtopia 2.3 - omnivion.net","isPartOf":{"@id":"https:\/\/omnivion.net\/core\/fr\/#website"},"primaryImageOfPage":{"@id":"https:\/\/omnivion.net\/core\/fr\/projets\/projets-artistiques\/newtopia-2-0\/newtopia-2-3-0\/#primaryimage"},"image":{"@id":"https:\/\/omnivion.net\/core\/fr\/projets\/projets-artistiques\/newtopia-2-0\/newtopia-2-3-0\/#primaryimage"},"thumbnailUrl":"http:\/\/www.omnivion.net\/core\/wp-content\/uploads\/2014\/08\/duret-bernard-88_b_web.jpg","datePublished":"2014-08-30T12:18:53+00:00","dateModified":"2018-07-12T20:47:06+00:00","breadcrumb":{"@id":"https:\/\/omnivion.net\/core\/fr\/projets\/projets-artistiques\/newtopia-2-0\/newtopia-2-3-0\/#breadcrumb"},"inLanguage":"fr-FR","potentialAction":[{"@type":"ReadAction","target":["https:\/\/omnivion.net\/core\/fr\/projets\/projets-artistiques\/newtopia-2-0\/newtopia-2-3-0\/"]}]},{"@type":"ImageObject","inLanguage":"fr-FR","@id":"https:\/\/omnivion.net\/core\/fr\/projets\/projets-artistiques\/newtopia-2-0\/newtopia-2-3-0\/#primaryimage","url":"http:\/\/www.omnivion.net\/core\/wp-content\/uploads\/2014\/08\/duret-bernard-88_b_web.jpg","contentUrl":"http:\/\/www.omnivion.net\/core\/wp-content\/uploads\/2014\/08\/duret-bernard-88_b_web.jpg"},{"@type":"BreadcrumbList","@id":"https:\/\/omnivion.net\/core\/fr\/projets\/projets-artistiques\/newtopia-2-0\/newtopia-2-3-0\/#breadcrumb","itemListElement":[{"@type":"ListItem","position":1,"name":"Accueil","item":"https:\/\/omnivion.net\/core\/en\/silverstorm\/"},{"@type":"ListItem","position":2,"name":"Projets","item":"https:\/\/omnivion.net\/core\/fr\/projets\/"},{"@type":"ListItem","position":3,"name":"Projets Artistiques","item":"https:\/\/omnivion.net\/core\/projets\/projets-artistiques\/"},{"@type":"ListItem","position":4,"name":"Newtopia 2.0","item":"https:\/\/omnivion.net\/core\/projets\/projets-artistiques\/newtopia-2-0\/"},{"@type":"ListItem","position":5,"name":"Newtopia 2.3"}]},{"@type":"WebSite","@id":"https:\/\/omnivion.net\/core\/fr\/#website","url":"https:\/\/omnivion.net\/core\/fr\/","name":"omnivion.net","description":"...ARTS D&#039;\u00caTRE CORPS...","potentialAction":[{"@type":"SearchAction","target":{"@type":"EntryPoint","urlTemplate":"https:\/\/omnivion.net\/core\/fr\/?s={search_term_string}"},"query-input":{"@type":"PropertyValueSpecification","valueRequired":true,"valueName":"search_term_string"}}],"inLanguage":"fr-FR"}]}},"jetpack_sharing_enabled":true,"jetpack_shortlink":"https:\/\/wp.me\/P2fe7Q-hk","jetpack_likes_enabled":true,"_links":{"self":[{"href":"https:\/\/omnivion.net\/core\/fr\/wp-json\/wp\/v2\/pages\/1074","targetHints":{"allow":["GET"]}}],"collection":[{"href":"https:\/\/omnivion.net\/core\/fr\/wp-json\/wp\/v2\/pages"}],"about":[{"href":"https:\/\/omnivion.net\/core\/fr\/wp-json\/wp\/v2\/types\/page"}],"author":[{"embeddable":true,"href":"https:\/\/omnivion.net\/core\/fr\/wp-json\/wp\/v2\/users\/1"}],"replies":[{"embeddable":true,"href":"https:\/\/omnivion.net\/core\/fr\/wp-json\/wp\/v2\/comments?post=1074"}],"version-history":[{"count":16,"href":"https:\/\/omnivion.net\/core\/fr\/wp-json\/wp\/v2\/pages\/1074\/revisions"}],"predecessor-version":[{"id":2816,"href":"https:\/\/omnivion.net\/core\/fr\/wp-json\/wp\/v2\/pages\/1074\/revisions\/2816"}],"up":[{"embeddable":true,"href":"https:\/\/omnivion.net\/core\/fr\/wp-json\/wp\/v2\/pages\/944"}],"wp:attachment":[{"href":"https:\/\/omnivion.net\/core\/fr\/wp-json\/wp\/v2\/media?parent=1074"}],"curies":[{"name":"wp","href":"https:\/\/api.w.org\/{rel}","templated":true}]}}