{"id":1066,"date":"2014-08-29T16:11:18","date_gmt":"2014-08-29T15:11:18","guid":{"rendered":"http:\/\/www.omnivion.net\/core\/?page_id=1066"},"modified":"2020-04-05T13:16:42","modified_gmt":"2020-04-05T12:16:42","slug":"newtopia-2-1","status":"publish","type":"page","link":"https:\/\/omnivion.net\/core\/fr\/projets\/projets-artistiques\/newtopia-2-0\/newtopia-2-1\/","title":{"rendered":"Newtopia 2.1"},"content":{"rendered":"<p><a href=\"https:\/\/i0.wp.com\/www.omnivion.net\/core\/wp-content\/uploads\/2014\/08\/2014-09-18_Newtopia_2.1_CCNT_1_Photo_par_B.Duret_.jpg\"><img data-recalc-dims=\"1\" loading=\"lazy\" decoding=\"async\" class=\"size-full wp-image-1102\" src=\"https:\/\/i0.wp.com\/www.omnivion.net\/core\/wp-content\/uploads\/2014\/08\/2014-09-18_Newtopia_2.1_CCNT_1_Photo_par_B.Duret_.jpg?resize=800%2C286\" alt=\"2014-09-18_Newtopia_2.1_CCNT_1_Photo_par_B.Duret\" width=\"800\" height=\"286\" srcset=\"https:\/\/i0.wp.com\/omnivion.net\/core\/wp-content\/uploads\/2014\/08\/2014-09-18_Newtopia_2.1_CCNT_1_Photo_par_B.Duret_.jpg?w=800&amp;ssl=1 800w, https:\/\/i0.wp.com\/omnivion.net\/core\/wp-content\/uploads\/2014\/08\/2014-09-18_Newtopia_2.1_CCNT_1_Photo_par_B.Duret_.jpg?resize=300%2C107&amp;ssl=1 300w\" sizes=\"auto, (max-width: 800px) 100vw, 800px\" \/><\/a><\/p>\n<h1>Newtopia 2.1<\/h1>\n<p>Premier volet de <a title=\"Newtopia 2.0\" href=\"http:\/\/www.omnivion.net\/core\/projets\/projets-artistiques\/newtopia-2-0\/\">Newtopia 2<\/a> au <a href=\"http:\/\/www.ccntours.com\/\">Centre Chor\u00e9graphique National de Tours<\/a>, le 19 septembre 2014 \u00e0 20H00.<\/p>\n<p>Au programme :<\/p>\n<ul>\n<li>\n<h2>Fraises Indigo<\/h2>\n<\/li>\n<\/ul>\n<p>\/ dirig\u00e9 <strong>par Dimitri Tsiapkinis<br \/>\n<\/strong><\/p>\n<p>Performance de danse contemporaine, r\u00e9sultant du partenariat entre Omnivion et le <a href=\"http:\/\/www.chu-tours.fr\/\" target=\"_blank\" rel=\"noopener noreferrer\">CHRU de Tours<\/a>, services psychiatrie. C\u2019est une collaboration entre personnes suivies en psychiatrie, danseurs professionnels et amateurs, et \u00e9quipe soignante. C\u2019est une composition chor\u00e9graphique construite avec le principe de <em>multir\u00e9f\u00e9rentialit\u00e9<\/em> <i><b>[1]<\/b><\/i> et l&rsquo;<em>\u00e9criture du plateau<\/em> :<\/p>\n<p>Fraises \/ mots cl\u00e9s\u00a0: rouge vif, vitalit\u00e9, sensualit\u00e9, fraicheur, humour.<\/p>\n<p>Indigo \/ mots cl\u00e9s\u00a0: bleu fonc\u00e9, surnaturel, froid, ciel, profondeur, impermanence.<\/p>\n<p>Le sc\u00e9nario se cr\u00e9\u00e9 \u00e0 partir des personnalit\u00e9s de participants, des consignes li\u00e9s aux mots cl\u00e9s, d\u2019enchainements de Kung Fu, des textes et d\u2019images. Il passe par des phases qui ne font aucun sens, \u00e0 des phases avec des multiples sens pour finalement prendre une forme semi-coh\u00e9rente qui respecte nos \u00e9tats actuels et l\u2019historique de l\u2019aventure. Le texte de Claire Rengade \u00ab\u00a0Les Terriens\u00a0\u00bb \u00e9tait une inspiration suppl\u00e9mentaire qui a fait ressortir une dimension sociale de ce projet d&rsquo;expressivit\u00e9.<\/p>\n<p>Performeurs\u00a0: Zo\u00e9 Bennett, Kevin Bricout, C\u00e9cile Cappozzo, Nathalie Cherel, Claire Gervais, Claire Guillaume, Carl Loiseau, Bruno Morin, Annaick Nicolazic, Rosa Pires de Matos.<\/p>\n<p>Assistante \u00e0 la chor\u00e9graphie : Ahlam Ettamri<\/p>\n<p>Lumi\u00e8res et r\u00e9gie : Renaud Chaillou<\/p>\n<p>&nbsp;<\/p>\n<ul>\n<li>\n<h2>Duel des Roses<\/h2>\n<\/li>\n<\/ul>\n<p>\/ dirig\u00e9 <strong>par <a title=\"Ahlam Ettamri\" href=\"http:\/\/www.omnivion.net\/core\/members\/ahlam-ettamri\/\">Ahlam Ettamri<\/a><br \/>\n<\/strong><\/p>\n<p>Performance d\u2019improvisation.<br \/>\nUne danse qui joue avec l\u2019alt\u00e9rit\u00e9 : c\u2019est \u00e0 qui ce mouvement ?<\/p>\n<p>Performeurs : Rosa Pires de Matos, Ahlam Ettamri.<\/p>\n<p>&nbsp;<\/p>\n<ul>\n<li>\n<h2>Situations d\u2019acc\u00e8s I<\/h2>\n<p><strong>Exposition photographique :<\/strong><\/p>\n<p>\u2026par le photographe <a href=\"https:\/\/www.flickr.com\/photos\/46500487@N05\/sets\/\" target=\"_blank\" rel=\"noopener noreferrer\"><strong>Bernard Duret<\/strong><\/a>, centr\u00e9e sur la danse entre milieu hospitalier et milieu artistique. Cr\u00e9er des\u2026<em>Situations d\u2019acc\u00e8s<\/em> photographiques aux exp\u00e9riences des participants pendant les r\u00e9p\u00e9titions de Newtopia 2.<\/li>\n<\/ul>\n<p>SOUTENU PAR :<\/p>\n<p><a href=\"https:\/\/i0.wp.com\/www.omnivion.net\/core\/wp-content\/uploads\/2014\/08\/640px-CHRU_logo_RVB.jpg\"><img data-recalc-dims=\"1\" loading=\"lazy\" decoding=\"async\" class=\"alignnone size-large wp-image-1094\" src=\"https:\/\/i0.wp.com\/www.omnivion.net\/core\/wp-content\/uploads\/2014\/08\/640px-CHRU_logo_RVB.jpg?resize=1%2C1\" alt=\"640px-CHRU_logo_RVB\" width=\"1\" height=\"1\" srcset=\"https:\/\/i0.wp.com\/omnivion.net\/core\/wp-content\/uploads\/2014\/08\/640px-CHRU_logo_RVB.jpg?w=640&amp;ssl=1 640w, https:\/\/i0.wp.com\/omnivion.net\/core\/wp-content\/uploads\/2014\/08\/640px-CHRU_logo_RVB.jpg?resize=150%2C150&amp;ssl=1 150w, https:\/\/i0.wp.com\/omnivion.net\/core\/wp-content\/uploads\/2014\/08\/640px-CHRU_logo_RVB.jpg?resize=300%2C155&amp;ssl=1 300w\" sizes=\"auto, (max-width: 1px) 100vw, 1px\" \/><\/a> <a href=\"https:\/\/i0.wp.com\/www.omnivion.net\/core\/wp-content\/uploads\/2014\/08\/logo-DRAC-Centre-23-11_imagelarge.jpg\"><img data-recalc-dims=\"1\" loading=\"lazy\" decoding=\"async\" class=\"alignnone size-medium wp-image-1093\" src=\"https:\/\/i0.wp.com\/www.omnivion.net\/core\/wp-content\/uploads\/2014\/08\/logo-DRAC-Centre-23-11_imagelarge-211x300.jpg?resize=191%2C267\" alt=\"logo-DRAC-Centre-23-11_imagelarge\" width=\"191\" height=\"267\" \/><\/a>\u00a0\u00a0\u00a0 <a href=\"https:\/\/i0.wp.com\/www.omnivion.net\/core\/wp-content\/uploads\/2014\/08\/ARS_centre_124_71.gif\"><img data-recalc-dims=\"1\" loading=\"lazy\" decoding=\"async\" class=\"alignnone size-full wp-image-1095\" src=\"https:\/\/i0.wp.com\/www.omnivion.net\/core\/wp-content\/uploads\/2014\/08\/ARS_centre_124_71.gif?resize=124%2C71\" alt=\"ARS_centre_124_71\" width=\"124\" height=\"71\" \/><\/a>\u00a0\u00a0 <a href=\"https:\/\/i0.wp.com\/www.omnivion.net\/core\/wp-content\/uploads\/2014\/08\/640px-CHRU_logo_RVB.jpg\"><img data-recalc-dims=\"1\" loading=\"lazy\" decoding=\"async\" class=\"alignnone size-medium wp-image-1094\" src=\"https:\/\/i0.wp.com\/www.omnivion.net\/core\/wp-content\/uploads\/2014\/08\/640px-CHRU_logo_RVB-300x155.jpg?resize=260%2C134\" alt=\"640px-CHRU_logo_RVB\" width=\"260\" height=\"134\" srcset=\"https:\/\/i0.wp.com\/omnivion.net\/core\/wp-content\/uploads\/2014\/08\/640px-CHRU_logo_RVB.jpg?resize=300%2C155&amp;ssl=1 300w, https:\/\/i0.wp.com\/omnivion.net\/core\/wp-content\/uploads\/2014\/08\/640px-CHRU_logo_RVB.jpg?w=640&amp;ssl=1 640w\" sizes=\"auto, (max-width: 260px) 100vw, 260px\" \/><\/a>\u00a0\u00a0 <a href=\"https:\/\/i0.wp.com\/www.omnivion.net\/core\/wp-content\/uploads\/2014\/08\/logoCCNT.gif\"><img data-recalc-dims=\"1\" loading=\"lazy\" decoding=\"async\" class=\"alignnone size-full wp-image-1096\" src=\"https:\/\/i0.wp.com\/www.omnivion.net\/core\/wp-content\/uploads\/2014\/08\/logoCCNT.gif?resize=207%2C207\" alt=\"logoCCNT\" width=\"207\" height=\"207\" \/><\/a><\/p>\n<h2><strong>et les ARPENTS d&rsquo;ART.<\/strong><\/h2>\n<h2><span style=\"color: #3366ff;\"><strong>\u00a0<\/strong><\/span><\/h2>\n<p><\/p>","protected":false},"excerpt":{"rendered":"<p>Newtopia 2.1 Premier volet de Newtopia 2 au Centre Chor\u00e9graphique National de Tours, [&hellip;]<\/p>\n","protected":false},"author":1,"featured_media":0,"parent":944,"menu_order":0,"comment_status":"closed","ping_status":"closed","template":"","meta":{"jetpack_post_was_ever_published":false,"footnotes":""},"class_list":["post-1066","page","type-page","status-publish","hentry"],"yoast_head":"<!-- This site is optimized with the Yoast SEO plugin v26.8 - https:\/\/yoast.com\/product\/yoast-seo-wordpress\/ -->\n<title>Newtopia 2.1 - omnivion.net<\/title>\n<meta name=\"robots\" content=\"index, follow, max-snippet:-1, max-image-preview:large, max-video-preview:-1\" \/>\n<link rel=\"canonical\" href=\"https:\/\/omnivion.net\/core\/fr\/projets\/projets-artistiques\/newtopia-2-0\/newtopia-2-1\/\" \/>\n<meta property=\"og:locale\" content=\"fr_FR\" \/>\n<meta property=\"og:type\" content=\"article\" \/>\n<meta property=\"og:title\" content=\"Newtopia 2.1 - omnivion.net\" \/>\n<meta property=\"og:description\" content=\"Newtopia 2.1 Premier volet de Newtopia 2 au Centre Chor\u00e9graphique National de Tours, [&hellip;]\" \/>\n<meta property=\"og:url\" content=\"https:\/\/omnivion.net\/core\/fr\/projets\/projets-artistiques\/newtopia-2-0\/newtopia-2-1\/\" \/>\n<meta property=\"og:site_name\" content=\"omnivion.net\" \/>\n<meta property=\"article:modified_time\" content=\"2020-04-05T12:16:42+00:00\" \/>\n<meta property=\"og:image\" content=\"http:\/\/www.omnivion.net\/core\/wp-content\/uploads\/2014\/08\/2014-09-18_Newtopia_2.1_CCNT_1_Photo_par_B.Duret_.jpg\" \/>\n<meta name=\"twitter:card\" content=\"summary_large_image\" \/>\n<meta name=\"twitter:label1\" content=\"Dur\u00e9e de lecture estim\u00e9e\" \/>\n\t<meta name=\"twitter:data1\" content=\"2 minutes\" \/>\n<script type=\"application\/ld+json\" class=\"yoast-schema-graph\">{\"@context\":\"https:\/\/schema.org\",\"@graph\":[{\"@type\":\"WebPage\",\"@id\":\"https:\/\/omnivion.net\/core\/fr\/projets\/projets-artistiques\/newtopia-2-0\/newtopia-2-1\/\",\"url\":\"https:\/\/omnivion.net\/core\/fr\/projets\/projets-artistiques\/newtopia-2-0\/newtopia-2-1\/\",\"name\":\"Newtopia 2.1 - omnivion.net\",\"isPartOf\":{\"@id\":\"https:\/\/omnivion.net\/core\/fr\/#website\"},\"primaryImageOfPage\":{\"@id\":\"https:\/\/omnivion.net\/core\/fr\/projets\/projets-artistiques\/newtopia-2-0\/newtopia-2-1\/#primaryimage\"},\"image\":{\"@id\":\"https:\/\/omnivion.net\/core\/fr\/projets\/projets-artistiques\/newtopia-2-0\/newtopia-2-1\/#primaryimage\"},\"thumbnailUrl\":\"http:\/\/www.omnivion.net\/core\/wp-content\/uploads\/2014\/08\/2014-09-18_Newtopia_2.1_CCNT_1_Photo_par_B.Duret_.jpg\",\"datePublished\":\"2014-08-29T15:11:18+00:00\",\"dateModified\":\"2020-04-05T12:16:42+00:00\",\"breadcrumb\":{\"@id\":\"https:\/\/omnivion.net\/core\/fr\/projets\/projets-artistiques\/newtopia-2-0\/newtopia-2-1\/#breadcrumb\"},\"inLanguage\":\"fr-FR\",\"potentialAction\":[{\"@type\":\"ReadAction\",\"target\":[\"https:\/\/omnivion.net\/core\/fr\/projets\/projets-artistiques\/newtopia-2-0\/newtopia-2-1\/\"]}]},{\"@type\":\"ImageObject\",\"inLanguage\":\"fr-FR\",\"@id\":\"https:\/\/omnivion.net\/core\/fr\/projets\/projets-artistiques\/newtopia-2-0\/newtopia-2-1\/#primaryimage\",\"url\":\"http:\/\/www.omnivion.net\/core\/wp-content\/uploads\/2014\/08\/2014-09-18_Newtopia_2.1_CCNT_1_Photo_par_B.Duret_.jpg\",\"contentUrl\":\"http:\/\/www.omnivion.net\/core\/wp-content\/uploads\/2014\/08\/2014-09-18_Newtopia_2.1_CCNT_1_Photo_par_B.Duret_.jpg\"},{\"@type\":\"BreadcrumbList\",\"@id\":\"https:\/\/omnivion.net\/core\/fr\/projets\/projets-artistiques\/newtopia-2-0\/newtopia-2-1\/#breadcrumb\",\"itemListElement\":[{\"@type\":\"ListItem\",\"position\":1,\"name\":\"Accueil\",\"item\":\"https:\/\/omnivion.net\/core\/en\/silverstorm\/\"},{\"@type\":\"ListItem\",\"position\":2,\"name\":\"Projets\",\"item\":\"https:\/\/omnivion.net\/core\/fr\/projets\/\"},{\"@type\":\"ListItem\",\"position\":3,\"name\":\"Projets Artistiques\",\"item\":\"https:\/\/omnivion.net\/core\/projets\/projets-artistiques\/\"},{\"@type\":\"ListItem\",\"position\":4,\"name\":\"Newtopia 2.0\",\"item\":\"https:\/\/omnivion.net\/core\/projets\/projets-artistiques\/newtopia-2-0\/\"},{\"@type\":\"ListItem\",\"position\":5,\"name\":\"Newtopia 2.1\"}]},{\"@type\":\"WebSite\",\"@id\":\"https:\/\/omnivion.net\/core\/fr\/#website\",\"url\":\"https:\/\/omnivion.net\/core\/fr\/\",\"name\":\"omnivion.net\",\"description\":\"...ARTS D&#039;\u00caTRE CORPS...\",\"potentialAction\":[{\"@type\":\"SearchAction\",\"target\":{\"@type\":\"EntryPoint\",\"urlTemplate\":\"https:\/\/omnivion.net\/core\/fr\/?s={search_term_string}\"},\"query-input\":{\"@type\":\"PropertyValueSpecification\",\"valueRequired\":true,\"valueName\":\"search_term_string\"}}],\"inLanguage\":\"fr-FR\"}]}<\/script>\n<!-- \/ Yoast SEO plugin. -->","yoast_head_json":{"title":"Newtopia 2.1 - omnivion.net","robots":{"index":"index","follow":"follow","max-snippet":"max-snippet:-1","max-image-preview":"max-image-preview:large","max-video-preview":"max-video-preview:-1"},"canonical":"https:\/\/omnivion.net\/core\/fr\/projets\/projets-artistiques\/newtopia-2-0\/newtopia-2-1\/","og_locale":"fr_FR","og_type":"article","og_title":"Newtopia 2.1 - omnivion.net","og_description":"Newtopia 2.1 Premier volet de Newtopia 2 au Centre Chor\u00e9graphique National de Tours, [&hellip;]","og_url":"https:\/\/omnivion.net\/core\/fr\/projets\/projets-artistiques\/newtopia-2-0\/newtopia-2-1\/","og_site_name":"omnivion.net","article_modified_time":"2020-04-05T12:16:42+00:00","og_image":[{"url":"http:\/\/www.omnivion.net\/core\/wp-content\/uploads\/2014\/08\/2014-09-18_Newtopia_2.1_CCNT_1_Photo_par_B.Duret_.jpg","type":"","width":"","height":""}],"twitter_card":"summary_large_image","twitter_misc":{"Dur\u00e9e de lecture estim\u00e9e":"2 minutes"},"schema":{"@context":"https:\/\/schema.org","@graph":[{"@type":"WebPage","@id":"https:\/\/omnivion.net\/core\/fr\/projets\/projets-artistiques\/newtopia-2-0\/newtopia-2-1\/","url":"https:\/\/omnivion.net\/core\/fr\/projets\/projets-artistiques\/newtopia-2-0\/newtopia-2-1\/","name":"Newtopia 2.1 - omnivion.net","isPartOf":{"@id":"https:\/\/omnivion.net\/core\/fr\/#website"},"primaryImageOfPage":{"@id":"https:\/\/omnivion.net\/core\/fr\/projets\/projets-artistiques\/newtopia-2-0\/newtopia-2-1\/#primaryimage"},"image":{"@id":"https:\/\/omnivion.net\/core\/fr\/projets\/projets-artistiques\/newtopia-2-0\/newtopia-2-1\/#primaryimage"},"thumbnailUrl":"http:\/\/www.omnivion.net\/core\/wp-content\/uploads\/2014\/08\/2014-09-18_Newtopia_2.1_CCNT_1_Photo_par_B.Duret_.jpg","datePublished":"2014-08-29T15:11:18+00:00","dateModified":"2020-04-05T12:16:42+00:00","breadcrumb":{"@id":"https:\/\/omnivion.net\/core\/fr\/projets\/projets-artistiques\/newtopia-2-0\/newtopia-2-1\/#breadcrumb"},"inLanguage":"fr-FR","potentialAction":[{"@type":"ReadAction","target":["https:\/\/omnivion.net\/core\/fr\/projets\/projets-artistiques\/newtopia-2-0\/newtopia-2-1\/"]}]},{"@type":"ImageObject","inLanguage":"fr-FR","@id":"https:\/\/omnivion.net\/core\/fr\/projets\/projets-artistiques\/newtopia-2-0\/newtopia-2-1\/#primaryimage","url":"http:\/\/www.omnivion.net\/core\/wp-content\/uploads\/2014\/08\/2014-09-18_Newtopia_2.1_CCNT_1_Photo_par_B.Duret_.jpg","contentUrl":"http:\/\/www.omnivion.net\/core\/wp-content\/uploads\/2014\/08\/2014-09-18_Newtopia_2.1_CCNT_1_Photo_par_B.Duret_.jpg"},{"@type":"BreadcrumbList","@id":"https:\/\/omnivion.net\/core\/fr\/projets\/projets-artistiques\/newtopia-2-0\/newtopia-2-1\/#breadcrumb","itemListElement":[{"@type":"ListItem","position":1,"name":"Accueil","item":"https:\/\/omnivion.net\/core\/en\/silverstorm\/"},{"@type":"ListItem","position":2,"name":"Projets","item":"https:\/\/omnivion.net\/core\/fr\/projets\/"},{"@type":"ListItem","position":3,"name":"Projets Artistiques","item":"https:\/\/omnivion.net\/core\/projets\/projets-artistiques\/"},{"@type":"ListItem","position":4,"name":"Newtopia 2.0","item":"https:\/\/omnivion.net\/core\/projets\/projets-artistiques\/newtopia-2-0\/"},{"@type":"ListItem","position":5,"name":"Newtopia 2.1"}]},{"@type":"WebSite","@id":"https:\/\/omnivion.net\/core\/fr\/#website","url":"https:\/\/omnivion.net\/core\/fr\/","name":"omnivion.net","description":"...ARTS D&#039;\u00caTRE CORPS...","potentialAction":[{"@type":"SearchAction","target":{"@type":"EntryPoint","urlTemplate":"https:\/\/omnivion.net\/core\/fr\/?s={search_term_string}"},"query-input":{"@type":"PropertyValueSpecification","valueRequired":true,"valueName":"search_term_string"}}],"inLanguage":"fr-FR"}]}},"jetpack_sharing_enabled":true,"jetpack_shortlink":"https:\/\/wp.me\/P2fe7Q-hc","jetpack_likes_enabled":true,"_links":{"self":[{"href":"https:\/\/omnivion.net\/core\/fr\/wp-json\/wp\/v2\/pages\/1066","targetHints":{"allow":["GET"]}}],"collection":[{"href":"https:\/\/omnivion.net\/core\/fr\/wp-json\/wp\/v2\/pages"}],"about":[{"href":"https:\/\/omnivion.net\/core\/fr\/wp-json\/wp\/v2\/types\/page"}],"author":[{"embeddable":true,"href":"https:\/\/omnivion.net\/core\/fr\/wp-json\/wp\/v2\/users\/1"}],"replies":[{"embeddable":true,"href":"https:\/\/omnivion.net\/core\/fr\/wp-json\/wp\/v2\/comments?post=1066"}],"version-history":[{"count":15,"href":"https:\/\/omnivion.net\/core\/fr\/wp-json\/wp\/v2\/pages\/1066\/revisions"}],"predecessor-version":[{"id":3627,"href":"https:\/\/omnivion.net\/core\/fr\/wp-json\/wp\/v2\/pages\/1066\/revisions\/3627"}],"up":[{"embeddable":true,"href":"https:\/\/omnivion.net\/core\/fr\/wp-json\/wp\/v2\/pages\/944"}],"wp:attachment":[{"href":"https:\/\/omnivion.net\/core\/fr\/wp-json\/wp\/v2\/media?parent=1066"}],"curies":[{"name":"wp","href":"https:\/\/api.w.org\/{rel}","templated":true}]}}