{"id":1050,"date":"2014-08-17T14:31:19","date_gmt":"2014-08-17T13:31:19","guid":{"rendered":"http:\/\/www.omnivion.net\/core\/?page_id=1050"},"modified":"2015-08-18T14:54:38","modified_gmt":"2015-08-18T13:54:38","slug":"laboratoire-de-creation-choregraphique_2014-2015","status":"publish","type":"page","link":"https:\/\/omnivion.net\/core\/fr\/projets\/educational-projects\/laboratoire-de-creation-choregraphique_2014-2015\/","title":{"rendered":"Laboratoire de cr\u00e9ation chor\u00e9graphique \u00ab\u00a0L&rsquo;assembl\u00e9e\u00a0\u00bb"},"content":{"rendered":"<p><div id=\"attachment_1052\" style=\"width: 810px\" class=\"wp-caption alignnone\"><a href=\"https:\/\/i0.wp.com\/www.omnivion.net\/core\/wp-content\/uploads\/2014\/08\/duret-bernard-52_edit_web.jpg\"><img data-recalc-dims=\"1\" loading=\"lazy\" decoding=\"async\" aria-describedby=\"caption-attachment-1052\" class=\"size-full wp-image-1052\" src=\"https:\/\/i0.wp.com\/www.omnivion.net\/core\/wp-content\/uploads\/2014\/08\/duret-bernard-52_edit_web.jpg?resize=800%2C255\" alt=\"Photo by Bernard Duret\" width=\"800\" height=\"255\" srcset=\"https:\/\/i0.wp.com\/omnivion.net\/core\/wp-content\/uploads\/2014\/08\/duret-bernard-52_edit_web.jpg?w=800&amp;ssl=1 800w, https:\/\/i0.wp.com\/omnivion.net\/core\/wp-content\/uploads\/2014\/08\/duret-bernard-52_edit_web.jpg?resize=300%2C95&amp;ssl=1 300w\" sizes=\"auto, (max-width: 800px) 100vw, 800px\" \/><\/a><p id=\"caption-attachment-1052\" class=\"wp-caption-text\">Photo by Bernard Duret<\/p><\/div><\/p>\n<h2>Laboratoire de cr\u00e9ation chor\u00e9graphique 2014-2015<\/h2>\n<p><b>Atelier ouvert \u00e0 toute personne avec de l\u2019exp\u00e9rience en danse contemporaine\u00a0:<\/b><\/p>\n<p>Cours technique en danse contemporaine, suivi par un atelier de recherche chor\u00e9graphique \/ 24 s\u00e9ances.<\/p>\n<p>La th\u00e9matique\u00a0: <strong>Genre<b> et pouvoirs<\/b><\/strong>. Inspir\u00e9 de la com\u00e9die grecque <i>Les Ekkl\u00e9siazouses<\/i> d\u2019Aristophane (<i>L&rsquo;assembl\u00e9e des femmes<\/i>), et des \u0153uvres de l\u2019artiste f\u00e9ministe Judy Chicago. \u00c9videment la pr\u00e9sence des hommes sera plus que bienvenue\u00a0: ils jouent un r\u00f4le important dans la com\u00e9die d\u2019Aristophane, mais aussi dans l\u2019histoire du\u2026pouvoir, et de la danse! :-)<\/p>\n<p>Horaires : les mercredis 18H30-21H00<\/p>\n<p>Dates du premier trimestre : 5, 12 &amp; 26 novembre, 3, 10 &amp; 17 d\u00e9cembre.<\/p>\n<p>Les dates des prochains trimestres s&rsquo;annonceront ici, sur Facebook et par email aux participants.<\/p>\n<p>Lieu des cours : Centre social La Rabi\u00e8re, Rue de la Roti\u00e9re 37300 Jou\u00e9-l\u00e8s-Tours (Il y a une station de tramway juste devant la porte!)<\/p>\n<p>Prix : 155\u20ac + 5\u20ac adh\u00e9sion \u00e0 Omnivion.<\/p>\n<p>Info et inscriptions : <a href=\"https:\/\/www.facebook.com\/events\/594135744030711\/\">Facebook Omnivion<\/a> ou info(at)omnivion.net<\/p>\n<p><iframe loading=\"lazy\" src=\"https:\/\/maps.google.com\/maps?oe=utf-8&amp;client=firefox-a&amp;ie=UTF8&amp;q=Centre+social+La+Rabi%C3%A8re,+Rue+de+la+Roti%C3%A9re+37300+Jou%C3%A9-l%C3%A8s-Tours&amp;fb=1&amp;hq=Centre+social+La+Rabi%C3%A8re,&amp;hnear=0x47fcd6232f10961b:0x96b5e6581903f88f,Rue+de+la+Roti%C3%A9re,+37300+Jou%C3%A9-l%C3%A8s-Tours,+France&amp;cid=0,0,4778865265520604691&amp;ll=47.346521,0.662299&amp;spn=0.006295,0.006295&amp;t=h&amp;iwloc=A&amp;output=embed\" width=\"425\" height=\"350\" frameborder=\"0\" marginwidth=\"0\" marginheight=\"0\" scrolling=\"no\"><\/iframe><br \/>\n<small><a style=\"color: #0000ff; text-align: left;\" href=\"https:\/\/maps.google.com\/maps?oe=utf-8&amp;client=firefox-a&amp;ie=UTF8&amp;q=Centre+social+La+Rabi%C3%A8re,+Rue+de+la+Roti%C3%A9re+37300+Jou%C3%A9-l%C3%A8s-Tours&amp;fb=1&amp;hq=Centre+social+La+Rabi%C3%A8re,&amp;hnear=0x47fcd6232f10961b:0x96b5e6581903f88f,Rue+de+la+Roti%C3%A9re,+37300+Jou%C3%A9-l%C3%A8s-Tours,+France&amp;cid=0,0,4778865265520604691&amp;ll=47.346521,0.662299&amp;spn=0.006295,0.006295&amp;t=h&amp;iwloc=A&amp;source=embed\">Agrandir le plan<\/a><\/small><\/p>","protected":false},"excerpt":{"rendered":"<p>Laboratoire de cr\u00e9ation chor\u00e9graphique 2014-2015 Atelier ouvert \u00e0 toute personne avec de l\u2019exp\u00e9rience [&hellip;]<\/p>\n","protected":false},"author":1,"featured_media":0,"parent":63,"menu_order":0,"comment_status":"closed","ping_status":"closed","template":"","meta":{"jetpack_post_was_ever_published":false,"footnotes":""},"class_list":["post-1050","page","type-page","status-publish","hentry"],"yoast_head":"<!-- This site is optimized with the Yoast SEO plugin v26.8 - https:\/\/yoast.com\/product\/yoast-seo-wordpress\/ -->\n<title>Laboratoire de cr\u00e9ation chor\u00e9graphique &quot;L&#039;assembl\u00e9e&quot; - omnivion.net<\/title>\n<meta name=\"robots\" content=\"index, follow, max-snippet:-1, max-image-preview:large, max-video-preview:-1\" \/>\n<link rel=\"canonical\" href=\"https:\/\/omnivion.net\/core\/fr\/projets\/educational-projects\/laboratoire-de-creation-choregraphique_2014-2015\/\" \/>\n<meta property=\"og:locale\" content=\"fr_FR\" \/>\n<meta property=\"og:type\" content=\"article\" \/>\n<meta property=\"og:title\" content=\"Laboratoire de cr\u00e9ation chor\u00e9graphique &quot;L&#039;assembl\u00e9e&quot; - omnivion.net\" \/>\n<meta property=\"og:description\" content=\"Laboratoire de cr\u00e9ation chor\u00e9graphique 2014-2015 Atelier ouvert \u00e0 toute personne avec de l\u2019exp\u00e9rience [&hellip;]\" \/>\n<meta property=\"og:url\" content=\"https:\/\/omnivion.net\/core\/fr\/projets\/educational-projects\/laboratoire-de-creation-choregraphique_2014-2015\/\" \/>\n<meta property=\"og:site_name\" content=\"omnivion.net\" \/>\n<meta property=\"article:modified_time\" content=\"2015-08-18T13:54:38+00:00\" \/>\n<meta property=\"og:image\" content=\"http:\/\/www.omnivion.net\/core\/wp-content\/uploads\/2014\/08\/duret-bernard-52_edit_web.jpg\" \/>\n<meta name=\"twitter:card\" content=\"summary_large_image\" \/>\n<meta name=\"twitter:label1\" content=\"Dur\u00e9e de lecture estim\u00e9e\" \/>\n\t<meta name=\"twitter:data1\" content=\"1 minute\" \/>\n<script type=\"application\/ld+json\" class=\"yoast-schema-graph\">{\"@context\":\"https:\/\/schema.org\",\"@graph\":[{\"@type\":\"WebPage\",\"@id\":\"https:\/\/omnivion.net\/core\/fr\/projets\/educational-projects\/laboratoire-de-creation-choregraphique_2014-2015\/\",\"url\":\"https:\/\/omnivion.net\/core\/fr\/projets\/educational-projects\/laboratoire-de-creation-choregraphique_2014-2015\/\",\"name\":\"Laboratoire de cr\u00e9ation chor\u00e9graphique \\\"L'assembl\u00e9e\\\" - omnivion.net\",\"isPartOf\":{\"@id\":\"https:\/\/omnivion.net\/core\/fr\/#website\"},\"primaryImageOfPage\":{\"@id\":\"https:\/\/omnivion.net\/core\/fr\/projets\/educational-projects\/laboratoire-de-creation-choregraphique_2014-2015\/#primaryimage\"},\"image\":{\"@id\":\"https:\/\/omnivion.net\/core\/fr\/projets\/educational-projects\/laboratoire-de-creation-choregraphique_2014-2015\/#primaryimage\"},\"thumbnailUrl\":\"http:\/\/www.omnivion.net\/core\/wp-content\/uploads\/2014\/08\/duret-bernard-52_edit_web.jpg\",\"datePublished\":\"2014-08-17T13:31:19+00:00\",\"dateModified\":\"2015-08-18T13:54:38+00:00\",\"breadcrumb\":{\"@id\":\"https:\/\/omnivion.net\/core\/fr\/projets\/educational-projects\/laboratoire-de-creation-choregraphique_2014-2015\/#breadcrumb\"},\"inLanguage\":\"fr-FR\",\"potentialAction\":[{\"@type\":\"ReadAction\",\"target\":[\"https:\/\/omnivion.net\/core\/fr\/projets\/educational-projects\/laboratoire-de-creation-choregraphique_2014-2015\/\"]}]},{\"@type\":\"ImageObject\",\"inLanguage\":\"fr-FR\",\"@id\":\"https:\/\/omnivion.net\/core\/fr\/projets\/educational-projects\/laboratoire-de-creation-choregraphique_2014-2015\/#primaryimage\",\"url\":\"http:\/\/www.omnivion.net\/core\/wp-content\/uploads\/2014\/08\/duret-bernard-52_edit_web.jpg\",\"contentUrl\":\"http:\/\/www.omnivion.net\/core\/wp-content\/uploads\/2014\/08\/duret-bernard-52_edit_web.jpg\"},{\"@type\":\"BreadcrumbList\",\"@id\":\"https:\/\/omnivion.net\/core\/fr\/projets\/educational-projects\/laboratoire-de-creation-choregraphique_2014-2015\/#breadcrumb\",\"itemListElement\":[{\"@type\":\"ListItem\",\"position\":1,\"name\":\"Accueil\",\"item\":\"https:\/\/omnivion.net\/core\/en\/silverstorm\/\"},{\"@type\":\"ListItem\",\"position\":2,\"name\":\"Projets\",\"item\":\"https:\/\/omnivion.net\/core\/fr\/projets\/\"},{\"@type\":\"ListItem\",\"position\":3,\"name\":\"Projets Educatifs\",\"item\":\"https:\/\/omnivion.net\/core\/projets\/educational-projects\/\"},{\"@type\":\"ListItem\",\"position\":4,\"name\":\"Laboratoire de cr\u00e9ation chor\u00e9graphique \u00ab\u00a0L&rsquo;assembl\u00e9e\u00a0\u00bb\"}]},{\"@type\":\"WebSite\",\"@id\":\"https:\/\/omnivion.net\/core\/fr\/#website\",\"url\":\"https:\/\/omnivion.net\/core\/fr\/\",\"name\":\"omnivion.net\",\"description\":\"...ARTS D&#039;\u00caTRE CORPS...\",\"potentialAction\":[{\"@type\":\"SearchAction\",\"target\":{\"@type\":\"EntryPoint\",\"urlTemplate\":\"https:\/\/omnivion.net\/core\/fr\/?s={search_term_string}\"},\"query-input\":{\"@type\":\"PropertyValueSpecification\",\"valueRequired\":true,\"valueName\":\"search_term_string\"}}],\"inLanguage\":\"fr-FR\"}]}<\/script>\n<!-- \/ Yoast SEO plugin. -->","yoast_head_json":{"title":"Laboratoire de cr\u00e9ation chor\u00e9graphique \"L'assembl\u00e9e\" - omnivion.net","robots":{"index":"index","follow":"follow","max-snippet":"max-snippet:-1","max-image-preview":"max-image-preview:large","max-video-preview":"max-video-preview:-1"},"canonical":"https:\/\/omnivion.net\/core\/fr\/projets\/educational-projects\/laboratoire-de-creation-choregraphique_2014-2015\/","og_locale":"fr_FR","og_type":"article","og_title":"Laboratoire de cr\u00e9ation chor\u00e9graphique \"L'assembl\u00e9e\" - omnivion.net","og_description":"Laboratoire de cr\u00e9ation chor\u00e9graphique 2014-2015 Atelier ouvert \u00e0 toute personne avec de l\u2019exp\u00e9rience [&hellip;]","og_url":"https:\/\/omnivion.net\/core\/fr\/projets\/educational-projects\/laboratoire-de-creation-choregraphique_2014-2015\/","og_site_name":"omnivion.net","article_modified_time":"2015-08-18T13:54:38+00:00","og_image":[{"url":"http:\/\/www.omnivion.net\/core\/wp-content\/uploads\/2014\/08\/duret-bernard-52_edit_web.jpg","type":"","width":"","height":""}],"twitter_card":"summary_large_image","twitter_misc":{"Dur\u00e9e de lecture estim\u00e9e":"1 minute"},"schema":{"@context":"https:\/\/schema.org","@graph":[{"@type":"WebPage","@id":"https:\/\/omnivion.net\/core\/fr\/projets\/educational-projects\/laboratoire-de-creation-choregraphique_2014-2015\/","url":"https:\/\/omnivion.net\/core\/fr\/projets\/educational-projects\/laboratoire-de-creation-choregraphique_2014-2015\/","name":"Laboratoire de cr\u00e9ation chor\u00e9graphique \"L'assembl\u00e9e\" - omnivion.net","isPartOf":{"@id":"https:\/\/omnivion.net\/core\/fr\/#website"},"primaryImageOfPage":{"@id":"https:\/\/omnivion.net\/core\/fr\/projets\/educational-projects\/laboratoire-de-creation-choregraphique_2014-2015\/#primaryimage"},"image":{"@id":"https:\/\/omnivion.net\/core\/fr\/projets\/educational-projects\/laboratoire-de-creation-choregraphique_2014-2015\/#primaryimage"},"thumbnailUrl":"http:\/\/www.omnivion.net\/core\/wp-content\/uploads\/2014\/08\/duret-bernard-52_edit_web.jpg","datePublished":"2014-08-17T13:31:19+00:00","dateModified":"2015-08-18T13:54:38+00:00","breadcrumb":{"@id":"https:\/\/omnivion.net\/core\/fr\/projets\/educational-projects\/laboratoire-de-creation-choregraphique_2014-2015\/#breadcrumb"},"inLanguage":"fr-FR","potentialAction":[{"@type":"ReadAction","target":["https:\/\/omnivion.net\/core\/fr\/projets\/educational-projects\/laboratoire-de-creation-choregraphique_2014-2015\/"]}]},{"@type":"ImageObject","inLanguage":"fr-FR","@id":"https:\/\/omnivion.net\/core\/fr\/projets\/educational-projects\/laboratoire-de-creation-choregraphique_2014-2015\/#primaryimage","url":"http:\/\/www.omnivion.net\/core\/wp-content\/uploads\/2014\/08\/duret-bernard-52_edit_web.jpg","contentUrl":"http:\/\/www.omnivion.net\/core\/wp-content\/uploads\/2014\/08\/duret-bernard-52_edit_web.jpg"},{"@type":"BreadcrumbList","@id":"https:\/\/omnivion.net\/core\/fr\/projets\/educational-projects\/laboratoire-de-creation-choregraphique_2014-2015\/#breadcrumb","itemListElement":[{"@type":"ListItem","position":1,"name":"Accueil","item":"https:\/\/omnivion.net\/core\/en\/silverstorm\/"},{"@type":"ListItem","position":2,"name":"Projets","item":"https:\/\/omnivion.net\/core\/fr\/projets\/"},{"@type":"ListItem","position":3,"name":"Projets Educatifs","item":"https:\/\/omnivion.net\/core\/projets\/educational-projects\/"},{"@type":"ListItem","position":4,"name":"Laboratoire de cr\u00e9ation chor\u00e9graphique \u00ab\u00a0L&rsquo;assembl\u00e9e\u00a0\u00bb"}]},{"@type":"WebSite","@id":"https:\/\/omnivion.net\/core\/fr\/#website","url":"https:\/\/omnivion.net\/core\/fr\/","name":"omnivion.net","description":"...ARTS D&#039;\u00caTRE CORPS...","potentialAction":[{"@type":"SearchAction","target":{"@type":"EntryPoint","urlTemplate":"https:\/\/omnivion.net\/core\/fr\/?s={search_term_string}"},"query-input":{"@type":"PropertyValueSpecification","valueRequired":true,"valueName":"search_term_string"}}],"inLanguage":"fr-FR"}]}},"jetpack_sharing_enabled":true,"jetpack_shortlink":"https:\/\/wp.me\/P2fe7Q-gW","jetpack_likes_enabled":true,"_links":{"self":[{"href":"https:\/\/omnivion.net\/core\/fr\/wp-json\/wp\/v2\/pages\/1050","targetHints":{"allow":["GET"]}}],"collection":[{"href":"https:\/\/omnivion.net\/core\/fr\/wp-json\/wp\/v2\/pages"}],"about":[{"href":"https:\/\/omnivion.net\/core\/fr\/wp-json\/wp\/v2\/types\/page"}],"author":[{"embeddable":true,"href":"https:\/\/omnivion.net\/core\/fr\/wp-json\/wp\/v2\/users\/1"}],"replies":[{"embeddable":true,"href":"https:\/\/omnivion.net\/core\/fr\/wp-json\/wp\/v2\/comments?post=1050"}],"version-history":[{"count":11,"href":"https:\/\/omnivion.net\/core\/fr\/wp-json\/wp\/v2\/pages\/1050\/revisions"}],"predecessor-version":[{"id":1350,"href":"https:\/\/omnivion.net\/core\/fr\/wp-json\/wp\/v2\/pages\/1050\/revisions\/1350"}],"up":[{"embeddable":true,"href":"https:\/\/omnivion.net\/core\/fr\/wp-json\/wp\/v2\/pages\/63"}],"wp:attachment":[{"href":"https:\/\/omnivion.net\/core\/fr\/wp-json\/wp\/v2\/media?parent=1050"}],"curies":[{"name":"wp","href":"https:\/\/api.w.org\/{rel}","templated":true}]}}