{"id":5148,"date":"2023-09-02T13:05:13","date_gmt":"2023-09-02T12:05:13","guid":{"rendered":"https:\/\/omnivion.net\/core\/?page_id=5148"},"modified":"2026-05-16T19:23:10","modified_gmt":"2026-05-16T18:23:10","slug":"le-temps-des-crocodiles","status":"publish","type":"page","link":"https:\/\/omnivion.net\/core\/en\/projets\/projets-artistiques\/le-temps-des-crocodiles\/","title":{"rendered":"Crocodiles Time"},"content":{"rendered":"<p><\/p>\n<p align=\"justify\"><img data-recalc-dims=\"1\" loading=\"lazy\" decoding=\"async\" data-attachment-id=\"5149\" data-permalink=\"https:\/\/omnivion.net\/core\/en\/projets\/projets-artistiques\/le-temps-des-crocodiles\/bateau_web\/\" data-orig-file=\"https:\/\/i0.wp.com\/omnivion.net\/core\/wp-content\/uploads\/2023\/09\/bateau_web.jpg?fit=800%2C450&amp;ssl=1\" data-orig-size=\"800,450\" data-comments-opened=\"0\" data-image-meta=\"{&quot;aperture&quot;:&quot;0&quot;,&quot;credit&quot;:&quot;&quot;,&quot;camera&quot;:&quot;&quot;,&quot;caption&quot;:&quot;&quot;,&quot;created_timestamp&quot;:&quot;0&quot;,&quot;copyright&quot;:&quot;&quot;,&quot;focal_length&quot;:&quot;0&quot;,&quot;iso&quot;:&quot;0&quot;,&quot;shutter_speed&quot;:&quot;0&quot;,&quot;title&quot;:&quot;&quot;,&quot;orientation&quot;:&quot;1&quot;}\" data-image-title=\"bateau_web\" data-image-description=\"\" data-image-caption=\"\" data-large-file=\"https:\/\/i0.wp.com\/omnivion.net\/core\/wp-content\/uploads\/2023\/09\/bateau_web.jpg?fit=800%2C450&amp;ssl=1\" class=\"alignnone size-full wp-image-5149\" src=\"https:\/\/i0.wp.com\/omnivion.net\/core\/wp-content\/uploads\/2023\/09\/bateau_web.jpg?resize=800%2C450\" alt=\"\" width=\"800\" height=\"450\" srcset=\"https:\/\/i0.wp.com\/omnivion.net\/core\/wp-content\/uploads\/2023\/09\/bateau_web.jpg?w=800&amp;ssl=1 800w, https:\/\/i0.wp.com\/omnivion.net\/core\/wp-content\/uploads\/2023\/09\/bateau_web.jpg?resize=300%2C169&amp;ssl=1 300w, https:\/\/i0.wp.com\/omnivion.net\/core\/wp-content\/uploads\/2023\/09\/bateau_web.jpg?resize=768%2C432&amp;ssl=1 768w\" sizes=\"auto, (max-width: 800px) 100vw, 800px\" \/><\/p>\n<p>&nbsp;<\/p>\n<p><strong>Title :<\/strong> <em>Crocodiles Time, elegy<\/em><\/p>\n<p><strong>Date :<\/strong> October 2019<\/p>\n<p><strong>Short r\u00e9sum\u00e9 :<br \/>\n<\/strong><\/p>\n<p>&#8220;It is necessary to force the Greeks to pay &#8220;: it is from this violent assignment pronounced in unison in the European Union of the years 2012-2014 that was born the idea of ??the film, of a film of deploration. It&#8217;s an elegy, in the Greek sense of the term: a lamentation narrative which, by far, in exile, evokes the defeat of the Greek people in the face of a punishment as implacable as unfair.<\/p>\n<p><strong>Format :<\/strong> DCP \/ Color and Black &amp; White<\/p>\n<p>&nbsp;<\/p>\n<p><strong>Production\u00a0:<\/strong> L\u2019image d\u2019apr\u00e8s<\/p>\n<p>4 place des Petites Boucheries 37000 Tours<\/p>\n<p>N\u00b0 Siret : 50221451300041- Code APE : 5911C<\/p>\n<p>T\u00e9l. Maud : +33 6 40 23 43 30<\/p>\n<p><a href=\"mailto:maudmartin@limagedapres.fr\">maudmartin@limagedapres.fr<\/a><\/p>\n<p>&nbsp;<\/p>\n<p><strong>Vimeo link of the film :<\/strong> vimeo.com\/253783367<\/p>\n<p>password : croco<\/p>\n<p>&nbsp;<\/p>\n<p><strong>Bio of the director Florence Doucet :<\/strong><\/p>\n<p>I was born in 1970. After a doctorate in Letters on gardens in classical literature, I teach literature and cinema.<\/p>\n<p>I make films that offer reflection, meditation on the spot.<\/p>\n<p>&nbsp;<\/p>\n<p><strong>Filmography Florence Doucet :<\/strong><\/p>\n<p>2011 \u2013 2018<\/p>\n<p>Fantaisies saisonni\u00e8res. Tr\u00e8s courts m\u00e9trages en forme de po\u00e8mes filmiques.<\/p>\n<p>\u00ab Chasse ou la cavali\u00e8re bleue \u2013 octobre \u00bb ; \u00ab En lavoir ou pas \u2013 novembre \u00bb ; \u00ab Little big Hole \u2013 janvier \u00bb ; \u00ab Le Havre de Gr\u00e2ce \u2013 f\u00e9vrier \u00bb ; \u00ab Oceanus infans \u2013 d\u00e9cembre \u00bb ; \u00ab Bateau ivre \u2013 ao\u00fbt \u00bb ; \u00ab De Divinatione \u2013 mars \u00bb\u2026<\/p>\n<p>2010<\/p>\n<p>Narcisse, fragments, avec C\u00e9cilia Ribault et Dimitri Tsiapkinis, danseurs. Essai chor\u00e9graphique et po\u00e9tique, tourn\u00e9 dans une piscine de plein air d\u00e9saffect\u00e9e.<\/p>\n<p>I prefer not to, avec H\u00e9l\u00e9na Fin, plasticienne. Court m\u00e9trage r\u00e9alis\u00e9 dans le cadre du Festival \u00ab Filmer le travail \u00bb de l\u2019Universit\u00e9 de Poitiers. Premier Prix.<\/p>\n<p>2005-2012<\/p>\n<p>Cinq films, une s\u00e9rie : \u00ab La Dame en vert \u00bb, avec Annie Achermann (chor\u00e9graphe, Compagnie Travers\u00e9e Dix).<\/p>\n<p>Bog Queen, Irlande du sud<\/p>\n<p>The Green Lady, Springfield, Vermont<\/p>\n<p>Esperando a Lino, Barcelone<\/p>\n<p>Pour que les corbeaux et les corneilles s\u2019en repaissent, Bruxelles<\/p>\n<p>Berlin in memoriam, Berlin.<\/p>\n<p>&nbsp;<\/p>","protected":false},"excerpt":{"rendered":"<p>&nbsp; Title : Crocodiles Time, elegy Date : October 2019 Short r\u00e9sum\u00e9 : &#8220;It is necessary to force the Greeks to pay &#8220;: it is from this violent assignment pronounced in unison in the European Union of the years 2012-2014 that was born the idea of ??the film, of a film of deploration. It&#8217;s an [&hellip;]<\/p>\n","protected":false},"author":1,"featured_media":0,"parent":60,"menu_order":0,"comment_status":"closed","ping_status":"closed","template":"","meta":{"footnotes":""},"class_list":["post-5148","page","type-page","status-publish","hentry"],"yoast_head":"<!-- This site is optimized with the Yoast SEO plugin v27.6 - https:\/\/yoast.com\/product\/yoast-seo-wordpress\/ -->\n<title>Crocodiles Time - omnivion.net<\/title>\n<meta name=\"robots\" content=\"index, follow, max-snippet:-1, max-image-preview:large, max-video-preview:-1\" \/>\n<link rel=\"canonical\" href=\"https:\/\/omnivion.net\/core\/projets\/projets-artistiques\/le-temps-des-crocodiles\/\" \/>\n<meta property=\"og:locale\" content=\"en_US\" \/>\n<meta property=\"og:type\" content=\"article\" \/>\n<meta property=\"og:title\" content=\"Crocodiles Time - omnivion.net\" \/>\n<meta property=\"og:description\" content=\"&nbsp; Title : Crocodiles Time, elegy Date : October 2019 Short r\u00e9sum\u00e9 : &#8220;It is necessary to force the Greeks to pay &#8220;: it is from this violent assignment pronounced in unison in the European Union of the years 2012-2014 that was born the idea of ??the film, of a film of deploration. It&#8217;s an [&hellip;]\" \/>\n<meta property=\"og:url\" content=\"https:\/\/omnivion.net\/core\/projets\/projets-artistiques\/le-temps-des-crocodiles\/\" \/>\n<meta property=\"og:site_name\" content=\"omnivion.net\" \/>\n<meta property=\"article:modified_time\" content=\"2026-05-16T18:23:10+00:00\" \/>\n<meta property=\"og:image\" content=\"http:\/\/omnivion.net\/core\/wp-content\/uploads\/2023\/09\/bateau_web.jpg\" \/>\n<meta name=\"twitter:card\" content=\"summary_large_image\" \/>\n<meta name=\"twitter:label1\" content=\"Est. reading time\" \/>\n\t<meta name=\"twitter:data1\" content=\"2 minutes\" \/>\n<script type=\"application\/ld+json\" class=\"yoast-schema-graph\">{\"@context\":\"https:\\\/\\\/schema.org\",\"@graph\":[{\"@type\":\"WebPage\",\"@id\":\"https:\\\/\\\/omnivion.net\\\/core\\\/projets\\\/projets-artistiques\\\/le-temps-des-crocodiles\\\/\",\"url\":\"https:\\\/\\\/omnivion.net\\\/core\\\/projets\\\/projets-artistiques\\\/le-temps-des-crocodiles\\\/\",\"name\":\"Crocodiles Time - omnivion.net\",\"isPartOf\":{\"@id\":\"https:\\\/\\\/omnivion.net\\\/core\\\/fr\\\/#website\"},\"primaryImageOfPage\":{\"@id\":\"https:\\\/\\\/omnivion.net\\\/core\\\/projets\\\/projets-artistiques\\\/le-temps-des-crocodiles\\\/#primaryimage\"},\"image\":{\"@id\":\"https:\\\/\\\/omnivion.net\\\/core\\\/projets\\\/projets-artistiques\\\/le-temps-des-crocodiles\\\/#primaryimage\"},\"thumbnailUrl\":\"http:\\\/\\\/omnivion.net\\\/core\\\/wp-content\\\/uploads\\\/2023\\\/09\\\/bateau_web.jpg\",\"datePublished\":\"2023-09-02T12:05:13+00:00\",\"dateModified\":\"2026-05-16T18:23:10+00:00\",\"breadcrumb\":{\"@id\":\"https:\\\/\\\/omnivion.net\\\/core\\\/projets\\\/projets-artistiques\\\/le-temps-des-crocodiles\\\/#breadcrumb\"},\"inLanguage\":\"en-US\",\"potentialAction\":[{\"@type\":\"ReadAction\",\"target\":[\"https:\\\/\\\/omnivion.net\\\/core\\\/projets\\\/projets-artistiques\\\/le-temps-des-crocodiles\\\/\"]}]},{\"@type\":\"ImageObject\",\"inLanguage\":\"en-US\",\"@id\":\"https:\\\/\\\/omnivion.net\\\/core\\\/projets\\\/projets-artistiques\\\/le-temps-des-crocodiles\\\/#primaryimage\",\"url\":\"http:\\\/\\\/omnivion.net\\\/core\\\/wp-content\\\/uploads\\\/2023\\\/09\\\/bateau_web.jpg\",\"contentUrl\":\"http:\\\/\\\/omnivion.net\\\/core\\\/wp-content\\\/uploads\\\/2023\\\/09\\\/bateau_web.jpg\"},{\"@type\":\"BreadcrumbList\",\"@id\":\"https:\\\/\\\/omnivion.net\\\/core\\\/projets\\\/projets-artistiques\\\/le-temps-des-crocodiles\\\/#breadcrumb\",\"itemListElement\":[{\"@type\":\"ListItem\",\"position\":1,\"name\":\"Accueil\",\"item\":\"https:\\\/\\\/omnivion.net\\\/core\\\/fr\\\/\"},{\"@type\":\"ListItem\",\"position\":2,\"name\":\"Projets\",\"item\":\"https:\\\/\\\/omnivion.net\\\/core\\\/fr\\\/projets\\\/\"},{\"@type\":\"ListItem\",\"position\":3,\"name\":\"Projets Artistiques\",\"item\":\"https:\\\/\\\/omnivion.net\\\/core\\\/projets\\\/projets-artistiques\\\/\"},{\"@type\":\"ListItem\",\"position\":4,\"name\":\"Le Temps des Crocodiles\"}]},{\"@type\":\"WebSite\",\"@id\":\"https:\\\/\\\/omnivion.net\\\/core\\\/fr\\\/#website\",\"url\":\"https:\\\/\\\/omnivion.net\\\/core\\\/fr\\\/\",\"name\":\"omnivion.net\",\"description\":\"...ARTS D&#039;\u00caTRE CORPS...\",\"potentialAction\":[{\"@type\":\"SearchAction\",\"target\":{\"@type\":\"EntryPoint\",\"urlTemplate\":\"https:\\\/\\\/omnivion.net\\\/core\\\/fr\\\/?s={search_term_string}\"},\"query-input\":{\"@type\":\"PropertyValueSpecification\",\"valueRequired\":true,\"valueName\":\"search_term_string\"}}],\"inLanguage\":\"en-US\"}]}<\/script>\n<!-- \/ Yoast SEO plugin. -->","yoast_head_json":{"title":"Crocodiles Time - omnivion.net","robots":{"index":"index","follow":"follow","max-snippet":"max-snippet:-1","max-image-preview":"max-image-preview:large","max-video-preview":"max-video-preview:-1"},"canonical":"https:\/\/omnivion.net\/core\/projets\/projets-artistiques\/le-temps-des-crocodiles\/","og_locale":"en_US","og_type":"article","og_title":"Crocodiles Time - omnivion.net","og_description":"&nbsp; Title : Crocodiles Time, elegy Date : October 2019 Short r\u00e9sum\u00e9 : &#8220;It is necessary to force the Greeks to pay &#8220;: it is from this violent assignment pronounced in unison in the European Union of the years 2012-2014 that was born the idea of ??the film, of a film of deploration. It&#8217;s an [&hellip;]","og_url":"https:\/\/omnivion.net\/core\/projets\/projets-artistiques\/le-temps-des-crocodiles\/","og_site_name":"omnivion.net","article_modified_time":"2026-05-16T18:23:10+00:00","og_image":[{"url":"http:\/\/omnivion.net\/core\/wp-content\/uploads\/2023\/09\/bateau_web.jpg","type":"","width":"","height":""}],"twitter_card":"summary_large_image","twitter_misc":{"Est. reading time":"2 minutes"},"schema":{"@context":"https:\/\/schema.org","@graph":[{"@type":"WebPage","@id":"https:\/\/omnivion.net\/core\/projets\/projets-artistiques\/le-temps-des-crocodiles\/","url":"https:\/\/omnivion.net\/core\/projets\/projets-artistiques\/le-temps-des-crocodiles\/","name":"Crocodiles Time - omnivion.net","isPartOf":{"@id":"https:\/\/omnivion.net\/core\/fr\/#website"},"primaryImageOfPage":{"@id":"https:\/\/omnivion.net\/core\/projets\/projets-artistiques\/le-temps-des-crocodiles\/#primaryimage"},"image":{"@id":"https:\/\/omnivion.net\/core\/projets\/projets-artistiques\/le-temps-des-crocodiles\/#primaryimage"},"thumbnailUrl":"http:\/\/omnivion.net\/core\/wp-content\/uploads\/2023\/09\/bateau_web.jpg","datePublished":"2023-09-02T12:05:13+00:00","dateModified":"2026-05-16T18:23:10+00:00","breadcrumb":{"@id":"https:\/\/omnivion.net\/core\/projets\/projets-artistiques\/le-temps-des-crocodiles\/#breadcrumb"},"inLanguage":"en-US","potentialAction":[{"@type":"ReadAction","target":["https:\/\/omnivion.net\/core\/projets\/projets-artistiques\/le-temps-des-crocodiles\/"]}]},{"@type":"ImageObject","inLanguage":"en-US","@id":"https:\/\/omnivion.net\/core\/projets\/projets-artistiques\/le-temps-des-crocodiles\/#primaryimage","url":"http:\/\/omnivion.net\/core\/wp-content\/uploads\/2023\/09\/bateau_web.jpg","contentUrl":"http:\/\/omnivion.net\/core\/wp-content\/uploads\/2023\/09\/bateau_web.jpg"},{"@type":"BreadcrumbList","@id":"https:\/\/omnivion.net\/core\/projets\/projets-artistiques\/le-temps-des-crocodiles\/#breadcrumb","itemListElement":[{"@type":"ListItem","position":1,"name":"Accueil","item":"https:\/\/omnivion.net\/core\/fr\/"},{"@type":"ListItem","position":2,"name":"Projets","item":"https:\/\/omnivion.net\/core\/fr\/projets\/"},{"@type":"ListItem","position":3,"name":"Projets Artistiques","item":"https:\/\/omnivion.net\/core\/projets\/projets-artistiques\/"},{"@type":"ListItem","position":4,"name":"Le Temps des Crocodiles"}]},{"@type":"WebSite","@id":"https:\/\/omnivion.net\/core\/fr\/#website","url":"https:\/\/omnivion.net\/core\/fr\/","name":"omnivion.net","description":"...ARTS D&#039;\u00caTRE CORPS...","potentialAction":[{"@type":"SearchAction","target":{"@type":"EntryPoint","urlTemplate":"https:\/\/omnivion.net\/core\/fr\/?s={search_term_string}"},"query-input":{"@type":"PropertyValueSpecification","valueRequired":true,"valueName":"search_term_string"}}],"inLanguage":"en-US"}]}},"jetpack_sharing_enabled":true,"jetpack_shortlink":"https:\/\/wp.me\/P2fe7Q-1l2","jetpack_likes_enabled":true,"_links":{"self":[{"href":"https:\/\/omnivion.net\/core\/en\/wp-json\/wp\/v2\/pages\/5148","targetHints":{"allow":["GET"]}}],"collection":[{"href":"https:\/\/omnivion.net\/core\/en\/wp-json\/wp\/v2\/pages"}],"about":[{"href":"https:\/\/omnivion.net\/core\/en\/wp-json\/wp\/v2\/types\/page"}],"author":[{"embeddable":true,"href":"https:\/\/omnivion.net\/core\/en\/wp-json\/wp\/v2\/users\/1"}],"replies":[{"embeddable":true,"href":"https:\/\/omnivion.net\/core\/en\/wp-json\/wp\/v2\/comments?post=5148"}],"version-history":[{"count":3,"href":"https:\/\/omnivion.net\/core\/en\/wp-json\/wp\/v2\/pages\/5148\/revisions"}],"predecessor-version":[{"id":5152,"href":"https:\/\/omnivion.net\/core\/en\/wp-json\/wp\/v2\/pages\/5148\/revisions\/5152"}],"up":[{"embeddable":true,"href":"https:\/\/omnivion.net\/core\/en\/wp-json\/wp\/v2\/pages\/60"}],"wp:attachment":[{"href":"https:\/\/omnivion.net\/core\/en\/wp-json\/wp\/v2\/media?parent=5148"}],"curies":[{"name":"wp","href":"https:\/\/api.w.org\/{rel}","templated":true}]}}