{"id":3326,"date":"2019-07-20T11:50:03","date_gmt":"2019-07-20T10:50:03","guid":{"rendered":"http:\/\/omnivion.net\/core\/projets\/educational-projects\/atelier_danse_2018-2019-copy\/"},"modified":"2020-06-08T23:32:57","modified_gmt":"2020-06-08T22:32:57","slug":"atelier_danse_2019-2020","status":"publish","type":"page","link":"https:\/\/omnivion.net\/core\/en\/projets\/educational-projects\/atelier_danse_2019-2020\/","title":{"rendered":"Contemporary dance workshop Omnivion 2019-2020"},"content":{"rendered":"<p><figure id=\"attachment_3327\" aria-describedby=\"caption-attachment-3327\" style=\"width: 800px\" class=\"wp-caption alignnone\"><a href=\"https:\/\/i0.wp.com\/omnivion.net\/core\/wp-content\/uploads\/2019\/07\/P1230380_web.jpg\"><img data-recalc-dims=\"1\" loading=\"lazy\" decoding=\"async\" data-attachment-id=\"3327\" data-permalink=\"https:\/\/omnivion.net\/core\/en\/projets\/educational-projects\/atelier_danse_2019-2020\/p1230380_web\/\" data-orig-file=\"https:\/\/i0.wp.com\/omnivion.net\/core\/wp-content\/uploads\/2019\/07\/P1230380_web.jpg?fit=800%2C368&amp;ssl=1\" data-orig-size=\"800,368\" data-comments-opened=\"0\" data-image-meta=\"{&quot;aperture&quot;:&quot;3.3&quot;,&quot;credit&quot;:&quot;&quot;,&quot;camera&quot;:&quot;DMC-TZ40&quot;,&quot;caption&quot;:&quot;&quot;,&quot;created_timestamp&quot;:&quot;1557865536&quot;,&quot;copyright&quot;:&quot;&quot;,&quot;focal_length&quot;:&quot;4.3&quot;,&quot;iso&quot;:&quot;400&quot;,&quot;shutter_speed&quot;:&quot;0.02&quot;,&quot;title&quot;:&quot;&quot;,&quot;orientation&quot;:&quot;1&quot;}\" data-image-title=\"P1230380_web\" data-image-description=\"\" data-image-caption=\"&lt;p&gt;Photo par D.Tsiapkinis&lt;\/p&gt;\n\" data-large-file=\"https:\/\/i0.wp.com\/omnivion.net\/core\/wp-content\/uploads\/2019\/07\/P1230380_web.jpg?fit=800%2C368&amp;ssl=1\" class=\"size-full wp-image-3327\" src=\"https:\/\/i0.wp.com\/omnivion.net\/core\/wp-content\/uploads\/2019\/07\/P1230380_web.jpg?resize=800%2C368\" alt=\"\" width=\"800\" height=\"368\" srcset=\"https:\/\/i0.wp.com\/omnivion.net\/core\/wp-content\/uploads\/2019\/07\/P1230380_web.jpg?w=800&amp;ssl=1 800w, https:\/\/i0.wp.com\/omnivion.net\/core\/wp-content\/uploads\/2019\/07\/P1230380_web.jpg?resize=300%2C138&amp;ssl=1 300w, https:\/\/i0.wp.com\/omnivion.net\/core\/wp-content\/uploads\/2019\/07\/P1230380_web.jpg?resize=768%2C353&amp;ssl=1 768w\" sizes=\"auto, (max-width: 800px) 100vw, 800px\" \/><\/a><figcaption id=\"caption-attachment-3327\" class=\"wp-caption-text\">Photo par D.Tsiapkinis<\/figcaption><\/figure><\/p>\n<h2><strong>Contemporary dance weekly workshop\u00a0with Dimitri Tsiapkinis \/\u00a02018-2019<\/strong><\/h2>\n<p>Workshop open for adults with some experience in\u00a0contemporary dance.<\/p>\n<p>Time : Tuesdays 18H30-21H00 (25 sessions)<\/p>\n<p><strong>Dates for the 1st trimester :<\/strong><\/p>\n<p>18 September \/ 1 (Tuesday), 9 October \/ 6, 13, 20, 27 November \/ 4, 11, 18 December.<\/p>\n<p><strong>Dates of the 2nd+3d trimester :<\/strong><\/p>\n<p>8, 15, 29 January \/ 5 February \/ 4, 25 March \/ <span style=\"text-decoration: line-through;\">1, 8, 29 April\u00a0<\/span> <span style=\"color: #ff0000;\"><strong>(canceled<\/strong> \/ <strong>COVID-19<\/strong>)<\/span> \/ 20, 23, 27, 30 May \/ 3, 6, 10, 13, 17, 20, 24, 27 June \/ 1st, and 4th of July\u00a0 <span style=\"color: #ff0000;\"><strong>(: to be confirmed<\/strong> \/ <strong>COVID-19<\/strong>)<\/span><\/p>\n<p>&nbsp;<\/p>\n<p>Place : <a href=\"http:\/\/www.centresocialrabiere.fr\/\">Centre social La Rabi\u00e8re<\/a>, Rue de la Roti\u00e9re 37300 Jou\u00e9-l\u00e8s-Tours (There is a tramway station just in front of the entrance!)<\/p>\n<p>Price : 225\u20ac<\/p>\n<p>10\u20ac subscription to Omnivion.<\/p>\n<p>Registrations: <a href=\"https:\/\/www.helloasso.com\/associations\/omnivion\/evenements\/atelier-de-danse-contemporaine-omnivion-2018-2019-2\" target=\"_blank\" rel=\"noopener noreferrer\">helloasso.com\/omnivion\/atelier-de-danse-contemporaine-2019-2020<\/a><\/p>\n<p><iframe loading=\"lazy\" src=\"https:\/\/maps.google.com\/maps?oe=utf-8&amp;client=firefox-a&amp;ie=UTF8&amp;q=Centre+social+La+Rabi%C3%A8re,+Rue+de+la+Roti%C3%A9re+37300+Jou%C3%A9-l%C3%A8s-Tours&amp;fb=1&amp;hq=Centre+social+La+Rabi%C3%A8re,&amp;hnear=0x47fcd6232f10961b:0x96b5e6581903f88f,Rue+de+la+Roti%C3%A9re,+37300+Jou%C3%A9-l%C3%A8s-Tours,+France&amp;cid=0,0,4778865265520604691&amp;ll=47.346521,0.662299&amp;spn=0.006295,0.006295&amp;t=h&amp;iwloc=A&amp;output=embed\" width=\"425\" height=\"350\" frameborder=\"0\" marginwidth=\"0\" marginheight=\"0\" scrolling=\"no\"><\/iframe><br \/>\n<small><a style=\"color: #0000ff; text-align: left;\" href=\"https:\/\/maps.google.com\/maps?oe=utf-8&amp;client=firefox-a&amp;ie=UTF8&amp;q=Centre+social+La+Rabi%C3%A8re,+Rue+de+la+Roti%C3%A9re+37300+Jou%C3%A9-l%C3%A8s-Tours&amp;fb=1&amp;hq=Centre+social+La+Rabi%C3%A8re,&amp;hnear=0x47fcd6232f10961b:0x96b5e6581903f88f,Rue+de+la+Roti%C3%A9re,+37300+Jou%C3%A9-l%C3%A8s-Tours,+France&amp;cid=0,0,4778865265520604691&amp;ll=47.346521,0.662299&amp;spn=0.006295,0.006295&amp;t=h&amp;iwloc=A&amp;source=embed\">Enlarge the map<\/a><\/small><\/p>","protected":false},"excerpt":{"rendered":"<p>Contemporary dance weekly workshop\u00a0with Dimitri Tsiapkinis \/\u00a02018-2019 Workshop open for adults with some experience in\u00a0contemporary dance. Time : Tuesdays 18H30-21H00 (25 sessions) Dates for the 1st trimester : 18 September \/ 1 (Tuesday), 9 October \/ 6, 13, 20, 27 November \/ 4, 11, 18 December. Dates of the 2nd+3d trimester : 8, 15, 29 [&hellip;]<\/p>\n","protected":false},"author":1,"featured_media":0,"parent":63,"menu_order":0,"comment_status":"closed","ping_status":"closed","template":"","meta":{"footnotes":""},"class_list":["post-3326","page","type-page","status-publish","hentry"],"yoast_head":"<!-- This site is optimized with the Yoast SEO plugin v27.6 - https:\/\/yoast.com\/product\/yoast-seo-wordpress\/ -->\n<title>Contemporary dance workshop Omnivion 2019-2020 - omnivion.net<\/title>\n<meta name=\"robots\" content=\"index, follow, max-snippet:-1, max-image-preview:large, max-video-preview:-1\" \/>\n<link rel=\"canonical\" href=\"https:\/\/omnivion.net\/core\/projets\/educational-projects\/atelier_danse_2019-2020\/\" \/>\n<meta property=\"og:locale\" content=\"en_US\" \/>\n<meta property=\"og:type\" content=\"article\" \/>\n<meta property=\"og:title\" content=\"Contemporary dance workshop Omnivion 2019-2020 - omnivion.net\" \/>\n<meta property=\"og:description\" content=\"Contemporary dance weekly workshop\u00a0with Dimitri Tsiapkinis \/\u00a02018-2019 Workshop open for adults with some experience in\u00a0contemporary dance. Time : Tuesdays 18H30-21H00 (25 sessions) Dates for the 1st trimester : 18 September \/ 1 (Tuesday), 9 October \/ 6, 13, 20, 27 November \/ 4, 11, 18 December. Dates of the 2nd+3d trimester : 8, 15, 29 [&hellip;]\" \/>\n<meta property=\"og:url\" content=\"https:\/\/omnivion.net\/core\/projets\/educational-projects\/atelier_danse_2019-2020\/\" \/>\n<meta property=\"og:site_name\" content=\"omnivion.net\" \/>\n<meta property=\"article:modified_time\" content=\"2020-06-08T22:32:57+00:00\" \/>\n<meta property=\"og:image\" content=\"http:\/\/omnivion.net\/core\/wp-content\/uploads\/2019\/07\/P1230380_web.jpg\" \/>\n<meta name=\"twitter:card\" content=\"summary_large_image\" \/>\n<meta name=\"twitter:label1\" content=\"Est. reading time\" \/>\n\t<meta name=\"twitter:data1\" content=\"2 minutes\" \/>\n<script type=\"application\/ld+json\" class=\"yoast-schema-graph\">{\"@context\":\"https:\\\/\\\/schema.org\",\"@graph\":[{\"@type\":\"WebPage\",\"@id\":\"https:\\\/\\\/omnivion.net\\\/core\\\/projets\\\/educational-projects\\\/atelier_danse_2019-2020\\\/\",\"url\":\"https:\\\/\\\/omnivion.net\\\/core\\\/projets\\\/educational-projects\\\/atelier_danse_2019-2020\\\/\",\"name\":\"Contemporary dance workshop Omnivion 2019-2020 - omnivion.net\",\"isPartOf\":{\"@id\":\"https:\\\/\\\/omnivion.net\\\/core\\\/fr\\\/#website\"},\"primaryImageOfPage\":{\"@id\":\"https:\\\/\\\/omnivion.net\\\/core\\\/projets\\\/educational-projects\\\/atelier_danse_2019-2020\\\/#primaryimage\"},\"image\":{\"@id\":\"https:\\\/\\\/omnivion.net\\\/core\\\/projets\\\/educational-projects\\\/atelier_danse_2019-2020\\\/#primaryimage\"},\"thumbnailUrl\":\"http:\\\/\\\/omnivion.net\\\/core\\\/wp-content\\\/uploads\\\/2019\\\/07\\\/P1230380_web.jpg\",\"datePublished\":\"2019-07-20T10:50:03+00:00\",\"dateModified\":\"2020-06-08T22:32:57+00:00\",\"breadcrumb\":{\"@id\":\"https:\\\/\\\/omnivion.net\\\/core\\\/projets\\\/educational-projects\\\/atelier_danse_2019-2020\\\/#breadcrumb\"},\"inLanguage\":\"en-US\",\"potentialAction\":[{\"@type\":\"ReadAction\",\"target\":[\"https:\\\/\\\/omnivion.net\\\/core\\\/projets\\\/educational-projects\\\/atelier_danse_2019-2020\\\/\"]}]},{\"@type\":\"ImageObject\",\"inLanguage\":\"en-US\",\"@id\":\"https:\\\/\\\/omnivion.net\\\/core\\\/projets\\\/educational-projects\\\/atelier_danse_2019-2020\\\/#primaryimage\",\"url\":\"http:\\\/\\\/omnivion.net\\\/core\\\/wp-content\\\/uploads\\\/2019\\\/07\\\/P1230380_web.jpg\",\"contentUrl\":\"http:\\\/\\\/omnivion.net\\\/core\\\/wp-content\\\/uploads\\\/2019\\\/07\\\/P1230380_web.jpg\"},{\"@type\":\"BreadcrumbList\",\"@id\":\"https:\\\/\\\/omnivion.net\\\/core\\\/projets\\\/educational-projects\\\/atelier_danse_2019-2020\\\/#breadcrumb\",\"itemListElement\":[{\"@type\":\"ListItem\",\"position\":1,\"name\":\"Accueil\",\"item\":\"https:\\\/\\\/omnivion.net\\\/core\\\/fr\\\/\"},{\"@type\":\"ListItem\",\"position\":2,\"name\":\"Projets\",\"item\":\"https:\\\/\\\/omnivion.net\\\/core\\\/fr\\\/projets\\\/\"},{\"@type\":\"ListItem\",\"position\":3,\"name\":\"Projets Educatifs\",\"item\":\"https:\\\/\\\/omnivion.net\\\/core\\\/projets\\\/educational-projects\\\/\"},{\"@type\":\"ListItem\",\"position\":4,\"name\":\"Atelier de danse contemporaine Omnivion 2019-2020\"}]},{\"@type\":\"WebSite\",\"@id\":\"https:\\\/\\\/omnivion.net\\\/core\\\/fr\\\/#website\",\"url\":\"https:\\\/\\\/omnivion.net\\\/core\\\/fr\\\/\",\"name\":\"omnivion.net\",\"description\":\"...ARTS D&#039;\u00caTRE CORPS...\",\"potentialAction\":[{\"@type\":\"SearchAction\",\"target\":{\"@type\":\"EntryPoint\",\"urlTemplate\":\"https:\\\/\\\/omnivion.net\\\/core\\\/fr\\\/?s={search_term_string}\"},\"query-input\":{\"@type\":\"PropertyValueSpecification\",\"valueRequired\":true,\"valueName\":\"search_term_string\"}}],\"inLanguage\":\"en-US\"}]}<\/script>\n<!-- \/ Yoast SEO plugin. -->","yoast_head_json":{"title":"Contemporary dance workshop Omnivion 2019-2020 - omnivion.net","robots":{"index":"index","follow":"follow","max-snippet":"max-snippet:-1","max-image-preview":"max-image-preview:large","max-video-preview":"max-video-preview:-1"},"canonical":"https:\/\/omnivion.net\/core\/projets\/educational-projects\/atelier_danse_2019-2020\/","og_locale":"en_US","og_type":"article","og_title":"Contemporary dance workshop Omnivion 2019-2020 - omnivion.net","og_description":"Contemporary dance weekly workshop\u00a0with Dimitri Tsiapkinis \/\u00a02018-2019 Workshop open for adults with some experience in\u00a0contemporary dance. Time : Tuesdays 18H30-21H00 (25 sessions) Dates for the 1st trimester : 18 September \/ 1 (Tuesday), 9 October \/ 6, 13, 20, 27 November \/ 4, 11, 18 December. Dates of the 2nd+3d trimester : 8, 15, 29 [&hellip;]","og_url":"https:\/\/omnivion.net\/core\/projets\/educational-projects\/atelier_danse_2019-2020\/","og_site_name":"omnivion.net","article_modified_time":"2020-06-08T22:32:57+00:00","og_image":[{"url":"http:\/\/omnivion.net\/core\/wp-content\/uploads\/2019\/07\/P1230380_web.jpg","type":"","width":"","height":""}],"twitter_card":"summary_large_image","twitter_misc":{"Est. reading time":"2 minutes"},"schema":{"@context":"https:\/\/schema.org","@graph":[{"@type":"WebPage","@id":"https:\/\/omnivion.net\/core\/projets\/educational-projects\/atelier_danse_2019-2020\/","url":"https:\/\/omnivion.net\/core\/projets\/educational-projects\/atelier_danse_2019-2020\/","name":"Contemporary dance workshop Omnivion 2019-2020 - omnivion.net","isPartOf":{"@id":"https:\/\/omnivion.net\/core\/fr\/#website"},"primaryImageOfPage":{"@id":"https:\/\/omnivion.net\/core\/projets\/educational-projects\/atelier_danse_2019-2020\/#primaryimage"},"image":{"@id":"https:\/\/omnivion.net\/core\/projets\/educational-projects\/atelier_danse_2019-2020\/#primaryimage"},"thumbnailUrl":"http:\/\/omnivion.net\/core\/wp-content\/uploads\/2019\/07\/P1230380_web.jpg","datePublished":"2019-07-20T10:50:03+00:00","dateModified":"2020-06-08T22:32:57+00:00","breadcrumb":{"@id":"https:\/\/omnivion.net\/core\/projets\/educational-projects\/atelier_danse_2019-2020\/#breadcrumb"},"inLanguage":"en-US","potentialAction":[{"@type":"ReadAction","target":["https:\/\/omnivion.net\/core\/projets\/educational-projects\/atelier_danse_2019-2020\/"]}]},{"@type":"ImageObject","inLanguage":"en-US","@id":"https:\/\/omnivion.net\/core\/projets\/educational-projects\/atelier_danse_2019-2020\/#primaryimage","url":"http:\/\/omnivion.net\/core\/wp-content\/uploads\/2019\/07\/P1230380_web.jpg","contentUrl":"http:\/\/omnivion.net\/core\/wp-content\/uploads\/2019\/07\/P1230380_web.jpg"},{"@type":"BreadcrumbList","@id":"https:\/\/omnivion.net\/core\/projets\/educational-projects\/atelier_danse_2019-2020\/#breadcrumb","itemListElement":[{"@type":"ListItem","position":1,"name":"Accueil","item":"https:\/\/omnivion.net\/core\/fr\/"},{"@type":"ListItem","position":2,"name":"Projets","item":"https:\/\/omnivion.net\/core\/fr\/projets\/"},{"@type":"ListItem","position":3,"name":"Projets Educatifs","item":"https:\/\/omnivion.net\/core\/projets\/educational-projects\/"},{"@type":"ListItem","position":4,"name":"Atelier de danse contemporaine Omnivion 2019-2020"}]},{"@type":"WebSite","@id":"https:\/\/omnivion.net\/core\/fr\/#website","url":"https:\/\/omnivion.net\/core\/fr\/","name":"omnivion.net","description":"...ARTS D&#039;\u00caTRE CORPS...","potentialAction":[{"@type":"SearchAction","target":{"@type":"EntryPoint","urlTemplate":"https:\/\/omnivion.net\/core\/fr\/?s={search_term_string}"},"query-input":{"@type":"PropertyValueSpecification","valueRequired":true,"valueName":"search_term_string"}}],"inLanguage":"en-US"}]}},"jetpack_sharing_enabled":true,"jetpack_shortlink":"https:\/\/wp.me\/P2fe7Q-RE","jetpack_likes_enabled":true,"_links":{"self":[{"href":"https:\/\/omnivion.net\/core\/en\/wp-json\/wp\/v2\/pages\/3326","targetHints":{"allow":["GET"]}}],"collection":[{"href":"https:\/\/omnivion.net\/core\/en\/wp-json\/wp\/v2\/pages"}],"about":[{"href":"https:\/\/omnivion.net\/core\/en\/wp-json\/wp\/v2\/types\/page"}],"author":[{"embeddable":true,"href":"https:\/\/omnivion.net\/core\/en\/wp-json\/wp\/v2\/users\/1"}],"replies":[{"embeddable":true,"href":"https:\/\/omnivion.net\/core\/en\/wp-json\/wp\/v2\/comments?post=3326"}],"version-history":[{"count":8,"href":"https:\/\/omnivion.net\/core\/en\/wp-json\/wp\/v2\/pages\/3326\/revisions"}],"predecessor-version":[{"id":3688,"href":"https:\/\/omnivion.net\/core\/en\/wp-json\/wp\/v2\/pages\/3326\/revisions\/3688"}],"up":[{"embeddable":true,"href":"https:\/\/omnivion.net\/core\/en\/wp-json\/wp\/v2\/pages\/63"}],"wp:attachment":[{"href":"https:\/\/omnivion.net\/core\/en\/wp-json\/wp\/v2\/media?parent=3326"}],"curies":[{"name":"wp","href":"https:\/\/api.w.org\/{rel}","templated":true}]}}