{"id":3236,"date":"2019-05-16T10:30:24","date_gmt":"2019-05-16T09:30:24","guid":{"rendered":"http:\/\/omnivion.net\/core\/projets\/projets-artistiques\/newtopia-7\/newtopia-7-4-copy\/"},"modified":"2020-01-04T00:33:55","modified_gmt":"2020-01-03T23:33:55","slug":"newtopia-7-3","status":"publish","type":"page","link":"https:\/\/omnivion.net\/core\/en\/projets\/projets-artistiques\/newtopia-7\/newtopia-7-3\/","title":{"rendered":"Newtopia 7.3"},"content":{"rendered":"<p><div id=\"attachment_3482\" style=\"width: 810px\" class=\"wp-caption alignnone\"><a href=\"https:\/\/i0.wp.com\/omnivion.net\/core\/wp-content\/uploads\/2020\/01\/2019-12-20_Newtopia_7.3_Rabi%C3%A8re_33_light.jpg\"><img data-recalc-dims=\"1\" loading=\"lazy\" decoding=\"async\" aria-describedby=\"caption-attachment-3482\" data-attachment-id=\"3482\" data-permalink=\"https:\/\/omnivion.net\/core\/en\/projets\/projets-artistiques\/newtopia-7\/newtopia-7-3\/2019-12-20_newtopia_7-3_rabiere_33_light\/\" data-orig-file=\"https:\/\/i0.wp.com\/omnivion.net\/core\/wp-content\/uploads\/2020\/01\/2019-12-20_Newtopia_7.3_Rabi%C3%A8re_33_light.jpg?fit=1200%2C606&amp;ssl=1\" data-orig-size=\"1200,606\" data-comments-opened=\"0\" data-image-meta=\"{&quot;aperture&quot;:&quot;2.8&quot;,&quot;credit&quot;:&quot;&quot;,&quot;camera&quot;:&quot;Canon EOS 5D Mark IV&quot;,&quot;caption&quot;:&quot;&quot;,&quot;created_timestamp&quot;:&quot;1576855640&quot;,&quot;copyright&quot;:&quot;&quot;,&quot;focal_length&quot;:&quot;24&quot;,&quot;iso&quot;:&quot;200&quot;,&quot;shutter_speed&quot;:&quot;0.033333333333333&quot;,&quot;title&quot;:&quot;&quot;,&quot;orientation&quot;:&quot;1&quot;}\" data-image-title=\"2019-12-20_Newtopia_7.3_Rabi\u00e8re_33_light\" data-image-description=\"\" data-image-caption=\"\" data-large-file=\"https:\/\/i0.wp.com\/omnivion.net\/core\/wp-content\/uploads\/2020\/01\/2019-12-20_Newtopia_7.3_Rabi%C3%A8re_33_light.jpg?fit=1024%2C517&amp;ssl=1\" class=\"wp-image-3482 size-large\" src=\"https:\/\/i0.wp.com\/omnivion.net\/core\/wp-content\/uploads\/2020\/01\/2019-12-20_Newtopia_7.3_Rabi%C3%A8re_33_light-1024x517.jpg?resize=800%2C404\" alt=\"\" width=\"800\" height=\"404\" srcset=\"https:\/\/i0.wp.com\/omnivion.net\/core\/wp-content\/uploads\/2020\/01\/2019-12-20_Newtopia_7.3_Rabi%C3%A8re_33_light.jpg?resize=1024%2C517&amp;ssl=1 1024w, https:\/\/i0.wp.com\/omnivion.net\/core\/wp-content\/uploads\/2020\/01\/2019-12-20_Newtopia_7.3_Rabi%C3%A8re_33_light.jpg?resize=300%2C152&amp;ssl=1 300w, https:\/\/i0.wp.com\/omnivion.net\/core\/wp-content\/uploads\/2020\/01\/2019-12-20_Newtopia_7.3_Rabi%C3%A8re_33_light.jpg?resize=768%2C388&amp;ssl=1 768w, https:\/\/i0.wp.com\/omnivion.net\/core\/wp-content\/uploads\/2020\/01\/2019-12-20_Newtopia_7.3_Rabi%C3%A8re_33_light.jpg?w=1200&amp;ssl=1 1200w\" sizes=\"auto, (max-width: 800px) 100vw, 800px\" \/><\/a><p id=\"caption-attachment-3482\" class=\"wp-caption-text\">Photo pendant la performance du 20 d\u00e9cembre 2019 par Dimitri Tsiapkinis<\/p><\/div><\/p>\n<p><b><i>Here&#8217;s the&#8230;4th session of<\/i><\/b> <a style=\"font-weight: bold;\" href=\"https:\/\/omnivion.net\/core\/en\/projets\/projets-artistiques\/newtopia-7\/\">Newtopia 7<\/a><b> \/ Dance &amp; mental health.<br \/>\n<\/b><\/p>\n<p>(We were obliged to keep the old numbering beacause we changed the date after having sent our communication for 7.4)<\/p>\n<h3>20th of December 2019, at 16:00, at the Centre Social Rabi\u00e8re &#8211; Rue de la Roti\u00e8re &#8211; 37300 Jou\u00e9-l\u00e8s-Tours,<\/h3>\n<p>will be presented as part of <em><strong>Mardi Pratiques<\/strong><\/em> of the Centre Social Rabi\u00e8re. A sharing of our choreographic universe with members of the Centre Social and residents of the Rabi\u00e8re neighbourhood in Jou\u00e9-l\u00e8s-Tours. Contact us by email if you want to join us. (limited seats!)<\/p>\n<p><strong>Free entry.<\/strong><\/p>\n<p>&nbsp;<\/p>\n<h2><strong>Program :<\/strong><\/h2>\n<ul>\n<li>Go-Chin concert (traditional chinese) by Xing Yang.<\/li>\n<li><strong>#PolEis<\/strong> <strong>Vox II<\/strong> : Dance Performance with our latest choreographic research 2019.<\/li>\n<li>Interactive dance between the membres of Omnivion and the public.<\/li>\n<\/ul>\n<p><strong>Performers<\/strong>: Bartel Bruynseels, Christine Causera, Vanessa Gilbert, Rosa Pires de Matos, Yvan Pousset, Dimitri Tsiapkinis, Xing Yang.<\/p>\n<p>&lt;&lt;&lt;&lt;&lt;&lt;&lt;&lt;&lt;&lt;&lt;&lt;&lt;&lt;&lt;&lt;&lt;&lt;&lt;&lt;&lt;&lt;&lt;&lt;&lt;&lt;&lt;&lt;&lt;&lt;&lt;&lt;&lt;&lt;&lt;&lt;&lt;&lt;&lt;&lt;&lt;&lt;&lt;&lt;&lt;&lt;&lt;&lt;&lt;&lt;&lt;&lt;&lt;&lt;&lt;&lt;&lt;&lt;&lt;&lt;&lt;&lt;&lt;&lt;&lt;&lt;&lt;&lt;&lt;&lt;&lt;<\/p>\n<p><strong>Partners &amp; financing : <\/strong><\/p>\n<p><strong><a href=\"http:\/\/www.culturecommunication.gouv.fr\/Regions\/Drac-Centre-Val-de-Loire\" target=\"_blank\" rel=\"noopener noreferrer\">DRAC Centre<\/a>, <a href=\"http:\/\/ars.centre.sante.fr\/\" target=\"_blank\" rel=\"noopener noreferrer\">ARS Centre<\/a>, <a href=\"https:\/\/transept37.fr\/\" target=\"_blank\" rel=\"noopener noreferrer\">Fonds de dotation Transept37<\/a>, <a href=\"http:\/\/www.chu-tours.fr\/\" target=\"_blank\" rel=\"noopener noreferrer\">CHRU de Tours<\/a>, <a href=\"http:\/\/lesarpentsdart.fr\/cms\/\" target=\"_blank\" rel=\"noopener noreferrer\">Arpents d\u2019Art<\/a>, <a href=\"http:\/\/ville-lariche.fr\/spip.php?page=pleiade\">Ville de la Riche\/Pl\u00e9iade<\/a>, <a href=\"http:\/\/www.tours.fr\/\">Ville de Tours<\/a>, <a href=\"http:\/\/centresocialrabiere.fr\/\" target=\"_blank\" rel=\"noopener noreferrer\">Centre Sociale la Rabi\u00e8re<\/a>.<\/strong><\/p>\n<p>&nbsp;<\/p>\n<p><strong>ACCESSIBILITY :<\/strong><\/p>\n<p><a href=\"http:\/\/omnivion.net\/core\/projets\/projets-artistiques\/newtopia-5\/newtopia-5-3\/log\/\" rel=\"attachment wp-att-2307\"><img data-recalc-dims=\"1\" loading=\"lazy\" decoding=\"async\" data-attachment-id=\"2307\" data-permalink=\"https:\/\/omnivion.net\/core\/en\/projets\/projets-artistiques\/newtopia-5\/newtopia-5-3\/log\/\" data-orig-file=\"https:\/\/i0.wp.com\/omnivion.net\/core\/wp-content\/uploads\/2017\/05\/log.jpg?fit=556%2C313&amp;ssl=1\" data-orig-size=\"556,313\" data-comments-opened=\"0\" data-image-meta=\"{&quot;aperture&quot;:&quot;0&quot;,&quot;credit&quot;:&quot;&quot;,&quot;camera&quot;:&quot;&quot;,&quot;caption&quot;:&quot;&quot;,&quot;created_timestamp&quot;:&quot;0&quot;,&quot;copyright&quot;:&quot;&quot;,&quot;focal_length&quot;:&quot;0&quot;,&quot;iso&quot;:&quot;0&quot;,&quot;shutter_speed&quot;:&quot;0&quot;,&quot;title&quot;:&quot;&quot;,&quot;orientation&quot;:&quot;1&quot;}\" data-image-title=\"log\" data-image-description=\"\" data-image-caption=\"\" data-large-file=\"https:\/\/i0.wp.com\/omnivion.net\/core\/wp-content\/uploads\/2017\/05\/log.jpg?fit=556%2C313&amp;ssl=1\" class=\"alignnone wp-image-2307\" src=\"https:\/\/i0.wp.com\/omnivion.net\/core\/wp-content\/uploads\/2017\/05\/log.jpg?resize=242%2C136\" alt=\"\" width=\"242\" height=\"136\" srcset=\"https:\/\/i0.wp.com\/omnivion.net\/core\/wp-content\/uploads\/2017\/05\/log.jpg?w=556&amp;ssl=1 556w, https:\/\/i0.wp.com\/omnivion.net\/core\/wp-content\/uploads\/2017\/05\/log.jpg?resize=300%2C169&amp;ssl=1 300w\" sizes=\"auto, (max-width: 242px) 100vw, 242px\" \/><\/a><\/p>\n<p>&nbsp;<\/p>\n<p>&nbsp;<\/p>","protected":false},"excerpt":{"rendered":"<p>Here&#8217;s the&#8230;4th session of Newtopia 7 \/ Dance &amp; mental health. (We were [&hellip;]<\/p>\n","protected":false},"author":1,"featured_media":0,"parent":3058,"menu_order":0,"comment_status":"closed","ping_status":"closed","template":"","meta":{"footnotes":""},"class_list":["post-3236","page","type-page","status-publish","hentry"],"yoast_head":"<!-- This site is optimized with the Yoast SEO plugin v27.5 - https:\/\/yoast.com\/product\/yoast-seo-wordpress\/ -->\n<title>Newtopia 7.3 - omnivion.net<\/title>\n<meta name=\"robots\" content=\"index, follow, max-snippet:-1, max-image-preview:large, max-video-preview:-1\" \/>\n<link rel=\"canonical\" href=\"https:\/\/omnivion.net\/core\/projets\/projets-artistiques\/newtopia-7\/newtopia-7-3\/\" \/>\n<meta property=\"og:locale\" content=\"en_US\" \/>\n<meta property=\"og:type\" content=\"article\" \/>\n<meta property=\"og:title\" content=\"Newtopia 7.3 - omnivion.net\" \/>\n<meta property=\"og:description\" content=\"Here&#8217;s the&#8230;4th session of Newtopia 7 \/ Dance &amp; mental health. (We were [&hellip;]\" \/>\n<meta property=\"og:url\" content=\"https:\/\/omnivion.net\/core\/projets\/projets-artistiques\/newtopia-7\/newtopia-7-3\/\" \/>\n<meta property=\"og:site_name\" content=\"omnivion.net\" \/>\n<meta property=\"article:modified_time\" content=\"2020-01-03T23:33:55+00:00\" \/>\n<meta property=\"og:image\" content=\"http:\/\/omnivion.net\/core\/wp-content\/uploads\/2017\/05\/log.jpg\" \/>\n<meta name=\"twitter:card\" content=\"summary_large_image\" \/>\n<meta name=\"twitter:label1\" content=\"Est. reading time\" \/>\n\t<meta name=\"twitter:data1\" content=\"3 minutes\" \/>\n<script type=\"application\/ld+json\" class=\"yoast-schema-graph\">{\"@context\":\"https:\\\/\\\/schema.org\",\"@graph\":[{\"@type\":\"WebPage\",\"@id\":\"https:\\\/\\\/omnivion.net\\\/core\\\/projets\\\/projets-artistiques\\\/newtopia-7\\\/newtopia-7-3\\\/\",\"url\":\"https:\\\/\\\/omnivion.net\\\/core\\\/projets\\\/projets-artistiques\\\/newtopia-7\\\/newtopia-7-3\\\/\",\"name\":\"Newtopia 7.3 - omnivion.net\",\"isPartOf\":{\"@id\":\"https:\\\/\\\/omnivion.net\\\/core\\\/fr\\\/#website\"},\"primaryImageOfPage\":{\"@id\":\"https:\\\/\\\/omnivion.net\\\/core\\\/projets\\\/projets-artistiques\\\/newtopia-7\\\/newtopia-7-3\\\/#primaryimage\"},\"image\":{\"@id\":\"https:\\\/\\\/omnivion.net\\\/core\\\/projets\\\/projets-artistiques\\\/newtopia-7\\\/newtopia-7-3\\\/#primaryimage\"},\"thumbnailUrl\":\"http:\\\/\\\/omnivion.net\\\/core\\\/wp-content\\\/uploads\\\/2017\\\/05\\\/log.jpg\",\"datePublished\":\"2019-05-16T09:30:24+00:00\",\"dateModified\":\"2020-01-03T23:33:55+00:00\",\"breadcrumb\":{\"@id\":\"https:\\\/\\\/omnivion.net\\\/core\\\/projets\\\/projets-artistiques\\\/newtopia-7\\\/newtopia-7-3\\\/#breadcrumb\"},\"inLanguage\":\"en-US\",\"potentialAction\":[{\"@type\":\"ReadAction\",\"target\":[\"https:\\\/\\\/omnivion.net\\\/core\\\/projets\\\/projets-artistiques\\\/newtopia-7\\\/newtopia-7-3\\\/\"]}]},{\"@type\":\"ImageObject\",\"inLanguage\":\"en-US\",\"@id\":\"https:\\\/\\\/omnivion.net\\\/core\\\/projets\\\/projets-artistiques\\\/newtopia-7\\\/newtopia-7-3\\\/#primaryimage\",\"url\":\"http:\\\/\\\/omnivion.net\\\/core\\\/wp-content\\\/uploads\\\/2017\\\/05\\\/log.jpg\",\"contentUrl\":\"http:\\\/\\\/omnivion.net\\\/core\\\/wp-content\\\/uploads\\\/2017\\\/05\\\/log.jpg\"},{\"@type\":\"BreadcrumbList\",\"@id\":\"https:\\\/\\\/omnivion.net\\\/core\\\/projets\\\/projets-artistiques\\\/newtopia-7\\\/newtopia-7-3\\\/#breadcrumb\",\"itemListElement\":[{\"@type\":\"ListItem\",\"position\":1,\"name\":\"Accueil\",\"item\":\"https:\\\/\\\/omnivion.net\\\/core\\\/en\\\/silverstorm\\\/\"},{\"@type\":\"ListItem\",\"position\":2,\"name\":\"Projets\",\"item\":\"https:\\\/\\\/omnivion.net\\\/core\\\/fr\\\/projets\\\/\"},{\"@type\":\"ListItem\",\"position\":3,\"name\":\"Projets Artistiques\",\"item\":\"https:\\\/\\\/omnivion.net\\\/core\\\/projets\\\/projets-artistiques\\\/\"},{\"@type\":\"ListItem\",\"position\":4,\"name\":\"Newtopia 7\",\"item\":\"https:\\\/\\\/omnivion.net\\\/core\\\/projets\\\/projets-artistiques\\\/newtopia-7\\\/\"},{\"@type\":\"ListItem\",\"position\":5,\"name\":\"Newtopia 7.3\"}]},{\"@type\":\"WebSite\",\"@id\":\"https:\\\/\\\/omnivion.net\\\/core\\\/fr\\\/#website\",\"url\":\"https:\\\/\\\/omnivion.net\\\/core\\\/fr\\\/\",\"name\":\"omnivion.net\",\"description\":\"...ARTS D&#039;\u00caTRE CORPS...\",\"potentialAction\":[{\"@type\":\"SearchAction\",\"target\":{\"@type\":\"EntryPoint\",\"urlTemplate\":\"https:\\\/\\\/omnivion.net\\\/core\\\/fr\\\/?s={search_term_string}\"},\"query-input\":{\"@type\":\"PropertyValueSpecification\",\"valueRequired\":true,\"valueName\":\"search_term_string\"}}],\"inLanguage\":\"en-US\"}]}<\/script>\n<!-- \/ Yoast SEO plugin. -->","yoast_head_json":{"title":"Newtopia 7.3 - omnivion.net","robots":{"index":"index","follow":"follow","max-snippet":"max-snippet:-1","max-image-preview":"max-image-preview:large","max-video-preview":"max-video-preview:-1"},"canonical":"https:\/\/omnivion.net\/core\/projets\/projets-artistiques\/newtopia-7\/newtopia-7-3\/","og_locale":"en_US","og_type":"article","og_title":"Newtopia 7.3 - omnivion.net","og_description":"Here&#8217;s the&#8230;4th session of Newtopia 7 \/ Dance &amp; mental health. (We were [&hellip;]","og_url":"https:\/\/omnivion.net\/core\/projets\/projets-artistiques\/newtopia-7\/newtopia-7-3\/","og_site_name":"omnivion.net","article_modified_time":"2020-01-03T23:33:55+00:00","og_image":[{"url":"http:\/\/omnivion.net\/core\/wp-content\/uploads\/2017\/05\/log.jpg","type":"","width":"","height":""}],"twitter_card":"summary_large_image","twitter_misc":{"Est. reading time":"3 minutes"},"schema":{"@context":"https:\/\/schema.org","@graph":[{"@type":"WebPage","@id":"https:\/\/omnivion.net\/core\/projets\/projets-artistiques\/newtopia-7\/newtopia-7-3\/","url":"https:\/\/omnivion.net\/core\/projets\/projets-artistiques\/newtopia-7\/newtopia-7-3\/","name":"Newtopia 7.3 - omnivion.net","isPartOf":{"@id":"https:\/\/omnivion.net\/core\/fr\/#website"},"primaryImageOfPage":{"@id":"https:\/\/omnivion.net\/core\/projets\/projets-artistiques\/newtopia-7\/newtopia-7-3\/#primaryimage"},"image":{"@id":"https:\/\/omnivion.net\/core\/projets\/projets-artistiques\/newtopia-7\/newtopia-7-3\/#primaryimage"},"thumbnailUrl":"http:\/\/omnivion.net\/core\/wp-content\/uploads\/2017\/05\/log.jpg","datePublished":"2019-05-16T09:30:24+00:00","dateModified":"2020-01-03T23:33:55+00:00","breadcrumb":{"@id":"https:\/\/omnivion.net\/core\/projets\/projets-artistiques\/newtopia-7\/newtopia-7-3\/#breadcrumb"},"inLanguage":"en-US","potentialAction":[{"@type":"ReadAction","target":["https:\/\/omnivion.net\/core\/projets\/projets-artistiques\/newtopia-7\/newtopia-7-3\/"]}]},{"@type":"ImageObject","inLanguage":"en-US","@id":"https:\/\/omnivion.net\/core\/projets\/projets-artistiques\/newtopia-7\/newtopia-7-3\/#primaryimage","url":"http:\/\/omnivion.net\/core\/wp-content\/uploads\/2017\/05\/log.jpg","contentUrl":"http:\/\/omnivion.net\/core\/wp-content\/uploads\/2017\/05\/log.jpg"},{"@type":"BreadcrumbList","@id":"https:\/\/omnivion.net\/core\/projets\/projets-artistiques\/newtopia-7\/newtopia-7-3\/#breadcrumb","itemListElement":[{"@type":"ListItem","position":1,"name":"Accueil","item":"https:\/\/omnivion.net\/core\/en\/silverstorm\/"},{"@type":"ListItem","position":2,"name":"Projets","item":"https:\/\/omnivion.net\/core\/fr\/projets\/"},{"@type":"ListItem","position":3,"name":"Projets Artistiques","item":"https:\/\/omnivion.net\/core\/projets\/projets-artistiques\/"},{"@type":"ListItem","position":4,"name":"Newtopia 7","item":"https:\/\/omnivion.net\/core\/projets\/projets-artistiques\/newtopia-7\/"},{"@type":"ListItem","position":5,"name":"Newtopia 7.3"}]},{"@type":"WebSite","@id":"https:\/\/omnivion.net\/core\/fr\/#website","url":"https:\/\/omnivion.net\/core\/fr\/","name":"omnivion.net","description":"...ARTS D&#039;\u00caTRE CORPS...","potentialAction":[{"@type":"SearchAction","target":{"@type":"EntryPoint","urlTemplate":"https:\/\/omnivion.net\/core\/fr\/?s={search_term_string}"},"query-input":{"@type":"PropertyValueSpecification","valueRequired":true,"valueName":"search_term_string"}}],"inLanguage":"en-US"}]}},"jetpack_sharing_enabled":true,"jetpack_shortlink":"https:\/\/wp.me\/P2fe7Q-Qc","jetpack_likes_enabled":true,"_links":{"self":[{"href":"https:\/\/omnivion.net\/core\/en\/wp-json\/wp\/v2\/pages\/3236","targetHints":{"allow":["GET"]}}],"collection":[{"href":"https:\/\/omnivion.net\/core\/en\/wp-json\/wp\/v2\/pages"}],"about":[{"href":"https:\/\/omnivion.net\/core\/en\/wp-json\/wp\/v2\/types\/page"}],"author":[{"embeddable":true,"href":"https:\/\/omnivion.net\/core\/en\/wp-json\/wp\/v2\/users\/1"}],"replies":[{"embeddable":true,"href":"https:\/\/omnivion.net\/core\/en\/wp-json\/wp\/v2\/comments?post=3236"}],"version-history":[{"count":6,"href":"https:\/\/omnivion.net\/core\/en\/wp-json\/wp\/v2\/pages\/3236\/revisions"}],"predecessor-version":[{"id":3487,"href":"https:\/\/omnivion.net\/core\/en\/wp-json\/wp\/v2\/pages\/3236\/revisions\/3487"}],"up":[{"embeddable":true,"href":"https:\/\/omnivion.net\/core\/en\/wp-json\/wp\/v2\/pages\/3058"}],"wp:attachment":[{"href":"https:\/\/omnivion.net\/core\/en\/wp-json\/wp\/v2\/media?parent=3236"}],"curies":[{"name":"wp","href":"https:\/\/api.w.org\/{rel}","templated":true}]}}