{"id":3058,"date":"2019-01-02T23:03:54","date_gmt":"2019-01-02T22:03:54","guid":{"rendered":"http:\/\/omnivion.net\/core\/projets\/projets-artistiques\/newtopia-6-copy\/"},"modified":"2021-05-27T21:44:45","modified_gmt":"2021-05-27T20:44:45","slug":"newtopia-7","status":"publish","type":"page","link":"https:\/\/omnivion.net\/core\/en\/projets\/projets-artistiques\/newtopia-7\/","title":{"rendered":"Newtopia 7"},"content":{"rendered":"<p><figure id=\"attachment_3075\" aria-describedby=\"caption-attachment-3075\" style=\"width: 800px\" class=\"wp-caption alignnone\"><a href=\"https:\/\/i0.wp.com\/omnivion.net\/core\/wp-content\/uploads\/2019\/01\/2018-11-18_Divines_Biblioth%C3%A8que_Tours_11_edit_web.jpg\"><img data-recalc-dims=\"1\" loading=\"lazy\" decoding=\"async\" data-attachment-id=\"3075\" data-permalink=\"https:\/\/omnivion.net\/core\/en\/projets\/projets-artistiques\/newtopia-7\/newtopia-7-1\/2018-11-18_divines_bibliotheque_tours_11_edit_web\/\" data-orig-file=\"https:\/\/i0.wp.com\/omnivion.net\/core\/wp-content\/uploads\/2019\/01\/2018-11-18_Divines_Biblioth%C3%A8que_Tours_11_edit_web.jpg?fit=800%2C449&amp;ssl=1\" data-orig-size=\"800,449\" data-comments-opened=\"0\" data-image-meta=\"{&quot;aperture&quot;:&quot;4.8&quot;,&quot;credit&quot;:&quot;&quot;,&quot;camera&quot;:&quot;DMC-TZ40&quot;,&quot;caption&quot;:&quot;&quot;,&quot;created_timestamp&quot;:&quot;1542561540&quot;,&quot;copyright&quot;:&quot;Bernard Duret&quot;,&quot;focal_length&quot;:&quot;11&quot;,&quot;iso&quot;:&quot;400&quot;,&quot;shutter_speed&quot;:&quot;0.076923076923077&quot;,&quot;title&quot;:&quot;&quot;,&quot;orientation&quot;:&quot;1&quot;}\" data-image-title=\"2018-11-18_Divine(s)_Biblioth\u00e8que_Tours_11_edit_web\" data-image-description=\"\" data-image-caption=\"&lt;p&gt;Photo (edit) par Bernard Duret&lt;\/p&gt;\n\" data-large-file=\"https:\/\/i0.wp.com\/omnivion.net\/core\/wp-content\/uploads\/2019\/01\/2018-11-18_Divines_Biblioth%C3%A8que_Tours_11_edit_web.jpg?fit=800%2C449&amp;ssl=1\" class=\"size-full wp-image-3075\" src=\"https:\/\/i0.wp.com\/omnivion.net\/core\/wp-content\/uploads\/2019\/01\/2018-11-18_Divines_Biblioth%C3%A8que_Tours_11_edit_web.jpg?resize=800%2C449\" alt=\"\" width=\"800\" height=\"449\" srcset=\"https:\/\/i0.wp.com\/omnivion.net\/core\/wp-content\/uploads\/2019\/01\/2018-11-18_Divines_Biblioth%C3%A8que_Tours_11_edit_web.jpg?w=800&amp;ssl=1 800w, https:\/\/i0.wp.com\/omnivion.net\/core\/wp-content\/uploads\/2019\/01\/2018-11-18_Divines_Biblioth%C3%A8que_Tours_11_edit_web.jpg?resize=300%2C168&amp;ssl=1 300w, https:\/\/i0.wp.com\/omnivion.net\/core\/wp-content\/uploads\/2019\/01\/2018-11-18_Divines_Biblioth%C3%A8que_Tours_11_edit_web.jpg?resize=768%2C431&amp;ssl=1 768w\" sizes=\"auto, (max-width: 800px) 100vw, 800px\" \/><\/a><figcaption id=\"caption-attachment-3075\" class=\"wp-caption-text\">Photo (edit) par Bernard Duret<\/figcaption><\/figure><\/p>\n<h1>Newtopia 7 (2019)<\/h1>\n<p>Inclusive choreographic and artistic events developed around the theme of living together in community. We are intrigued by the ancestral desire to gather in large numbers and evolve as a community. This year we will study experiences of living together in a democracy. And we will do so with our poetic tools, with our bodies, with our fragilities, with our singularities. What world can we imagine for tomorrow? Again and again this question. It is our duty and pleasure to contemplate in a creative mode and seek to transform ourselves.<\/p>\n<p>Democracy seems to be one of the greatest human inventions. How could we develop it through the art of dance?<\/p>\n<p>With Newtopia 7, <a href=\"https:\/\/omnivion.net\/core\/en\/team\/dimitrios-tsiapkinis\/\">Dimitri Tsiapkinis<\/a>, the Omnivion team and its partners, renew their artistic and solidarity commitment to <strong>face the social challenges of our century: immigration, cultural diversity, resource sharing, equity, social justice, democracy.<\/strong> Enjoying and striving to affirm experimental projects that explore pedagogical approaches in contemporary dance, in the psychiatric context (University Hospital of Tours).<\/p>\n<p>On the agenda: a new creation, performances by guest artists, documentary screenings and a photo exhibition. This year&#8217;s main creation is Polite(\u1fd3)es and will once again be in a partnership with <a href=\"http:\/\/www.ville-lariche.fr\/spip.php?page=pleiade\" target=\"_blank\" rel=\"noopener noreferrer\"><strong>the Pleiade<\/strong><\/a>! In addition, we will have the pleasure of welcoming a choreographer from Milos, Greece: Filio Louvari! We are waiting for you to dance and exchange!<\/p>\n<p><strong>&lt;&lt; 7-31 January 2019 : Final exposition <em>Closer to One&#8217;s self through Movement<\/em>, by Bernard Duret, <\/strong>Centre Gentiana \/ L\u00e9o Lagrange \/ Tours (37000). <strong>Vernissage on January the 10th, at 6PM.<\/strong><\/p>\n<p><strong>&lt;&lt; 17 January 2019 : <a href=\"https:\/\/omnivion.net\/core\/en\/projets\/projets-artistiques\/newtopia-7\/newtopia-7-1\/\">Newtopia 7.1<\/a> \/ <\/strong><strong><a href=\"http:\/\/www.cemeacentre.org\/soiree-debat-au-cinema-studio-de-tours-2\/#more-1206\" target=\"_blank\" rel=\"noopener noreferrer\">P\u00e9dagogies alternatives et d\u00e9mocratie \u00e0 l\u2019\u00e9cole<\/a>,<\/strong> film projection <em>\u00catre plut\u00f4t qu\u2019Avoir<\/em> by Agn\u00e8s Fouilleux (France-2018-1h28) &amp; debate, in partnership with the CEMEA and the CNP (Cin\u00e9ma National Populaire) at the Cin\u00e9mas Studio \/ Tours (37000)<\/p>\n<p><strong>&lt;&lt; 22 January 2019 : <a href=\"https:\/\/omnivion.net\/core\/en\/projets\/projets-artistiques\/newtopia-7\/newtopia-7-1\/\">Newtopia 7.1<\/a> \/ D<\/strong><strong>ance <\/strong><strong>Conference : <em>Inclusive dance<\/em><\/strong>, with Dimitri Tsiapkinis et the <a href=\"http:\/\/www.apajh37.org\/\" target=\"_blank\" rel=\"noopener noreferrer\">APAJ37, Tours<\/a> (37000)<\/p>\n<p><strong>&lt;&lt; 8 March 2019 : <a href=\"https:\/\/omnivion.net\/core\/en\/projets\/projets-artistiques\/newtopia-7\/newtopia-7-2\/\">Newtopia 7.2<\/a>, <em>Aesop<\/em>, <em>Tales of Censorship<\/em> <\/strong>\/ performances, Salle Ockengem, Tours (37000)<\/p>\n<p><strong>&lt;&lt; 27 September 2019 : <a href=\"https:\/\/omnivion.net\/core\/en\/projets\/projets-artistiques\/newtopia-7\/newtopia-7-4\/\">Newtopia 7.4<\/a>, \/ <em>Polite\u00efes<\/em> and <em>Thylax<\/em> (0,2), <\/strong>at the Pl\u00e9iade \/ La Riche (37520)<\/p>\n<p><strong>&lt;&lt; 5 October 2019 : <a href=\"https:\/\/omnivion.net\/core\/en\/projets\/projets-artistiques\/newtopia-7\/newtopia-7-5\/\">Newtopia 7.5<\/a> : Being Other \/ Extatic Body, photography <\/strong><strong>by<\/strong><strong>Dimitri Tsiapkinis, <\/strong>at the bar le Strapontin in Tours (37000)<\/p>\n<p><strong>&lt;&lt;15 November 2019<\/strong> : <strong>Newtopia 7.6<\/strong>, lecture and dance performance by Dimitri Tsiapkinis and screening of the documentary Indigo, Couleur du temps by Bertrand Girard, at the <a href=\"http:\/\/www.apil37.fr\/journees-annuelles-oct-2019-tours\/\" target=\"_blank\" rel=\"noopener noreferrer\">Journ\u00e9es Annuelles de Th\u00e9rapies Psychomotrices<\/a>, in Tours (37000).<\/p>\n<p><strong>&lt;&lt; 7 December 2019 : <a href=\"https:\/\/omnivion.net\/core\/en\/projets\/projets-artistiques\/newtopia-7\/newtopia-7-7\/\">Newtopia 7.7<\/a>, <\/strong>at the Trousseau Hospital of Tours, Chambray-l\u00e8s-Tours (37170)<\/p>\n<p><strong>&lt;&lt; 20 December 2019 : <a href=\"https:\/\/omnivion.net\/core\/en\/projets\/projets-artistiques\/newtopia-7\/newtopia-7-3\/\">Newtopia 7.3<\/a>, <\/strong>performances, at the Centre Social la Rabi\u00e8re \/ Jou\u00e9-l\u00e8s-Tours (37300)<\/p>\n<p>&nbsp;<\/p>\n<p><strong>Partners &amp; financing :<\/strong><\/p>\n<p><a href=\"https:\/\/i0.wp.com\/omnivion.net\/core\/wp-content\/uploads\/2019\/06\/Logos_Polite%C3%AFes_II.jpg\"><img data-recalc-dims=\"1\" loading=\"lazy\" decoding=\"async\" data-attachment-id=\"3274\" data-permalink=\"https:\/\/omnivion.net\/core\/en\/projets\/projets-artistiques\/newtopia-7\/newtopia-7-4\/politeies\/logos_politeies_ii\/\" data-orig-file=\"https:\/\/i0.wp.com\/omnivion.net\/core\/wp-content\/uploads\/2019\/06\/Logos_Polite%C3%AFes_II.jpg?fit=1385%2C589&amp;ssl=1\" data-orig-size=\"1385,589\" data-comments-opened=\"0\" data-image-meta=\"{&quot;aperture&quot;:&quot;0&quot;,&quot;credit&quot;:&quot;&quot;,&quot;camera&quot;:&quot;&quot;,&quot;caption&quot;:&quot;&quot;,&quot;created_timestamp&quot;:&quot;0&quot;,&quot;copyright&quot;:&quot;&quot;,&quot;focal_length&quot;:&quot;0&quot;,&quot;iso&quot;:&quot;0&quot;,&quot;shutter_speed&quot;:&quot;0&quot;,&quot;title&quot;:&quot;&quot;,&quot;orientation&quot;:&quot;1&quot;}\" data-image-title=\"Logos_Polite\u00efes_II\" data-image-description=\"\" data-image-caption=\"\" data-large-file=\"https:\/\/i0.wp.com\/omnivion.net\/core\/wp-content\/uploads\/2019\/06\/Logos_Polite%C3%AFes_II.jpg?fit=1024%2C435&amp;ssl=1\" class=\"alignnone size-large wp-image-3274\" src=\"https:\/\/i0.wp.com\/omnivion.net\/core\/wp-content\/uploads\/2019\/06\/Logos_Polite%C3%AFes_II-1024x435.jpg?resize=800%2C340\" alt=\"\" width=\"800\" height=\"340\" srcset=\"https:\/\/i0.wp.com\/omnivion.net\/core\/wp-content\/uploads\/2019\/06\/Logos_Polite%C3%AFes_II.jpg?resize=1024%2C435&amp;ssl=1 1024w, https:\/\/i0.wp.com\/omnivion.net\/core\/wp-content\/uploads\/2019\/06\/Logos_Polite%C3%AFes_II.jpg?resize=300%2C128&amp;ssl=1 300w, https:\/\/i0.wp.com\/omnivion.net\/core\/wp-content\/uploads\/2019\/06\/Logos_Polite%C3%AFes_II.jpg?resize=768%2C327&amp;ssl=1 768w, https:\/\/i0.wp.com\/omnivion.net\/core\/wp-content\/uploads\/2019\/06\/Logos_Polite%C3%AFes_II.jpg?w=1385&amp;ssl=1 1385w\" sizes=\"auto, (max-width: 800px) 100vw, 800px\" \/><\/a><\/p>\n<p>&nbsp;<\/p>\n<p>&nbsp;<\/p>\n<p>&nbsp;<\/p>","protected":false},"excerpt":{"rendered":"<p>Newtopia 7 (2019) Inclusive choreographic and artistic events developed around the theme of living together in community. We are intrigued by the ancestral desire to gather in large numbers and evolve as a community. This year we will study experiences of living together in a democracy. And we will do so with our poetic tools, [&hellip;]<\/p>\n","protected":false},"author":1,"featured_media":0,"parent":60,"menu_order":0,"comment_status":"closed","ping_status":"closed","template":"","meta":{"footnotes":""},"class_list":["post-3058","page","type-page","status-publish","hentry"],"yoast_head":"<!-- This site is optimized with the Yoast SEO plugin v27.6 - https:\/\/yoast.com\/product\/yoast-seo-wordpress\/ -->\n<title>Newtopia 7 - omnivion.net<\/title>\n<meta name=\"robots\" content=\"index, follow, max-snippet:-1, max-image-preview:large, max-video-preview:-1\" \/>\n<link rel=\"canonical\" href=\"https:\/\/omnivion.net\/core\/projets\/projets-artistiques\/newtopia-7\/\" \/>\n<meta property=\"og:locale\" content=\"en_US\" \/>\n<meta property=\"og:type\" content=\"article\" \/>\n<meta property=\"og:title\" content=\"Newtopia 7 - omnivion.net\" \/>\n<meta property=\"og:description\" content=\"Newtopia 7 (2019) Inclusive choreographic and artistic events developed around the theme of living together in community. We are intrigued by the ancestral desire to gather in large numbers and evolve as a community. This year we will study experiences of living together in a democracy. And we will do so with our poetic tools, [&hellip;]\" \/>\n<meta property=\"og:url\" content=\"https:\/\/omnivion.net\/core\/projets\/projets-artistiques\/newtopia-7\/\" \/>\n<meta property=\"og:site_name\" content=\"omnivion.net\" \/>\n<meta property=\"article:modified_time\" content=\"2021-05-27T20:44:45+00:00\" \/>\n<meta name=\"twitter:card\" content=\"summary_large_image\" \/>\n<meta name=\"twitter:label1\" content=\"Est. reading time\" \/>\n\t<meta name=\"twitter:data1\" content=\"3 minutes\" \/>\n<script type=\"application\/ld+json\" class=\"yoast-schema-graph\">{\"@context\":\"https:\\\/\\\/schema.org\",\"@graph\":[{\"@type\":\"WebPage\",\"@id\":\"https:\\\/\\\/omnivion.net\\\/core\\\/projets\\\/projets-artistiques\\\/newtopia-7\\\/\",\"url\":\"https:\\\/\\\/omnivion.net\\\/core\\\/projets\\\/projets-artistiques\\\/newtopia-7\\\/\",\"name\":\"Newtopia 7 - omnivion.net\",\"isPartOf\":{\"@id\":\"https:\\\/\\\/omnivion.net\\\/core\\\/fr\\\/#website\"},\"datePublished\":\"2019-01-02T22:03:54+00:00\",\"dateModified\":\"2021-05-27T20:44:45+00:00\",\"breadcrumb\":{\"@id\":\"https:\\\/\\\/omnivion.net\\\/core\\\/projets\\\/projets-artistiques\\\/newtopia-7\\\/#breadcrumb\"},\"inLanguage\":\"en-US\",\"potentialAction\":[{\"@type\":\"ReadAction\",\"target\":[\"https:\\\/\\\/omnivion.net\\\/core\\\/projets\\\/projets-artistiques\\\/newtopia-7\\\/\"]}]},{\"@type\":\"BreadcrumbList\",\"@id\":\"https:\\\/\\\/omnivion.net\\\/core\\\/projets\\\/projets-artistiques\\\/newtopia-7\\\/#breadcrumb\",\"itemListElement\":[{\"@type\":\"ListItem\",\"position\":1,\"name\":\"Accueil\",\"item\":\"https:\\\/\\\/omnivion.net\\\/core\\\/fr\\\/\"},{\"@type\":\"ListItem\",\"position\":2,\"name\":\"Projets\",\"item\":\"https:\\\/\\\/omnivion.net\\\/core\\\/fr\\\/projets\\\/\"},{\"@type\":\"ListItem\",\"position\":3,\"name\":\"Projets Artistiques\",\"item\":\"https:\\\/\\\/omnivion.net\\\/core\\\/projets\\\/projets-artistiques\\\/\"},{\"@type\":\"ListItem\",\"position\":4,\"name\":\"Newtopia 7\"}]},{\"@type\":\"WebSite\",\"@id\":\"https:\\\/\\\/omnivion.net\\\/core\\\/fr\\\/#website\",\"url\":\"https:\\\/\\\/omnivion.net\\\/core\\\/fr\\\/\",\"name\":\"omnivion.net\",\"description\":\"...ARTS D&#039;\u00caTRE CORPS...\",\"potentialAction\":[{\"@type\":\"SearchAction\",\"target\":{\"@type\":\"EntryPoint\",\"urlTemplate\":\"https:\\\/\\\/omnivion.net\\\/core\\\/fr\\\/?s={search_term_string}\"},\"query-input\":{\"@type\":\"PropertyValueSpecification\",\"valueRequired\":true,\"valueName\":\"search_term_string\"}}],\"inLanguage\":\"en-US\"}]}<\/script>\n<!-- \/ Yoast SEO plugin. -->","yoast_head_json":{"title":"Newtopia 7 - omnivion.net","robots":{"index":"index","follow":"follow","max-snippet":"max-snippet:-1","max-image-preview":"max-image-preview:large","max-video-preview":"max-video-preview:-1"},"canonical":"https:\/\/omnivion.net\/core\/projets\/projets-artistiques\/newtopia-7\/","og_locale":"en_US","og_type":"article","og_title":"Newtopia 7 - omnivion.net","og_description":"Newtopia 7 (2019) Inclusive choreographic and artistic events developed around the theme of living together in community. We are intrigued by the ancestral desire to gather in large numbers and evolve as a community. This year we will study experiences of living together in a democracy. And we will do so with our poetic tools, [&hellip;]","og_url":"https:\/\/omnivion.net\/core\/projets\/projets-artistiques\/newtopia-7\/","og_site_name":"omnivion.net","article_modified_time":"2021-05-27T20:44:45+00:00","twitter_card":"summary_large_image","twitter_misc":{"Est. reading time":"3 minutes"},"schema":{"@context":"https:\/\/schema.org","@graph":[{"@type":"WebPage","@id":"https:\/\/omnivion.net\/core\/projets\/projets-artistiques\/newtopia-7\/","url":"https:\/\/omnivion.net\/core\/projets\/projets-artistiques\/newtopia-7\/","name":"Newtopia 7 - omnivion.net","isPartOf":{"@id":"https:\/\/omnivion.net\/core\/fr\/#website"},"datePublished":"2019-01-02T22:03:54+00:00","dateModified":"2021-05-27T20:44:45+00:00","breadcrumb":{"@id":"https:\/\/omnivion.net\/core\/projets\/projets-artistiques\/newtopia-7\/#breadcrumb"},"inLanguage":"en-US","potentialAction":[{"@type":"ReadAction","target":["https:\/\/omnivion.net\/core\/projets\/projets-artistiques\/newtopia-7\/"]}]},{"@type":"BreadcrumbList","@id":"https:\/\/omnivion.net\/core\/projets\/projets-artistiques\/newtopia-7\/#breadcrumb","itemListElement":[{"@type":"ListItem","position":1,"name":"Accueil","item":"https:\/\/omnivion.net\/core\/fr\/"},{"@type":"ListItem","position":2,"name":"Projets","item":"https:\/\/omnivion.net\/core\/fr\/projets\/"},{"@type":"ListItem","position":3,"name":"Projets Artistiques","item":"https:\/\/omnivion.net\/core\/projets\/projets-artistiques\/"},{"@type":"ListItem","position":4,"name":"Newtopia 7"}]},{"@type":"WebSite","@id":"https:\/\/omnivion.net\/core\/fr\/#website","url":"https:\/\/omnivion.net\/core\/fr\/","name":"omnivion.net","description":"...ARTS D&#039;\u00caTRE CORPS...","potentialAction":[{"@type":"SearchAction","target":{"@type":"EntryPoint","urlTemplate":"https:\/\/omnivion.net\/core\/fr\/?s={search_term_string}"},"query-input":{"@type":"PropertyValueSpecification","valueRequired":true,"valueName":"search_term_string"}}],"inLanguage":"en-US"}]}},"jetpack_sharing_enabled":true,"jetpack_shortlink":"https:\/\/wp.me\/P2fe7Q-Nk","jetpack_likes_enabled":true,"_links":{"self":[{"href":"https:\/\/omnivion.net\/core\/en\/wp-json\/wp\/v2\/pages\/3058","targetHints":{"allow":["GET"]}}],"collection":[{"href":"https:\/\/omnivion.net\/core\/en\/wp-json\/wp\/v2\/pages"}],"about":[{"href":"https:\/\/omnivion.net\/core\/en\/wp-json\/wp\/v2\/types\/page"}],"author":[{"embeddable":true,"href":"https:\/\/omnivion.net\/core\/en\/wp-json\/wp\/v2\/users\/1"}],"replies":[{"embeddable":true,"href":"https:\/\/omnivion.net\/core\/en\/wp-json\/wp\/v2\/comments?post=3058"}],"version-history":[{"count":34,"href":"https:\/\/omnivion.net\/core\/en\/wp-json\/wp\/v2\/pages\/3058\/revisions"}],"predecessor-version":[{"id":4055,"href":"https:\/\/omnivion.net\/core\/en\/wp-json\/wp\/v2\/pages\/3058\/revisions\/4055"}],"up":[{"embeddable":true,"href":"https:\/\/omnivion.net\/core\/en\/wp-json\/wp\/v2\/pages\/60"}],"wp:attachment":[{"href":"https:\/\/omnivion.net\/core\/en\/wp-json\/wp\/v2\/media?parent=3058"}],"curies":[{"name":"wp","href":"https:\/\/api.w.org\/{rel}","templated":true}]}}