{"id":1256,"date":"2015-05-07T01:07:11","date_gmt":"2015-05-07T00:07:11","guid":{"rendered":"http:\/\/www.omnivion.net\/core\/?page_id=1256"},"modified":"2015-11-16T00:33:09","modified_gmt":"2015-11-15T23:33:09","slug":"newtopia-3","status":"publish","type":"page","link":"https:\/\/omnivion.net\/core\/en\/projets\/projets-artistiques\/newtopia-3\/","title":{"rendered":"Newtopia 3"},"content":{"rendered":"<p><a href=\"https:\/\/i0.wp.com\/www.omnivion.net\/core\/wp-content\/uploads\/2015\/05\/IMG_20150423_000117b.jpg\"><img data-recalc-dims=\"1\" loading=\"lazy\" decoding=\"async\" data-attachment-id=\"1257\" data-permalink=\"https:\/\/omnivion.net\/core\/en\/img_20150423_000117b\/\" data-orig-file=\"https:\/\/i0.wp.com\/omnivion.net\/core\/wp-content\/uploads\/2015\/05\/IMG_20150423_000117b.jpg?fit=1735%2C832&amp;ssl=1\" data-orig-size=\"1735,832\" data-comments-opened=\"0\" data-image-meta=\"{&quot;aperture&quot;:&quot;0&quot;,&quot;credit&quot;:&quot;&quot;,&quot;camera&quot;:&quot;&quot;,&quot;caption&quot;:&quot;&quot;,&quot;created_timestamp&quot;:&quot;0&quot;,&quot;copyright&quot;:&quot;&quot;,&quot;focal_length&quot;:&quot;0&quot;,&quot;iso&quot;:&quot;0&quot;,&quot;shutter_speed&quot;:&quot;0&quot;,&quot;title&quot;:&quot;&quot;,&quot;orientation&quot;:&quot;1&quot;}\" data-image-title=\"IMG_20150423_000117b\" data-image-description=\"\" data-image-caption=\"\" data-large-file=\"https:\/\/i0.wp.com\/omnivion.net\/core\/wp-content\/uploads\/2015\/05\/IMG_20150423_000117b.jpg?fit=1024%2C491&amp;ssl=1\" class=\"alignnone size-large wp-image-1257\" src=\"https:\/\/i0.wp.com\/www.omnivion.net\/core\/wp-content\/uploads\/2015\/05\/IMG_20150423_000117b-1024x491.jpg?resize=800%2C384\" alt=\"IMG_20150423_000117b\" width=\"800\" height=\"384\" srcset=\"https:\/\/i0.wp.com\/omnivion.net\/core\/wp-content\/uploads\/2015\/05\/IMG_20150423_000117b.jpg?resize=1024%2C491&amp;ssl=1 1024w, https:\/\/i0.wp.com\/omnivion.net\/core\/wp-content\/uploads\/2015\/05\/IMG_20150423_000117b.jpg?resize=300%2C144&amp;ssl=1 300w, https:\/\/i0.wp.com\/omnivion.net\/core\/wp-content\/uploads\/2015\/05\/IMG_20150423_000117b.jpg?w=1735&amp;ssl=1 1735w\" sizes=\"auto, (max-width: 800px) 100vw, 800px\" \/><\/a><\/p>\n<p>Photo by\u00a0\u00a9 D.Tsiapkinis<\/p>\n<p><span id=\"result_box\" class=\"\" lang=\"en\"><span title=\"Le projet chor\u00e9graphique Newtopia 3, port\u00e9 par l'association Omnivion et ses partenaires, est un espace de dialogue entre singularit\u00e9s.\">The choreographic <\/span><\/span><span id=\"result_box\" class=\"\" lang=\"en\"><span title=\"Le projet chor\u00e9graphique Newtopia 3, port\u00e9 par l'association Omnivion et ses partenaires, est un espace de dialogue entre singularit\u00e9s.\">project <\/span><\/span><span id=\"result_box\" class=\"\" lang=\"en\"><span title=\"Le projet chor\u00e9graphique Newtopia 3, port\u00e9 par l'association Omnivion et ses partenaires, est un espace de dialogue entre singularit\u00e9s.\">Newtopia 3, carried by the Omnivion Association and its partners, is a space of dialog among singularities. <\/span><span title=\"Ax\u00e9 sur l'individu, il rassemble et enrichit le groupe en valorisant la coop\u00e9ration et l'\u00e9change autour de la confiance de chacun en sa propre expressivit\u00e9.\">Focused on the individual, it brings together and expands the group by enhancing cooperation, exchange and confidence on one&#8217;s own expressivity. <\/span><span title=\"Newtopia 3 est une collaboration avec le service psychiatrique du CHRU de Tours.\">Newtopia 3 is a collaboration with the psychiatric department of the University Hospital of Tours. <\/span><span title=\"R\u00e9unissant amateurs et professionnels dans une dynamique de recherche, ce projet a pour objectif la d\u00e9couverte d'une danse lib\u00e9ratrice.\">Bringing together amateurs and professionals in a dynamic research project, it aims to invent dances that liberate. The project is being <\/span><\/span><span id=\"result_box\" class=\"\" lang=\"en\"><span title=\"La p\u00e9dagogie et les pr\u00e9occupations artistiques qui l'animent mettent l'authenticit\u00e9 et l'intelligence \u00e9motionnelle au centre des interactions.\">animated by p<\/span><\/span><span id=\"result_box\" class=\"\" lang=\"en\"><span title=\"La p\u00e9dagogie et les pr\u00e9occupations artistiques qui l'animent mettent l'authenticit\u00e9 et l'intelligence \u00e9motionnelle au centre des interactions.\">edagogical and artistic concerns that emphasize\u00a0 authenticity and emotional intelligence. C<\/span><span title=\"Il s'agit d'une entreprise cr\u00e9ative et solidaire.\">reativity and solidarity are among the main objectives. <\/span><span title=\"Plus pr\u00e9cis\u00e9ment, pour le danseur, un mouvement affranchi de la virtuosit\u00e9 et d'un rapport comptable au corps (soi) et aux autres (autrui);\">Specifically, for the dancer, it promotes transcendence of virtuosity issues and objectification of the body (self) and the others; and concerning <\/span><span title=\"pour le spectateur, un \u00e9v\u00e9nement affranchi du sceau du spectacle, une performance sans tour de force, une valorisation des \u00e9changes sensibles.\">the viewer, it offers her\/him, a performance centered on sensitive exchange rather than spectacular technicality.<\/span><\/span><\/p>\n<p><span style=\"text-decoration: underline;\">Program : <\/span><\/p>\n<p><strong><a title=\"Newtopia 3.1.\" href=\"http:\/\/www.omnivion.net\/core\/newtopia-3\/newtopia-3-1\/\"> Newtopia 3.1<\/a>,<\/strong> in the Festival IN \/\/ OFF ART at the City Hall of Fontaines (Tours), June 5th, 2015<\/p>\n<p><strong><a title=\"Newtopia 3.2\" href=\"http:\/\/www.omnivion.net\/core\/projets\/projets-artistiques\/newtopia-3\/newtopia-3-2\/\">Newtopia 3.2<\/a>,<\/strong> at the Social Center la Rabi\u00e8re, in Jou\u00e9-l\u00e8s-Tours, June 16th, 2015<\/p>\n<p><strong><a title=\"Newtopia 3.3\" href=\"http:\/\/www.omnivion.net\/core\/projets\/projets-artistiques\/newtopia-3\/newtopia-3-3\/\">Newtopia 3.3<\/a>, <\/strong>at the Festival les Rendez Fous du Roi Re-n\u00e9\u00a0\u00e0<strong>\u00a0<\/strong>Saint Mathurin-sur-Loire, June 20th-21st, 2015<\/p>\n<p><strong><a href=\"http:\/\/www.omnivion.net\/core\/en\/projets\/projets-artistiques\/newtopia-3\/newtopia-3-4\/\">Newtopia 3.4<\/a>,<\/strong> at the University Hospital of Tours, December 2nd &amp; 5th, 2015<\/p>\n<p><strong><a href=\"https:\/\/omnivion.net\/core\/en\/projets\/projets-artistiques\/newtopia-3\/newtopia_3-5\/\">Newtopia 3.5<\/a>,<\/strong>\u00a0 at La Pl\u00e9iade, in La Riche, May 4th, 2015<\/p>","protected":false},"excerpt":{"rendered":"<p>Photo by\u00a0\u00a9 D.Tsiapkinis The choreographic project Newtopia 3, carried by the Omnivion Association and its partners, is a space of dialog among singularities. Focused on the individual, it brings together and expands the group by enhancing cooperation, exchange and confidence on one&#8217;s own expressivity. Newtopia 3 is a collaboration with the psychiatric department of the [&hellip;]<\/p>\n","protected":false},"author":1,"featured_media":0,"parent":60,"menu_order":0,"comment_status":"closed","ping_status":"closed","template":"","meta":{"footnotes":""},"class_list":["post-1256","page","type-page","status-publish","hentry"],"yoast_head":"<!-- This site is optimized with the Yoast SEO plugin v27.6 - https:\/\/yoast.com\/product\/yoast-seo-wordpress\/ -->\n<title>Newtopia 3 - omnivion.net<\/title>\n<meta name=\"robots\" content=\"index, follow, max-snippet:-1, max-image-preview:large, max-video-preview:-1\" \/>\n<link rel=\"canonical\" href=\"https:\/\/omnivion.net\/core\/projets\/projets-artistiques\/newtopia-3\/\" \/>\n<meta property=\"og:locale\" content=\"en_US\" \/>\n<meta property=\"og:type\" content=\"article\" \/>\n<meta property=\"og:title\" content=\"Newtopia 3 - omnivion.net\" \/>\n<meta property=\"og:description\" content=\"Photo by\u00a0\u00a9 D.Tsiapkinis The choreographic project Newtopia 3, carried by the Omnivion Association and its partners, is a space of dialog among singularities. Focused on the individual, it brings together and expands the group by enhancing cooperation, exchange and confidence on one&#8217;s own expressivity. Newtopia 3 is a collaboration with the psychiatric department of the [&hellip;]\" \/>\n<meta property=\"og:url\" content=\"https:\/\/omnivion.net\/core\/projets\/projets-artistiques\/newtopia-3\/\" \/>\n<meta property=\"og:site_name\" content=\"omnivion.net\" \/>\n<meta property=\"article:modified_time\" content=\"2015-11-15T23:33:09+00:00\" \/>\n<meta property=\"og:image\" content=\"http:\/\/www.omnivion.net\/core\/wp-content\/uploads\/2015\/05\/IMG_20150423_000117b-1024x491.jpg\" \/>\n<meta name=\"twitter:card\" content=\"summary_large_image\" \/>\n<meta name=\"twitter:label1\" content=\"Est. reading time\" \/>\n\t<meta name=\"twitter:data1\" content=\"2 minutes\" \/>\n<script type=\"application\/ld+json\" class=\"yoast-schema-graph\">{\"@context\":\"https:\\\/\\\/schema.org\",\"@graph\":[{\"@type\":\"WebPage\",\"@id\":\"https:\\\/\\\/omnivion.net\\\/core\\\/projets\\\/projets-artistiques\\\/newtopia-3\\\/\",\"url\":\"https:\\\/\\\/omnivion.net\\\/core\\\/projets\\\/projets-artistiques\\\/newtopia-3\\\/\",\"name\":\"Newtopia 3 - omnivion.net\",\"isPartOf\":{\"@id\":\"https:\\\/\\\/omnivion.net\\\/core\\\/fr\\\/#website\"},\"primaryImageOfPage\":{\"@id\":\"https:\\\/\\\/omnivion.net\\\/core\\\/projets\\\/projets-artistiques\\\/newtopia-3\\\/#primaryimage\"},\"image\":{\"@id\":\"https:\\\/\\\/omnivion.net\\\/core\\\/projets\\\/projets-artistiques\\\/newtopia-3\\\/#primaryimage\"},\"thumbnailUrl\":\"http:\\\/\\\/www.omnivion.net\\\/core\\\/wp-content\\\/uploads\\\/2015\\\/05\\\/IMG_20150423_000117b-1024x491.jpg\",\"datePublished\":\"2015-05-07T00:07:11+00:00\",\"dateModified\":\"2015-11-15T23:33:09+00:00\",\"breadcrumb\":{\"@id\":\"https:\\\/\\\/omnivion.net\\\/core\\\/projets\\\/projets-artistiques\\\/newtopia-3\\\/#breadcrumb\"},\"inLanguage\":\"en-US\",\"potentialAction\":[{\"@type\":\"ReadAction\",\"target\":[\"https:\\\/\\\/omnivion.net\\\/core\\\/projets\\\/projets-artistiques\\\/newtopia-3\\\/\"]}]},{\"@type\":\"ImageObject\",\"inLanguage\":\"en-US\",\"@id\":\"https:\\\/\\\/omnivion.net\\\/core\\\/projets\\\/projets-artistiques\\\/newtopia-3\\\/#primaryimage\",\"url\":\"http:\\\/\\\/www.omnivion.net\\\/core\\\/wp-content\\\/uploads\\\/2015\\\/05\\\/IMG_20150423_000117b-1024x491.jpg\",\"contentUrl\":\"http:\\\/\\\/www.omnivion.net\\\/core\\\/wp-content\\\/uploads\\\/2015\\\/05\\\/IMG_20150423_000117b-1024x491.jpg\"},{\"@type\":\"BreadcrumbList\",\"@id\":\"https:\\\/\\\/omnivion.net\\\/core\\\/projets\\\/projets-artistiques\\\/newtopia-3\\\/#breadcrumb\",\"itemListElement\":[{\"@type\":\"ListItem\",\"position\":1,\"name\":\"Accueil\",\"item\":\"https:\\\/\\\/omnivion.net\\\/core\\\/fr\\\/\"},{\"@type\":\"ListItem\",\"position\":2,\"name\":\"Projets\",\"item\":\"https:\\\/\\\/omnivion.net\\\/core\\\/fr\\\/projets\\\/\"},{\"@type\":\"ListItem\",\"position\":3,\"name\":\"Projets Artistiques\",\"item\":\"https:\\\/\\\/omnivion.net\\\/core\\\/projets\\\/projets-artistiques\\\/\"},{\"@type\":\"ListItem\",\"position\":4,\"name\":\"Newtopia 3\"}]},{\"@type\":\"WebSite\",\"@id\":\"https:\\\/\\\/omnivion.net\\\/core\\\/fr\\\/#website\",\"url\":\"https:\\\/\\\/omnivion.net\\\/core\\\/fr\\\/\",\"name\":\"omnivion.net\",\"description\":\"...ARTS D&#039;\u00caTRE CORPS...\",\"potentialAction\":[{\"@type\":\"SearchAction\",\"target\":{\"@type\":\"EntryPoint\",\"urlTemplate\":\"https:\\\/\\\/omnivion.net\\\/core\\\/fr\\\/?s={search_term_string}\"},\"query-input\":{\"@type\":\"PropertyValueSpecification\",\"valueRequired\":true,\"valueName\":\"search_term_string\"}}],\"inLanguage\":\"en-US\"}]}<\/script>\n<!-- \/ Yoast SEO plugin. -->","yoast_head_json":{"title":"Newtopia 3 - omnivion.net","robots":{"index":"index","follow":"follow","max-snippet":"max-snippet:-1","max-image-preview":"max-image-preview:large","max-video-preview":"max-video-preview:-1"},"canonical":"https:\/\/omnivion.net\/core\/projets\/projets-artistiques\/newtopia-3\/","og_locale":"en_US","og_type":"article","og_title":"Newtopia 3 - omnivion.net","og_description":"Photo by\u00a0\u00a9 D.Tsiapkinis The choreographic project Newtopia 3, carried by the Omnivion Association and its partners, is a space of dialog among singularities. Focused on the individual, it brings together and expands the group by enhancing cooperation, exchange and confidence on one&#8217;s own expressivity. Newtopia 3 is a collaboration with the psychiatric department of the [&hellip;]","og_url":"https:\/\/omnivion.net\/core\/projets\/projets-artistiques\/newtopia-3\/","og_site_name":"omnivion.net","article_modified_time":"2015-11-15T23:33:09+00:00","og_image":[{"url":"http:\/\/www.omnivion.net\/core\/wp-content\/uploads\/2015\/05\/IMG_20150423_000117b-1024x491.jpg","type":"","width":"","height":""}],"twitter_card":"summary_large_image","twitter_misc":{"Est. reading time":"2 minutes"},"schema":{"@context":"https:\/\/schema.org","@graph":[{"@type":"WebPage","@id":"https:\/\/omnivion.net\/core\/projets\/projets-artistiques\/newtopia-3\/","url":"https:\/\/omnivion.net\/core\/projets\/projets-artistiques\/newtopia-3\/","name":"Newtopia 3 - omnivion.net","isPartOf":{"@id":"https:\/\/omnivion.net\/core\/fr\/#website"},"primaryImageOfPage":{"@id":"https:\/\/omnivion.net\/core\/projets\/projets-artistiques\/newtopia-3\/#primaryimage"},"image":{"@id":"https:\/\/omnivion.net\/core\/projets\/projets-artistiques\/newtopia-3\/#primaryimage"},"thumbnailUrl":"http:\/\/www.omnivion.net\/core\/wp-content\/uploads\/2015\/05\/IMG_20150423_000117b-1024x491.jpg","datePublished":"2015-05-07T00:07:11+00:00","dateModified":"2015-11-15T23:33:09+00:00","breadcrumb":{"@id":"https:\/\/omnivion.net\/core\/projets\/projets-artistiques\/newtopia-3\/#breadcrumb"},"inLanguage":"en-US","potentialAction":[{"@type":"ReadAction","target":["https:\/\/omnivion.net\/core\/projets\/projets-artistiques\/newtopia-3\/"]}]},{"@type":"ImageObject","inLanguage":"en-US","@id":"https:\/\/omnivion.net\/core\/projets\/projets-artistiques\/newtopia-3\/#primaryimage","url":"http:\/\/www.omnivion.net\/core\/wp-content\/uploads\/2015\/05\/IMG_20150423_000117b-1024x491.jpg","contentUrl":"http:\/\/www.omnivion.net\/core\/wp-content\/uploads\/2015\/05\/IMG_20150423_000117b-1024x491.jpg"},{"@type":"BreadcrumbList","@id":"https:\/\/omnivion.net\/core\/projets\/projets-artistiques\/newtopia-3\/#breadcrumb","itemListElement":[{"@type":"ListItem","position":1,"name":"Accueil","item":"https:\/\/omnivion.net\/core\/fr\/"},{"@type":"ListItem","position":2,"name":"Projets","item":"https:\/\/omnivion.net\/core\/fr\/projets\/"},{"@type":"ListItem","position":3,"name":"Projets Artistiques","item":"https:\/\/omnivion.net\/core\/projets\/projets-artistiques\/"},{"@type":"ListItem","position":4,"name":"Newtopia 3"}]},{"@type":"WebSite","@id":"https:\/\/omnivion.net\/core\/fr\/#website","url":"https:\/\/omnivion.net\/core\/fr\/","name":"omnivion.net","description":"...ARTS D&#039;\u00caTRE CORPS...","potentialAction":[{"@type":"SearchAction","target":{"@type":"EntryPoint","urlTemplate":"https:\/\/omnivion.net\/core\/fr\/?s={search_term_string}"},"query-input":{"@type":"PropertyValueSpecification","valueRequired":true,"valueName":"search_term_string"}}],"inLanguage":"en-US"}]}},"jetpack_sharing_enabled":true,"jetpack_shortlink":"https:\/\/wp.me\/P2fe7Q-kg","jetpack_likes_enabled":true,"_links":{"self":[{"href":"https:\/\/omnivion.net\/core\/en\/wp-json\/wp\/v2\/pages\/1256","targetHints":{"allow":["GET"]}}],"collection":[{"href":"https:\/\/omnivion.net\/core\/en\/wp-json\/wp\/v2\/pages"}],"about":[{"href":"https:\/\/omnivion.net\/core\/en\/wp-json\/wp\/v2\/types\/page"}],"author":[{"embeddable":true,"href":"https:\/\/omnivion.net\/core\/en\/wp-json\/wp\/v2\/users\/1"}],"replies":[{"embeddable":true,"href":"https:\/\/omnivion.net\/core\/en\/wp-json\/wp\/v2\/comments?post=1256"}],"version-history":[{"count":21,"href":"https:\/\/omnivion.net\/core\/en\/wp-json\/wp\/v2\/pages\/1256\/revisions"}],"predecessor-version":[{"id":1468,"href":"https:\/\/omnivion.net\/core\/en\/wp-json\/wp\/v2\/pages\/1256\/revisions\/1468"}],"up":[{"embeddable":true,"href":"https:\/\/omnivion.net\/core\/en\/wp-json\/wp\/v2\/pages\/60"}],"wp:attachment":[{"href":"https:\/\/omnivion.net\/core\/en\/wp-json\/wp\/v2\/media?parent=1256"}],"curies":[{"name":"wp","href":"https:\/\/api.w.org\/{rel}","templated":true}]}}